{"id":236,"date":"2022-06-06T14:24:31","date_gmt":"2022-06-06T17:24:31","guid":{"rendered":"https:\/\/islandstocottages.com\/?page_id=236"},"modified":"2023-03-09T19:27:53","modified_gmt":"2023-03-09T23:27:53","slug":"a-propos","status":"publish","type":"page","link":"https:\/\/islandstocottages.com\/fr\/about\/","title":{"rendered":"\u00c0 propos"},"content":{"rendered":"<p class=\"has-text-align-justify\">\u00c0 Islands to Cottages, on offre des solutions \u00e9cologiques pour un mode de vie durable simple et dynamique. Articles inspirants, tutoriels faciles \u00e0 suivre et toute une gamme d'essentiels abordables con\u00e7us sur mesure, vous trouverez toutes les ressources dont vous avez besoin pour entamer avec succ\u00e8s votre virage vert, ici m\u00eame, en Nouvelle-\u00c9cosse.<\/p>\n\n\n\n<p class=\"has-text-align-justify\">Plus qu'une simple entreprise, Islands to Cottages refl\u00e8te un mode de vie. Un \u00e9tat d'esprit. La vie insulaire, tout comme la vie au chalet, est d\u2019une rude simplicit\u00e9, bien terre-\u00e0-terre. Pour la cuisine, on apprend \u00e0 cultiver nos essentiels et \u00e0 fourrager. On s'approvisionne au march\u00e9 du coin quand c'est possible. On ach\u00e8te de mani\u00e8re responsable, le cabas \u00e0 la main. Les marchandises s\u2019ajoutent les unes aux autres au petit bonheur la chance dans la promesse d\u2019un bon d\u00eener. On d\u00e9daigne le consum\u00e9risme mondial pour se concentrer sur les atouts du local.<\/p>\n\n\n\n<p class=\"has-text-align-justify\">Loin des r\u00e9seaux d\u2019approvisionnement classiques ou des commodit\u00e9s trop ais\u00e9ment disponibles, il n'y a pas d'autre choix que de faire avec ce qu'on a. En tirer le meilleur parti. On invente, on improvise. Il s'agit d'absorber toute la sagesse que ces trois petits mots instillent : r\u00e9duire, r\u00e9utiliser, recycler. Un concept simple et toutes les d\u00e9clinaisons qui en d\u00e9coule. R\u00e9parer, r\u00e9inventer, repenser, r\u00e9nover, savoir refuser, rendre \u00e0 la terre etc. Non pas parce que c'est tendance mais bien parce qu'il n'y a pas d'autre alternative et que, finalement, on y croit. Il s'agit d'\u00e9tirer nos ressources au maximum et de rester authentique et fid\u00e8le \u00e0 nos valeurs. Prendre soin de notre environnement. Savoir s'adapter et apprendre \u00e0 vivre \u00e0 l'unisson. Islands to Cottages est un lieu o\u00f9 l'on raconte nos histoires. On y red\u00e9couvre des r\u00e9alit\u00e9s parfois oubli\u00e9es. On y renoue avec nos r\u00eaves et aspirations int\u00e9rieures.<\/p>\n\n\n\n<p class=\"has-text-align-justify\">Islands to Cottages a \u00e9t\u00e9 cr\u00e9\u00e9e pour partager cette philosophie selon laquelle on peut avoir un mode de vie plus simple et plus sain. Peu importe notre r\u00e9alit\u00e9 quotidienne. Chacun d'entre nous peut faire une diff\u00e9rence en faisant de meilleurs choix. Vous trouverez sur le site des id\u00e9es astucieuses pour rendre votre quotidien un peu plus vert. Visitez notre <a href=\"https:\/\/islandstocottages.com\/fr\/boutique\/\">boutique<\/a> pour y d\u00e9couvrir une vaste s\u00e9lection de pi\u00e8ces personnalis\u00e9es adapt\u00e9es \u00e0 notre climat des Maritimes. Essayez-vous \u00e0 l'un de nos <a href=\"https:\/\/islandstocottages.com\/fr\/tutoriels\/\">tutoriels<\/a> pratiques pour \u00e9gayer votre routine et apprendre \u00e0 faire vous-m\u00eame des cr\u00e9ations \u00e9cologiques utiles. Parcourez nos <a href=\"https:\/\/islandstocottages.com\/fr\/articles\/\">articles<\/a> pour trouver votre inspiration et commencer votre propre \u00e9pop\u00e9e vers la durabilit\u00e9. Un pas \u00e0 la fois.<\/p>\n\n\n\n<p class=\"has-text-align-justify\">Venez partager un moment avec nous. Des \u00eeles aux chalets, la vie durable est de toute beaut\u00e9, il ne tient qu\u2019\u00e0 vous d'en profiter.<\/p>","protected":false},"excerpt":{"rendered":"<p>At Islands to Cottages we provide eco-friendly solutions for a simple yet vibrant sustainable living. From inspiring articles and easy to follow tutorials to a wide range of affordable and ready to use custom-designed essentials, you will find all the resources you need to successfully start your green shift, right [&hellip;]<\/p>\n","protected":false},"author":2,"featured_media":2344,"parent":0,"menu_order":0,"comment_status":"closed","ping_status":"closed","template":"","meta":{"nf_dc_page":"","om_disable_all_campaigns":false,"_monsterinsights_skip_tracking":false,"_monsterinsights_sitenote_active":false,"_monsterinsights_sitenote_note":"","_monsterinsights_sitenote_category":0,"footnotes":""},"class_list":["post-236","page","type-page","status-publish","has-post-thumbnail","hentry"],"yoast_head":"<!-- This site is optimized with the Yoast SEO plugin v27.4 - https:\/\/yoast.com\/product\/yoast-seo-wordpress\/ -->\n<title>About - Islands to cottages<\/title>\n<meta name=\"description\" content=\"Islands to Cottages is all about ecofriendly solutions for sustainable living. Inspiring articles, easy tutorials and affordable essentials, all you need for your green shift.\" \/>\n<meta name=\"robots\" content=\"index, follow, max-snippet:-1, max-image-preview:large, max-video-preview:-1\" \/>\n<link rel=\"canonical\" href=\"https:\/\/islandstocottages.com\/fr\/a-propos\/\" \/>\n<meta property=\"og:locale\" content=\"fr_FR\" \/>\n<meta property=\"og:type\" content=\"article\" \/>\n<meta property=\"og:title\" content=\"About - Islands to cottages\" \/>\n<meta property=\"og:description\" content=\"Islands to Cottages is all about ecofriendly solutions for sustainable living. Inspiring articles, easy tutorials and affordable essentials, all you need for your green shift.\" \/>\n<meta property=\"og:url\" content=\"https:\/\/islandstocottages.com\/fr\/a-propos\/\" \/>\n<meta property=\"og:site_name\" content=\"Islands to cottages\" \/>\n<meta property=\"article:modified_time\" content=\"2023-03-09T23:27:53+00:00\" \/>\n<meta property=\"og:image\" content=\"https:\/\/islandstocottages.com\/wp-content\/uploads\/2023\/03\/full.about_.pexels-jess-loiterton-5007436-scaled.jpg\" \/>\n\t<meta property=\"og:image:width\" content=\"2560\" \/>\n\t<meta property=\"og:image:height\" content=\"1398\" \/>\n\t<meta property=\"og:image:type\" content=\"image\/jpeg\" \/>\n<meta name=\"twitter:card\" content=\"summary_large_image\" \/>\n<meta name=\"twitter:label1\" content=\"Dur\u00e9e de lecture estim\u00e9e\" \/>\n\t<meta name=\"twitter:data1\" content=\"2 minutes\" \/>\n<script type=\"application\/ld+json\" class=\"yoast-schema-graph\">{\"@context\":\"https:\\\/\\\/schema.org\",\"@graph\":[{\"@type\":\"WebPage\",\"@id\":\"https:\\\/\\\/islandstocottages.com\\\/about\\\/\",\"url\":\"https:\\\/\\\/islandstocottages.com\\\/about\\\/\",\"name\":\"About - Islands to cottages\",\"isPartOf\":{\"@id\":\"https:\\\/\\\/islandstocottages.com\\\/#website\"},\"primaryImageOfPage\":{\"@id\":\"https:\\\/\\\/islandstocottages.com\\\/about\\\/#primaryimage\"},\"image\":{\"@id\":\"https:\\\/\\\/islandstocottages.com\\\/about\\\/#primaryimage\"},\"thumbnailUrl\":\"https:\\\/\\\/i0.wp.com\\\/islandstocottages.com\\\/wp-content\\\/uploads\\\/2023\\\/03\\\/full.about_.pexels-jess-loiterton-5007436-scaled.jpg?fit=2560%2C1398&ssl=1\",\"datePublished\":\"2022-06-06T17:24:31+00:00\",\"dateModified\":\"2023-03-09T23:27:53+00:00\",\"description\":\"Islands to Cottages is all about ecofriendly solutions for sustainable living. Inspiring articles, easy tutorials and affordable essentials, all you need for your green shift.\",\"breadcrumb\":{\"@id\":\"https:\\\/\\\/islandstocottages.com\\\/about\\\/#breadcrumb\"},\"inLanguage\":\"fr-FR\",\"potentialAction\":[{\"@type\":\"ReadAction\",\"target\":[\"https:\\\/\\\/islandstocottages.com\\\/about\\\/\"]}]},{\"@type\":\"ImageObject\",\"inLanguage\":\"fr-FR\",\"@id\":\"https:\\\/\\\/islandstocottages.com\\\/about\\\/#primaryimage\",\"url\":\"https:\\\/\\\/i0.wp.com\\\/islandstocottages.com\\\/wp-content\\\/uploads\\\/2023\\\/03\\\/full.about_.pexels-jess-loiterton-5007436-scaled.jpg?fit=2560%2C1398&ssl=1\",\"contentUrl\":\"https:\\\/\\\/i0.wp.com\\\/islandstocottages.com\\\/wp-content\\\/uploads\\\/2023\\\/03\\\/full.about_.pexels-jess-loiterton-5007436-scaled.jpg?fit=2560%2C1398&ssl=1\",\"width\":2560,\"height\":1398,\"caption\":\"About.\"},{\"@type\":\"BreadcrumbList\",\"@id\":\"https:\\\/\\\/islandstocottages.com\\\/about\\\/#breadcrumb\",\"itemListElement\":[{\"@type\":\"ListItem\",\"position\":1,\"name\":\"Home\",\"item\":\"https:\\\/\\\/islandstocottages.com\\\/\"},{\"@type\":\"ListItem\",\"position\":2,\"name\":\"About\"}]},{\"@type\":\"WebSite\",\"@id\":\"https:\\\/\\\/islandstocottages.com\\\/#website\",\"url\":\"https:\\\/\\\/islandstocottages.com\\\/\",\"name\":\"Islands to cottages\",\"description\":\"Nova Scotia Sustainable + Mindful Living\",\"publisher\":{\"@id\":\"https:\\\/\\\/islandstocottages.com\\\/#organization\"},\"potentialAction\":[{\"@type\":\"SearchAction\",\"target\":{\"@type\":\"EntryPoint\",\"urlTemplate\":\"https:\\\/\\\/islandstocottages.com\\\/?s={search_term_string}\"},\"query-input\":{\"@type\":\"PropertyValueSpecification\",\"valueRequired\":true,\"valueName\":\"search_term_string\"}}],\"inLanguage\":\"fr-FR\"},{\"@type\":\"Organization\",\"@id\":\"https:\\\/\\\/islandstocottages.com\\\/#organization\",\"name\":\"Islands To Cottages\",\"url\":\"https:\\\/\\\/islandstocottages.com\\\/\",\"logo\":{\"@type\":\"ImageObject\",\"inLanguage\":\"fr-FR\",\"@id\":\"https:\\\/\\\/islandstocottages.com\\\/#\\\/schema\\\/logo\\\/image\\\/\",\"url\":\"https:\\\/\\\/i2.wp.com\\\/islandstocottages.com\\\/wp-content\\\/uploads\\\/2020\\\/06\\\/Logo.Screenshot-188.png?fit=613%2C293&ssl=1\",\"contentUrl\":\"https:\\\/\\\/i2.wp.com\\\/islandstocottages.com\\\/wp-content\\\/uploads\\\/2020\\\/06\\\/Logo.Screenshot-188.png?fit=613%2C293&ssl=1\",\"width\":613,\"height\":293,\"caption\":\"Islands To Cottages\"},\"image\":{\"@id\":\"https:\\\/\\\/islandstocottages.com\\\/#\\\/schema\\\/logo\\\/image\\\/\"}}]}<\/script>\n<!-- \/ Yoast SEO plugin. -->","yoast_head_json":{"title":"\u00c0 propos - Islands to cottages","description":"Islands to Cottages offre des solutions \u00e9cologiques pour un mode de vie durable et dynamique. Articles inspirants, tutoriels simples et essentiels abordables, tout ce dont vous avez besoin pour votre virage vert.","robots":{"index":"index","follow":"follow","max-snippet":"max-snippet:-1","max-image-preview":"max-image-preview:large","max-video-preview":"max-video-preview:-1"},"canonical":"https:\/\/islandstocottages.com\/fr\/a-propos\/","og_locale":"fr_FR","og_type":"article","og_title":"About - Islands to cottages","og_description":"Islands to Cottages is all about ecofriendly solutions for sustainable living. Inspiring articles, easy tutorials and affordable essentials, all you need for your green shift.","og_url":"https:\/\/islandstocottages.com\/fr\/a-propos\/","og_site_name":"Islands to cottages","article_modified_time":"2023-03-09T23:27:53+00:00","og_image":[{"width":2560,"height":1398,"url":"https:\/\/islandstocottages.com\/wp-content\/uploads\/2023\/03\/full.about_.pexels-jess-loiterton-5007436-scaled.jpg","type":"image\/jpeg"}],"twitter_card":"summary_large_image","twitter_misc":{"Dur\u00e9e de lecture estim\u00e9e":"2 minutes"},"schema":{"@context":"https:\/\/schema.org","@graph":[{"@type":"WebPage","@id":"https:\/\/islandstocottages.com\/about\/","url":"https:\/\/islandstocottages.com\/about\/","name":"\u00c0 propos - Islands to cottages","isPartOf":{"@id":"https:\/\/islandstocottages.com\/#website"},"primaryImageOfPage":{"@id":"https:\/\/islandstocottages.com\/about\/#primaryimage"},"image":{"@id":"https:\/\/islandstocottages.com\/about\/#primaryimage"},"thumbnailUrl":"https:\/\/i0.wp.com\/islandstocottages.com\/wp-content\/uploads\/2023\/03\/full.about_.pexels-jess-loiterton-5007436-scaled.jpg?fit=2560%2C1398&ssl=1","datePublished":"2022-06-06T17:24:31+00:00","dateModified":"2023-03-09T23:27:53+00:00","description":"Islands to Cottages offre des solutions \u00e9cologiques pour un mode de vie durable et dynamique. Articles inspirants, tutoriels simples et essentiels abordables, tout ce dont vous avez besoin pour votre virage vert.","breadcrumb":{"@id":"https:\/\/islandstocottages.com\/about\/#breadcrumb"},"inLanguage":"fr-FR","potentialAction":[{"@type":"ReadAction","target":["https:\/\/islandstocottages.com\/about\/"]}]},{"@type":"ImageObject","inLanguage":"fr-FR","@id":"https:\/\/islandstocottages.com\/about\/#primaryimage","url":"https:\/\/i0.wp.com\/islandstocottages.com\/wp-content\/uploads\/2023\/03\/full.about_.pexels-jess-loiterton-5007436-scaled.jpg?fit=2560%2C1398&ssl=1","contentUrl":"https:\/\/i0.wp.com\/islandstocottages.com\/wp-content\/uploads\/2023\/03\/full.about_.pexels-jess-loiterton-5007436-scaled.jpg?fit=2560%2C1398&ssl=1","width":2560,"height":1398,"caption":"About."},{"@type":"BreadcrumbList","@id":"https:\/\/islandstocottages.com\/about\/#breadcrumb","itemListElement":[{"@type":"ListItem","position":1,"name":"Home","item":"https:\/\/islandstocottages.com\/"},{"@type":"ListItem","position":2,"name":"About"}]},{"@type":"WebSite","@id":"https:\/\/islandstocottages.com\/#website","url":"https:\/\/islandstocottages.com\/","name":"Islands to cottages","description":"Vie Durable + Pleine Conscience en Nouvelle-\u00c9cosse","publisher":{"@id":"https:\/\/islandstocottages.com\/#organization"},"potentialAction":[{"@type":"SearchAction","target":{"@type":"EntryPoint","urlTemplate":"https:\/\/islandstocottages.com\/?s={search_term_string}"},"query-input":{"@type":"PropertyValueSpecification","valueRequired":true,"valueName":"search_term_string"}}],"inLanguage":"fr-FR"},{"@type":"Organization","@id":"https:\/\/islandstocottages.com\/#organization","name":"Islands To Cottages","url":"https:\/\/islandstocottages.com\/","logo":{"@type":"ImageObject","inLanguage":"fr-FR","@id":"https:\/\/islandstocottages.com\/#\/schema\/logo\/image\/","url":"https:\/\/i2.wp.com\/islandstocottages.com\/wp-content\/uploads\/2020\/06\/Logo.Screenshot-188.png?fit=613%2C293&ssl=1","contentUrl":"https:\/\/i2.wp.com\/islandstocottages.com\/wp-content\/uploads\/2020\/06\/Logo.Screenshot-188.png?fit=613%2C293&ssl=1","width":613,"height":293,"caption":"Islands To Cottages"},"image":{"@id":"https:\/\/islandstocottages.com\/#\/schema\/logo\/image\/"}}]}},"jetpack_sharing_enabled":true,"jetpack_shortlink":"https:\/\/wp.me\/PbI81e-3O","jetpack-related-posts":[{"id":265,"url":"https:\/\/islandstocottages.com\/fr\/","url_meta":{"origin":236,"position":0},"title":"Maison","author":"islandstocottages","date":"9 septembre 2020","format":false,"excerpt":"At Islands to Cottages we provide eco-friendly solutions for a simple yet vibrant sustainable living. From inspiring articles and easy-to-follow tutorials to a wide range of affordable ready to use custom-designed essentials, you will find all the resources you need to successfully start your green shift, right here, in Nova\u2026","rel":"","context":"Article similaire","block_context":{"text":"Article similaire","link":""},"img":{"alt_text":"","src":"https:\/\/i0.wp.com\/islandstocottages.com\/wp-content\/uploads\/2022\/12\/A.LogoFrontpageImage2-scaled-e1669895553212.jpg?fit=1200%2C800&ssl=1&resize=350%2C200","width":350,"height":200,"srcset":"https:\/\/i0.wp.com\/islandstocottages.com\/wp-content\/uploads\/2022\/12\/A.LogoFrontpageImage2-scaled-e1669895553212.jpg?fit=1200%2C800&ssl=1&resize=350%2C200 1x, https:\/\/i0.wp.com\/islandstocottages.com\/wp-content\/uploads\/2022\/12\/A.LogoFrontpageImage2-scaled-e1669895553212.jpg?fit=1200%2C800&ssl=1&resize=525%2C300 1.5x, https:\/\/i0.wp.com\/islandstocottages.com\/wp-content\/uploads\/2022\/12\/A.LogoFrontpageImage2-scaled-e1669895553212.jpg?fit=1200%2C800&ssl=1&resize=700%2C400 2x, https:\/\/i0.wp.com\/islandstocottages.com\/wp-content\/uploads\/2022\/12\/A.LogoFrontpageImage2-scaled-e1669895553212.jpg?fit=1200%2C800&ssl=1&resize=1050%2C600 3x"},"classes":[]},{"id":437,"url":"https:\/\/islandstocottages.com\/fr\/return-policy\/","url_meta":{"origin":236,"position":1},"title":"Retours","author":"islandstocottages","date":"12 octobre 2022","format":false,"excerpt":"Our Return Policy. Last updated February 14, 2023. Islands to Cottages is an eco-friendly organization. We abide by strict sustainability standards over all aspects of our business and we are actively committed to lowering our carbon footprint to the best extend possible. This includes encouraging local order pick-up whenever feasible\u2026","rel":"","context":"Article similaire","block_context":{"text":"Article similaire","link":""},"img":{"alt_text":"A stack of light colored cardboard boxes lined with soft beige and grey paper are set on the porch outside the front door waiting to be picked-up by the family living inside.","src":"https:\/\/i0.wp.com\/islandstocottages.com\/wp-content\/uploads\/2023\/03\/fullreturns3.pexels-element-digital-712316-scaled.jpg?fit=1200%2C686&ssl=1&resize=350%2C200","width":350,"height":200,"srcset":"https:\/\/i0.wp.com\/islandstocottages.com\/wp-content\/uploads\/2023\/03\/fullreturns3.pexels-element-digital-712316-scaled.jpg?fit=1200%2C686&ssl=1&resize=350%2C200 1x, https:\/\/i0.wp.com\/islandstocottages.com\/wp-content\/uploads\/2023\/03\/fullreturns3.pexels-element-digital-712316-scaled.jpg?fit=1200%2C686&ssl=1&resize=525%2C300 1.5x, https:\/\/i0.wp.com\/islandstocottages.com\/wp-content\/uploads\/2023\/03\/fullreturns3.pexels-element-digital-712316-scaled.jpg?fit=1200%2C686&ssl=1&resize=700%2C400 2x, https:\/\/i0.wp.com\/islandstocottages.com\/wp-content\/uploads\/2023\/03\/fullreturns3.pexels-element-digital-712316-scaled.jpg?fit=1200%2C686&ssl=1&resize=1050%2C600 3x"},"classes":[]},{"id":778,"url":"https:\/\/islandstocottages.com\/fr\/our-acknowledgment\/","url_meta":{"origin":236,"position":2},"title":"Reconnaissance des terres non c\u00e9d\u00e9es","author":"islandstocottages","date":"15 novembre 2022","format":false,"excerpt":"Mi'kma'ki, Our Home On Native Land. Islands To Cottages acknowledges we are located in Mi\u2019kma\u2019ki, the\u00a0ancestral and unceded territory of the\u00a0Mi\u2019kmaq people, whose inherent rights were\u00a0recognized in the Peace and\u00a0Friendship Treaties that were first signed\u00a0in 1725. By acknowledging the Mi\u2019kmaq ancestral territory, we want to honor our shared Treaty relationship\u2026","rel":"","context":"Article similaire","block_context":{"text":"Article similaire","link":""},"img":{"alt_text":"A soft grey heart shaped rock is sitting on a pink colored much wider bedrock with branches of tiny greenery all around.","src":"https:\/\/i0.wp.com\/islandstocottages.com\/wp-content\/uploads\/2023\/03\/FullAcknowledgement.jpg?fit=1200%2C801&ssl=1&resize=350%2C200","width":350,"height":200,"srcset":"https:\/\/i0.wp.com\/islandstocottages.com\/wp-content\/uploads\/2023\/03\/FullAcknowledgement.jpg?fit=1200%2C801&ssl=1&resize=350%2C200 1x, https:\/\/i0.wp.com\/islandstocottages.com\/wp-content\/uploads\/2023\/03\/FullAcknowledgement.jpg?fit=1200%2C801&ssl=1&resize=525%2C300 1.5x, https:\/\/i0.wp.com\/islandstocottages.com\/wp-content\/uploads\/2023\/03\/FullAcknowledgement.jpg?fit=1200%2C801&ssl=1&resize=700%2C400 2x, https:\/\/i0.wp.com\/islandstocottages.com\/wp-content\/uploads\/2023\/03\/FullAcknowledgement.jpg?fit=1200%2C801&ssl=1&resize=1050%2C600 3x"},"classes":[]},{"id":434,"url":"https:\/\/islandstocottages.com\/fr\/terms-and-conditions\/","url_meta":{"origin":236,"position":3},"title":"Modalit\u00e9s","author":"islandstocottages","date":"12 octobre 2022","format":false,"excerpt":"Terms & Conditions, online requirements and sharing your Personal Information seem too daunting ? We understand ! Skip the cart and place your order directly by contacting us privately. 1) Pm us on Facebook or Email us your detailed order. 2) Arrange payment for your purchase. 3) Arrange for pick-up.\u2026","rel":"","context":"Article similaire","block_context":{"text":"Article similaire","link":""},"img":{"alt_text":"A white paper sheet with Braille inscriptions is showing through a simple back magnifying glass.","src":"https:\/\/i0.wp.com\/islandstocottages.com\/wp-content\/uploads\/2023\/03\/fullTermsAndConditionspexels-eren-li-7188802-scaled.jpg?fit=1200%2C774&ssl=1&resize=350%2C200","width":350,"height":200,"srcset":"https:\/\/i0.wp.com\/islandstocottages.com\/wp-content\/uploads\/2023\/03\/fullTermsAndConditionspexels-eren-li-7188802-scaled.jpg?fit=1200%2C774&ssl=1&resize=350%2C200 1x, https:\/\/i0.wp.com\/islandstocottages.com\/wp-content\/uploads\/2023\/03\/fullTermsAndConditionspexels-eren-li-7188802-scaled.jpg?fit=1200%2C774&ssl=1&resize=525%2C300 1.5x, https:\/\/i0.wp.com\/islandstocottages.com\/wp-content\/uploads\/2023\/03\/fullTermsAndConditionspexels-eren-li-7188802-scaled.jpg?fit=1200%2C774&ssl=1&resize=700%2C400 2x, https:\/\/i0.wp.com\/islandstocottages.com\/wp-content\/uploads\/2023\/03\/fullTermsAndConditionspexels-eren-li-7188802-scaled.jpg?fit=1200%2C774&ssl=1&resize=1050%2C600 3x"},"classes":[]},{"id":383,"url":"https:\/\/islandstocottages.com\/fr\/mindful-living\/","url_meta":{"origin":236,"position":4},"title":"Pleine conscience","author":"islandstocottages","date":"3 octobre 2022","format":false,"excerpt":"Mind\u00b7ful\u00b7ness : Quality or state of being conscious or aware of something. Mindful living, a way of life achieved by focusing our awareness on the present, while calmly acknowledging and accepting our feelings, thoughts, and bodily sensations. Our take on mindfulness ? Simply the art of finding inner serenity while\u2026","rel":"","context":"Article similaire","block_context":{"text":"Article similaire","link":""},"img":{"alt_text":"Visual representation of mindful living with white flower floating on turquoise water.","src":"https:\/\/i0.wp.com\/islandstocottages.com\/wp-content\/uploads\/2023\/03\/FullMindfullLiving.pexels-neosiam-580871-scaled.jpg?fit=1200%2C598&ssl=1&resize=350%2C200","width":350,"height":200,"srcset":"https:\/\/i0.wp.com\/islandstocottages.com\/wp-content\/uploads\/2023\/03\/FullMindfullLiving.pexels-neosiam-580871-scaled.jpg?fit=1200%2C598&ssl=1&resize=350%2C200 1x, https:\/\/i0.wp.com\/islandstocottages.com\/wp-content\/uploads\/2023\/03\/FullMindfullLiving.pexels-neosiam-580871-scaled.jpg?fit=1200%2C598&ssl=1&resize=525%2C300 1.5x, https:\/\/i0.wp.com\/islandstocottages.com\/wp-content\/uploads\/2023\/03\/FullMindfullLiving.pexels-neosiam-580871-scaled.jpg?fit=1200%2C598&ssl=1&resize=700%2C400 2x, https:\/\/i0.wp.com\/islandstocottages.com\/wp-content\/uploads\/2023\/03\/FullMindfullLiving.pexels-neosiam-580871-scaled.jpg?fit=1200%2C598&ssl=1&resize=1050%2C600 3x"},"classes":[]},{"id":430,"url":"https:\/\/islandstocottages.com\/fr\/cookie-policy\/","url_meta":{"origin":236,"position":5},"title":"T\u00e9moins","author":"islandstocottages","date":"12 octobre 2022","format":false,"excerpt":"Cookie Policies, online requirements and sharing your Personal Information seem too daunting ? We understand ! Skip the cart and place your order directly by contacting us privately. 1) Pm us on Facebook or email us your detailed order. 2) Arrange payment for your purchase. 3) Arrange for pick-up. 4)\u2026","rel":"","context":"Article similaire","block_context":{"text":"Article similaire","link":""},"img":{"alt_text":"Traces of recent tracks can be seen printed onto the wet sand of a light pink beach with a gentle wave rolling in.","src":"https:\/\/i0.wp.com\/islandstocottages.com\/wp-content\/uploads\/2023\/03\/FullCookie3.Policy.pexels-miriam-fischer-2645245-scaled.jpg?fit=1200%2C745&ssl=1&resize=350%2C200","width":350,"height":200,"srcset":"https:\/\/i0.wp.com\/islandstocottages.com\/wp-content\/uploads\/2023\/03\/FullCookie3.Policy.pexels-miriam-fischer-2645245-scaled.jpg?fit=1200%2C745&ssl=1&resize=350%2C200 1x, https:\/\/i0.wp.com\/islandstocottages.com\/wp-content\/uploads\/2023\/03\/FullCookie3.Policy.pexels-miriam-fischer-2645245-scaled.jpg?fit=1200%2C745&ssl=1&resize=525%2C300 1.5x, https:\/\/i0.wp.com\/islandstocottages.com\/wp-content\/uploads\/2023\/03\/FullCookie3.Policy.pexels-miriam-fischer-2645245-scaled.jpg?fit=1200%2C745&ssl=1&resize=700%2C400 2x, https:\/\/i0.wp.com\/islandstocottages.com\/wp-content\/uploads\/2023\/03\/FullCookie3.Policy.pexels-miriam-fischer-2645245-scaled.jpg?fit=1200%2C745&ssl=1&resize=1050%2C600 3x"},"classes":[]}],"_links":{"self":[{"href":"https:\/\/islandstocottages.com\/fr\/wp-json\/wp\/v2\/pages\/236","targetHints":{"allow":["GET"]}}],"collection":[{"href":"https:\/\/islandstocottages.com\/fr\/wp-json\/wp\/v2\/pages"}],"about":[{"href":"https:\/\/islandstocottages.com\/fr\/wp-json\/wp\/v2\/types\/page"}],"author":[{"embeddable":true,"href":"https:\/\/islandstocottages.com\/fr\/wp-json\/wp\/v2\/users\/2"}],"replies":[{"embeddable":true,"href":"https:\/\/islandstocottages.com\/fr\/wp-json\/wp\/v2\/comments?post=236"}],"version-history":[{"count":5,"href":"https:\/\/islandstocottages.com\/fr\/wp-json\/wp\/v2\/pages\/236\/revisions"}],"predecessor-version":[{"id":2538,"href":"https:\/\/islandstocottages.com\/fr\/wp-json\/wp\/v2\/pages\/236\/revisions\/2538"}],"wp:featuredmedia":[{"embeddable":true,"href":"https:\/\/islandstocottages.com\/fr\/wp-json\/wp\/v2\/media\/2344"}],"wp:attachment":[{"href":"https:\/\/islandstocottages.com\/fr\/wp-json\/wp\/v2\/media?parent=236"}],"curies":[{"name":"wp","href":"https:\/\/api.w.org\/{rel}","templated":true}]}}