{"id":354,"date":"2022-07-15T19:35:35","date_gmt":"2022-07-15T22:35:35","guid":{"rendered":"https:\/\/islandstocottages.com\/?page_id=354"},"modified":"2023-03-07T11:23:17","modified_gmt":"2023-03-07T15:23:17","slug":"durabilite","status":"publish","type":"page","link":"https:\/\/islandstocottages.com\/fr\/sustainable-living\/","title":{"rendered":"Durabilit\u00e9"},"content":{"rendered":"<div class=\"wp-block-group\"><div class=\"wp-block-group__inner-container is-layout-flow wp-block-group-is-layout-flow\">\n<p class=\"has-text-align-justify\">Au cours de la derni\u00e8re d\u00e9cennie, le concept de durabilit\u00e9 a \u00e9t\u00e9 largement mis en lumi\u00e8re et utilis\u00e9 pour couvrir les nombreux d\u00e9fis de nos temps modernes. Utilis\u00e9 pour sensibiliser les populations aux enjeux, plus pr\u00e9sents que jamais, en mati\u00e8re de sant\u00e9 et de r\u00e9silience environnementales. Mais aussi pour nous faire prendre conscience de notre responsabilit\u00e9 dans la gestion de ces m\u00eames ressources. Pour nous faire comprendre pourquoi on doit \u00e9viter, par des actions concr\u00e8tes, l'\u00e9puisement de nos ressources afin de maintenir un \u00e9quilibre \u00e9cologique. <\/p>\n<\/div><\/div>\n\n\n\n<h2 class=\"has-text-align-justify wp-block-heading\">Vivre durablement ?<\/h2>\n\n\n\n<p class=\"has-text-align-justify\">Alors voil\u00e0 pour le concept. Mais, en pratique, comment vivre durablement ? En quoi consiste un mode de vie durable ? En tant qu'individus, quel est notre r\u00f4le l\u00e0-dedans une fois qu'on y int\u00e8gre le facteur humain ? Quel est l'enjeu r\u00e9el et qu'attend-on exactement de nous pour maintenir cet \u00e9quilibre \u00e9cologique ? En d'autres termes, que pouvons-nous faire pour rendre notre monde un peu meilleur, petit \u00e0 petit ?<\/p>\n\n\n\n<h2 class=\"has-text-align-justify wp-block-heading\">Poser un regard honn\u00eate.<\/h2>\n\n\n\n<p class=\"has-text-align-justify\">Eh bien, choisir <a href=\"https:\/\/islandstocottages.com\/fr\/premiers-pas-vers-la-durabilite\/\">un mode de vie respectueux de l'environnement,<\/a> c'est choisir de fonctionner sans cr\u00e9er d'impact n\u00e9gatif suppl\u00e9mentaire sur l'empreinte \u00e9cologique de notre plan\u00e8te. De fa\u00e7on tangible, on commence par prendre conscience de la fa\u00e7on dont nos actions affectent notre environnement. On s'y int\u00e9resse, on en comprend les tenants et les aboutissants. Et on fait ce qu'il faut pour rem\u00e9dier aux probl\u00e8mes inh\u00e9rents. On introduit ou r\u00e9introduit des m\u00e9thodes efficaces pour r\u00e9duire les cons\u00e9quences de nos mauvaises habitudes qui se sont insidieusement install\u00e9es. On travaille \u00e0 rectifier nos erreurs du pass\u00e9, oui. Mais on en tire aussi des enseignements. Pour pouvoir laisser \u00e0 nos g\u00e9n\u00e9rations futures un environnement plus sain. On redonne ainsi \u00e0 certaines zones touch\u00e9es de notre globe leur gloire d'antan et on am\u00e9liore la sant\u00e9 de notre plan\u00e8te.<\/p>\n\n\n\n<h2 class=\"has-text-align-justify wp-block-heading\">Par o\u00f9 commencer.<\/h2>\n\n\n\n<p class=\"has-text-align-justify\">Et tout cela commence ici m\u00eame, \u00e0 la porte atlantique de notre vaste pays. Notre terre ancestrale et notre terre d'accueil. Notre chez-nous. \u00c7a commence avec vous, \u00e7a commence avec nous. Avec nous tous. Chacun de nous a le pouvoir d'initier le changement et de faire une diff\u00e9rence. Chacun \u00e0 son rythme et selon ses capacit\u00e9s. Un mode de vie durable est \u00e0 notre port\u00e9e, peu importe qui nous sommes. Une qu\u00eate bas\u00e9e sur le respect de l'environnement, oui, mais aussi un cheminement <a href=\"https:\/\/islandstocottages.com\/fr\/pleine-conscience\/\">pleine conscience<\/a>, qui vaut vraiment le d\u00e9tour. <\/p>","protected":false},"excerpt":{"rendered":"<p>Over the last decade, the concept of sustainability has been brought to light and used widely to cover the many challenges of our modern days. As a way to bring awareness on the issues at stake, now more than ever, when it comes to environment health and resilience. But also [&hellip;]<\/p>\n","protected":false},"author":2,"featured_media":2404,"parent":0,"menu_order":0,"comment_status":"closed","ping_status":"closed","template":"","meta":{"nf_dc_page":"","om_disable_all_campaigns":false,"_monsterinsights_skip_tracking":false,"_monsterinsights_sitenote_active":false,"_monsterinsights_sitenote_note":"","_monsterinsights_sitenote_category":0,"footnotes":""},"class_list":["post-354","page","type-page","status-publish","has-post-thumbnail","hentry"],"yoast_head":"<!-- This site is optimized with the Yoast SEO plugin v27.4 - https:\/\/yoast.com\/product\/yoast-seo-wordpress\/ -->\n<title>Sustainable Living Islands to cottages<\/title>\n<meta name=\"description\" content=\"How adjusting our daily habits with sustainable living in mind contributes to a healthier planet and set us up with a happier lifestyle.\" \/>\n<meta name=\"robots\" content=\"index, follow, max-snippet:-1, max-image-preview:large, max-video-preview:-1\" \/>\n<link rel=\"canonical\" href=\"https:\/\/islandstocottages.com\/fr\/durabilite\/\" \/>\n<meta property=\"og:locale\" content=\"fr_FR\" \/>\n<meta property=\"og:type\" content=\"article\" \/>\n<meta property=\"og:title\" content=\"Sustainable Living Islands to cottages\" \/>\n<meta property=\"og:description\" content=\"How adjusting our daily habits with sustainable living in mind contributes to a healthier planet and set us up with a happier lifestyle.\" \/>\n<meta property=\"og:url\" content=\"https:\/\/islandstocottages.com\/fr\/durabilite\/\" \/>\n<meta property=\"og:site_name\" content=\"Islands to cottages\" \/>\n<meta property=\"article:modified_time\" content=\"2023-03-07T15:23:17+00:00\" \/>\n<meta property=\"og:image\" content=\"https:\/\/islandstocottages.com\/wp-content\/uploads\/2023\/03\/FullSustainableLiving.pexels-mabel-amber-133682-scaled.jpg\" \/>\n\t<meta property=\"og:image:width\" content=\"2560\" \/>\n\t<meta property=\"og:image:height\" content=\"1315\" \/>\n\t<meta property=\"og:image:type\" content=\"image\/jpeg\" \/>\n<meta name=\"twitter:card\" content=\"summary_large_image\" \/>\n<meta name=\"twitter:label1\" content=\"Dur\u00e9e de lecture estim\u00e9e\" \/>\n\t<meta name=\"twitter:data1\" content=\"2 minutes\" \/>\n<script type=\"application\/ld+json\" class=\"yoast-schema-graph\">{\"@context\":\"https:\\\/\\\/schema.org\",\"@graph\":[{\"@type\":\"WebPage\",\"@id\":\"https:\\\/\\\/islandstocottages.com\\\/sustainable-living\\\/\",\"url\":\"https:\\\/\\\/islandstocottages.com\\\/sustainable-living\\\/\",\"name\":\"Sustainable Living Islands to cottages\",\"isPartOf\":{\"@id\":\"https:\\\/\\\/islandstocottages.com\\\/#website\"},\"primaryImageOfPage\":{\"@id\":\"https:\\\/\\\/islandstocottages.com\\\/sustainable-living\\\/#primaryimage\"},\"image\":{\"@id\":\"https:\\\/\\\/islandstocottages.com\\\/sustainable-living\\\/#primaryimage\"},\"thumbnailUrl\":\"https:\\\/\\\/i0.wp.com\\\/islandstocottages.com\\\/wp-content\\\/uploads\\\/2023\\\/03\\\/FullSustainableLiving.pexels-mabel-amber-133682-scaled.jpg?fit=2560%2C1315&ssl=1\",\"datePublished\":\"2022-07-15T22:35:35+00:00\",\"dateModified\":\"2023-03-07T15:23:17+00:00\",\"description\":\"How adjusting our daily habits with sustainable living in mind contributes to a healthier planet and set us up with a happier lifestyle.\",\"breadcrumb\":{\"@id\":\"https:\\\/\\\/islandstocottages.com\\\/sustainable-living\\\/#breadcrumb\"},\"inLanguage\":\"fr-FR\",\"potentialAction\":[{\"@type\":\"ReadAction\",\"target\":[\"https:\\\/\\\/islandstocottages.com\\\/sustainable-living\\\/\"]}]},{\"@type\":\"ImageObject\",\"inLanguage\":\"fr-FR\",\"@id\":\"https:\\\/\\\/islandstocottages.com\\\/sustainable-living\\\/#primaryimage\",\"url\":\"https:\\\/\\\/i0.wp.com\\\/islandstocottages.com\\\/wp-content\\\/uploads\\\/2023\\\/03\\\/FullSustainableLiving.pexels-mabel-amber-133682-scaled.jpg?fit=2560%2C1315&ssl=1\",\"contentUrl\":\"https:\\\/\\\/i0.wp.com\\\/islandstocottages.com\\\/wp-content\\\/uploads\\\/2023\\\/03\\\/FullSustainableLiving.pexels-mabel-amber-133682-scaled.jpg?fit=2560%2C1315&ssl=1\",\"width\":2560,\"height\":1315,\"caption\":\"Sustainable living\"},{\"@type\":\"BreadcrumbList\",\"@id\":\"https:\\\/\\\/islandstocottages.com\\\/sustainable-living\\\/#breadcrumb\",\"itemListElement\":[{\"@type\":\"ListItem\",\"position\":1,\"name\":\"Home\",\"item\":\"https:\\\/\\\/islandstocottages.com\\\/\"},{\"@type\":\"ListItem\",\"position\":2,\"name\":\"Sustainable Living\"}]},{\"@type\":\"WebSite\",\"@id\":\"https:\\\/\\\/islandstocottages.com\\\/#website\",\"url\":\"https:\\\/\\\/islandstocottages.com\\\/\",\"name\":\"Islands to cottages\",\"description\":\"Nova Scotia Sustainable + Mindful Living\",\"publisher\":{\"@id\":\"https:\\\/\\\/islandstocottages.com\\\/#organization\"},\"potentialAction\":[{\"@type\":\"SearchAction\",\"target\":{\"@type\":\"EntryPoint\",\"urlTemplate\":\"https:\\\/\\\/islandstocottages.com\\\/?s={search_term_string}\"},\"query-input\":{\"@type\":\"PropertyValueSpecification\",\"valueRequired\":true,\"valueName\":\"search_term_string\"}}],\"inLanguage\":\"fr-FR\"},{\"@type\":\"Organization\",\"@id\":\"https:\\\/\\\/islandstocottages.com\\\/#organization\",\"name\":\"Islands To Cottages\",\"url\":\"https:\\\/\\\/islandstocottages.com\\\/\",\"logo\":{\"@type\":\"ImageObject\",\"inLanguage\":\"fr-FR\",\"@id\":\"https:\\\/\\\/islandstocottages.com\\\/#\\\/schema\\\/logo\\\/image\\\/\",\"url\":\"https:\\\/\\\/i2.wp.com\\\/islandstocottages.com\\\/wp-content\\\/uploads\\\/2020\\\/06\\\/Logo.Screenshot-188.png?fit=613%2C293&ssl=1\",\"contentUrl\":\"https:\\\/\\\/i2.wp.com\\\/islandstocottages.com\\\/wp-content\\\/uploads\\\/2020\\\/06\\\/Logo.Screenshot-188.png?fit=613%2C293&ssl=1\",\"width\":613,\"height\":293,\"caption\":\"Islands To Cottages\"},\"image\":{\"@id\":\"https:\\\/\\\/islandstocottages.com\\\/#\\\/schema\\\/logo\\\/image\\\/\"}}]}<\/script>\n<!-- \/ Yoast SEO plugin. -->","yoast_head_json":{"title":"Durabilit\u00e9 - Islands to cottages","description":"Comment ajuster nos habitudes de vie pour adopter un mode de vie durable. En route vers la s\u00e9r\u00e9nit\u00e9 et une plan\u00e8te en bonne sant\u00e9.","robots":{"index":"index","follow":"follow","max-snippet":"max-snippet:-1","max-image-preview":"max-image-preview:large","max-video-preview":"max-video-preview:-1"},"canonical":"https:\/\/islandstocottages.com\/fr\/durabilite\/","og_locale":"fr_FR","og_type":"article","og_title":"Sustainable Living Islands to cottages","og_description":"How adjusting our daily habits with sustainable living in mind contributes to a healthier planet and set us up with a happier lifestyle.","og_url":"https:\/\/islandstocottages.com\/fr\/durabilite\/","og_site_name":"Islands to cottages","article_modified_time":"2023-03-07T15:23:17+00:00","og_image":[{"width":2560,"height":1315,"url":"https:\/\/islandstocottages.com\/wp-content\/uploads\/2023\/03\/FullSustainableLiving.pexels-mabel-amber-133682-scaled.jpg","type":"image\/jpeg"}],"twitter_card":"summary_large_image","twitter_misc":{"Dur\u00e9e de lecture estim\u00e9e":"2 minutes"},"schema":{"@context":"https:\/\/schema.org","@graph":[{"@type":"WebPage","@id":"https:\/\/islandstocottages.com\/sustainable-living\/","url":"https:\/\/islandstocottages.com\/sustainable-living\/","name":"Durabilit\u00e9 - Islands to cottages","isPartOf":{"@id":"https:\/\/islandstocottages.com\/#website"},"primaryImageOfPage":{"@id":"https:\/\/islandstocottages.com\/sustainable-living\/#primaryimage"},"image":{"@id":"https:\/\/islandstocottages.com\/sustainable-living\/#primaryimage"},"thumbnailUrl":"https:\/\/i0.wp.com\/islandstocottages.com\/wp-content\/uploads\/2023\/03\/FullSustainableLiving.pexels-mabel-amber-133682-scaled.jpg?fit=2560%2C1315&ssl=1","datePublished":"2022-07-15T22:35:35+00:00","dateModified":"2023-03-07T15:23:17+00:00","description":"Comment ajuster nos habitudes de vie pour adopter un mode de vie durable. En route vers la s\u00e9r\u00e9nit\u00e9 et une plan\u00e8te en bonne sant\u00e9.","breadcrumb":{"@id":"https:\/\/islandstocottages.com\/sustainable-living\/#breadcrumb"},"inLanguage":"fr-FR","potentialAction":[{"@type":"ReadAction","target":["https:\/\/islandstocottages.com\/sustainable-living\/"]}]},{"@type":"ImageObject","inLanguage":"fr-FR","@id":"https:\/\/islandstocottages.com\/sustainable-living\/#primaryimage","url":"https:\/\/i0.wp.com\/islandstocottages.com\/wp-content\/uploads\/2023\/03\/FullSustainableLiving.pexels-mabel-amber-133682-scaled.jpg?fit=2560%2C1315&ssl=1","contentUrl":"https:\/\/i0.wp.com\/islandstocottages.com\/wp-content\/uploads\/2023\/03\/FullSustainableLiving.pexels-mabel-amber-133682-scaled.jpg?fit=2560%2C1315&ssl=1","width":2560,"height":1315,"caption":"Sustainable living"},{"@type":"BreadcrumbList","@id":"https:\/\/islandstocottages.com\/sustainable-living\/#breadcrumb","itemListElement":[{"@type":"ListItem","position":1,"name":"Home","item":"https:\/\/islandstocottages.com\/"},{"@type":"ListItem","position":2,"name":"Sustainable Living"}]},{"@type":"WebSite","@id":"https:\/\/islandstocottages.com\/#website","url":"https:\/\/islandstocottages.com\/","name":"Islands to cottages","description":"Vie Durable + Pleine Conscience en Nouvelle-\u00c9cosse","publisher":{"@id":"https:\/\/islandstocottages.com\/#organization"},"potentialAction":[{"@type":"SearchAction","target":{"@type":"EntryPoint","urlTemplate":"https:\/\/islandstocottages.com\/?s={search_term_string}"},"query-input":{"@type":"PropertyValueSpecification","valueRequired":true,"valueName":"search_term_string"}}],"inLanguage":"fr-FR"},{"@type":"Organization","@id":"https:\/\/islandstocottages.com\/#organization","name":"Islands To Cottages","url":"https:\/\/islandstocottages.com\/","logo":{"@type":"ImageObject","inLanguage":"fr-FR","@id":"https:\/\/islandstocottages.com\/#\/schema\/logo\/image\/","url":"https:\/\/i2.wp.com\/islandstocottages.com\/wp-content\/uploads\/2020\/06\/Logo.Screenshot-188.png?fit=613%2C293&ssl=1","contentUrl":"https:\/\/i2.wp.com\/islandstocottages.com\/wp-content\/uploads\/2020\/06\/Logo.Screenshot-188.png?fit=613%2C293&ssl=1","width":613,"height":293,"caption":"Islands To Cottages"},"image":{"@id":"https:\/\/islandstocottages.com\/#\/schema\/logo\/image\/"}}]}},"jetpack_sharing_enabled":true,"jetpack_shortlink":"https:\/\/wp.me\/PbI81e-5I","jetpack-related-posts":[{"id":236,"url":"https:\/\/islandstocottages.com\/fr\/about\/","url_meta":{"origin":354,"position":0},"title":"\u00c0 propos","author":"islandstocottages","date":"6 juin 2022","format":false,"excerpt":"At Islands to Cottages we provide eco-friendly solutions for a simple yet vibrant sustainable living. From inspiring articles and easy to follow tutorials to a wide range of affordable and ready to use custom-designed essentials, you will find all the resources you need to successfully start your green shift, right\u2026","rel":"","context":"Article similaire","block_context":{"text":"Article similaire","link":""},"img":{"alt_text":"A sea turtle is gracefully swimming in bright turquoise waters.","src":"https:\/\/i0.wp.com\/islandstocottages.com\/wp-content\/uploads\/2023\/03\/full.about_.pexels-jess-loiterton-5007436-scaled.jpg?fit=1200%2C655&ssl=1&resize=350%2C200","width":350,"height":200,"srcset":"https:\/\/i0.wp.com\/islandstocottages.com\/wp-content\/uploads\/2023\/03\/full.about_.pexels-jess-loiterton-5007436-scaled.jpg?fit=1200%2C655&ssl=1&resize=350%2C200 1x, https:\/\/i0.wp.com\/islandstocottages.com\/wp-content\/uploads\/2023\/03\/full.about_.pexels-jess-loiterton-5007436-scaled.jpg?fit=1200%2C655&ssl=1&resize=525%2C300 1.5x, https:\/\/i0.wp.com\/islandstocottages.com\/wp-content\/uploads\/2023\/03\/full.about_.pexels-jess-loiterton-5007436-scaled.jpg?fit=1200%2C655&ssl=1&resize=700%2C400 2x, https:\/\/i0.wp.com\/islandstocottages.com\/wp-content\/uploads\/2023\/03\/full.about_.pexels-jess-loiterton-5007436-scaled.jpg?fit=1200%2C655&ssl=1&resize=1050%2C600 3x"},"classes":[]},{"id":265,"url":"https:\/\/islandstocottages.com\/fr\/","url_meta":{"origin":354,"position":1},"title":"Maison","author":"islandstocottages","date":"9 septembre 2020","format":false,"excerpt":"At Islands to Cottages we provide eco-friendly solutions for a simple yet vibrant sustainable living. From inspiring articles and easy-to-follow tutorials to a wide range of affordable ready to use custom-designed essentials, you will find all the resources you need to successfully start your green shift, right here, in Nova\u2026","rel":"","context":"Article similaire","block_context":{"text":"Article similaire","link":""},"img":{"alt_text":"","src":"https:\/\/i0.wp.com\/islandstocottages.com\/wp-content\/uploads\/2022\/12\/A.LogoFrontpageImage2-scaled-e1669895553212.jpg?fit=1200%2C800&ssl=1&resize=350%2C200","width":350,"height":200,"srcset":"https:\/\/i0.wp.com\/islandstocottages.com\/wp-content\/uploads\/2022\/12\/A.LogoFrontpageImage2-scaled-e1669895553212.jpg?fit=1200%2C800&ssl=1&resize=350%2C200 1x, https:\/\/i0.wp.com\/islandstocottages.com\/wp-content\/uploads\/2022\/12\/A.LogoFrontpageImage2-scaled-e1669895553212.jpg?fit=1200%2C800&ssl=1&resize=525%2C300 1.5x, https:\/\/i0.wp.com\/islandstocottages.com\/wp-content\/uploads\/2022\/12\/A.LogoFrontpageImage2-scaled-e1669895553212.jpg?fit=1200%2C800&ssl=1&resize=700%2C400 2x, https:\/\/i0.wp.com\/islandstocottages.com\/wp-content\/uploads\/2022\/12\/A.LogoFrontpageImage2-scaled-e1669895553212.jpg?fit=1200%2C800&ssl=1&resize=1050%2C600 3x"},"classes":[]},{"id":437,"url":"https:\/\/islandstocottages.com\/fr\/return-policy\/","url_meta":{"origin":354,"position":2},"title":"Retours","author":"islandstocottages","date":"12 octobre 2022","format":false,"excerpt":"Our Return Policy. Last updated February 14, 2023. Islands to Cottages is an eco-friendly organization. We abide by strict sustainability standards over all aspects of our business and we are actively committed to lowering our carbon footprint to the best extend possible. This includes encouraging local order pick-up whenever feasible\u2026","rel":"","context":"Article similaire","block_context":{"text":"Article similaire","link":""},"img":{"alt_text":"A stack of light colored cardboard boxes lined with soft beige and grey paper are set on the porch outside the front door waiting to be picked-up by the family living inside.","src":"https:\/\/i0.wp.com\/islandstocottages.com\/wp-content\/uploads\/2023\/03\/fullreturns3.pexels-element-digital-712316-scaled.jpg?fit=1200%2C686&ssl=1&resize=350%2C200","width":350,"height":200,"srcset":"https:\/\/i0.wp.com\/islandstocottages.com\/wp-content\/uploads\/2023\/03\/fullreturns3.pexels-element-digital-712316-scaled.jpg?fit=1200%2C686&ssl=1&resize=350%2C200 1x, https:\/\/i0.wp.com\/islandstocottages.com\/wp-content\/uploads\/2023\/03\/fullreturns3.pexels-element-digital-712316-scaled.jpg?fit=1200%2C686&ssl=1&resize=525%2C300 1.5x, https:\/\/i0.wp.com\/islandstocottages.com\/wp-content\/uploads\/2023\/03\/fullreturns3.pexels-element-digital-712316-scaled.jpg?fit=1200%2C686&ssl=1&resize=700%2C400 2x, https:\/\/i0.wp.com\/islandstocottages.com\/wp-content\/uploads\/2023\/03\/fullreturns3.pexels-element-digital-712316-scaled.jpg?fit=1200%2C686&ssl=1&resize=1050%2C600 3x"},"classes":[]},{"id":440,"url":"https:\/\/islandstocottages.com\/fr\/shipping-policy\/","url_meta":{"origin":354,"position":3},"title":"Exp\u00e9dition","author":"islandstocottages","date":"12 octobre 2022","format":false,"excerpt":"Free order pick-up in HRM. Browse our Boutique section to build your wish list and skip the cart !1) Pm us on Facebook or email us your detailed order.2) Arrange payment for your purchase, no delivery or shipping fees !3) Arrange pick-up date and time.4) Drive away with your order\u2026","rel":"","context":"Article similaire","block_context":{"text":"Article similaire","link":""},"img":{"alt_text":"A mail sign appears in the background on a light turquoise blue wall with large green leaves of tropical plant in the front.","src":"https:\/\/i0.wp.com\/islandstocottages.com\/wp-content\/uploads\/2023\/03\/Full.shipping3policy.pexels-laura-stanley-2975688-scaled.jpg?fit=1200%2C691&ssl=1&resize=350%2C200","width":350,"height":200,"srcset":"https:\/\/i0.wp.com\/islandstocottages.com\/wp-content\/uploads\/2023\/03\/Full.shipping3policy.pexels-laura-stanley-2975688-scaled.jpg?fit=1200%2C691&ssl=1&resize=350%2C200 1x, https:\/\/i0.wp.com\/islandstocottages.com\/wp-content\/uploads\/2023\/03\/Full.shipping3policy.pexels-laura-stanley-2975688-scaled.jpg?fit=1200%2C691&ssl=1&resize=525%2C300 1.5x, https:\/\/i0.wp.com\/islandstocottages.com\/wp-content\/uploads\/2023\/03\/Full.shipping3policy.pexels-laura-stanley-2975688-scaled.jpg?fit=1200%2C691&ssl=1&resize=700%2C400 2x, https:\/\/i0.wp.com\/islandstocottages.com\/wp-content\/uploads\/2023\/03\/Full.shipping3policy.pexels-laura-stanley-2975688-scaled.jpg?fit=1200%2C691&ssl=1&resize=1050%2C600 3x"},"classes":[]},{"id":778,"url":"https:\/\/islandstocottages.com\/fr\/our-acknowledgment\/","url_meta":{"origin":354,"position":4},"title":"Reconnaissance des terres non c\u00e9d\u00e9es","author":"islandstocottages","date":"15 novembre 2022","format":false,"excerpt":"Mi'kma'ki, Our Home On Native Land. Islands To Cottages acknowledges we are located in Mi\u2019kma\u2019ki, the\u00a0ancestral and unceded territory of the\u00a0Mi\u2019kmaq people, whose inherent rights were\u00a0recognized in the Peace and\u00a0Friendship Treaties that were first signed\u00a0in 1725. By acknowledging the Mi\u2019kmaq ancestral territory, we want to honor our shared Treaty relationship\u2026","rel":"","context":"Article similaire","block_context":{"text":"Article similaire","link":""},"img":{"alt_text":"A soft grey heart shaped rock is sitting on a pink colored much wider bedrock with branches of tiny greenery all around.","src":"https:\/\/i0.wp.com\/islandstocottages.com\/wp-content\/uploads\/2023\/03\/FullAcknowledgement.jpg?fit=1200%2C801&ssl=1&resize=350%2C200","width":350,"height":200,"srcset":"https:\/\/i0.wp.com\/islandstocottages.com\/wp-content\/uploads\/2023\/03\/FullAcknowledgement.jpg?fit=1200%2C801&ssl=1&resize=350%2C200 1x, https:\/\/i0.wp.com\/islandstocottages.com\/wp-content\/uploads\/2023\/03\/FullAcknowledgement.jpg?fit=1200%2C801&ssl=1&resize=525%2C300 1.5x, https:\/\/i0.wp.com\/islandstocottages.com\/wp-content\/uploads\/2023\/03\/FullAcknowledgement.jpg?fit=1200%2C801&ssl=1&resize=700%2C400 2x, https:\/\/i0.wp.com\/islandstocottages.com\/wp-content\/uploads\/2023\/03\/FullAcknowledgement.jpg?fit=1200%2C801&ssl=1&resize=1050%2C600 3x"},"classes":[]},{"id":384,"url":"https:\/\/islandstocottages.com\/fr\/universal-design\/","url_meta":{"origin":354,"position":5},"title":"Concept universel","author":"islandstocottages","date":"3 octobre 2022","format":false,"excerpt":"How universal design, clever ideas and a little vision can help us prepare a timeless home where to age happily. Welcoming Life Changes. When time comes to adapt our home to accommodate a big change in life, we should consider it a great opportunity to rethink our entire lifestyle altogether.\u2026","rel":"","context":"Article similaire","block_context":{"text":"Article similaire","link":""},"img":{"alt_text":"A wide and sturdy wood boardwalk leads from a soft sandy beach strait to a series of circular and open bungalows set on stilts right in the bright turquoise ocean.","src":"https:\/\/i0.wp.com\/islandstocottages.com\/wp-content\/uploads\/2023\/03\/FullUniversalDesign5pexels-pixabay-38238.jpg?fit=1200%2C492&ssl=1&resize=350%2C200","width":350,"height":200,"srcset":"https:\/\/i0.wp.com\/islandstocottages.com\/wp-content\/uploads\/2023\/03\/FullUniversalDesign5pexels-pixabay-38238.jpg?fit=1200%2C492&ssl=1&resize=350%2C200 1x, https:\/\/i0.wp.com\/islandstocottages.com\/wp-content\/uploads\/2023\/03\/FullUniversalDesign5pexels-pixabay-38238.jpg?fit=1200%2C492&ssl=1&resize=525%2C300 1.5x, https:\/\/i0.wp.com\/islandstocottages.com\/wp-content\/uploads\/2023\/03\/FullUniversalDesign5pexels-pixabay-38238.jpg?fit=1200%2C492&ssl=1&resize=700%2C400 2x, https:\/\/i0.wp.com\/islandstocottages.com\/wp-content\/uploads\/2023\/03\/FullUniversalDesign5pexels-pixabay-38238.jpg?fit=1200%2C492&ssl=1&resize=1050%2C600 3x"},"classes":[]}],"_links":{"self":[{"href":"https:\/\/islandstocottages.com\/fr\/wp-json\/wp\/v2\/pages\/354","targetHints":{"allow":["GET"]}}],"collection":[{"href":"https:\/\/islandstocottages.com\/fr\/wp-json\/wp\/v2\/pages"}],"about":[{"href":"https:\/\/islandstocottages.com\/fr\/wp-json\/wp\/v2\/types\/page"}],"author":[{"embeddable":true,"href":"https:\/\/islandstocottages.com\/fr\/wp-json\/wp\/v2\/users\/2"}],"replies":[{"embeddable":true,"href":"https:\/\/islandstocottages.com\/fr\/wp-json\/wp\/v2\/comments?post=354"}],"version-history":[{"count":5,"href":"https:\/\/islandstocottages.com\/fr\/wp-json\/wp\/v2\/pages\/354\/revisions"}],"predecessor-version":[{"id":1210,"href":"https:\/\/islandstocottages.com\/fr\/wp-json\/wp\/v2\/pages\/354\/revisions\/1210"}],"wp:featuredmedia":[{"embeddable":true,"href":"https:\/\/islandstocottages.com\/fr\/wp-json\/wp\/v2\/media\/2404"}],"wp:attachment":[{"href":"https:\/\/islandstocottages.com\/fr\/wp-json\/wp\/v2\/media?parent=354"}],"curies":[{"name":"wp","href":"https:\/\/api.w.org\/{rel}","templated":true}]}}