{"id":383,"date":"2022-10-03T12:32:48","date_gmt":"2022-10-03T15:32:48","guid":{"rendered":"https:\/\/islandstocottages.com\/?page_id=383"},"modified":"2023-03-06T13:16:25","modified_gmt":"2023-03-06T17:16:25","slug":"pleine-conscience","status":"publish","type":"page","link":"https:\/\/islandstocottages.com\/fr\/mindful-living\/","title":{"rendered":"Pleine conscience"},"content":{"rendered":"<p class=\"has-text-align-justify\">Pleine\u2022conscience : Habilet\u00e9 \u00e0 porter toute son attention sur le moment pr\u00e9sent. Par d\u00e9finition, vivre en pleine conscience c'est adopter un certain mode de vie o\u00f9 l'on concentre toute son attention sur le moment pr\u00e9sent, tout en sachant reconna\u00eetre et accepter calmement nos sentiments, nos pens\u00e9es et nos sensations corporelles.<\/p>\n\n\n\n<p class=\"has-text-align-justify\">Notre vision de la pleine conscience ? Tout simplement l'art de capturer l'instant pr\u00e9sent pour trouver la s\u00e9r\u00e9nit\u00e9 int\u00e9rieure et faire preuve d'humanit\u00e9. Pratiquer la pleine conscience c'est cultiver l'int\u00e9r\u00eat au monde ext\u00e9rieur. Porter toute son attention sur quelque chose \u00e0 un moment pr\u00e9cis, \u00e0 un endroit pr\u00e9cis. C'est accepter la vie en diapositive. Arr\u00eat sur image. Pas de fa\u00e7on frustrante ou d\u00e9sesp\u00e9rante, non, mais plut\u00f4t de mani\u00e8re \u00e0 prendre le temps d'absorber tous ces moments importants qui comblent notre existence. Ces nombreux petits riens qui font de notre quotidien une belle vie.<\/p>\n\n\n\n<h2 class=\"wp-block-heading\">La vie pleine conscience en pratique.<\/h2>\n\n\n\n<p class=\"has-text-align-justify\">\u00c0 Islands to Cottages, on aime que les choses aient du bon sens. Alors concr\u00e8tement, comment pratique-t-on la pleine conscience ? Eh bien, tout d'abord en explorant les diff\u00e9rents aspects de notre vie pour en faciliter certains. Les rendre plus simples, plus fluides et plus sains pour renforcer nos liens avec ce qui nous entoure. Avoir l'esprit ouvert et \u00eatre curieux des petites choses qui se pr\u00e9sentent sur notre parcours. Prendre conscience de chacun de ces \u00e9l\u00e9ments. Leur donner un sens, un but, un aboutissement constructif. Avec une peu de patience et une certaine ouverture d'esprit, on peut red\u00e9couvrir qui on est. Et d\u00e9velopper une confiance en soi, en nos \u00e9motions et en nos facult\u00e9s.<\/p>\n\n\n\n<h2 class=\"wp-block-heading\">Savoir d'o\u00f9 l'on vient.<\/h2>\n\n\n\n<p class=\"has-text-align-justify\">On traverse tous la vie en tra\u00eenant un bagage. Nos exp\u00e9riences, notre v\u00e9cu, nos victoires, nos d\u00e9faites. Un bagage plus ou moins lourd, encombrant, ou facile \u00e0 porter. Notre pass\u00e9 nous entra\u00eene jour apr\u00e8s jour vers un pr\u00e9sent qu'on assume pleinement, ou non. Il y a des choses qu'on peut contr\u00f4ler, prendre en charge et modifier. Et des choses ind\u00e9pendantes de notre volont\u00e9, inalt\u00e9rables. La pleine conscience nous permet de comprendre comment on fonctionne en tant qu'individu \u00e0 l'int\u00e9rieur m\u00eame de notre vie, et pourquoi on fonctionne ainsi. Elle nous permet de panser certaines blessures par des actions r\u00e9fl\u00e9chies qui nous aident \u00e0 nous \u00e9panouir et \u00e0 nous assumer.<\/p>\n\n\n\n<h2 class=\"wp-block-heading\">Se pr\u00e9parer un avenir meilleur.<\/h2>\n\n\n\n<p class=\"has-text-align-justify\">Vivre en pleine conscience, c'est prendre les meilleures d\u00e9cisions possibles aujourd'hui pour am\u00e9liorer notre quotidien de demain, et travailler \u00e0 se forger un avenir meilleur. C'est s'efforcer de changer ce qui peut l'\u00eatre pour que les choses fonctionnent mieux. Et accepter le fait qu'il y a des \u00e9l\u00e9ments qu'on ne peut pas modifier. Assumer de vivre avec ces facteurs inalt\u00e9rables, et se d\u00e9faire du fardeau de la frustration qui vient forc\u00e9ment avec. Cela nous aide \u00e0 mieux nous comprendre nous-m\u00eame et aussi \u00e0 mieux comprendre les autres.<\/p>\n\n\n\n<h2 class=\"wp-block-heading\">Un petit pas vers l'humanit\u00e9.<\/h2>\n\n\n\n<p class=\"has-text-align-justify\">La vie en pleine conscience est une \u00e9tape n\u00e9cessaire dans notre qu\u00eate vers l'unisson. Gr\u00e2ce \u00e0 un ensemble de r\u00e8gles tacites d'\u00e9tiquette, de bonnes mani\u00e8res et de savoir-vivre, on actionne la roue de l'humanit\u00e9 jour apr\u00e8s jour. Un engrenage valorisant, certes, mais surtout indispensable \u00e0 la vie en soci\u00e9t\u00e9. On accepte les autres tels qu'ils sont. Avec d\u00e9tachement, reconnaissance, altruisme et philanthropie, dans la mesure du possible. Sans pour autant tout accepter ni tout pardonner. Tout n'est pas pardonnable, tout n'est pas justifiable, loin de l\u00e0. Mais il s'agit de relativiser et de mettre en perspective ce qui peut l'\u00eatre, laisser couler les imperfections mineures et accepter de se d\u00e9tacher de ce qui nous nuit fondamentalement. Tirer le meilleur parti de notre r\u00e9alit\u00e9 afin de pouvoir aller de l'avant pour notre propre bien.<\/p>\n\n\n\n<p class=\"has-text-align-justify\">Venez, vous aussi, trouver votre inspiration. Parcourez ces pages et d\u00e9couvrez combien il est facile de se mettre \u00e0 la pleine conscience pour en partager les effets tout autour de vous. Un jour \u00e0 la fois.<\/p>","protected":false},"excerpt":{"rendered":"<p>Mind\u00b7ful\u00b7ness : Quality or state of being conscious or aware of something. Mindful living, a way of life achieved by focusing our awareness on the present, while calmly acknowledging and accepting our feelings, thoughts, and bodily sensations. Our take on mindfulness ? Simply the art of finding inner serenity while [&hellip;]<\/p>\n","protected":false},"author":2,"featured_media":2355,"parent":0,"menu_order":0,"comment_status":"closed","ping_status":"closed","template":"","meta":{"nf_dc_page":"","om_disable_all_campaigns":false,"_monsterinsights_skip_tracking":false,"_monsterinsights_sitenote_active":false,"_monsterinsights_sitenote_note":"","_monsterinsights_sitenote_category":0,"footnotes":""},"class_list":["post-383","page","type-page","status-publish","has-post-thumbnail","hentry"],"yoast_head":"<!-- This site is optimized with the Yoast SEO plugin v27.4 - https:\/\/yoast.com\/product\/yoast-seo-wordpress\/ -->\n<title>Mindful Living - Islands to cottages<\/title>\n<meta name=\"description\" content=\"How mindful living, the art of being able to capture the moment, will help you find inner serenity while passing on humanity.\" \/>\n<meta name=\"robots\" content=\"index, follow, max-snippet:-1, max-image-preview:large, max-video-preview:-1\" \/>\n<link rel=\"canonical\" href=\"https:\/\/islandstocottages.com\/fr\/pleine-conscience\/\" \/>\n<meta property=\"og:locale\" content=\"fr_FR\" \/>\n<meta property=\"og:type\" content=\"article\" \/>\n<meta property=\"og:title\" content=\"Mindful Living - Islands to cottages\" \/>\n<meta property=\"og:description\" content=\"How mindful living, the art of being able to capture the moment, will help you find inner serenity while passing on humanity.\" \/>\n<meta property=\"og:url\" content=\"https:\/\/islandstocottages.com\/fr\/pleine-conscience\/\" \/>\n<meta property=\"og:site_name\" content=\"Islands to cottages\" \/>\n<meta property=\"article:modified_time\" content=\"2023-03-06T17:16:25+00:00\" \/>\n<meta property=\"og:image\" content=\"https:\/\/islandstocottages.com\/wp-content\/uploads\/2023\/03\/FullMindfullLiving.pexels-neosiam-580871-scaled.jpg\" \/>\n\t<meta property=\"og:image:width\" content=\"2560\" \/>\n\t<meta property=\"og:image:height\" content=\"1275\" \/>\n\t<meta property=\"og:image:type\" content=\"image\/jpeg\" \/>\n<meta name=\"twitter:card\" content=\"summary_large_image\" \/>\n<meta name=\"twitter:label1\" content=\"Dur\u00e9e de lecture estim\u00e9e\" \/>\n\t<meta name=\"twitter:data1\" content=\"3 minutes\" \/>\n<script type=\"application\/ld+json\" class=\"yoast-schema-graph\">{\"@context\":\"https:\\\/\\\/schema.org\",\"@graph\":[{\"@type\":\"WebPage\",\"@id\":\"https:\\\/\\\/islandstocottages.com\\\/mindful-living\\\/\",\"url\":\"https:\\\/\\\/islandstocottages.com\\\/mindful-living\\\/\",\"name\":\"Mindful Living - Islands to cottages\",\"isPartOf\":{\"@id\":\"https:\\\/\\\/islandstocottages.com\\\/#website\"},\"primaryImageOfPage\":{\"@id\":\"https:\\\/\\\/islandstocottages.com\\\/mindful-living\\\/#primaryimage\"},\"image\":{\"@id\":\"https:\\\/\\\/islandstocottages.com\\\/mindful-living\\\/#primaryimage\"},\"thumbnailUrl\":\"https:\\\/\\\/i0.wp.com\\\/islandstocottages.com\\\/wp-content\\\/uploads\\\/2023\\\/03\\\/FullMindfullLiving.pexels-neosiam-580871-scaled.jpg?fit=2560%2C1275&ssl=1\",\"datePublished\":\"2022-10-03T15:32:48+00:00\",\"dateModified\":\"2023-03-06T17:16:25+00:00\",\"description\":\"How mindful living, the art of being able to capture the moment, will help you find inner serenity while passing on humanity.\",\"breadcrumb\":{\"@id\":\"https:\\\/\\\/islandstocottages.com\\\/mindful-living\\\/#breadcrumb\"},\"inLanguage\":\"fr-FR\",\"potentialAction\":[{\"@type\":\"ReadAction\",\"target\":[\"https:\\\/\\\/islandstocottages.com\\\/mindful-living\\\/\"]}]},{\"@type\":\"ImageObject\",\"inLanguage\":\"fr-FR\",\"@id\":\"https:\\\/\\\/islandstocottages.com\\\/mindful-living\\\/#primaryimage\",\"url\":\"https:\\\/\\\/i0.wp.com\\\/islandstocottages.com\\\/wp-content\\\/uploads\\\/2023\\\/03\\\/FullMindfullLiving.pexels-neosiam-580871-scaled.jpg?fit=2560%2C1275&ssl=1\",\"contentUrl\":\"https:\\\/\\\/i0.wp.com\\\/islandstocottages.com\\\/wp-content\\\/uploads\\\/2023\\\/03\\\/FullMindfullLiving.pexels-neosiam-580871-scaled.jpg?fit=2560%2C1275&ssl=1\",\"width\":2560,\"height\":1275,\"caption\":\"Mindful living.\"},{\"@type\":\"BreadcrumbList\",\"@id\":\"https:\\\/\\\/islandstocottages.com\\\/mindful-living\\\/#breadcrumb\",\"itemListElement\":[{\"@type\":\"ListItem\",\"position\":1,\"name\":\"Home\",\"item\":\"https:\\\/\\\/islandstocottages.com\\\/\"},{\"@type\":\"ListItem\",\"position\":2,\"name\":\"Mindful Living\"}]},{\"@type\":\"WebSite\",\"@id\":\"https:\\\/\\\/islandstocottages.com\\\/#website\",\"url\":\"https:\\\/\\\/islandstocottages.com\\\/\",\"name\":\"Islands to cottages\",\"description\":\"Nova Scotia Sustainable + Mindful Living\",\"publisher\":{\"@id\":\"https:\\\/\\\/islandstocottages.com\\\/#organization\"},\"potentialAction\":[{\"@type\":\"SearchAction\",\"target\":{\"@type\":\"EntryPoint\",\"urlTemplate\":\"https:\\\/\\\/islandstocottages.com\\\/?s={search_term_string}\"},\"query-input\":{\"@type\":\"PropertyValueSpecification\",\"valueRequired\":true,\"valueName\":\"search_term_string\"}}],\"inLanguage\":\"fr-FR\"},{\"@type\":\"Organization\",\"@id\":\"https:\\\/\\\/islandstocottages.com\\\/#organization\",\"name\":\"Islands To Cottages\",\"url\":\"https:\\\/\\\/islandstocottages.com\\\/\",\"logo\":{\"@type\":\"ImageObject\",\"inLanguage\":\"fr-FR\",\"@id\":\"https:\\\/\\\/islandstocottages.com\\\/#\\\/schema\\\/logo\\\/image\\\/\",\"url\":\"https:\\\/\\\/i2.wp.com\\\/islandstocottages.com\\\/wp-content\\\/uploads\\\/2020\\\/06\\\/Logo.Screenshot-188.png?fit=613%2C293&ssl=1\",\"contentUrl\":\"https:\\\/\\\/i2.wp.com\\\/islandstocottages.com\\\/wp-content\\\/uploads\\\/2020\\\/06\\\/Logo.Screenshot-188.png?fit=613%2C293&ssl=1\",\"width\":613,\"height\":293,\"caption\":\"Islands To Cottages\"},\"image\":{\"@id\":\"https:\\\/\\\/islandstocottages.com\\\/#\\\/schema\\\/logo\\\/image\\\/\"}}]}<\/script>\n<!-- \/ Yoast SEO plugin. -->","yoast_head_json":{"title":"Pleine conscience - Islands to cottages","description":"La vie pleine conscience : comment ma\u00eetriser l'art de capturer l'instant pr\u00e9sent pour trouver la s\u00e9r\u00e9nit\u00e9 int\u00e9rieure et faire preuve d'humanit\u00e9.","robots":{"index":"index","follow":"follow","max-snippet":"max-snippet:-1","max-image-preview":"max-image-preview:large","max-video-preview":"max-video-preview:-1"},"canonical":"https:\/\/islandstocottages.com\/fr\/pleine-conscience\/","og_locale":"fr_FR","og_type":"article","og_title":"Mindful Living - Islands to cottages","og_description":"How mindful living, the art of being able to capture the moment, will help you find inner serenity while passing on humanity.","og_url":"https:\/\/islandstocottages.com\/fr\/pleine-conscience\/","og_site_name":"Islands to cottages","article_modified_time":"2023-03-06T17:16:25+00:00","og_image":[{"width":2560,"height":1275,"url":"https:\/\/islandstocottages.com\/wp-content\/uploads\/2023\/03\/FullMindfullLiving.pexels-neosiam-580871-scaled.jpg","type":"image\/jpeg"}],"twitter_card":"summary_large_image","twitter_misc":{"Dur\u00e9e de lecture estim\u00e9e":"3 minutes"},"schema":{"@context":"https:\/\/schema.org","@graph":[{"@type":"WebPage","@id":"https:\/\/islandstocottages.com\/mindful-living\/","url":"https:\/\/islandstocottages.com\/mindful-living\/","name":"Pleine conscience - Islands to cottages","isPartOf":{"@id":"https:\/\/islandstocottages.com\/#website"},"primaryImageOfPage":{"@id":"https:\/\/islandstocottages.com\/mindful-living\/#primaryimage"},"image":{"@id":"https:\/\/islandstocottages.com\/mindful-living\/#primaryimage"},"thumbnailUrl":"https:\/\/i0.wp.com\/islandstocottages.com\/wp-content\/uploads\/2023\/03\/FullMindfullLiving.pexels-neosiam-580871-scaled.jpg?fit=2560%2C1275&ssl=1","datePublished":"2022-10-03T15:32:48+00:00","dateModified":"2023-03-06T17:16:25+00:00","description":"La vie pleine conscience : comment ma\u00eetriser l'art de capturer l'instant pr\u00e9sent pour trouver la s\u00e9r\u00e9nit\u00e9 int\u00e9rieure et faire preuve d'humanit\u00e9.","breadcrumb":{"@id":"https:\/\/islandstocottages.com\/mindful-living\/#breadcrumb"},"inLanguage":"fr-FR","potentialAction":[{"@type":"ReadAction","target":["https:\/\/islandstocottages.com\/mindful-living\/"]}]},{"@type":"ImageObject","inLanguage":"fr-FR","@id":"https:\/\/islandstocottages.com\/mindful-living\/#primaryimage","url":"https:\/\/i0.wp.com\/islandstocottages.com\/wp-content\/uploads\/2023\/03\/FullMindfullLiving.pexels-neosiam-580871-scaled.jpg?fit=2560%2C1275&ssl=1","contentUrl":"https:\/\/i0.wp.com\/islandstocottages.com\/wp-content\/uploads\/2023\/03\/FullMindfullLiving.pexels-neosiam-580871-scaled.jpg?fit=2560%2C1275&ssl=1","width":2560,"height":1275,"caption":"Mindful living."},{"@type":"BreadcrumbList","@id":"https:\/\/islandstocottages.com\/mindful-living\/#breadcrumb","itemListElement":[{"@type":"ListItem","position":1,"name":"Home","item":"https:\/\/islandstocottages.com\/"},{"@type":"ListItem","position":2,"name":"Mindful Living"}]},{"@type":"WebSite","@id":"https:\/\/islandstocottages.com\/#website","url":"https:\/\/islandstocottages.com\/","name":"Islands to cottages","description":"Vie Durable + Pleine Conscience en Nouvelle-\u00c9cosse","publisher":{"@id":"https:\/\/islandstocottages.com\/#organization"},"potentialAction":[{"@type":"SearchAction","target":{"@type":"EntryPoint","urlTemplate":"https:\/\/islandstocottages.com\/?s={search_term_string}"},"query-input":{"@type":"PropertyValueSpecification","valueRequired":true,"valueName":"search_term_string"}}],"inLanguage":"fr-FR"},{"@type":"Organization","@id":"https:\/\/islandstocottages.com\/#organization","name":"Islands To Cottages","url":"https:\/\/islandstocottages.com\/","logo":{"@type":"ImageObject","inLanguage":"fr-FR","@id":"https:\/\/islandstocottages.com\/#\/schema\/logo\/image\/","url":"https:\/\/i2.wp.com\/islandstocottages.com\/wp-content\/uploads\/2020\/06\/Logo.Screenshot-188.png?fit=613%2C293&ssl=1","contentUrl":"https:\/\/i2.wp.com\/islandstocottages.com\/wp-content\/uploads\/2020\/06\/Logo.Screenshot-188.png?fit=613%2C293&ssl=1","width":613,"height":293,"caption":"Islands To Cottages"},"image":{"@id":"https:\/\/islandstocottages.com\/#\/schema\/logo\/image\/"}}]}},"jetpack_sharing_enabled":true,"jetpack_shortlink":"https:\/\/wp.me\/PbI81e-6b","jetpack-related-posts":[{"id":354,"url":"https:\/\/islandstocottages.com\/fr\/sustainable-living\/","url_meta":{"origin":383,"position":0},"title":"Durabilit\u00e9","author":"islandstocottages","date":"15 juillet 2022","format":false,"excerpt":"Over the last decade, the concept of sustainability has been brought to light and used widely to cover the many challenges of our modern days. As a way to bring awareness on the issues at stake, now more than ever, when it comes to environment health and resilience. But also\u2026","rel":"","context":"Article similaire","block_context":{"text":"Article similaire","link":""},"img":{"alt_text":"View of green grasses with bright sunny water in the background.","src":"https:\/\/i0.wp.com\/islandstocottages.com\/wp-content\/uploads\/2023\/03\/FullSustainableLiving.pexels-mabel-amber-133682-scaled.jpg?fit=1200%2C616&ssl=1&resize=350%2C200","width":350,"height":200,"srcset":"https:\/\/i0.wp.com\/islandstocottages.com\/wp-content\/uploads\/2023\/03\/FullSustainableLiving.pexels-mabel-amber-133682-scaled.jpg?fit=1200%2C616&ssl=1&resize=350%2C200 1x, https:\/\/i0.wp.com\/islandstocottages.com\/wp-content\/uploads\/2023\/03\/FullSustainableLiving.pexels-mabel-amber-133682-scaled.jpg?fit=1200%2C616&ssl=1&resize=525%2C300 1.5x, https:\/\/i0.wp.com\/islandstocottages.com\/wp-content\/uploads\/2023\/03\/FullSustainableLiving.pexels-mabel-amber-133682-scaled.jpg?fit=1200%2C616&ssl=1&resize=700%2C400 2x, https:\/\/i0.wp.com\/islandstocottages.com\/wp-content\/uploads\/2023\/03\/FullSustainableLiving.pexels-mabel-amber-133682-scaled.jpg?fit=1200%2C616&ssl=1&resize=1050%2C600 3x"},"classes":[]},{"id":236,"url":"https:\/\/islandstocottages.com\/fr\/about\/","url_meta":{"origin":383,"position":1},"title":"\u00c0 propos","author":"islandstocottages","date":"6 juin 2022","format":false,"excerpt":"At Islands to Cottages we provide eco-friendly solutions for a simple yet vibrant sustainable living. From inspiring articles and easy to follow tutorials to a wide range of affordable and ready to use custom-designed essentials, you will find all the resources you need to successfully start your green shift, right\u2026","rel":"","context":"Article similaire","block_context":{"text":"Article similaire","link":""},"img":{"alt_text":"A sea turtle is gracefully swimming in bright turquoise waters.","src":"https:\/\/i0.wp.com\/islandstocottages.com\/wp-content\/uploads\/2023\/03\/full.about_.pexels-jess-loiterton-5007436-scaled.jpg?fit=1200%2C655&ssl=1&resize=350%2C200","width":350,"height":200,"srcset":"https:\/\/i0.wp.com\/islandstocottages.com\/wp-content\/uploads\/2023\/03\/full.about_.pexels-jess-loiterton-5007436-scaled.jpg?fit=1200%2C655&ssl=1&resize=350%2C200 1x, https:\/\/i0.wp.com\/islandstocottages.com\/wp-content\/uploads\/2023\/03\/full.about_.pexels-jess-loiterton-5007436-scaled.jpg?fit=1200%2C655&ssl=1&resize=525%2C300 1.5x, https:\/\/i0.wp.com\/islandstocottages.com\/wp-content\/uploads\/2023\/03\/full.about_.pexels-jess-loiterton-5007436-scaled.jpg?fit=1200%2C655&ssl=1&resize=700%2C400 2x, https:\/\/i0.wp.com\/islandstocottages.com\/wp-content\/uploads\/2023\/03\/full.about_.pexels-jess-loiterton-5007436-scaled.jpg?fit=1200%2C655&ssl=1&resize=1050%2C600 3x"},"classes":[]},{"id":778,"url":"https:\/\/islandstocottages.com\/fr\/our-acknowledgment\/","url_meta":{"origin":383,"position":2},"title":"Reconnaissance des terres non c\u00e9d\u00e9es","author":"islandstocottages","date":"15 novembre 2022","format":false,"excerpt":"Mi'kma'ki, Our Home On Native Land. Islands To Cottages acknowledges we are located in Mi\u2019kma\u2019ki, the\u00a0ancestral and unceded territory of the\u00a0Mi\u2019kmaq people, whose inherent rights were\u00a0recognized in the Peace and\u00a0Friendship Treaties that were first signed\u00a0in 1725. By acknowledging the Mi\u2019kmaq ancestral territory, we want to honor our shared Treaty relationship\u2026","rel":"","context":"Article similaire","block_context":{"text":"Article similaire","link":""},"img":{"alt_text":"A soft grey heart shaped rock is sitting on a pink colored much wider bedrock with branches of tiny greenery all around.","src":"https:\/\/i0.wp.com\/islandstocottages.com\/wp-content\/uploads\/2023\/03\/FullAcknowledgement.jpg?fit=1200%2C801&ssl=1&resize=350%2C200","width":350,"height":200,"srcset":"https:\/\/i0.wp.com\/islandstocottages.com\/wp-content\/uploads\/2023\/03\/FullAcknowledgement.jpg?fit=1200%2C801&ssl=1&resize=350%2C200 1x, https:\/\/i0.wp.com\/islandstocottages.com\/wp-content\/uploads\/2023\/03\/FullAcknowledgement.jpg?fit=1200%2C801&ssl=1&resize=525%2C300 1.5x, https:\/\/i0.wp.com\/islandstocottages.com\/wp-content\/uploads\/2023\/03\/FullAcknowledgement.jpg?fit=1200%2C801&ssl=1&resize=700%2C400 2x, https:\/\/i0.wp.com\/islandstocottages.com\/wp-content\/uploads\/2023\/03\/FullAcknowledgement.jpg?fit=1200%2C801&ssl=1&resize=1050%2C600 3x"},"classes":[]},{"id":437,"url":"https:\/\/islandstocottages.com\/fr\/return-policy\/","url_meta":{"origin":383,"position":3},"title":"Retours","author":"islandstocottages","date":"12 octobre 2022","format":false,"excerpt":"Our Return Policy. Last updated February 14, 2023. Islands to Cottages is an eco-friendly organization. We abide by strict sustainability standards over all aspects of our business and we are actively committed to lowering our carbon footprint to the best extend possible. This includes encouraging local order pick-up whenever feasible\u2026","rel":"","context":"Article similaire","block_context":{"text":"Article similaire","link":""},"img":{"alt_text":"A stack of light colored cardboard boxes lined with soft beige and grey paper are set on the porch outside the front door waiting to be picked-up by the family living inside.","src":"https:\/\/i0.wp.com\/islandstocottages.com\/wp-content\/uploads\/2023\/03\/fullreturns3.pexels-element-digital-712316-scaled.jpg?fit=1200%2C686&ssl=1&resize=350%2C200","width":350,"height":200,"srcset":"https:\/\/i0.wp.com\/islandstocottages.com\/wp-content\/uploads\/2023\/03\/fullreturns3.pexels-element-digital-712316-scaled.jpg?fit=1200%2C686&ssl=1&resize=350%2C200 1x, https:\/\/i0.wp.com\/islandstocottages.com\/wp-content\/uploads\/2023\/03\/fullreturns3.pexels-element-digital-712316-scaled.jpg?fit=1200%2C686&ssl=1&resize=525%2C300 1.5x, https:\/\/i0.wp.com\/islandstocottages.com\/wp-content\/uploads\/2023\/03\/fullreturns3.pexels-element-digital-712316-scaled.jpg?fit=1200%2C686&ssl=1&resize=700%2C400 2x, https:\/\/i0.wp.com\/islandstocottages.com\/wp-content\/uploads\/2023\/03\/fullreturns3.pexels-element-digital-712316-scaled.jpg?fit=1200%2C686&ssl=1&resize=1050%2C600 3x"},"classes":[]},{"id":384,"url":"https:\/\/islandstocottages.com\/fr\/universal-design\/","url_meta":{"origin":383,"position":4},"title":"Concept universel","author":"islandstocottages","date":"3 octobre 2022","format":false,"excerpt":"How universal design, clever ideas and a little vision can help us prepare a timeless home where to age happily. Welcoming Life Changes. When time comes to adapt our home to accommodate a big change in life, we should consider it a great opportunity to rethink our entire lifestyle altogether.\u2026","rel":"","context":"Article similaire","block_context":{"text":"Article similaire","link":""},"img":{"alt_text":"A wide and sturdy wood boardwalk leads from a soft sandy beach strait to a series of circular and open bungalows set on stilts right in the bright turquoise ocean.","src":"https:\/\/i0.wp.com\/islandstocottages.com\/wp-content\/uploads\/2023\/03\/FullUniversalDesign5pexels-pixabay-38238.jpg?fit=1200%2C492&ssl=1&resize=350%2C200","width":350,"height":200,"srcset":"https:\/\/i0.wp.com\/islandstocottages.com\/wp-content\/uploads\/2023\/03\/FullUniversalDesign5pexels-pixabay-38238.jpg?fit=1200%2C492&ssl=1&resize=350%2C200 1x, https:\/\/i0.wp.com\/islandstocottages.com\/wp-content\/uploads\/2023\/03\/FullUniversalDesign5pexels-pixabay-38238.jpg?fit=1200%2C492&ssl=1&resize=525%2C300 1.5x, https:\/\/i0.wp.com\/islandstocottages.com\/wp-content\/uploads\/2023\/03\/FullUniversalDesign5pexels-pixabay-38238.jpg?fit=1200%2C492&ssl=1&resize=700%2C400 2x, https:\/\/i0.wp.com\/islandstocottages.com\/wp-content\/uploads\/2023\/03\/FullUniversalDesign5pexels-pixabay-38238.jpg?fit=1200%2C492&ssl=1&resize=1050%2C600 3x"},"classes":[]},{"id":53,"url":"https:\/\/islandstocottages.com\/fr\/boutique\/","url_meta":{"origin":383,"position":5},"title":"Boutique","author":"islandstocottages","date":"6 mars 2019","format":false,"excerpt":"Les indispensables pour un virage vert r\u00e9ussi.","rel":"","context":"Article similaire","block_context":{"text":"Article similaire","link":""},"img":{"alt_text":"","src":"https:\/\/i0.wp.com\/islandstocottages.com\/wp-content\/uploads\/2023\/03\/Boutique.pexels-jess-loiterton-4321069.jpg?fit=512%2C511&ssl=1&resize=350%2C200","width":350,"height":200},"classes":[]}],"_links":{"self":[{"href":"https:\/\/islandstocottages.com\/fr\/wp-json\/wp\/v2\/pages\/383","targetHints":{"allow":["GET"]}}],"collection":[{"href":"https:\/\/islandstocottages.com\/fr\/wp-json\/wp\/v2\/pages"}],"about":[{"href":"https:\/\/islandstocottages.com\/fr\/wp-json\/wp\/v2\/types\/page"}],"author":[{"embeddable":true,"href":"https:\/\/islandstocottages.com\/fr\/wp-json\/wp\/v2\/users\/2"}],"replies":[{"embeddable":true,"href":"https:\/\/islandstocottages.com\/fr\/wp-json\/wp\/v2\/comments?post=383"}],"version-history":[{"count":5,"href":"https:\/\/islandstocottages.com\/fr\/wp-json\/wp\/v2\/pages\/383\/revisions"}],"predecessor-version":[{"id":2217,"href":"https:\/\/islandstocottages.com\/fr\/wp-json\/wp\/v2\/pages\/383\/revisions\/2217"}],"wp:featuredmedia":[{"embeddable":true,"href":"https:\/\/islandstocottages.com\/fr\/wp-json\/wp\/v2\/media\/2355"}],"wp:attachment":[{"href":"https:\/\/islandstocottages.com\/fr\/wp-json\/wp\/v2\/media?parent=383"}],"curies":[{"name":"wp","href":"https:\/\/api.w.org\/{rel}","templated":true}]}}