{"id":384,"date":"2022-10-03T12:32:50","date_gmt":"2022-10-03T15:32:50","guid":{"rendered":"https:\/\/islandstocottages.com\/?page_id=384"},"modified":"2023-03-07T12:53:28","modified_gmt":"2023-03-07T16:53:28","slug":"concept-universel","status":"publish","type":"page","link":"https:\/\/islandstocottages.com\/fr\/universal-design\/","title":{"rendered":"Concept universel"},"content":{"rendered":"<div class=\"wp-block-group\"><div class=\"wp-block-group__inner-container is-layout-flow wp-block-group-is-layout-flow\">\n<p class=\"has-text-align-justify\">Comment les principes du design universel, des id\u00e9es pleines de bon sens et un peu de vision peuvent nous aider \u00e0 pr\u00e9parer la maison id\u00e9ale o\u00f9 vieillir dans la s\u00e9r\u00e9nit\u00e9.<\/p>\n<\/div><\/div>\n\n\n\n<h2 class=\"wp-block-heading\">Savoir accepter les impr\u00e9vus de la vie.<\/h2>\n\n\n\n<p class=\"has-text-align-justify\">Lorsque vient le temps d'adapter notre foyer pour se conformer \u00e0 un changement drastique inattendu, on devrait consid\u00e9rer cela comme une belle opportunit\u00e9 de repenser compl\u00e8tement notre mode de vie. Qui sait, on pourrait bien se surprendre \u00e0 vouloir modifier plus d'un aspect d'une routine qu'on tenait pour acquise\u2026 <\/p>\n\n\n\n<h2 class=\"wp-block-heading\">Briser les barri\u00e8res.<\/h2>\n\n\n\n<p class=\"has-text-align-justify\">Le principe de la conception universelle, dont les grandes lignes se m\u00ealent parfois aux termes vieillir chez soi, am\u00e9nagement sans obstacle ou design inclusif, fait d'abord et avant tout r\u00e9f\u00e9rence \u00e0 l'am\u00e9lioration de la qualit\u00e9 de vie \u00e0 la maison ind\u00e9pendamment de l'\u00e2ge, de la capacit\u00e9 physique ou mentale, ou de la situation environnante. Le design universel se veut inclusif, mettant de l'avant <a href=\"https:\/\/www.infrastructure.gc.ca\/gicb-bcvi\/accessibility-res-accessibilite-fra.html\">un environnement sans obstacles<\/a> pour adoucir les d\u00e9fis qui pourraient nous affecter au cours de notre vie. Il vise \u00e0 am\u00e9liorer et \u00e0 faciliter nos performances, notre sant\u00e9, notre bien-\u00eatre et nos interactions sociales dans la vie de tous les jours.<\/p>\n\n\n\n<h2 class=\"wp-block-heading\">Un nouveau d\u00e9part.<\/h2>\n\n\n\n<p class=\"has-text-align-justify\">Am\u00e9nager notre foyer pour mieux r\u00e9pondre \u00e0 certains besoins sp\u00e9cifiques est vraiment gratifiant. Cela nous donne \u00e9galement l'occasion de moderniser de vieilles habitudes quelquefois un peu d\u00e9pass\u00e9es. Le design universel nous aide \u00e0 pr\u00e9parer notre espace pour r\u00e9pondre au mieux \u00e0 tous nos besoins et pour que notre mode de vie soit des plus sereins. Alors on s'arme d'un peu d'audace, tout en restant r\u00e9alistes. On met toutes les chances de notre c\u00f4t\u00e9 et on se concentre sur ce qui compte le plus : notre bien-\u00eatre et celui des n\u00f4tres. Et on accueille \u00e0 bras ouverts cette v\u00e9ritable chance d'am\u00e9liorer notre espace de vie, cette opportunit\u00e9 de rendre notre <a href=\"https:\/\/islandstocottages.com\/fr\/pleine-conscience\/\">quotidien encore meilleur<\/a>.<br><\/p>","protected":false},"excerpt":{"rendered":"<p>How universal design, clever ideas and a little vision can help us prepare a timeless home where to age happily. Welcoming Life Changes. When time comes to adapt our home to accommodate a big change in life, we should consider it a great opportunity to rethink our entire lifestyle altogether. [&hellip;]<\/p>\n","protected":false},"author":2,"featured_media":2424,"parent":0,"menu_order":0,"comment_status":"closed","ping_status":"closed","template":"","meta":{"nf_dc_page":"","om_disable_all_campaigns":false,"_monsterinsights_skip_tracking":false,"_monsterinsights_sitenote_active":false,"_monsterinsights_sitenote_note":"","_monsterinsights_sitenote_category":0,"footnotes":""},"class_list":["post-384","page","type-page","status-publish","has-post-thumbnail","hentry"],"yoast_head":"<!-- This site is optimized with the Yoast SEO plugin v27.4 - https:\/\/yoast.com\/product\/yoast-seo-wordpress\/ -->\n<title>Universal Design - Islands to cottages<\/title>\n<meta name=\"description\" content=\"How universal design, clever ideas and a little vision can help us prepare a timeless home where to age happily.\" \/>\n<meta name=\"robots\" content=\"index, follow, max-snippet:-1, max-image-preview:large, max-video-preview:-1\" \/>\n<link rel=\"canonical\" href=\"https:\/\/islandstocottages.com\/fr\/concept-universel\/\" \/>\n<meta property=\"og:locale\" content=\"fr_FR\" \/>\n<meta property=\"og:type\" content=\"article\" \/>\n<meta property=\"og:title\" content=\"Universal Design - Islands to cottages\" \/>\n<meta property=\"og:description\" content=\"How universal design, clever ideas and a little vision can help us prepare a timeless home where to age happily.\" \/>\n<meta property=\"og:url\" content=\"https:\/\/islandstocottages.com\/fr\/concept-universel\/\" \/>\n<meta property=\"og:site_name\" content=\"Islands to cottages\" \/>\n<meta property=\"article:modified_time\" content=\"2023-03-07T16:53:28+00:00\" \/>\n<meta property=\"og:image\" content=\"https:\/\/islandstocottages.com\/wp-content\/uploads\/2023\/03\/FullUniversalDesign5pexels-pixabay-38238.jpg\" \/>\n\t<meta property=\"og:image:width\" content=\"2561\" \/>\n\t<meta property=\"og:image:height\" content=\"1050\" \/>\n\t<meta property=\"og:image:type\" content=\"image\/jpeg\" \/>\n<meta name=\"twitter:card\" content=\"summary_large_image\" \/>\n<meta name=\"twitter:label1\" content=\"Dur\u00e9e de lecture estim\u00e9e\" \/>\n\t<meta name=\"twitter:data1\" content=\"2 minutes\" \/>\n<script type=\"application\/ld+json\" class=\"yoast-schema-graph\">{\"@context\":\"https:\\\/\\\/schema.org\",\"@graph\":[{\"@type\":\"WebPage\",\"@id\":\"https:\\\/\\\/islandstocottages.com\\\/universal-design\\\/\",\"url\":\"https:\\\/\\\/islandstocottages.com\\\/universal-design\\\/\",\"name\":\"Universal Design - Islands to cottages\",\"isPartOf\":{\"@id\":\"https:\\\/\\\/islandstocottages.com\\\/#website\"},\"primaryImageOfPage\":{\"@id\":\"https:\\\/\\\/islandstocottages.com\\\/universal-design\\\/#primaryimage\"},\"image\":{\"@id\":\"https:\\\/\\\/islandstocottages.com\\\/universal-design\\\/#primaryimage\"},\"thumbnailUrl\":\"https:\\\/\\\/i0.wp.com\\\/islandstocottages.com\\\/wp-content\\\/uploads\\\/2023\\\/03\\\/FullUniversalDesign5pexels-pixabay-38238.jpg?fit=2561%2C1050&ssl=1\",\"datePublished\":\"2022-10-03T15:32:50+00:00\",\"dateModified\":\"2023-03-07T16:53:28+00:00\",\"description\":\"How universal design, clever ideas and a little vision can help us prepare a timeless home where to age happily.\",\"breadcrumb\":{\"@id\":\"https:\\\/\\\/islandstocottages.com\\\/universal-design\\\/#breadcrumb\"},\"inLanguage\":\"fr-FR\",\"potentialAction\":[{\"@type\":\"ReadAction\",\"target\":[\"https:\\\/\\\/islandstocottages.com\\\/universal-design\\\/\"]}]},{\"@type\":\"ImageObject\",\"inLanguage\":\"fr-FR\",\"@id\":\"https:\\\/\\\/islandstocottages.com\\\/universal-design\\\/#primaryimage\",\"url\":\"https:\\\/\\\/i0.wp.com\\\/islandstocottages.com\\\/wp-content\\\/uploads\\\/2023\\\/03\\\/FullUniversalDesign5pexels-pixabay-38238.jpg?fit=2561%2C1050&ssl=1\",\"contentUrl\":\"https:\\\/\\\/i0.wp.com\\\/islandstocottages.com\\\/wp-content\\\/uploads\\\/2023\\\/03\\\/FullUniversalDesign5pexels-pixabay-38238.jpg?fit=2561%2C1050&ssl=1\",\"width\":2561,\"height\":1050,\"caption\":\"Universal design page.\"},{\"@type\":\"BreadcrumbList\",\"@id\":\"https:\\\/\\\/islandstocottages.com\\\/universal-design\\\/#breadcrumb\",\"itemListElement\":[{\"@type\":\"ListItem\",\"position\":1,\"name\":\"Home\",\"item\":\"https:\\\/\\\/islandstocottages.com\\\/\"},{\"@type\":\"ListItem\",\"position\":2,\"name\":\"Universal Design\"}]},{\"@type\":\"WebSite\",\"@id\":\"https:\\\/\\\/islandstocottages.com\\\/#website\",\"url\":\"https:\\\/\\\/islandstocottages.com\\\/\",\"name\":\"Islands to cottages\",\"description\":\"Nova Scotia Sustainable + Mindful Living\",\"publisher\":{\"@id\":\"https:\\\/\\\/islandstocottages.com\\\/#organization\"},\"potentialAction\":[{\"@type\":\"SearchAction\",\"target\":{\"@type\":\"EntryPoint\",\"urlTemplate\":\"https:\\\/\\\/islandstocottages.com\\\/?s={search_term_string}\"},\"query-input\":{\"@type\":\"PropertyValueSpecification\",\"valueRequired\":true,\"valueName\":\"search_term_string\"}}],\"inLanguage\":\"fr-FR\"},{\"@type\":\"Organization\",\"@id\":\"https:\\\/\\\/islandstocottages.com\\\/#organization\",\"name\":\"Islands To Cottages\",\"url\":\"https:\\\/\\\/islandstocottages.com\\\/\",\"logo\":{\"@type\":\"ImageObject\",\"inLanguage\":\"fr-FR\",\"@id\":\"https:\\\/\\\/islandstocottages.com\\\/#\\\/schema\\\/logo\\\/image\\\/\",\"url\":\"https:\\\/\\\/i2.wp.com\\\/islandstocottages.com\\\/wp-content\\\/uploads\\\/2020\\\/06\\\/Logo.Screenshot-188.png?fit=613%2C293&ssl=1\",\"contentUrl\":\"https:\\\/\\\/i2.wp.com\\\/islandstocottages.com\\\/wp-content\\\/uploads\\\/2020\\\/06\\\/Logo.Screenshot-188.png?fit=613%2C293&ssl=1\",\"width\":613,\"height\":293,\"caption\":\"Islands To Cottages\"},\"image\":{\"@id\":\"https:\\\/\\\/islandstocottages.com\\\/#\\\/schema\\\/logo\\\/image\\\/\"}}]}<\/script>\n<!-- \/ Yoast SEO plugin. -->","yoast_head_json":{"title":"Concept universel - Islands to cottages","description":"Comment les principes du design universel, des id\u00e9es pleines de bon sens et un peu de vision peuvent nous aider \u00e0 pr\u00e9parer la maison id\u00e9ale o\u00f9 vieillir dans la s\u00e9r\u00e9nit\u00e9.","robots":{"index":"index","follow":"follow","max-snippet":"max-snippet:-1","max-image-preview":"max-image-preview:large","max-video-preview":"max-video-preview:-1"},"canonical":"https:\/\/islandstocottages.com\/fr\/concept-universel\/","og_locale":"fr_FR","og_type":"article","og_title":"Universal Design - Islands to cottages","og_description":"How universal design, clever ideas and a little vision can help us prepare a timeless home where to age happily.","og_url":"https:\/\/islandstocottages.com\/fr\/concept-universel\/","og_site_name":"Islands to cottages","article_modified_time":"2023-03-07T16:53:28+00:00","og_image":[{"width":2561,"height":1050,"url":"https:\/\/islandstocottages.com\/wp-content\/uploads\/2023\/03\/FullUniversalDesign5pexels-pixabay-38238.jpg","type":"image\/jpeg"}],"twitter_card":"summary_large_image","twitter_misc":{"Dur\u00e9e de lecture estim\u00e9e":"2 minutes"},"schema":{"@context":"https:\/\/schema.org","@graph":[{"@type":"WebPage","@id":"https:\/\/islandstocottages.com\/universal-design\/","url":"https:\/\/islandstocottages.com\/universal-design\/","name":"Concept universel - Islands to cottages","isPartOf":{"@id":"https:\/\/islandstocottages.com\/#website"},"primaryImageOfPage":{"@id":"https:\/\/islandstocottages.com\/universal-design\/#primaryimage"},"image":{"@id":"https:\/\/islandstocottages.com\/universal-design\/#primaryimage"},"thumbnailUrl":"https:\/\/i0.wp.com\/islandstocottages.com\/wp-content\/uploads\/2023\/03\/FullUniversalDesign5pexels-pixabay-38238.jpg?fit=2561%2C1050&ssl=1","datePublished":"2022-10-03T15:32:50+00:00","dateModified":"2023-03-07T16:53:28+00:00","description":"Comment les principes du design universel, des id\u00e9es pleines de bon sens et un peu de vision peuvent nous aider \u00e0 pr\u00e9parer la maison id\u00e9ale o\u00f9 vieillir dans la s\u00e9r\u00e9nit\u00e9.","breadcrumb":{"@id":"https:\/\/islandstocottages.com\/universal-design\/#breadcrumb"},"inLanguage":"fr-FR","potentialAction":[{"@type":"ReadAction","target":["https:\/\/islandstocottages.com\/universal-design\/"]}]},{"@type":"ImageObject","inLanguage":"fr-FR","@id":"https:\/\/islandstocottages.com\/universal-design\/#primaryimage","url":"https:\/\/i0.wp.com\/islandstocottages.com\/wp-content\/uploads\/2023\/03\/FullUniversalDesign5pexels-pixabay-38238.jpg?fit=2561%2C1050&ssl=1","contentUrl":"https:\/\/i0.wp.com\/islandstocottages.com\/wp-content\/uploads\/2023\/03\/FullUniversalDesign5pexels-pixabay-38238.jpg?fit=2561%2C1050&ssl=1","width":2561,"height":1050,"caption":"Universal design page."},{"@type":"BreadcrumbList","@id":"https:\/\/islandstocottages.com\/universal-design\/#breadcrumb","itemListElement":[{"@type":"ListItem","position":1,"name":"Home","item":"https:\/\/islandstocottages.com\/"},{"@type":"ListItem","position":2,"name":"Universal Design"}]},{"@type":"WebSite","@id":"https:\/\/islandstocottages.com\/#website","url":"https:\/\/islandstocottages.com\/","name":"Islands to cottages","description":"Vie Durable + Pleine Conscience en Nouvelle-\u00c9cosse","publisher":{"@id":"https:\/\/islandstocottages.com\/#organization"},"potentialAction":[{"@type":"SearchAction","target":{"@type":"EntryPoint","urlTemplate":"https:\/\/islandstocottages.com\/?s={search_term_string}"},"query-input":{"@type":"PropertyValueSpecification","valueRequired":true,"valueName":"search_term_string"}}],"inLanguage":"fr-FR"},{"@type":"Organization","@id":"https:\/\/islandstocottages.com\/#organization","name":"Islands To Cottages","url":"https:\/\/islandstocottages.com\/","logo":{"@type":"ImageObject","inLanguage":"fr-FR","@id":"https:\/\/islandstocottages.com\/#\/schema\/logo\/image\/","url":"https:\/\/i2.wp.com\/islandstocottages.com\/wp-content\/uploads\/2020\/06\/Logo.Screenshot-188.png?fit=613%2C293&ssl=1","contentUrl":"https:\/\/i2.wp.com\/islandstocottages.com\/wp-content\/uploads\/2020\/06\/Logo.Screenshot-188.png?fit=613%2C293&ssl=1","width":613,"height":293,"caption":"Islands To Cottages"},"image":{"@id":"https:\/\/islandstocottages.com\/#\/schema\/logo\/image\/"}}]}},"jetpack_sharing_enabled":true,"jetpack_shortlink":"https:\/\/wp.me\/PbI81e-6c","jetpack-related-posts":[{"id":236,"url":"https:\/\/islandstocottages.com\/fr\/about\/","url_meta":{"origin":384,"position":0},"title":"\u00c0 propos","author":"islandstocottages","date":"6 juin 2022","format":false,"excerpt":"At Islands to Cottages we provide eco-friendly solutions for a simple yet vibrant sustainable living. From inspiring articles and easy to follow tutorials to a wide range of affordable and ready to use custom-designed essentials, you will find all the resources you need to successfully start your green shift, right\u2026","rel":"","context":"Article similaire","block_context":{"text":"Article similaire","link":""},"img":{"alt_text":"A sea turtle is gracefully swimming in bright turquoise waters.","src":"https:\/\/i0.wp.com\/islandstocottages.com\/wp-content\/uploads\/2023\/03\/full.about_.pexels-jess-loiterton-5007436-scaled.jpg?fit=1200%2C655&ssl=1&resize=350%2C200","width":350,"height":200,"srcset":"https:\/\/i0.wp.com\/islandstocottages.com\/wp-content\/uploads\/2023\/03\/full.about_.pexels-jess-loiterton-5007436-scaled.jpg?fit=1200%2C655&ssl=1&resize=350%2C200 1x, https:\/\/i0.wp.com\/islandstocottages.com\/wp-content\/uploads\/2023\/03\/full.about_.pexels-jess-loiterton-5007436-scaled.jpg?fit=1200%2C655&ssl=1&resize=525%2C300 1.5x, https:\/\/i0.wp.com\/islandstocottages.com\/wp-content\/uploads\/2023\/03\/full.about_.pexels-jess-loiterton-5007436-scaled.jpg?fit=1200%2C655&ssl=1&resize=700%2C400 2x, https:\/\/i0.wp.com\/islandstocottages.com\/wp-content\/uploads\/2023\/03\/full.about_.pexels-jess-loiterton-5007436-scaled.jpg?fit=1200%2C655&ssl=1&resize=1050%2C600 3x"},"classes":[]},{"id":265,"url":"https:\/\/islandstocottages.com\/fr\/","url_meta":{"origin":384,"position":1},"title":"Maison","author":"islandstocottages","date":"9 septembre 2020","format":false,"excerpt":"At Islands to Cottages we provide eco-friendly solutions for a simple yet vibrant sustainable living. From inspiring articles and easy-to-follow tutorials to a wide range of affordable ready to use custom-designed essentials, you will find all the resources you need to successfully start your green shift, right here, in Nova\u2026","rel":"","context":"Article similaire","block_context":{"text":"Article similaire","link":""},"img":{"alt_text":"","src":"https:\/\/i0.wp.com\/islandstocottages.com\/wp-content\/uploads\/2022\/12\/A.LogoFrontpageImage2-scaled-e1669895553212.jpg?fit=1200%2C800&ssl=1&resize=350%2C200","width":350,"height":200,"srcset":"https:\/\/i0.wp.com\/islandstocottages.com\/wp-content\/uploads\/2022\/12\/A.LogoFrontpageImage2-scaled-e1669895553212.jpg?fit=1200%2C800&ssl=1&resize=350%2C200 1x, https:\/\/i0.wp.com\/islandstocottages.com\/wp-content\/uploads\/2022\/12\/A.LogoFrontpageImage2-scaled-e1669895553212.jpg?fit=1200%2C800&ssl=1&resize=525%2C300 1.5x, https:\/\/i0.wp.com\/islandstocottages.com\/wp-content\/uploads\/2022\/12\/A.LogoFrontpageImage2-scaled-e1669895553212.jpg?fit=1200%2C800&ssl=1&resize=700%2C400 2x, https:\/\/i0.wp.com\/islandstocottages.com\/wp-content\/uploads\/2022\/12\/A.LogoFrontpageImage2-scaled-e1669895553212.jpg?fit=1200%2C800&ssl=1&resize=1050%2C600 3x"},"classes":[]},{"id":434,"url":"https:\/\/islandstocottages.com\/fr\/terms-and-conditions\/","url_meta":{"origin":384,"position":2},"title":"Modalit\u00e9s","author":"islandstocottages","date":"12 octobre 2022","format":false,"excerpt":"Terms & Conditions, online requirements and sharing your Personal Information seem too daunting ? We understand ! Skip the cart and place your order directly by contacting us privately. 1) Pm us on Facebook or Email us your detailed order. 2) Arrange payment for your purchase. 3) Arrange for pick-up.\u2026","rel":"","context":"Article similaire","block_context":{"text":"Article similaire","link":""},"img":{"alt_text":"A white paper sheet with Braille inscriptions is showing through a simple back magnifying glass.","src":"https:\/\/i0.wp.com\/islandstocottages.com\/wp-content\/uploads\/2023\/03\/fullTermsAndConditionspexels-eren-li-7188802-scaled.jpg?fit=1200%2C774&ssl=1&resize=350%2C200","width":350,"height":200,"srcset":"https:\/\/i0.wp.com\/islandstocottages.com\/wp-content\/uploads\/2023\/03\/fullTermsAndConditionspexels-eren-li-7188802-scaled.jpg?fit=1200%2C774&ssl=1&resize=350%2C200 1x, https:\/\/i0.wp.com\/islandstocottages.com\/wp-content\/uploads\/2023\/03\/fullTermsAndConditionspexels-eren-li-7188802-scaled.jpg?fit=1200%2C774&ssl=1&resize=525%2C300 1.5x, https:\/\/i0.wp.com\/islandstocottages.com\/wp-content\/uploads\/2023\/03\/fullTermsAndConditionspexels-eren-li-7188802-scaled.jpg?fit=1200%2C774&ssl=1&resize=700%2C400 2x, https:\/\/i0.wp.com\/islandstocottages.com\/wp-content\/uploads\/2023\/03\/fullTermsAndConditionspexels-eren-li-7188802-scaled.jpg?fit=1200%2C774&ssl=1&resize=1050%2C600 3x"},"classes":[]},{"id":383,"url":"https:\/\/islandstocottages.com\/fr\/mindful-living\/","url_meta":{"origin":384,"position":3},"title":"Pleine conscience","author":"islandstocottages","date":"3 octobre 2022","format":false,"excerpt":"Mind\u00b7ful\u00b7ness : Quality or state of being conscious or aware of something. Mindful living, a way of life achieved by focusing our awareness on the present, while calmly acknowledging and accepting our feelings, thoughts, and bodily sensations. Our take on mindfulness ? Simply the art of finding inner serenity while\u2026","rel":"","context":"Article similaire","block_context":{"text":"Article similaire","link":""},"img":{"alt_text":"Visual representation of mindful living with white flower floating on turquoise water.","src":"https:\/\/i0.wp.com\/islandstocottages.com\/wp-content\/uploads\/2023\/03\/FullMindfullLiving.pexels-neosiam-580871-scaled.jpg?fit=1200%2C598&ssl=1&resize=350%2C200","width":350,"height":200,"srcset":"https:\/\/i0.wp.com\/islandstocottages.com\/wp-content\/uploads\/2023\/03\/FullMindfullLiving.pexels-neosiam-580871-scaled.jpg?fit=1200%2C598&ssl=1&resize=350%2C200 1x, https:\/\/i0.wp.com\/islandstocottages.com\/wp-content\/uploads\/2023\/03\/FullMindfullLiving.pexels-neosiam-580871-scaled.jpg?fit=1200%2C598&ssl=1&resize=525%2C300 1.5x, https:\/\/i0.wp.com\/islandstocottages.com\/wp-content\/uploads\/2023\/03\/FullMindfullLiving.pexels-neosiam-580871-scaled.jpg?fit=1200%2C598&ssl=1&resize=700%2C400 2x, https:\/\/i0.wp.com\/islandstocottages.com\/wp-content\/uploads\/2023\/03\/FullMindfullLiving.pexels-neosiam-580871-scaled.jpg?fit=1200%2C598&ssl=1&resize=1050%2C600 3x"},"classes":[]},{"id":430,"url":"https:\/\/islandstocottages.com\/fr\/cookie-policy\/","url_meta":{"origin":384,"position":4},"title":"T\u00e9moins","author":"islandstocottages","date":"12 octobre 2022","format":false,"excerpt":"Cookie Policies, online requirements and sharing your Personal Information seem too daunting ? We understand ! Skip the cart and place your order directly by contacting us privately. 1) Pm us on Facebook or email us your detailed order. 2) Arrange payment for your purchase. 3) Arrange for pick-up. 4)\u2026","rel":"","context":"Article similaire","block_context":{"text":"Article similaire","link":""},"img":{"alt_text":"Traces of recent tracks can be seen printed onto the wet sand of a light pink beach with a gentle wave rolling in.","src":"https:\/\/i0.wp.com\/islandstocottages.com\/wp-content\/uploads\/2023\/03\/FullCookie3.Policy.pexels-miriam-fischer-2645245-scaled.jpg?fit=1200%2C745&ssl=1&resize=350%2C200","width":350,"height":200,"srcset":"https:\/\/i0.wp.com\/islandstocottages.com\/wp-content\/uploads\/2023\/03\/FullCookie3.Policy.pexels-miriam-fischer-2645245-scaled.jpg?fit=1200%2C745&ssl=1&resize=350%2C200 1x, https:\/\/i0.wp.com\/islandstocottages.com\/wp-content\/uploads\/2023\/03\/FullCookie3.Policy.pexels-miriam-fischer-2645245-scaled.jpg?fit=1200%2C745&ssl=1&resize=525%2C300 1.5x, https:\/\/i0.wp.com\/islandstocottages.com\/wp-content\/uploads\/2023\/03\/FullCookie3.Policy.pexels-miriam-fischer-2645245-scaled.jpg?fit=1200%2C745&ssl=1&resize=700%2C400 2x, https:\/\/i0.wp.com\/islandstocottages.com\/wp-content\/uploads\/2023\/03\/FullCookie3.Policy.pexels-miriam-fischer-2645245-scaled.jpg?fit=1200%2C745&ssl=1&resize=1050%2C600 3x"},"classes":[]},{"id":454,"url":"https:\/\/islandstocottages.com\/fr\/privacy-policy\/","url_meta":{"origin":384,"position":5},"title":"Confidentialit\u00e9","author":"islandstocottages","date":"12 octobre 2022","format":false,"excerpt":"Privacy Policies, online requirements and sharing your Personal Information seem too daunting ? We understand ! Skip the cart and place your order directly by contacting us privately. 1) Pm us on Facebook or email us your detailed order. 2) Arrange payment for your purchase. 3) Arrange for pick-up. 4)\u2026","rel":"","context":"Article similaire","block_context":{"text":"Article similaire","link":""},"img":{"alt_text":"Two soft turquoise closed shuttered windows appear on a rock wall with bright fuchsia branches of bougainvillea in the front.","src":"https:\/\/i0.wp.com\/islandstocottages.com\/wp-content\/uploads\/2023\/03\/FullPrivacy3Policy.pexels-beyza-erdem-12624720-scaled.jpg?fit=1200%2C882&ssl=1&resize=350%2C200","width":350,"height":200,"srcset":"https:\/\/i0.wp.com\/islandstocottages.com\/wp-content\/uploads\/2023\/03\/FullPrivacy3Policy.pexels-beyza-erdem-12624720-scaled.jpg?fit=1200%2C882&ssl=1&resize=350%2C200 1x, https:\/\/i0.wp.com\/islandstocottages.com\/wp-content\/uploads\/2023\/03\/FullPrivacy3Policy.pexels-beyza-erdem-12624720-scaled.jpg?fit=1200%2C882&ssl=1&resize=525%2C300 1.5x, https:\/\/i0.wp.com\/islandstocottages.com\/wp-content\/uploads\/2023\/03\/FullPrivacy3Policy.pexels-beyza-erdem-12624720-scaled.jpg?fit=1200%2C882&ssl=1&resize=700%2C400 2x, https:\/\/i0.wp.com\/islandstocottages.com\/wp-content\/uploads\/2023\/03\/FullPrivacy3Policy.pexels-beyza-erdem-12624720-scaled.jpg?fit=1200%2C882&ssl=1&resize=1050%2C600 3x"},"classes":[]}],"_links":{"self":[{"href":"https:\/\/islandstocottages.com\/fr\/wp-json\/wp\/v2\/pages\/384","targetHints":{"allow":["GET"]}}],"collection":[{"href":"https:\/\/islandstocottages.com\/fr\/wp-json\/wp\/v2\/pages"}],"about":[{"href":"https:\/\/islandstocottages.com\/fr\/wp-json\/wp\/v2\/types\/page"}],"author":[{"embeddable":true,"href":"https:\/\/islandstocottages.com\/fr\/wp-json\/wp\/v2\/users\/2"}],"replies":[{"embeddable":true,"href":"https:\/\/islandstocottages.com\/fr\/wp-json\/wp\/v2\/comments?post=384"}],"version-history":[{"count":5,"href":"https:\/\/islandstocottages.com\/fr\/wp-json\/wp\/v2\/pages\/384\/revisions"}],"predecessor-version":[{"id":2249,"href":"https:\/\/islandstocottages.com\/fr\/wp-json\/wp\/v2\/pages\/384\/revisions\/2249"}],"wp:featuredmedia":[{"embeddable":true,"href":"https:\/\/islandstocottages.com\/fr\/wp-json\/wp\/v2\/media\/2424"}],"wp:attachment":[{"href":"https:\/\/islandstocottages.com\/fr\/wp-json\/wp\/v2\/media?parent=384"}],"curies":[{"name":"wp","href":"https:\/\/api.w.org\/{rel}","templated":true}]}}