{"id":778,"date":"2022-11-15T21:09:14","date_gmt":"2022-11-16T00:09:14","guid":{"rendered":"https:\/\/islandstocottages.com\/?page_id=778"},"modified":"2023-03-07T12:54:20","modified_gmt":"2023-03-07T16:54:20","slug":"reconnaissance-des-terres-non-cedees","status":"publish","type":"page","link":"https:\/\/islandstocottages.com\/fr\/our-acknowledgment\/","title":{"rendered":"Reconnaissance des terres non c\u00e9d\u00e9es"},"content":{"rendered":"<h2 class=\"wp-block-heading\">Mi'kma'ki, territoire ancestral, notre terre d\u2019accueil.<\/h2>\n\n\n\n<p class=\"has-text-align-justify\">Islands To Cottages reconna\u00eet que nous sommes situ\u00e9s au Mi'kma'ki, territoire ancestral non c\u00e9d\u00e9 du peuple Mi'kmaq, dont les droits inh\u00e9rents ont \u00e9t\u00e9 reconnus dans <a href=\"https:\/\/www.rcaanc-cirnac.gc.ca\/fra\/1100100028589\/1539608999656\">les trait\u00e9s de paix et d'amiti\u00e9<\/a> sign\u00e9s pour la premi\u00e8re fois en 1725.<\/p>\n\n\n\n<p class=\"has-text-align-justify\">En reconnaissant le territoire ancestral des Mi'kmaq, nous voulons honorer notre relation commune issue des trait\u00e9s et exprimer notre gratitude de vivre et de travailler ensemble sur ces terres.<\/p>\n\n\n\n<h2 class=\"wp-block-heading\">Tisser des liens.<\/h2>\n\n\n\n<p class=\"has-text-align-justify\">Nous souhaitons offrir notre voix et nos ressources pour contribuer \u00e0 b\u00e2tir des relations solides et durables fond\u00e9es sur la dignit\u00e9 et le respect mutuel au sein des nombreuses communaut\u00e9s du Mi'kma'ki, et favoriser la valorisation de notre incroyable diversit\u00e9 de cultures, de langues, d'histoires et de patrimoines qui enrichissent nos vies, jour apr\u00e8s jours.<\/p>\n\n\n\n<h2 class=\"wp-block-heading\">Prot\u00e9ger la terre m\u00e8re.<\/h2>\n\n\n\n<p class=\"has-text-align-justify\">Nous nous engageons \u00e0 promouvoir <a href=\"https:\/\/islandstocottages.com\/fr\/durabilite\/\">un lien authentique avec ces terres<\/a> que nous partageons et \u00e0 encourager nos g\u00e9n\u00e9rations pr\u00e9sentes et futures \u00e0 \u00eatre de fiers gardiens de notre Terre, cultivant un profond respect pour ses gardiens du pass\u00e9.<\/p>\n\n\n\n<h2 class=\"wp-block-heading\">R\u00e9conciliation.<\/h2>\n\n\n\n<p class=\"has-text-align-justify\">Nous reconnaissons que nous avons tous le devoir de participer au cheminement essentiel vers la r\u00e9conciliation afin que nos enfants soient plus sages et plus forts que nous, pour faire de notre monde un monde meilleur.&nbsp;<\/p>\n\n\n\n<p class=\"has-text-align-justify\">Ce trajet vers l'unisson est un parcours d\u2019apprentissage, <a href=\"https:\/\/islandstocottages.com\/fr\/pleine-conscience\/\">d'ouverture d'esprit<\/a> et une p\u00e9riode o\u00f9 affronter les r\u00e9alit\u00e9s pr\u00e9sentes et pass\u00e9es. C'est une route pav\u00e9e de d\u00e9fis o\u00f9 l'injustice et l'in\u00e9galit\u00e9 doivent \u00eatre confront\u00e9es afin que nous puissions travailler ensemble \u00e0 recouvrer une harmonie : notre fiert\u00e9, notre libert\u00e9 et notre paix int\u00e9rieure.<\/p>","protected":false},"excerpt":{"rendered":"<p>Mi&#8217;kma&#8217;ki, Our Home On Native Land. Islands To Cottages acknowledges we are located in Mi\u2019kma\u2019ki, the&nbsp;ancestral and unceded territory of the&nbsp;Mi\u2019kmaq people, whose inherent rights were&nbsp;recognized in the Peace and&nbsp;Friendship Treaties that were first signed&nbsp;in 1725. By acknowledging the Mi\u2019kmaq ancestral territory, we want to honor our shared Treaty relationship [&hellip;]<\/p>\n","protected":false},"author":2,"featured_media":2393,"parent":0,"menu_order":0,"comment_status":"closed","ping_status":"closed","template":"","meta":{"nf_dc_page":"","om_disable_all_campaigns":false,"_monsterinsights_skip_tracking":false,"_monsterinsights_sitenote_active":false,"_monsterinsights_sitenote_note":"","_monsterinsights_sitenote_category":0,"footnotes":""},"class_list":["post-778","page","type-page","status-publish","has-post-thumbnail","hentry"],"yoast_head":"<!-- This site is optimized with the Yoast SEO plugin v27.4 - https:\/\/yoast.com\/product\/yoast-seo-wordpress\/ -->\n<title>Our Acknowledgement - Islands to cottages<\/title>\n<meta name=\"description\" content=\"our acknowledgment : Islands To Cottages acknowledges we are located in Mi\u2019kma\u2019ki, the ancestral and unceded territory of the Mi\u2019kmaq people.\" \/>\n<meta name=\"robots\" content=\"index, follow, max-snippet:-1, max-image-preview:large, max-video-preview:-1\" \/>\n<link rel=\"canonical\" href=\"https:\/\/islandstocottages.com\/fr\/reconnaissance-des-terres-non-cedees\/\" \/>\n<meta property=\"og:locale\" content=\"fr_FR\" \/>\n<meta property=\"og:type\" content=\"article\" \/>\n<meta property=\"og:title\" content=\"Our Acknowledgement - Islands to cottages\" \/>\n<meta property=\"og:description\" content=\"our acknowledgment : Islands To Cottages acknowledges we are located in Mi\u2019kma\u2019ki, the ancestral and unceded territory of the Mi\u2019kmaq people.\" \/>\n<meta property=\"og:url\" content=\"https:\/\/islandstocottages.com\/fr\/reconnaissance-des-terres-non-cedees\/\" \/>\n<meta property=\"og:site_name\" content=\"Islands to cottages\" \/>\n<meta property=\"article:modified_time\" content=\"2023-03-07T16:54:20+00:00\" \/>\n<meta property=\"og:image\" content=\"https:\/\/islandstocottages.com\/wp-content\/uploads\/2023\/03\/FullAcknowledgement.jpg\" \/>\n\t<meta property=\"og:image:width\" content=\"2030\" \/>\n\t<meta property=\"og:image:height\" content=\"1355\" \/>\n\t<meta property=\"og:image:type\" content=\"image\/jpeg\" \/>\n<meta name=\"twitter:card\" content=\"summary_large_image\" \/>\n<meta name=\"twitter:label1\" content=\"Dur\u00e9e de lecture estim\u00e9e\" \/>\n\t<meta name=\"twitter:data1\" content=\"2 minutes\" \/>\n<script type=\"application\/ld+json\" class=\"yoast-schema-graph\">{\"@context\":\"https:\\\/\\\/schema.org\",\"@graph\":[{\"@type\":\"WebPage\",\"@id\":\"https:\\\/\\\/islandstocottages.com\\\/our-acknowledgment\\\/\",\"url\":\"https:\\\/\\\/islandstocottages.com\\\/our-acknowledgment\\\/\",\"name\":\"Our Acknowledgement - Islands to cottages\",\"isPartOf\":{\"@id\":\"https:\\\/\\\/islandstocottages.com\\\/#website\"},\"primaryImageOfPage\":{\"@id\":\"https:\\\/\\\/islandstocottages.com\\\/our-acknowledgment\\\/#primaryimage\"},\"image\":{\"@id\":\"https:\\\/\\\/islandstocottages.com\\\/our-acknowledgment\\\/#primaryimage\"},\"thumbnailUrl\":\"https:\\\/\\\/i0.wp.com\\\/islandstocottages.com\\\/wp-content\\\/uploads\\\/2023\\\/03\\\/FullAcknowledgement.jpg?fit=2030%2C1355&ssl=1\",\"datePublished\":\"2022-11-16T00:09:14+00:00\",\"dateModified\":\"2023-03-07T16:54:20+00:00\",\"description\":\"our acknowledgment : Islands To Cottages acknowledges we are located in Mi\u2019kma\u2019ki, the ancestral and unceded territory of the Mi\u2019kmaq people.\",\"breadcrumb\":{\"@id\":\"https:\\\/\\\/islandstocottages.com\\\/our-acknowledgment\\\/#breadcrumb\"},\"inLanguage\":\"fr-FR\",\"potentialAction\":[{\"@type\":\"ReadAction\",\"target\":[\"https:\\\/\\\/islandstocottages.com\\\/our-acknowledgment\\\/\"]}]},{\"@type\":\"ImageObject\",\"inLanguage\":\"fr-FR\",\"@id\":\"https:\\\/\\\/islandstocottages.com\\\/our-acknowledgment\\\/#primaryimage\",\"url\":\"https:\\\/\\\/i0.wp.com\\\/islandstocottages.com\\\/wp-content\\\/uploads\\\/2023\\\/03\\\/FullAcknowledgement.jpg?fit=2030%2C1355&ssl=1\",\"contentUrl\":\"https:\\\/\\\/i0.wp.com\\\/islandstocottages.com\\\/wp-content\\\/uploads\\\/2023\\\/03\\\/FullAcknowledgement.jpg?fit=2030%2C1355&ssl=1\",\"width\":2030,\"height\":1355,\"caption\":\"Acknowledgement.\"},{\"@type\":\"BreadcrumbList\",\"@id\":\"https:\\\/\\\/islandstocottages.com\\\/our-acknowledgment\\\/#breadcrumb\",\"itemListElement\":[{\"@type\":\"ListItem\",\"position\":1,\"name\":\"Home\",\"item\":\"https:\\\/\\\/islandstocottages.com\\\/\"},{\"@type\":\"ListItem\",\"position\":2,\"name\":\"Our Acknowledgement\"}]},{\"@type\":\"WebSite\",\"@id\":\"https:\\\/\\\/islandstocottages.com\\\/#website\",\"url\":\"https:\\\/\\\/islandstocottages.com\\\/\",\"name\":\"Islands to cottages\",\"description\":\"Nova Scotia Sustainable + Mindful Living\",\"publisher\":{\"@id\":\"https:\\\/\\\/islandstocottages.com\\\/#organization\"},\"potentialAction\":[{\"@type\":\"SearchAction\",\"target\":{\"@type\":\"EntryPoint\",\"urlTemplate\":\"https:\\\/\\\/islandstocottages.com\\\/?s={search_term_string}\"},\"query-input\":{\"@type\":\"PropertyValueSpecification\",\"valueRequired\":true,\"valueName\":\"search_term_string\"}}],\"inLanguage\":\"fr-FR\"},{\"@type\":\"Organization\",\"@id\":\"https:\\\/\\\/islandstocottages.com\\\/#organization\",\"name\":\"Islands To Cottages\",\"url\":\"https:\\\/\\\/islandstocottages.com\\\/\",\"logo\":{\"@type\":\"ImageObject\",\"inLanguage\":\"fr-FR\",\"@id\":\"https:\\\/\\\/islandstocottages.com\\\/#\\\/schema\\\/logo\\\/image\\\/\",\"url\":\"https:\\\/\\\/i2.wp.com\\\/islandstocottages.com\\\/wp-content\\\/uploads\\\/2020\\\/06\\\/Logo.Screenshot-188.png?fit=613%2C293&ssl=1\",\"contentUrl\":\"https:\\\/\\\/i2.wp.com\\\/islandstocottages.com\\\/wp-content\\\/uploads\\\/2020\\\/06\\\/Logo.Screenshot-188.png?fit=613%2C293&ssl=1\",\"width\":613,\"height\":293,\"caption\":\"Islands To Cottages\"},\"image\":{\"@id\":\"https:\\\/\\\/islandstocottages.com\\\/#\\\/schema\\\/logo\\\/image\\\/\"}}]}<\/script>\n<!-- \/ Yoast SEO plugin. -->","yoast_head_json":{"title":"Reconnaissance des terres non c\u00e9d\u00e9es - Islands to cottages","description":"Islands To Cottages reconna\u00eet que nous sommes situ\u00e9s au Mi'kma'ki, territoire ancestral non c\u00e9d\u00e9 du peuple Mi'kmaq.","robots":{"index":"index","follow":"follow","max-snippet":"max-snippet:-1","max-image-preview":"max-image-preview:large","max-video-preview":"max-video-preview:-1"},"canonical":"https:\/\/islandstocottages.com\/fr\/reconnaissance-des-terres-non-cedees\/","og_locale":"fr_FR","og_type":"article","og_title":"Our Acknowledgement - Islands to cottages","og_description":"our acknowledgment : Islands To Cottages acknowledges we are located in Mi\u2019kma\u2019ki, the ancestral and unceded territory of the Mi\u2019kmaq people.","og_url":"https:\/\/islandstocottages.com\/fr\/reconnaissance-des-terres-non-cedees\/","og_site_name":"Islands to cottages","article_modified_time":"2023-03-07T16:54:20+00:00","og_image":[{"width":2030,"height":1355,"url":"https:\/\/islandstocottages.com\/wp-content\/uploads\/2023\/03\/FullAcknowledgement.jpg","type":"image\/jpeg"}],"twitter_card":"summary_large_image","twitter_misc":{"Dur\u00e9e de lecture estim\u00e9e":"2 minutes"},"schema":{"@context":"https:\/\/schema.org","@graph":[{"@type":"WebPage","@id":"https:\/\/islandstocottages.com\/our-acknowledgment\/","url":"https:\/\/islandstocottages.com\/our-acknowledgment\/","name":"Reconnaissance des terres non c\u00e9d\u00e9es - Islands to cottages","isPartOf":{"@id":"https:\/\/islandstocottages.com\/#website"},"primaryImageOfPage":{"@id":"https:\/\/islandstocottages.com\/our-acknowledgment\/#primaryimage"},"image":{"@id":"https:\/\/islandstocottages.com\/our-acknowledgment\/#primaryimage"},"thumbnailUrl":"https:\/\/i0.wp.com\/islandstocottages.com\/wp-content\/uploads\/2023\/03\/FullAcknowledgement.jpg?fit=2030%2C1355&ssl=1","datePublished":"2022-11-16T00:09:14+00:00","dateModified":"2023-03-07T16:54:20+00:00","description":"Islands To Cottages reconna\u00eet que nous sommes situ\u00e9s au Mi'kma'ki, territoire ancestral non c\u00e9d\u00e9 du peuple Mi'kmaq.","breadcrumb":{"@id":"https:\/\/islandstocottages.com\/our-acknowledgment\/#breadcrumb"},"inLanguage":"fr-FR","potentialAction":[{"@type":"ReadAction","target":["https:\/\/islandstocottages.com\/our-acknowledgment\/"]}]},{"@type":"ImageObject","inLanguage":"fr-FR","@id":"https:\/\/islandstocottages.com\/our-acknowledgment\/#primaryimage","url":"https:\/\/i0.wp.com\/islandstocottages.com\/wp-content\/uploads\/2023\/03\/FullAcknowledgement.jpg?fit=2030%2C1355&ssl=1","contentUrl":"https:\/\/i0.wp.com\/islandstocottages.com\/wp-content\/uploads\/2023\/03\/FullAcknowledgement.jpg?fit=2030%2C1355&ssl=1","width":2030,"height":1355,"caption":"Acknowledgement."},{"@type":"BreadcrumbList","@id":"https:\/\/islandstocottages.com\/our-acknowledgment\/#breadcrumb","itemListElement":[{"@type":"ListItem","position":1,"name":"Home","item":"https:\/\/islandstocottages.com\/"},{"@type":"ListItem","position":2,"name":"Our Acknowledgement"}]},{"@type":"WebSite","@id":"https:\/\/islandstocottages.com\/#website","url":"https:\/\/islandstocottages.com\/","name":"Islands to cottages","description":"Vie Durable + Pleine Conscience en Nouvelle-\u00c9cosse","publisher":{"@id":"https:\/\/islandstocottages.com\/#organization"},"potentialAction":[{"@type":"SearchAction","target":{"@type":"EntryPoint","urlTemplate":"https:\/\/islandstocottages.com\/?s={search_term_string}"},"query-input":{"@type":"PropertyValueSpecification","valueRequired":true,"valueName":"search_term_string"}}],"inLanguage":"fr-FR"},{"@type":"Organization","@id":"https:\/\/islandstocottages.com\/#organization","name":"Islands To Cottages","url":"https:\/\/islandstocottages.com\/","logo":{"@type":"ImageObject","inLanguage":"fr-FR","@id":"https:\/\/islandstocottages.com\/#\/schema\/logo\/image\/","url":"https:\/\/i2.wp.com\/islandstocottages.com\/wp-content\/uploads\/2020\/06\/Logo.Screenshot-188.png?fit=613%2C293&ssl=1","contentUrl":"https:\/\/i2.wp.com\/islandstocottages.com\/wp-content\/uploads\/2020\/06\/Logo.Screenshot-188.png?fit=613%2C293&ssl=1","width":613,"height":293,"caption":"Islands To Cottages"},"image":{"@id":"https:\/\/islandstocottages.com\/#\/schema\/logo\/image\/"}}]}},"jetpack_sharing_enabled":true,"jetpack_shortlink":"https:\/\/wp.me\/PbI81e-cy","jetpack-related-posts":[{"id":383,"url":"https:\/\/islandstocottages.com\/fr\/mindful-living\/","url_meta":{"origin":778,"position":0},"title":"Pleine conscience","author":"islandstocottages","date":"3 octobre 2022","format":false,"excerpt":"Mind\u00b7ful\u00b7ness : Quality or state of being conscious or aware of something. Mindful living, a way of life achieved by focusing our awareness on the present, while calmly acknowledging and accepting our feelings, thoughts, and bodily sensations. Our take on mindfulness ? Simply the art of finding inner serenity while\u2026","rel":"","context":"Article similaire","block_context":{"text":"Article similaire","link":""},"img":{"alt_text":"Visual representation of mindful living with white flower floating on turquoise water.","src":"https:\/\/i0.wp.com\/islandstocottages.com\/wp-content\/uploads\/2023\/03\/FullMindfullLiving.pexels-neosiam-580871-scaled.jpg?fit=1200%2C598&ssl=1&resize=350%2C200","width":350,"height":200,"srcset":"https:\/\/i0.wp.com\/islandstocottages.com\/wp-content\/uploads\/2023\/03\/FullMindfullLiving.pexels-neosiam-580871-scaled.jpg?fit=1200%2C598&ssl=1&resize=350%2C200 1x, https:\/\/i0.wp.com\/islandstocottages.com\/wp-content\/uploads\/2023\/03\/FullMindfullLiving.pexels-neosiam-580871-scaled.jpg?fit=1200%2C598&ssl=1&resize=525%2C300 1.5x, https:\/\/i0.wp.com\/islandstocottages.com\/wp-content\/uploads\/2023\/03\/FullMindfullLiving.pexels-neosiam-580871-scaled.jpg?fit=1200%2C598&ssl=1&resize=700%2C400 2x, https:\/\/i0.wp.com\/islandstocottages.com\/wp-content\/uploads\/2023\/03\/FullMindfullLiving.pexels-neosiam-580871-scaled.jpg?fit=1200%2C598&ssl=1&resize=1050%2C600 3x"},"classes":[]},{"id":434,"url":"https:\/\/islandstocottages.com\/fr\/terms-and-conditions\/","url_meta":{"origin":778,"position":1},"title":"Modalit\u00e9s","author":"islandstocottages","date":"12 octobre 2022","format":false,"excerpt":"Terms & Conditions, online requirements and sharing your Personal Information seem too daunting ? We understand ! Skip the cart and place your order directly by contacting us privately. 1) Pm us on Facebook or Email us your detailed order. 2) Arrange payment for your purchase. 3) Arrange for pick-up.\u2026","rel":"","context":"Article similaire","block_context":{"text":"Article similaire","link":""},"img":{"alt_text":"A white paper sheet with Braille inscriptions is showing through a simple back magnifying glass.","src":"https:\/\/i0.wp.com\/islandstocottages.com\/wp-content\/uploads\/2023\/03\/fullTermsAndConditionspexels-eren-li-7188802-scaled.jpg?fit=1200%2C774&ssl=1&resize=350%2C200","width":350,"height":200,"srcset":"https:\/\/i0.wp.com\/islandstocottages.com\/wp-content\/uploads\/2023\/03\/fullTermsAndConditionspexels-eren-li-7188802-scaled.jpg?fit=1200%2C774&ssl=1&resize=350%2C200 1x, https:\/\/i0.wp.com\/islandstocottages.com\/wp-content\/uploads\/2023\/03\/fullTermsAndConditionspexels-eren-li-7188802-scaled.jpg?fit=1200%2C774&ssl=1&resize=525%2C300 1.5x, https:\/\/i0.wp.com\/islandstocottages.com\/wp-content\/uploads\/2023\/03\/fullTermsAndConditionspexels-eren-li-7188802-scaled.jpg?fit=1200%2C774&ssl=1&resize=700%2C400 2x, https:\/\/i0.wp.com\/islandstocottages.com\/wp-content\/uploads\/2023\/03\/fullTermsAndConditionspexels-eren-li-7188802-scaled.jpg?fit=1200%2C774&ssl=1&resize=1050%2C600 3x"},"classes":[]}],"_links":{"self":[{"href":"https:\/\/islandstocottages.com\/fr\/wp-json\/wp\/v2\/pages\/778","targetHints":{"allow":["GET"]}}],"collection":[{"href":"https:\/\/islandstocottages.com\/fr\/wp-json\/wp\/v2\/pages"}],"about":[{"href":"https:\/\/islandstocottages.com\/fr\/wp-json\/wp\/v2\/types\/page"}],"author":[{"embeddable":true,"href":"https:\/\/islandstocottages.com\/fr\/wp-json\/wp\/v2\/users\/2"}],"replies":[{"embeddable":true,"href":"https:\/\/islandstocottages.com\/fr\/wp-json\/wp\/v2\/comments?post=778"}],"version-history":[{"count":5,"href":"https:\/\/islandstocottages.com\/fr\/wp-json\/wp\/v2\/pages\/778\/revisions"}],"predecessor-version":[{"id":2425,"href":"https:\/\/islandstocottages.com\/fr\/wp-json\/wp\/v2\/pages\/778\/revisions\/2425"}],"wp:featuredmedia":[{"embeddable":true,"href":"https:\/\/islandstocottages.com\/fr\/wp-json\/wp\/v2\/media\/2393"}],"wp:attachment":[{"href":"https:\/\/islandstocottages.com\/fr\/wp-json\/wp\/v2\/media?parent=778"}],"curies":[{"name":"wp","href":"https:\/\/api.w.org\/{rel}","templated":true}]}}