{"id":1932,"date":"2023-01-31T11:35:28","date_gmt":"2023-01-31T15:35:28","guid":{"rendered":"https:\/\/islandstocottages.com\/?post_type=product&#038;p=1932"},"modified":"2025-03-14T15:25:05","modified_gmt":"2025-03-14T19:25:05","slug":"gant-de-toilette-2","status":"publish","type":"product","link":"https:\/\/islandstocottages.com\/fr\/boutique\/care\/wash-mitt\/","title":{"rendered":"Gant de toilette"},"content":{"rendered":"<p><span>*Contactez-nous pour commander*<\/span><\/p>\n<p>Gant de toilette ergonomique ambidextre pour s'offrir une bonne exfoliation avec cette sensation unique de propret\u00e9 en profondeur pour un apr\u00e8s douche relaxant, revigorant et r\u00e9g\u00e9n\u00e9rant. Simple et pratique \u00e0 utiliser, sa forme universelle saura se conformer aux mains de tous types et de toutes tailles. Le design unique de ce gant rend au pouce toute sa libert\u00e9 de mouvement pour qu'il puisse se d\u00e9placer \u00e0 sa guise. Ceci permet une meilleur mobilit\u00e9 de la main en plus d'accorder une plus grande pr\u00e9cision de mouvement. Et le gant est moins apte \u00e0 glisser hors de la main pendant usage. Solidement con\u00e7u et fait de tissu-\u00e9ponge de bambou, un choix durable par excellence, et fait pour durer ! Bon pour tout type de peau. Bon pour tous les \u00e2ges, du nouveau-n\u00e9 aux personnes \u00e2g\u00e9es.<\/p>\n<p>Parfait pour exfolier en douceur les cellules mortes de la peau, ce gant de toilette est tout aussi agr\u00e9able pour le visage qu'il l'est pour le reste du corps. Id\u00e9al pour enseigner aux jeunes enfants, aux adolescents et aux baigneurs r\u00e9ticents le sens de l'hygi\u00e8ne personnelle et comment prendre soin de leur corps et de leur peau au quotidien. Un bon gommage de tous les recoins qui en ont bien besoin et qui m\u00e9ritent une attention toute particuli\u00e8re ! Un atout de taille pour les individus confin\u00e9s au lit lors de p\u00e9riodes difficiles, ce gant de toilette fera toute la diff\u00e9rence dans ces moments o\u00f9 l'incapacit\u00e9 de prendre une douche pourrait autrement s'av\u00e9rer un v\u00e9ritable enjeu. On se nettoie bien comme il faut et on rince abondamment le gant sous l'eau courante ou dans une bassine pour retrouver cette m\u00eame sensation lib\u00e9ratrice de propret\u00e9 et fra\u00eecheur en profondeur. Avoir acc\u00e8s \u00e0 une hygi\u00e8ne personnelle ad\u00e9quate, en tout temps, peu importe les phases que l'on traverse ou les d\u00e9fis auxquels on doit faire face, repr\u00e9sente bien plus qu'un simple choix. C'est un besoin primaire auquel tout individu a droit et auquel chacune et chacun d'entre nous doit avoir acc\u00e8s. Alors on n'h\u00e9site plus et on se procure cet essentiel bien-\u00eatre pour s'offrir la propret\u00e9 au quotidien, en toute simplicit\u00e9.<\/p>\n<p><strong>Entretien :<\/strong> Entretien facile. Laver et s\u00e9cher en machine au cycle ti\u00e8de avec des couleurs similaires. Utiliser de pr\u00e9f\u00e9rence un d\u00e9tergent \u00e0 lessive \u00e9cologique et non parfum\u00e9, laisser s\u00e9cher \u00e0 l'air libre et \u00e9viter l'assouplissant ou autres additifs.<\/p>\n<p><strong>Mat\u00e9riau :<\/strong> 100 % tissu-\u00e9ponge de bambou.<\/p>\n<p><strong>Dimensions :<\/strong> 17 cm x 27 cm.<\/p>\n<p>Fait en Nouvelle-\u00c9cosse.<\/p>\n<p><span style=\"font-size: 10.0pt; font-family: 'Courier New';\"><o:p><\/o:p><\/span><\/p>","protected":false},"excerpt":{"rendered":"<p>100 % tissu-\u00e9ponge de bambou. 17 cm x 27 cm.<\/p>","protected":false},"featured_media":2469,"template":"","meta":{"nf_dc_page":"","om_disable_all_campaigns":false,"_monsterinsights_skip_tracking":false,"_monsterinsights_sitenote_active":false,"_monsterinsights_sitenote_note":"","_monsterinsights_sitenote_category":0},"product_brand":[],"product_cat":[28],"product_tag":[],"class_list":{"0":"post-1932","1":"product","2":"type-product","3":"status-publish","4":"has-post-thumbnail","6":"product_cat-care","8":"first","9":"outofstock","10":"shipping-taxable","11":"purchasable","12":"product-type-simple"},"yoast_head":"<!-- This site is optimized with the Yoast SEO plugin v27.4 - https:\/\/yoast.com\/product\/yoast-seo-wordpress\/ -->\n<title>Wash Mitt - Islands to cottages<\/title>\n<meta name=\"description\" content=\"Custom designed wash mitt for an organic deep clean feel and good hygiene practices, day after day, no matter what life has in store for us.\" \/>\n<meta name=\"robots\" content=\"index, follow, max-snippet:-1, max-image-preview:large, max-video-preview:-1\" \/>\n<link rel=\"canonical\" href=\"https:\/\/islandstocottages.com\/fr\/boutique\/care\/gant-de-toilette-2\/\" \/>\n<meta property=\"og:locale\" content=\"fr_FR\" \/>\n<meta property=\"og:type\" content=\"article\" \/>\n<meta property=\"og:title\" content=\"Wash Mitt - Islands to cottages\" \/>\n<meta property=\"og:description\" content=\"Custom designed wash mitt for an organic deep clean feel and good hygiene practices, day after day, no matter what life has in store for us.\" \/>\n<meta property=\"og:url\" content=\"https:\/\/islandstocottages.com\/fr\/boutique\/care\/gant-de-toilette-2\/\" \/>\n<meta property=\"og:site_name\" content=\"Islands to cottages\" \/>\n<meta property=\"article:modified_time\" content=\"2025-03-14T19:25:05+00:00\" \/>\n<meta property=\"og:image\" content=\"https:\/\/islandstocottages.com\/wp-content\/uploads\/2023\/01\/WashMitt1.jpg\" \/>\n\t<meta property=\"og:image:width\" content=\"512\" \/>\n\t<meta property=\"og:image:height\" content=\"512\" \/>\n\t<meta property=\"og:image:type\" content=\"image\/jpeg\" \/>\n<meta name=\"twitter:card\" content=\"summary_large_image\" \/>\n<meta name=\"twitter:label1\" content=\"Dur\u00e9e de lecture estim\u00e9e\" \/>\n\t<meta name=\"twitter:data1\" content=\"2 minutes\" \/>\n<script type=\"application\/ld+json\" class=\"yoast-schema-graph\">{\"@context\":\"https:\\\/\\\/schema.org\",\"@graph\":[{\"@type\":\"WebPage\",\"@id\":\"https:\\\/\\\/islandstocottages.com\\\/boutique\\\/care\\\/wash-mitt\\\/\",\"url\":\"https:\\\/\\\/islandstocottages.com\\\/boutique\\\/care\\\/wash-mitt\\\/\",\"name\":\"Wash Mitt - Islands to cottages\",\"isPartOf\":{\"@id\":\"https:\\\/\\\/islandstocottages.com\\\/#website\"},\"primaryImageOfPage\":{\"@id\":\"https:\\\/\\\/islandstocottages.com\\\/boutique\\\/care\\\/wash-mitt\\\/#primaryimage\"},\"image\":{\"@id\":\"https:\\\/\\\/islandstocottages.com\\\/boutique\\\/care\\\/wash-mitt\\\/#primaryimage\"},\"thumbnailUrl\":\"https:\\\/\\\/i0.wp.com\\\/islandstocottages.com\\\/wp-content\\\/uploads\\\/2023\\\/01\\\/WashMitt1.jpg?fit=512%2C512&ssl=1\",\"datePublished\":\"2023-01-31T15:35:28+00:00\",\"dateModified\":\"2025-03-14T19:25:05+00:00\",\"description\":\"Custom designed wash mitt for an organic deep clean feel and good hygiene practices, day after day, no matter what life has in store for us.\",\"breadcrumb\":{\"@id\":\"https:\\\/\\\/islandstocottages.com\\\/boutique\\\/care\\\/wash-mitt\\\/#breadcrumb\"},\"inLanguage\":\"fr-FR\",\"potentialAction\":[{\"@type\":\"ReadAction\",\"target\":[\"https:\\\/\\\/islandstocottages.com\\\/boutique\\\/care\\\/wash-mitt\\\/\"]}]},{\"@type\":\"ImageObject\",\"inLanguage\":\"fr-FR\",\"@id\":\"https:\\\/\\\/islandstocottages.com\\\/boutique\\\/care\\\/wash-mitt\\\/#primaryimage\",\"url\":\"https:\\\/\\\/i0.wp.com\\\/islandstocottages.com\\\/wp-content\\\/uploads\\\/2023\\\/01\\\/WashMitt1.jpg?fit=512%2C512&ssl=1\",\"contentUrl\":\"https:\\\/\\\/i0.wp.com\\\/islandstocottages.com\\\/wp-content\\\/uploads\\\/2023\\\/01\\\/WashMitt1.jpg?fit=512%2C512&ssl=1\",\"width\":512,\"height\":512,\"caption\":\"Terry cloth wash mitt.\"},{\"@type\":\"BreadcrumbList\",\"@id\":\"https:\\\/\\\/islandstocottages.com\\\/boutique\\\/care\\\/wash-mitt\\\/#breadcrumb\",\"itemListElement\":[{\"@type\":\"ListItem\",\"position\":1,\"name\":\"Home\",\"item\":\"https:\\\/\\\/islandstocottages.com\\\/\"},{\"@type\":\"ListItem\",\"position\":2,\"name\":\"Boutique\",\"item\":\"https:\\\/\\\/islandstocottages.com\\\/boutique\\\/\"},{\"@type\":\"ListItem\",\"position\":3,\"name\":\"Wash Mitt\"}]},{\"@type\":\"WebSite\",\"@id\":\"https:\\\/\\\/islandstocottages.com\\\/#website\",\"url\":\"https:\\\/\\\/islandstocottages.com\\\/\",\"name\":\"Islands to cottages\",\"description\":\"Nova Scotia Sustainable + Mindful Living\",\"publisher\":{\"@id\":\"https:\\\/\\\/islandstocottages.com\\\/#organization\"},\"potentialAction\":[{\"@type\":\"SearchAction\",\"target\":{\"@type\":\"EntryPoint\",\"urlTemplate\":\"https:\\\/\\\/islandstocottages.com\\\/?s={search_term_string}\"},\"query-input\":{\"@type\":\"PropertyValueSpecification\",\"valueRequired\":true,\"valueName\":\"search_term_string\"}}],\"inLanguage\":\"fr-FR\"},{\"@type\":\"Organization\",\"@id\":\"https:\\\/\\\/islandstocottages.com\\\/#organization\",\"name\":\"Islands To Cottages\",\"url\":\"https:\\\/\\\/islandstocottages.com\\\/\",\"logo\":{\"@type\":\"ImageObject\",\"inLanguage\":\"fr-FR\",\"@id\":\"https:\\\/\\\/islandstocottages.com\\\/#\\\/schema\\\/logo\\\/image\\\/\",\"url\":\"https:\\\/\\\/i2.wp.com\\\/islandstocottages.com\\\/wp-content\\\/uploads\\\/2020\\\/06\\\/Logo.Screenshot-188.png?fit=613%2C293&ssl=1\",\"contentUrl\":\"https:\\\/\\\/i2.wp.com\\\/islandstocottages.com\\\/wp-content\\\/uploads\\\/2020\\\/06\\\/Logo.Screenshot-188.png?fit=613%2C293&ssl=1\",\"width\":613,\"height\":293,\"caption\":\"Islands To Cottages\"},\"image\":{\"@id\":\"https:\\\/\\\/islandstocottages.com\\\/#\\\/schema\\\/logo\\\/image\\\/\"}}]}<\/script>\n<!-- \/ Yoast SEO plugin. -->","yoast_head_json":{"title":"Gant de toilette - Islands to cottages","description":"Gant de toilette ergonomique pour une sensation de propret\u00e9 et de fra\u00eecheur sans pareille, jour apr\u00e8s jour.","robots":{"index":"index","follow":"follow","max-snippet":"max-snippet:-1","max-image-preview":"max-image-preview:large","max-video-preview":"max-video-preview:-1"},"canonical":"https:\/\/islandstocottages.com\/fr\/boutique\/care\/gant-de-toilette-2\/","og_locale":"fr_FR","og_type":"article","og_title":"Wash Mitt - Islands to cottages","og_description":"Custom designed wash mitt for an organic deep clean feel and good hygiene practices, day after day, no matter what life has in store for us.","og_url":"https:\/\/islandstocottages.com\/fr\/boutique\/care\/gant-de-toilette-2\/","og_site_name":"Islands to cottages","article_modified_time":"2025-03-14T19:25:05+00:00","og_image":[{"width":512,"height":512,"url":"https:\/\/islandstocottages.com\/wp-content\/uploads\/2023\/01\/WashMitt1.jpg","type":"image\/jpeg"}],"twitter_card":"summary_large_image","twitter_misc":{"Dur\u00e9e de lecture estim\u00e9e":"2 minutes"},"schema":{"@context":"https:\/\/schema.org","@graph":[{"@type":"WebPage","@id":"https:\/\/islandstocottages.com\/boutique\/care\/wash-mitt\/","url":"https:\/\/islandstocottages.com\/boutique\/care\/wash-mitt\/","name":"Gant de toilette - Islands to cottages","isPartOf":{"@id":"https:\/\/islandstocottages.com\/#website"},"primaryImageOfPage":{"@id":"https:\/\/islandstocottages.com\/boutique\/care\/wash-mitt\/#primaryimage"},"image":{"@id":"https:\/\/islandstocottages.com\/boutique\/care\/wash-mitt\/#primaryimage"},"thumbnailUrl":"https:\/\/i0.wp.com\/islandstocottages.com\/wp-content\/uploads\/2023\/01\/WashMitt1.jpg?fit=512%2C512&ssl=1","datePublished":"2023-01-31T15:35:28+00:00","dateModified":"2025-03-14T19:25:05+00:00","description":"Gant de toilette ergonomique pour une sensation de propret\u00e9 et de fra\u00eecheur sans pareille, jour apr\u00e8s jour.","breadcrumb":{"@id":"https:\/\/islandstocottages.com\/boutique\/care\/wash-mitt\/#breadcrumb"},"inLanguage":"fr-FR","potentialAction":[{"@type":"ReadAction","target":["https:\/\/islandstocottages.com\/boutique\/care\/wash-mitt\/"]}]},{"@type":"ImageObject","inLanguage":"fr-FR","@id":"https:\/\/islandstocottages.com\/boutique\/care\/wash-mitt\/#primaryimage","url":"https:\/\/i0.wp.com\/islandstocottages.com\/wp-content\/uploads\/2023\/01\/WashMitt1.jpg?fit=512%2C512&ssl=1","contentUrl":"https:\/\/i0.wp.com\/islandstocottages.com\/wp-content\/uploads\/2023\/01\/WashMitt1.jpg?fit=512%2C512&ssl=1","width":512,"height":512,"caption":"Terry cloth wash mitt."},{"@type":"BreadcrumbList","@id":"https:\/\/islandstocottages.com\/boutique\/care\/wash-mitt\/#breadcrumb","itemListElement":[{"@type":"ListItem","position":1,"name":"Home","item":"https:\/\/islandstocottages.com\/"},{"@type":"ListItem","position":2,"name":"Boutique","item":"https:\/\/islandstocottages.com\/boutique\/"},{"@type":"ListItem","position":3,"name":"Wash Mitt"}]},{"@type":"WebSite","@id":"https:\/\/islandstocottages.com\/#website","url":"https:\/\/islandstocottages.com\/","name":"Islands to cottages","description":"Vie Durable + Pleine Conscience en Nouvelle-\u00c9cosse","publisher":{"@id":"https:\/\/islandstocottages.com\/#organization"},"potentialAction":[{"@type":"SearchAction","target":{"@type":"EntryPoint","urlTemplate":"https:\/\/islandstocottages.com\/?s={search_term_string}"},"query-input":{"@type":"PropertyValueSpecification","valueRequired":true,"valueName":"search_term_string"}}],"inLanguage":"fr-FR"},{"@type":"Organization","@id":"https:\/\/islandstocottages.com\/#organization","name":"Islands To Cottages","url":"https:\/\/islandstocottages.com\/","logo":{"@type":"ImageObject","inLanguage":"fr-FR","@id":"https:\/\/islandstocottages.com\/#\/schema\/logo\/image\/","url":"https:\/\/i2.wp.com\/islandstocottages.com\/wp-content\/uploads\/2020\/06\/Logo.Screenshot-188.png?fit=613%2C293&ssl=1","contentUrl":"https:\/\/i2.wp.com\/islandstocottages.com\/wp-content\/uploads\/2020\/06\/Logo.Screenshot-188.png?fit=613%2C293&ssl=1","width":613,"height":293,"caption":"Islands To Cottages"},"image":{"@id":"https:\/\/islandstocottages.com\/#\/schema\/logo\/image\/"}}]}},"jetpack_sharing_enabled":true,"jetpack-related-posts":[{"id":314,"url":"https:\/\/islandstocottages.com\/fr\/boutique\/care\/eco-makeup-pads\/","url_meta":{"origin":1932,"position":0},"title":"Lingettes d\u00e9maquillantes r\u00e9utilisables","author":"islandstocottages","date":"4 juillet 2022","format":false,"excerpt":"Set de 4. 100 % coton. 12 cm x 12 cm. *\u00c9dition limit\u00e9e","rel":"","context":"Article similaire","block_context":{"text":"Article similaire","link":""},"img":{"alt_text":"Bright colorful make-up pads.","src":"https:\/\/i0.wp.com\/islandstocottages.com\/wp-content\/uploads\/2022\/07\/MakeUpPads1.jpg?fit=461%2C461&ssl=1&resize=350%2C200","width":350,"height":200},"classes":[]},{"id":2989,"url":"https:\/\/islandstocottages.com\/fr\/boutique\/care\/eco-makeup-pads-holidays\/","url_meta":{"origin":1932,"position":1},"title":"Lingettes d\u00e9maquillantes r\u00e9utilisables - Saison des f\u00eates","author":"islandstocottages","date":"2 d\u00e9cembre 2023","format":false,"excerpt":"Set de 4. 100 % coton. 12 cm x 12 cm. *\u00c9dition limit\u00e9e","rel":"","context":"Article similaire","block_context":{"text":"Article similaire","link":""},"img":{"alt_text":"Eco Makeup Pads - Holidays","src":"https:\/\/i0.wp.com\/islandstocottages.com\/wp-content\/uploads\/2023\/12\/MakeUpPadHoliday7.jpg?fit=960%2C1200&ssl=1&resize=350%2C200","width":350,"height":200,"srcset":"https:\/\/i0.wp.com\/islandstocottages.com\/wp-content\/uploads\/2023\/12\/MakeUpPadHoliday7.jpg?fit=960%2C1200&ssl=1&resize=350%2C200 1x, https:\/\/i0.wp.com\/islandstocottages.com\/wp-content\/uploads\/2023\/12\/MakeUpPadHoliday7.jpg?fit=960%2C1200&ssl=1&resize=525%2C300 1.5x, https:\/\/i0.wp.com\/islandstocottages.com\/wp-content\/uploads\/2023\/12\/MakeUpPadHoliday7.jpg?fit=960%2C1200&ssl=1&resize=700%2C400 2x"},"classes":[]},{"id":2155,"url":"https:\/\/islandstocottages.com\/fr\/boutique\/home\/wrist-key-keeper\/","url_meta":{"origin":1932,"position":2},"title":"Porte-cl\u00e9s de poignet","author":"islandstocottages","date":"23 f\u00e9vrier 2023","format":false,"excerpt":"100 % coton. 2 cm x 18 cm. *\u00c9dition limit\u00e9e","rel":"","context":"Article similaire","block_context":{"text":"Article similaire","link":""},"img":{"alt_text":"Fabric wrist key keeper.","src":"https:\/\/i0.wp.com\/islandstocottages.com\/wp-content\/uploads\/2023\/02\/PorteCles.1.jpg?fit=512%2C511&ssl=1&resize=350%2C200","width":350,"height":200},"classes":[]},{"id":316,"url":"https:\/\/islandstocottages.com\/fr\/boutique\/care\/organic-eye-mask\/","url_meta":{"origin":1932,"position":3},"title":"Masque d\u00e9tente pour les yeux","author":"islandstocottages","date":"4 juillet 2022","format":false,"excerpt":"100 % coton + rembourrage d'avoine. 8 cm x 20 cm. *\u00c9dition limit\u00e9e","rel":"","context":"Article similaire","block_context":{"text":"Article similaire","link":""},"img":{"alt_text":"Organic eye mask.","src":"https:\/\/i0.wp.com\/islandstocottages.com\/wp-content\/uploads\/2022\/07\/OrganicEyeMask1.jpg?fit=417%2C417&ssl=1&resize=350%2C200","width":350,"height":200},"classes":[]},{"id":320,"url":"https:\/\/islandstocottages.com\/fr\/boutique\/home\/the-cottagers-hankies\/","url_meta":{"origin":1932,"position":4},"title":"Les mouchoirs du randonneur","author":"islandstocottages","date":"4 juillet 2022","format":false,"excerpt":"Set de 2. 100 % flanelle. 25 cm x 25 cm.","rel":"","context":"Article similaire","block_context":{"text":"Article similaire","link":""},"img":{"alt_text":"The cottager's hankies.","src":"https:\/\/i0.wp.com\/islandstocottages.com\/wp-content\/uploads\/2022\/07\/Hankies1.jpg?fit=512%2C512&ssl=1&resize=350%2C200","width":350,"height":200},"classes":[]},{"id":2751,"url":"https:\/\/islandstocottages.com\/fr\/boutique\/pets\/reversible-slip-on-collar-bandana-canada\/","url_meta":{"origin":1932,"position":5},"title":"Bandana de collier r\u00e9versible amovible - Canada","author":"islandstocottages","date":"29 juin 2023","format":false,"excerpt":"100 % coton.  P 15 cm x 30 cm. G 19 cm x 45 cm. *\u00c9dition limit\u00e9e","rel":"","context":"Article similaire","block_context":{"text":"Article similaire","link":""},"img":{"alt_text":"","src":"https:\/\/i0.wp.com\/islandstocottages.com\/wp-content\/uploads\/2023\/06\/20230629_155006_HDR-scaled.jpg?fit=1112%2C1200&ssl=1&resize=350%2C200","width":350,"height":200,"srcset":"https:\/\/i0.wp.com\/islandstocottages.com\/wp-content\/uploads\/2023\/06\/20230629_155006_HDR-scaled.jpg?fit=1112%2C1200&ssl=1&resize=350%2C200 1x, https:\/\/i0.wp.com\/islandstocottages.com\/wp-content\/uploads\/2023\/06\/20230629_155006_HDR-scaled.jpg?fit=1112%2C1200&ssl=1&resize=525%2C300 1.5x, https:\/\/i0.wp.com\/islandstocottages.com\/wp-content\/uploads\/2023\/06\/20230629_155006_HDR-scaled.jpg?fit=1112%2C1200&ssl=1&resize=700%2C400 2x, https:\/\/i0.wp.com\/islandstocottages.com\/wp-content\/uploads\/2023\/06\/20230629_155006_HDR-scaled.jpg?fit=1112%2C1200&ssl=1&resize=1050%2C600 3x"},"classes":[]}],"_links":{"self":[{"href":"https:\/\/islandstocottages.com\/fr\/wp-json\/wp\/v2\/product\/1932","targetHints":{"allow":["GET"]}}],"collection":[{"href":"https:\/\/islandstocottages.com\/fr\/wp-json\/wp\/v2\/product"}],"about":[{"href":"https:\/\/islandstocottages.com\/fr\/wp-json\/wp\/v2\/types\/product"}],"wp:featuredmedia":[{"embeddable":true,"href":"https:\/\/islandstocottages.com\/fr\/wp-json\/wp\/v2\/media\/2469"}],"wp:attachment":[{"href":"https:\/\/islandstocottages.com\/fr\/wp-json\/wp\/v2\/media?parent=1932"}],"wp:term":[{"taxonomy":"product_brand","embeddable":true,"href":"https:\/\/islandstocottages.com\/fr\/wp-json\/wp\/v2\/product_brand?post=1932"},{"taxonomy":"product_cat","embeddable":true,"href":"https:\/\/islandstocottages.com\/fr\/wp-json\/wp\/v2\/product_cat?post=1932"},{"taxonomy":"product_tag","embeddable":true,"href":"https:\/\/islandstocottages.com\/fr\/wp-json\/wp\/v2\/product_tag?post=1932"}],"curies":[{"name":"wp","href":"https:\/\/api.w.org\/{rel}","templated":true}]}}