{"id":2086,"date":"2023-02-16T07:32:06","date_gmt":"2023-02-16T11:32:06","guid":{"rendered":"https:\/\/islandstocottages.com\/?post_type=product&#038;p=2086"},"modified":"2025-03-13T17:04:01","modified_gmt":"2025-03-13T21:04:01","slug":"napperon-2","status":"publish","type":"product","link":"https:\/\/islandstocottages.com\/fr\/boutique\/home\/placemat\/","title":{"rendered":"Napperon \u00e0 emporter"},"content":{"rendered":"<p>*Contactez-nous pour commander*<\/p>\n<p>Les accessoires repas jetables, c'est du pass\u00e9 ! \u00c0 partir de maintenant on apporte notre propre set de <a href=\"https:\/\/islandstocottages.com\/fr\/diner-dehors\/\">couverts traditionnels + napperon<\/a> \u00e0 emporter pour se remonter le moral \u00e0 l'heure du d\u00e9jeuner. Les petites joies se retrouvent un peu partout, il ne tient qu'\u00e0 nous de les inviter dans notre quotidien\u2026 Les repas sur le pouce deviennent on ne peut plus faciles - et conformes aux normes d'hygi\u00e8ne - avec ce set de table \u00e0 emporter. On pr\u00e9pare notre repas la veille, on se munit de nos couverts pr\u00e9f\u00e9r\u00e9s et de notre napperon, et voil\u00e0 ! Ce napperon est le compl\u00e9ment id\u00e9al \u00e0 un d\u00e9jeuner sur le pouce. Ses couleurs joviales sauront \u00e0 coup s\u00fbr nous faire sourire et nous donner envie de se mettre \u00e0 table pour pouvoir appr\u00e9cier une pause repas bien m\u00e9rit\u00e9e, en toute s\u00e9r\u00e9nit\u00e9. Le design solide du coton doubl\u00e9 offre une belle couche de s\u00e9paration entre la table commune et notre assiette. On peut donc y d\u00e9poser nos couverts l'esprit en paix sans se soucier de les contaminer avec d'\u00e9ventuels germes voyageurs. Vous savez bien, tous ces petits germes qu\u2019on suspecte sans pour autant les voir ?<\/p>\n<p>Les deux pochettes int\u00e9gr\u00e9es con\u00e7ues tout sp\u00e9cialement pour y ranger les couverts sont de beaux atouts. Tout comme le ruban permettant de bien fermer coll\u00e9-serr\u00e9 le napperon une fois le repas termin\u00e9. Les couverts ne risquent donc pas de glisser en cours de route. Et quand vient le temps de tout nettoyer, on fait la vaisselle du jour et on envoie le napperon \u00e0 la machine, cycle ti\u00e8de, pour une petite propret\u00e9. Puis on fait simplement s\u00e9cher \u00e0 la s\u00e9cheuse ou \u00e0 l'air libre. Peut \u00e9galement \u00eatre repass\u00e9 pour un fini impeccable, mais la plupart d'entre nous se contenteront de l'utiliser tel quel. Pas de chichis ! Son fini en coton robuste n'a pas de besoin de tant d'attentions. C'est pas mal comme vous et moi : il est juste parfait comme \u00e7a !<\/p>\n<p><strong>Entretien : <\/strong>Entretien facile. Laver et s\u00e9cher en machine au cycle ti\u00e8de avec des couleurs similaires. Utiliser de pr\u00e9f\u00e9rence un d\u00e9tergent \u00e0 lessive \u00e9cologique et non parfum\u00e9, laisser s\u00e9cher \u00e0 l'air libre et \u00e9viter l'assouplissant ou autres additifs. Repasser pour un fini impeccable.<\/p>\n<p><strong>Mat\u00e9riau :<\/strong> 100 % coton. Nous sommes fiers de nos pratiques \u00e9co-responsables et nous maintenons notre engagement quant \u00e0 nos choix ax\u00e9s sur la durabilit\u00e9. Sauf exception pour les articles fabriqu\u00e9s en production continue et r\u00e9pondant \u00e0 des standards d\u00e9termin\u00e9s, tous nos tissus proviennent du march\u00e9 de l'apr\u00e8s-vente : fins de stocks, invendus, seconde main, etc. Les articles ainsi produits sont des \u00e9ditions limit\u00e9es selon les disponibilit\u00e9s du moment.<\/p>\n<p><strong>Dimensions :<\/strong> 35 cm x 45 cm.<\/p>\n<p>Fait en Nouvelle-\u00c9cosse.<\/p>\n<p><strong>Conseil \u00e9colo :<\/strong> Saviez-vous que les d\u00e9jeuners pris sur le pouce ont un impact de taille sur notre environnement et sur notre portefeuille ? Selon le dernier sondage de Statistiques Canada en mati\u00e8re de budget alimentaire, les d\u00e9penses li\u00e9es aux achats de lunchs \u00e0 emporter comptent en moyenne pour 25 % des d\u00e9penses alimentaires des m\u00e9nages au Canada. Un quart du budget alimentaire ! C'est beaucoup. Et niveau \u00e9cologique, m\u00eame si les lois sont en train de changer rapidement, il reste que pour le moment les repas \u00e0 emporter viennent encore dans des <a href=\"https:\/\/islandstocottages.com\/fr\/repenser-nos-dechets\/\">contenants jetables<\/a>. Une empreinte \u00e9cologique bien trop copieuse pour notre ch\u00e8re plan\u00e8te\u2026 Mais on peut changer la donne. Alors on fait notre part et on part d\u00e9sormais avec notre repas sous le bras ! Pas litt\u00e9ralement\u2026 Quoique ? Bref. \u00c0 partir de maintenant on double nos portions de pr\u00e9paration cuisine et la veille au soir on se r\u00e9serve une part du repas par t\u00eate pour un lunch r\u00e9confortant sur le go, pour toute la famille. On \u00e9quilibre ainsi nos apports alimentaires, on ne se laisse pas tenter par ce qui nous tombe sous les yeux - affam\u00e9s - \u00e0 midi, et on revigore notre bourse par la m\u00eame occasion. Pr\u00eats ? Vous l'avez devin\u00e9, c'est l'heure de la pause d\u00e9jeuner !<\/p>\n<p>&nbsp;<\/p>","protected":false},"excerpt":{"rendered":"<p>100 % coton.  35 cm x 45 cm. *\u00c9dition limit\u00e9e<\/p>","protected":false},"featured_media":2501,"template":"","meta":{"nf_dc_page":"","om_disable_all_campaigns":false,"_monsterinsights_skip_tracking":false,"_monsterinsights_sitenote_active":false,"_monsterinsights_sitenote_note":"","_monsterinsights_sitenote_category":0},"product_brand":[],"product_cat":[29],"product_tag":[],"class_list":{"0":"post-2086","1":"product","2":"type-product","3":"status-publish","4":"has-post-thumbnail","6":"product_cat-home","8":"first","9":"outofstock","10":"shipping-taxable","11":"purchasable","12":"product-type-simple"},"yoast_head":"<!-- This site is optimized with the Yoast SEO plugin v27.4 - https:\/\/yoast.com\/product\/yoast-seo-wordpress\/ -->\n<title>Placemat To Go - Islands to cottages<\/title>\n<meta name=\"description\" content=\"Grab your lunch on the go with this cheerful placemat to brighten your everyday. Easy on the eyes and easy to maintain : sustainability at its best.\" \/>\n<meta name=\"robots\" content=\"index, follow, max-snippet:-1, max-image-preview:large, max-video-preview:-1\" \/>\n<link rel=\"canonical\" href=\"https:\/\/islandstocottages.com\/fr\/boutique\/home\/napperon-2\/\" \/>\n<meta property=\"og:locale\" content=\"fr_FR\" \/>\n<meta property=\"og:type\" content=\"article\" \/>\n<meta property=\"og:title\" content=\"Placemat To Go - Islands to cottages\" \/>\n<meta property=\"og:description\" content=\"Grab your lunch on the go with this cheerful placemat to brighten your everyday. Easy on the eyes and easy to maintain : sustainability at its best.\" \/>\n<meta property=\"og:url\" content=\"https:\/\/islandstocottages.com\/fr\/boutique\/home\/napperon-2\/\" \/>\n<meta property=\"og:site_name\" content=\"Islands to cottages\" \/>\n<meta property=\"article:modified_time\" content=\"2025-03-13T21:04:01+00:00\" \/>\n<meta property=\"og:image\" content=\"https:\/\/islandstocottages.com\/wp-content\/uploads\/2023\/02\/SetTable1.jpg\" \/>\n\t<meta property=\"og:image:width\" content=\"512\" \/>\n\t<meta property=\"og:image:height\" content=\"512\" \/>\n\t<meta property=\"og:image:type\" content=\"image\/jpeg\" \/>\n<meta name=\"twitter:card\" content=\"summary_large_image\" \/>\n<meta name=\"twitter:label1\" content=\"Dur\u00e9e de lecture estim\u00e9e\" \/>\n\t<meta name=\"twitter:data1\" content=\"3 minutes\" \/>\n<script type=\"application\/ld+json\" class=\"yoast-schema-graph\">{\"@context\":\"https:\\\/\\\/schema.org\",\"@graph\":[{\"@type\":\"WebPage\",\"@id\":\"https:\\\/\\\/islandstocottages.com\\\/boutique\\\/home\\\/placemat\\\/\",\"url\":\"https:\\\/\\\/islandstocottages.com\\\/boutique\\\/home\\\/placemat\\\/\",\"name\":\"Placemat To Go - Islands to cottages\",\"isPartOf\":{\"@id\":\"https:\\\/\\\/islandstocottages.com\\\/#website\"},\"primaryImageOfPage\":{\"@id\":\"https:\\\/\\\/islandstocottages.com\\\/boutique\\\/home\\\/placemat\\\/#primaryimage\"},\"image\":{\"@id\":\"https:\\\/\\\/islandstocottages.com\\\/boutique\\\/home\\\/placemat\\\/#primaryimage\"},\"thumbnailUrl\":\"https:\\\/\\\/i0.wp.com\\\/islandstocottages.com\\\/wp-content\\\/uploads\\\/2023\\\/02\\\/SetTable1.jpg?fit=512%2C512&ssl=1\",\"datePublished\":\"2023-02-16T11:32:06+00:00\",\"dateModified\":\"2025-03-13T21:04:01+00:00\",\"description\":\"Grab your lunch on the go with this cheerful placemat to brighten your everyday. Easy on the eyes and easy to maintain : sustainability at its best.\",\"breadcrumb\":{\"@id\":\"https:\\\/\\\/islandstocottages.com\\\/boutique\\\/home\\\/placemat\\\/#breadcrumb\"},\"inLanguage\":\"fr-FR\",\"potentialAction\":[{\"@type\":\"ReadAction\",\"target\":[\"https:\\\/\\\/islandstocottages.com\\\/boutique\\\/home\\\/placemat\\\/\"]}]},{\"@type\":\"ImageObject\",\"inLanguage\":\"fr-FR\",\"@id\":\"https:\\\/\\\/islandstocottages.com\\\/boutique\\\/home\\\/placemat\\\/#primaryimage\",\"url\":\"https:\\\/\\\/i0.wp.com\\\/islandstocottages.com\\\/wp-content\\\/uploads\\\/2023\\\/02\\\/SetTable1.jpg?fit=512%2C512&ssl=1\",\"contentUrl\":\"https:\\\/\\\/i0.wp.com\\\/islandstocottages.com\\\/wp-content\\\/uploads\\\/2023\\\/02\\\/SetTable1.jpg?fit=512%2C512&ssl=1\",\"width\":512,\"height\":512,\"caption\":\"Placemat to go.\"},{\"@type\":\"BreadcrumbList\",\"@id\":\"https:\\\/\\\/islandstocottages.com\\\/boutique\\\/home\\\/placemat\\\/#breadcrumb\",\"itemListElement\":[{\"@type\":\"ListItem\",\"position\":1,\"name\":\"Home\",\"item\":\"https:\\\/\\\/islandstocottages.com\\\/\"},{\"@type\":\"ListItem\",\"position\":2,\"name\":\"Boutique\",\"item\":\"https:\\\/\\\/islandstocottages.com\\\/boutique\\\/\"},{\"@type\":\"ListItem\",\"position\":3,\"name\":\"Placemat To Go\"}]},{\"@type\":\"WebSite\",\"@id\":\"https:\\\/\\\/islandstocottages.com\\\/#website\",\"url\":\"https:\\\/\\\/islandstocottages.com\\\/\",\"name\":\"Islands to cottages\",\"description\":\"Nova Scotia Sustainable + Mindful Living\",\"publisher\":{\"@id\":\"https:\\\/\\\/islandstocottages.com\\\/#organization\"},\"potentialAction\":[{\"@type\":\"SearchAction\",\"target\":{\"@type\":\"EntryPoint\",\"urlTemplate\":\"https:\\\/\\\/islandstocottages.com\\\/?s={search_term_string}\"},\"query-input\":{\"@type\":\"PropertyValueSpecification\",\"valueRequired\":true,\"valueName\":\"search_term_string\"}}],\"inLanguage\":\"fr-FR\"},{\"@type\":\"Organization\",\"@id\":\"https:\\\/\\\/islandstocottages.com\\\/#organization\",\"name\":\"Islands To Cottages\",\"url\":\"https:\\\/\\\/islandstocottages.com\\\/\",\"logo\":{\"@type\":\"ImageObject\",\"inLanguage\":\"fr-FR\",\"@id\":\"https:\\\/\\\/islandstocottages.com\\\/#\\\/schema\\\/logo\\\/image\\\/\",\"url\":\"https:\\\/\\\/i2.wp.com\\\/islandstocottages.com\\\/wp-content\\\/uploads\\\/2020\\\/06\\\/Logo.Screenshot-188.png?fit=613%2C293&ssl=1\",\"contentUrl\":\"https:\\\/\\\/i2.wp.com\\\/islandstocottages.com\\\/wp-content\\\/uploads\\\/2020\\\/06\\\/Logo.Screenshot-188.png?fit=613%2C293&ssl=1\",\"width\":613,\"height\":293,\"caption\":\"Islands To Cottages\"},\"image\":{\"@id\":\"https:\\\/\\\/islandstocottages.com\\\/#\\\/schema\\\/logo\\\/image\\\/\"}}]}<\/script>\n<!-- \/ Yoast SEO plugin. -->","yoast_head_json":{"title":"Napperon \u00e0 emporter - Islands to cottages","description":"Un d\u00e9jeuner sur le pouce reclass\u00e9 en d\u00eener \u00e9labor\u00e9 avec ce napperon \u00e0 emporter qui saura \u00e9gayer votre journ\u00e9e. Un plaisir pour les yeux et facile d'entretien : la durabilit\u00e9 \u00e0 son meilleur.","robots":{"index":"index","follow":"follow","max-snippet":"max-snippet:-1","max-image-preview":"max-image-preview:large","max-video-preview":"max-video-preview:-1"},"canonical":"https:\/\/islandstocottages.com\/fr\/boutique\/home\/napperon-2\/","og_locale":"fr_FR","og_type":"article","og_title":"Placemat To Go - Islands to cottages","og_description":"Grab your lunch on the go with this cheerful placemat to brighten your everyday. Easy on the eyes and easy to maintain : sustainability at its best.","og_url":"https:\/\/islandstocottages.com\/fr\/boutique\/home\/napperon-2\/","og_site_name":"Islands to cottages","article_modified_time":"2025-03-13T21:04:01+00:00","og_image":[{"width":512,"height":512,"url":"https:\/\/islandstocottages.com\/wp-content\/uploads\/2023\/02\/SetTable1.jpg","type":"image\/jpeg"}],"twitter_card":"summary_large_image","twitter_misc":{"Dur\u00e9e de lecture estim\u00e9e":"3 minutes"},"schema":{"@context":"https:\/\/schema.org","@graph":[{"@type":"WebPage","@id":"https:\/\/islandstocottages.com\/boutique\/home\/placemat\/","url":"https:\/\/islandstocottages.com\/boutique\/home\/placemat\/","name":"Napperon \u00e0 emporter - Islands to cottages","isPartOf":{"@id":"https:\/\/islandstocottages.com\/#website"},"primaryImageOfPage":{"@id":"https:\/\/islandstocottages.com\/boutique\/home\/placemat\/#primaryimage"},"image":{"@id":"https:\/\/islandstocottages.com\/boutique\/home\/placemat\/#primaryimage"},"thumbnailUrl":"https:\/\/i0.wp.com\/islandstocottages.com\/wp-content\/uploads\/2023\/02\/SetTable1.jpg?fit=512%2C512&ssl=1","datePublished":"2023-02-16T11:32:06+00:00","dateModified":"2025-03-13T21:04:01+00:00","description":"Un d\u00e9jeuner sur le pouce reclass\u00e9 en d\u00eener \u00e9labor\u00e9 avec ce napperon \u00e0 emporter qui saura \u00e9gayer votre journ\u00e9e. Un plaisir pour les yeux et facile d'entretien : la durabilit\u00e9 \u00e0 son meilleur.","breadcrumb":{"@id":"https:\/\/islandstocottages.com\/boutique\/home\/placemat\/#breadcrumb"},"inLanguage":"fr-FR","potentialAction":[{"@type":"ReadAction","target":["https:\/\/islandstocottages.com\/boutique\/home\/placemat\/"]}]},{"@type":"ImageObject","inLanguage":"fr-FR","@id":"https:\/\/islandstocottages.com\/boutique\/home\/placemat\/#primaryimage","url":"https:\/\/i0.wp.com\/islandstocottages.com\/wp-content\/uploads\/2023\/02\/SetTable1.jpg?fit=512%2C512&ssl=1","contentUrl":"https:\/\/i0.wp.com\/islandstocottages.com\/wp-content\/uploads\/2023\/02\/SetTable1.jpg?fit=512%2C512&ssl=1","width":512,"height":512,"caption":"Placemat to go."},{"@type":"BreadcrumbList","@id":"https:\/\/islandstocottages.com\/boutique\/home\/placemat\/#breadcrumb","itemListElement":[{"@type":"ListItem","position":1,"name":"Home","item":"https:\/\/islandstocottages.com\/"},{"@type":"ListItem","position":2,"name":"Boutique","item":"https:\/\/islandstocottages.com\/boutique\/"},{"@type":"ListItem","position":3,"name":"Placemat To Go"}]},{"@type":"WebSite","@id":"https:\/\/islandstocottages.com\/#website","url":"https:\/\/islandstocottages.com\/","name":"Islands to cottages","description":"Vie Durable + Pleine Conscience en Nouvelle-\u00c9cosse","publisher":{"@id":"https:\/\/islandstocottages.com\/#organization"},"potentialAction":[{"@type":"SearchAction","target":{"@type":"EntryPoint","urlTemplate":"https:\/\/islandstocottages.com\/?s={search_term_string}"},"query-input":{"@type":"PropertyValueSpecification","valueRequired":true,"valueName":"search_term_string"}}],"inLanguage":"fr-FR"},{"@type":"Organization","@id":"https:\/\/islandstocottages.com\/#organization","name":"Islands To Cottages","url":"https:\/\/islandstocottages.com\/","logo":{"@type":"ImageObject","inLanguage":"fr-FR","@id":"https:\/\/islandstocottages.com\/#\/schema\/logo\/image\/","url":"https:\/\/i2.wp.com\/islandstocottages.com\/wp-content\/uploads\/2020\/06\/Logo.Screenshot-188.png?fit=613%2C293&ssl=1","contentUrl":"https:\/\/i2.wp.com\/islandstocottages.com\/wp-content\/uploads\/2020\/06\/Logo.Screenshot-188.png?fit=613%2C293&ssl=1","width":613,"height":293,"caption":"Islands To Cottages"},"image":{"@id":"https:\/\/islandstocottages.com\/#\/schema\/logo\/image\/"}}]}},"jetpack_sharing_enabled":true,"jetpack-related-posts":[{"id":312,"url":"https:\/\/islandstocottages.com\/fr\/boutique\/celebrate\/pompom-garland\/","url_meta":{"origin":2086,"position":0},"title":"Guirlande de pompons","author":"islandstocottages","date":"4 juillet 2022","format":false,"excerpt":"100 % laine \u00e0 tricoter reconvertie + ficelle. 180 cm.","rel":"","context":"Article similaire","block_context":{"text":"Article similaire","link":""},"img":{"alt_text":"A pompom garland in blue tones.","src":"https:\/\/i0.wp.com\/islandstocottages.com\/wp-content\/uploads\/2022\/07\/PompomGarland1.jpg?fit=512%2C512&ssl=1&resize=350%2C200","width":350,"height":200},"classes":[]},{"id":2751,"url":"https:\/\/islandstocottages.com\/fr\/boutique\/pets\/reversible-slip-on-collar-bandana-canada\/","url_meta":{"origin":2086,"position":1},"title":"Bandana de collier r\u00e9versible amovible - Canada","author":"islandstocottages","date":"29 juin 2023","format":false,"excerpt":"100 % coton.  P 15 cm x 30 cm. G 19 cm x 45 cm. *\u00c9dition limit\u00e9e","rel":"","context":"Article similaire","block_context":{"text":"Article similaire","link":""},"img":{"alt_text":"","src":"https:\/\/i0.wp.com\/islandstocottages.com\/wp-content\/uploads\/2023\/06\/20230629_155006_HDR-scaled.jpg?fit=1112%2C1200&ssl=1&resize=350%2C200","width":350,"height":200,"srcset":"https:\/\/i0.wp.com\/islandstocottages.com\/wp-content\/uploads\/2023\/06\/20230629_155006_HDR-scaled.jpg?fit=1112%2C1200&ssl=1&resize=350%2C200 1x, https:\/\/i0.wp.com\/islandstocottages.com\/wp-content\/uploads\/2023\/06\/20230629_155006_HDR-scaled.jpg?fit=1112%2C1200&ssl=1&resize=525%2C300 1.5x, https:\/\/i0.wp.com\/islandstocottages.com\/wp-content\/uploads\/2023\/06\/20230629_155006_HDR-scaled.jpg?fit=1112%2C1200&ssl=1&resize=700%2C400 2x, https:\/\/i0.wp.com\/islandstocottages.com\/wp-content\/uploads\/2023\/06\/20230629_155006_HDR-scaled.jpg?fit=1112%2C1200&ssl=1&resize=1050%2C600 3x"},"classes":[]},{"id":310,"url":"https:\/\/islandstocottages.com\/fr\/boutique\/home\/essential-oils-clay-dispensers\/","url_meta":{"origin":2086,"position":2},"title":"Distributeurs d'huiles essentielles en argile","author":"islandstocottages","date":"4 juillet 2022","format":false,"excerpt":"Set de 4. 100 % argile. Env. 2 cm diam.","rel":"","context":"Article similaire","block_context":{"text":"Article similaire","link":""},"img":{"alt_text":"Essential oils clay dispenser.","src":"https:\/\/i0.wp.com\/islandstocottages.com\/wp-content\/uploads\/2022\/07\/ClayFreshener1.jpg?fit=440%2C439&ssl=1&resize=350%2C200","width":350,"height":200},"classes":[]},{"id":320,"url":"https:\/\/islandstocottages.com\/fr\/boutique\/home\/the-cottagers-hankies\/","url_meta":{"origin":2086,"position":3},"title":"Les mouchoirs du randonneur","author":"islandstocottages","date":"4 juillet 2022","format":false,"excerpt":"Set de 2. 100 % flanelle. 25 cm x 25 cm.","rel":"","context":"Article similaire","block_context":{"text":"Article similaire","link":""},"img":{"alt_text":"The cottager's hankies.","src":"https:\/\/i0.wp.com\/islandstocottages.com\/wp-content\/uploads\/2022\/07\/Hankies1.jpg?fit=512%2C512&ssl=1&resize=350%2C200","width":350,"height":200},"classes":[]},{"id":314,"url":"https:\/\/islandstocottages.com\/fr\/boutique\/care\/eco-makeup-pads\/","url_meta":{"origin":2086,"position":4},"title":"Lingettes d\u00e9maquillantes r\u00e9utilisables","author":"islandstocottages","date":"4 juillet 2022","format":false,"excerpt":"Set de 4. 100 % coton. 12 cm x 12 cm. *\u00c9dition limit\u00e9e","rel":"","context":"Article similaire","block_context":{"text":"Article similaire","link":""},"img":{"alt_text":"Bright colorful make-up pads.","src":"https:\/\/i0.wp.com\/islandstocottages.com\/wp-content\/uploads\/2022\/07\/MakeUpPads1.jpg?fit=461%2C461&ssl=1&resize=350%2C200","width":350,"height":200},"classes":[]},{"id":2989,"url":"https:\/\/islandstocottages.com\/fr\/boutique\/care\/eco-makeup-pads-holidays\/","url_meta":{"origin":2086,"position":5},"title":"Lingettes d\u00e9maquillantes r\u00e9utilisables - Saison des f\u00eates","author":"islandstocottages","date":"2 d\u00e9cembre 2023","format":false,"excerpt":"Set de 4. 100 % coton. 12 cm x 12 cm. *\u00c9dition limit\u00e9e","rel":"","context":"Article similaire","block_context":{"text":"Article similaire","link":""},"img":{"alt_text":"Eco Makeup Pads - Holidays","src":"https:\/\/i0.wp.com\/islandstocottages.com\/wp-content\/uploads\/2023\/12\/MakeUpPadHoliday7.jpg?fit=960%2C1200&ssl=1&resize=350%2C200","width":350,"height":200,"srcset":"https:\/\/i0.wp.com\/islandstocottages.com\/wp-content\/uploads\/2023\/12\/MakeUpPadHoliday7.jpg?fit=960%2C1200&ssl=1&resize=350%2C200 1x, https:\/\/i0.wp.com\/islandstocottages.com\/wp-content\/uploads\/2023\/12\/MakeUpPadHoliday7.jpg?fit=960%2C1200&ssl=1&resize=525%2C300 1.5x, https:\/\/i0.wp.com\/islandstocottages.com\/wp-content\/uploads\/2023\/12\/MakeUpPadHoliday7.jpg?fit=960%2C1200&ssl=1&resize=700%2C400 2x"},"classes":[]}],"_links":{"self":[{"href":"https:\/\/islandstocottages.com\/fr\/wp-json\/wp\/v2\/product\/2086","targetHints":{"allow":["GET"]}}],"collection":[{"href":"https:\/\/islandstocottages.com\/fr\/wp-json\/wp\/v2\/product"}],"about":[{"href":"https:\/\/islandstocottages.com\/fr\/wp-json\/wp\/v2\/types\/product"}],"wp:featuredmedia":[{"embeddable":true,"href":"https:\/\/islandstocottages.com\/fr\/wp-json\/wp\/v2\/media\/2501"}],"wp:attachment":[{"href":"https:\/\/islandstocottages.com\/fr\/wp-json\/wp\/v2\/media?parent=2086"}],"wp:term":[{"taxonomy":"product_brand","embeddable":true,"href":"https:\/\/islandstocottages.com\/fr\/wp-json\/wp\/v2\/product_brand?post=2086"},{"taxonomy":"product_cat","embeddable":true,"href":"https:\/\/islandstocottages.com\/fr\/wp-json\/wp\/v2\/product_cat?post=2086"},{"taxonomy":"product_tag","embeddable":true,"href":"https:\/\/islandstocottages.com\/fr\/wp-json\/wp\/v2\/product_tag?post=2086"}],"curies":[{"name":"wp","href":"https:\/\/api.w.org\/{rel}","templated":true}]}}