{"id":2161,"date":"2023-02-02T08:09:11","date_gmt":"2023-02-02T12:09:11","guid":{"rendered":"https:\/\/islandstocottages.com\/?post_type=product&#038;p=2161"},"modified":"2025-03-13T17:05:09","modified_gmt":"2025-03-13T21:05:09","slug":"papier-hygienique-zero-dechet-2","status":"publish","type":"product","link":"https:\/\/islandstocottages.com\/fr\/boutique\/care\/unpaper-toilet-paper\/","title":{"rendered":"Papier hygi\u00e9nique z\u00e9ro d\u00e9chet"},"content":{"rendered":"<p>*Contactez-nous pour commander*<\/p>\n<p>Des lingettes \u00e9cologiques et extra douces qui ne manqueront pas de faire soupirer d'aise votre arri\u00e8re-train ! Fait de flanelle \u00e0 100%, ce papier hygi\u00e9nique lavable r\u00e9utilisable s'offre \u00e0 vous pour vous permettre d'adopter le geste \u00e9cologique ultime. Si vous avez d\u00e9j\u00e0 utilis\u00e9 des couches en tissu pour les tout-petits, alors passer au papier toilette en tissu n'aura pour vous aucun secret, y a rien l\u00e0 ! Nouveaux dans le domaine du r\u00e9utilisable ? Pas de probl\u00e8me. On se lance et on commence notre exploration dans le monde des produits d'hygi\u00e8ne personnelle en tissu. Une fois le pas franchi, vous ne voudrez plus jamais revenir aux versions jetables !<\/p>\n<p>Le papier hygi\u00e9nique en tissu z\u00e9ro d\u00e9chet peut \u00eatre enroul\u00e9 sur un rouleau de papier en carton vide classique, o\u00f9 les lingettes s'accrocheront naturellement les unes aux autres pour former un rouleau bien coll\u00e9-serr\u00e9. On est le seul dans la maisonn\u00e9e pr\u00eat \u00e0 passer \u00e0 la formule \u00e9colo int\u00e9grale pour le moment ? C'est tr\u00e8s bien comme \u00e7a ! On plie soigneusement les lingettes en tissu et on les range discr\u00e8tement dans un joli panier plac\u00e9 \u00e0 port\u00e9e de main. Pour une propret\u00e9 irr\u00e9prochable et une sensation fra\u00eecheur in\u00e9galable, on humidifie l\u00e9g\u00e8rement les lingettes avec de l'eau avant utilisation. Apr\u00e8s utilisation, on les fait tremper dans un bac r\u00e9serv\u00e9 \u00e0 cet usage, rempli d'eau et de bicarbonate de soude - ou de vinaigre - jusqu'au jour de lessive. Une mini corbeille en plastique avec couvercle pivotant se chargera de cette t\u00e2che avec \u00e9l\u00e9gance. Et maintenant, comme on dit toujours : \u00e0 fessier en sant\u00e9, quotidien en beaut\u00e9 ! (Oh ? C'est juste moi ? M\u00eame pas grave.) Alors on ne tarde plus et on prend soin de notre popotin!<\/p>\n<p><strong>Entretien :<\/strong> Entretien facile. Faire tremper dans un bac rempli d'eau et de bicarbonate de soude - ou de vinaigre - jusqu'au jour de lessive. Laver et s\u00e9cher en machine au cycle chaud avec des couleurs similaires. Utiliser de pr\u00e9f\u00e9rence un d\u00e9tergent \u00e0 lessive \u00e9cologique et non parfum\u00e9. Laisser s\u00e9cher \u00e0 l'air libre et \u00e9viter l'assouplissant ou autres additifs pour une absorption sans pareil. Repasser pour un fini impeccable.<\/p>\n<p><strong>Mat\u00e9riau :<\/strong> 100 % flanelle.<\/p>\n<p><strong>Dimensions :<\/strong> 12 cm x 23 cm. Lingettes l\u00e9g\u00e8rement plus grandes que 2 feuilles de papier hygi\u00e9niques, sensation fra\u00eecheur qui compte pour 10. S'adapte \u00e0 tout rouleau cartonn\u00e9 standard vide de papier hygi\u00e9nique.<\/p>\n<p>Fait en Nouvelle-\u00c9cosse.<\/p>","protected":false},"excerpt":{"rendered":"<p>Set de 10. 100 % flanelle.  12 cm x 23 cm.<\/p>","protected":false},"featured_media":2475,"template":"","meta":{"nf_dc_page":"","om_disable_all_campaigns":false,"_monsterinsights_skip_tracking":false,"_monsterinsights_sitenote_active":false,"_monsterinsights_sitenote_note":"","_monsterinsights_sitenote_category":0},"product_brand":[],"product_cat":[28],"product_tag":[],"class_list":{"0":"post-2161","1":"product","2":"type-product","3":"status-publish","4":"has-post-thumbnail","6":"product_cat-care","8":"first","9":"outofstock","10":"shipping-taxable","11":"purchasable","12":"product-type-simple"},"yoast_head":"<!-- This site is optimized with the Yoast SEO plugin v27.6 - https:\/\/yoast.com\/product\/yoast-seo-wordpress\/ -->\n<title>Zero Waste Cloth Toilet Paper - Islands to cottages<\/title>\n<meta name=\"description\" content=\"Be kind to your behind. This 100% flannel super soft reusable and washable unpaper toilet paper is waiting for you to embrace the ultimate eco-move.\" \/>\n<meta name=\"robots\" content=\"index, follow, max-snippet:-1, max-image-preview:large, max-video-preview:-1\" \/>\n<link rel=\"canonical\" href=\"https:\/\/islandstocottages.com\/fr\/boutique\/care\/papier-hygienique-zero-dechet-2\/\" \/>\n<meta property=\"og:locale\" content=\"fr_FR\" \/>\n<meta property=\"og:type\" content=\"article\" \/>\n<meta property=\"og:title\" content=\"Zero Waste Cloth Toilet Paper - Islands to cottages\" \/>\n<meta property=\"og:description\" content=\"Be kind to your behind. This 100% flannel super soft reusable and washable unpaper toilet paper is waiting for you to embrace the ultimate eco-move.\" \/>\n<meta property=\"og:url\" content=\"https:\/\/islandstocottages.com\/fr\/boutique\/care\/papier-hygienique-zero-dechet-2\/\" \/>\n<meta property=\"og:site_name\" content=\"Islands to cottages\" \/>\n<meta property=\"article:modified_time\" content=\"2025-03-13T21:05:09+00:00\" \/>\n<meta property=\"og:image\" content=\"https:\/\/islandstocottages.com\/wp-content\/uploads\/2023\/02\/unpaperToilet1.jpg\" \/>\n\t<meta property=\"og:image:width\" content=\"512\" \/>\n\t<meta property=\"og:image:height\" content=\"512\" \/>\n\t<meta property=\"og:image:type\" content=\"image\/jpeg\" \/>\n<meta name=\"twitter:card\" content=\"summary_large_image\" \/>\n<meta name=\"twitter:label1\" content=\"Dur\u00e9e de lecture estim\u00e9e\" \/>\n\t<meta name=\"twitter:data1\" content=\"2 minutes\" \/>\n<script type=\"application\/ld+json\" class=\"yoast-schema-graph\">{\"@context\":\"https:\\\/\\\/schema.org\",\"@graph\":[{\"@type\":\"WebPage\",\"@id\":\"https:\\\/\\\/islandstocottages.com\\\/boutique\\\/care\\\/unpaper-toilet-paper\\\/\",\"url\":\"https:\\\/\\\/islandstocottages.com\\\/boutique\\\/care\\\/unpaper-toilet-paper\\\/\",\"name\":\"Zero Waste Cloth Toilet Paper - Islands to cottages\",\"isPartOf\":{\"@id\":\"https:\\\/\\\/islandstocottages.com\\\/#website\"},\"primaryImageOfPage\":{\"@id\":\"https:\\\/\\\/islandstocottages.com\\\/boutique\\\/care\\\/unpaper-toilet-paper\\\/#primaryimage\"},\"image\":{\"@id\":\"https:\\\/\\\/islandstocottages.com\\\/boutique\\\/care\\\/unpaper-toilet-paper\\\/#primaryimage\"},\"thumbnailUrl\":\"https:\\\/\\\/i0.wp.com\\\/islandstocottages.com\\\/wp-content\\\/uploads\\\/2023\\\/02\\\/unpaperToilet1.jpg?fit=512%2C512&ssl=1\",\"datePublished\":\"2023-02-02T12:09:11+00:00\",\"dateModified\":\"2025-03-13T21:05:09+00:00\",\"description\":\"Be kind to your behind. This 100% flannel super soft reusable and washable unpaper toilet paper is waiting for you to embrace the ultimate eco-move.\",\"breadcrumb\":{\"@id\":\"https:\\\/\\\/islandstocottages.com\\\/boutique\\\/care\\\/unpaper-toilet-paper\\\/#breadcrumb\"},\"inLanguage\":\"fr-FR\",\"potentialAction\":[{\"@type\":\"ReadAction\",\"target\":[\"https:\\\/\\\/islandstocottages.com\\\/boutique\\\/care\\\/unpaper-toilet-paper\\\/\"]}]},{\"@type\":\"ImageObject\",\"inLanguage\":\"fr-FR\",\"@id\":\"https:\\\/\\\/islandstocottages.com\\\/boutique\\\/care\\\/unpaper-toilet-paper\\\/#primaryimage\",\"url\":\"https:\\\/\\\/i0.wp.com\\\/islandstocottages.com\\\/wp-content\\\/uploads\\\/2023\\\/02\\\/unpaperToilet1.jpg?fit=512%2C512&ssl=1\",\"contentUrl\":\"https:\\\/\\\/i0.wp.com\\\/islandstocottages.com\\\/wp-content\\\/uploads\\\/2023\\\/02\\\/unpaperToilet1.jpg?fit=512%2C512&ssl=1\",\"width\":512,\"height\":512,\"caption\":\"Flannel unpaper toilet paper.\"},{\"@type\":\"BreadcrumbList\",\"@id\":\"https:\\\/\\\/islandstocottages.com\\\/boutique\\\/care\\\/unpaper-toilet-paper\\\/#breadcrumb\",\"itemListElement\":[{\"@type\":\"ListItem\",\"position\":1,\"name\":\"Home\",\"item\":\"https:\\\/\\\/islandstocottages.com\\\/\"},{\"@type\":\"ListItem\",\"position\":2,\"name\":\"Boutique\",\"item\":\"https:\\\/\\\/islandstocottages.com\\\/boutique\\\/\"},{\"@type\":\"ListItem\",\"position\":3,\"name\":\"Zero Waste Cloth Toilet Paper\"}]},{\"@type\":\"WebSite\",\"@id\":\"https:\\\/\\\/islandstocottages.com\\\/#website\",\"url\":\"https:\\\/\\\/islandstocottages.com\\\/\",\"name\":\"Islands to cottages\",\"description\":\"Nova Scotia Sustainable + Mindful Living\",\"publisher\":{\"@id\":\"https:\\\/\\\/islandstocottages.com\\\/#organization\"},\"potentialAction\":[{\"@type\":\"SearchAction\",\"target\":{\"@type\":\"EntryPoint\",\"urlTemplate\":\"https:\\\/\\\/islandstocottages.com\\\/?s={search_term_string}\"},\"query-input\":{\"@type\":\"PropertyValueSpecification\",\"valueRequired\":true,\"valueName\":\"search_term_string\"}}],\"inLanguage\":\"fr-FR\"},{\"@type\":\"Organization\",\"@id\":\"https:\\\/\\\/islandstocottages.com\\\/#organization\",\"name\":\"Islands To Cottages\",\"url\":\"https:\\\/\\\/islandstocottages.com\\\/\",\"logo\":{\"@type\":\"ImageObject\",\"inLanguage\":\"fr-FR\",\"@id\":\"https:\\\/\\\/islandstocottages.com\\\/#\\\/schema\\\/logo\\\/image\\\/\",\"url\":\"https:\\\/\\\/i2.wp.com\\\/islandstocottages.com\\\/wp-content\\\/uploads\\\/2020\\\/06\\\/Logo.Screenshot-188.png?fit=613%2C293&ssl=1\",\"contentUrl\":\"https:\\\/\\\/i2.wp.com\\\/islandstocottages.com\\\/wp-content\\\/uploads\\\/2020\\\/06\\\/Logo.Screenshot-188.png?fit=613%2C293&ssl=1\",\"width\":613,\"height\":293,\"caption\":\"Islands To Cottages\"},\"image\":{\"@id\":\"https:\\\/\\\/islandstocottages.com\\\/#\\\/schema\\\/logo\\\/image\\\/\"}}]}<\/script>\n<!-- \/ Yoast SEO plugin. -->","yoast_head_json":{"title":"Papier hygi\u00e9nique z\u00e9ro d\u00e9chet - Islands to cottages","description":"Prenez soin de votre popotin avec ce papier hygi\u00e9nique z\u00e9ro d\u00e9chets 100 % flanelle extra doux, lavable et r\u00e9utilisable.","robots":{"index":"index","follow":"follow","max-snippet":"max-snippet:-1","max-image-preview":"max-image-preview:large","max-video-preview":"max-video-preview:-1"},"canonical":"https:\/\/islandstocottages.com\/fr\/boutique\/care\/papier-hygienique-zero-dechet-2\/","og_locale":"fr_FR","og_type":"article","og_title":"Zero Waste Cloth Toilet Paper - Islands to cottages","og_description":"Be kind to your behind. This 100% flannel super soft reusable and washable unpaper toilet paper is waiting for you to embrace the ultimate eco-move.","og_url":"https:\/\/islandstocottages.com\/fr\/boutique\/care\/papier-hygienique-zero-dechet-2\/","og_site_name":"Islands to cottages","article_modified_time":"2025-03-13T21:05:09+00:00","og_image":[{"width":512,"height":512,"url":"https:\/\/islandstocottages.com\/wp-content\/uploads\/2023\/02\/unpaperToilet1.jpg","type":"image\/jpeg"}],"twitter_card":"summary_large_image","twitter_misc":{"Dur\u00e9e de lecture estim\u00e9e":"2 minutes"},"schema":{"@context":"https:\/\/schema.org","@graph":[{"@type":"WebPage","@id":"https:\/\/islandstocottages.com\/boutique\/care\/unpaper-toilet-paper\/","url":"https:\/\/islandstocottages.com\/boutique\/care\/unpaper-toilet-paper\/","name":"Papier hygi\u00e9nique z\u00e9ro d\u00e9chet - Islands to cottages","isPartOf":{"@id":"https:\/\/islandstocottages.com\/#website"},"primaryImageOfPage":{"@id":"https:\/\/islandstocottages.com\/boutique\/care\/unpaper-toilet-paper\/#primaryimage"},"image":{"@id":"https:\/\/islandstocottages.com\/boutique\/care\/unpaper-toilet-paper\/#primaryimage"},"thumbnailUrl":"https:\/\/i0.wp.com\/islandstocottages.com\/wp-content\/uploads\/2023\/02\/unpaperToilet1.jpg?fit=512%2C512&ssl=1","datePublished":"2023-02-02T12:09:11+00:00","dateModified":"2025-03-13T21:05:09+00:00","description":"Prenez soin de votre popotin avec ce papier hygi\u00e9nique z\u00e9ro d\u00e9chets 100 % flanelle extra doux, lavable et r\u00e9utilisable.","breadcrumb":{"@id":"https:\/\/islandstocottages.com\/boutique\/care\/unpaper-toilet-paper\/#breadcrumb"},"inLanguage":"fr-FR","potentialAction":[{"@type":"ReadAction","target":["https:\/\/islandstocottages.com\/boutique\/care\/unpaper-toilet-paper\/"]}]},{"@type":"ImageObject","inLanguage":"fr-FR","@id":"https:\/\/islandstocottages.com\/boutique\/care\/unpaper-toilet-paper\/#primaryimage","url":"https:\/\/i0.wp.com\/islandstocottages.com\/wp-content\/uploads\/2023\/02\/unpaperToilet1.jpg?fit=512%2C512&ssl=1","contentUrl":"https:\/\/i0.wp.com\/islandstocottages.com\/wp-content\/uploads\/2023\/02\/unpaperToilet1.jpg?fit=512%2C512&ssl=1","width":512,"height":512,"caption":"Flannel unpaper toilet paper."},{"@type":"BreadcrumbList","@id":"https:\/\/islandstocottages.com\/boutique\/care\/unpaper-toilet-paper\/#breadcrumb","itemListElement":[{"@type":"ListItem","position":1,"name":"Home","item":"https:\/\/islandstocottages.com\/"},{"@type":"ListItem","position":2,"name":"Boutique","item":"https:\/\/islandstocottages.com\/boutique\/"},{"@type":"ListItem","position":3,"name":"Zero Waste Cloth Toilet Paper"}]},{"@type":"WebSite","@id":"https:\/\/islandstocottages.com\/#website","url":"https:\/\/islandstocottages.com\/","name":"Islands to cottages","description":"Vie Durable + Pleine Conscience en Nouvelle-\u00c9cosse","publisher":{"@id":"https:\/\/islandstocottages.com\/#organization"},"potentialAction":[{"@type":"SearchAction","target":{"@type":"EntryPoint","urlTemplate":"https:\/\/islandstocottages.com\/?s={search_term_string}"},"query-input":{"@type":"PropertyValueSpecification","valueRequired":true,"valueName":"search_term_string"}}],"inLanguage":"fr-FR"},{"@type":"Organization","@id":"https:\/\/islandstocottages.com\/#organization","name":"Islands To Cottages","url":"https:\/\/islandstocottages.com\/","logo":{"@type":"ImageObject","inLanguage":"fr-FR","@id":"https:\/\/islandstocottages.com\/#\/schema\/logo\/image\/","url":"https:\/\/i2.wp.com\/islandstocottages.com\/wp-content\/uploads\/2020\/06\/Logo.Screenshot-188.png?fit=613%2C293&ssl=1","contentUrl":"https:\/\/i2.wp.com\/islandstocottages.com\/wp-content\/uploads\/2020\/06\/Logo.Screenshot-188.png?fit=613%2C293&ssl=1","width":613,"height":293,"caption":"Islands To Cottages"},"image":{"@id":"https:\/\/islandstocottages.com\/#\/schema\/logo\/image\/"}}]}},"jetpack_sharing_enabled":true,"jetpack-related-posts":[{"id":2977,"url":"https:\/\/islandstocottages.com\/fr\/boutique\/care\/zero-waste-cloth-baby-wipes\/","url_meta":{"origin":2161,"position":0},"title":"Lingettes z\u00e9ro d\u00e9chet","author":"islandstocottages","date":"2 d\u00e9cembre 2023","format":false,"excerpt":"Set de 5. 100 % flanelle.  19 cm x 19 cm. *\u00c9dition limit\u00e9e","rel":"","context":"Article similaire","block_context":{"text":"Article similaire","link":""},"img":{"alt_text":"Zero Waste Cloth Baby Wipes","src":"https:\/\/i0.wp.com\/islandstocottages.com\/wp-content\/uploads\/2023\/12\/BabyWipe3.jpg?fit=1200%2C1200&ssl=1&resize=350%2C200","width":350,"height":200,"srcset":"https:\/\/i0.wp.com\/islandstocottages.com\/wp-content\/uploads\/2023\/12\/BabyWipe3.jpg?fit=1200%2C1200&ssl=1&resize=350%2C200 1x, https:\/\/i0.wp.com\/islandstocottages.com\/wp-content\/uploads\/2023\/12\/BabyWipe3.jpg?fit=1200%2C1200&ssl=1&resize=525%2C300 1.5x, https:\/\/i0.wp.com\/islandstocottages.com\/wp-content\/uploads\/2023\/12\/BabyWipe3.jpg?fit=1200%2C1200&ssl=1&resize=700%2C400 2x, https:\/\/i0.wp.com\/islandstocottages.com\/wp-content\/uploads\/2023\/12\/BabyWipe3.jpg?fit=1200%2C1200&ssl=1&resize=1050%2C600 3x"},"classes":[]},{"id":318,"url":"https:\/\/islandstocottages.com\/fr\/boutique\/celebrate\/eco-cocktail-napkins\/","url_meta":{"origin":2161,"position":1},"title":"Serviettes \u00e0 cocktail en tissu","author":"islandstocottages","date":"4 juillet 2022","format":false,"excerpt":"Set de 4. 100 % coton. 25 cm x 25 cm. *\u00c9dition limit\u00e9e","rel":"","context":"Article similaire","block_context":{"text":"Article similaire","link":""},"img":{"alt_text":"A set of blue napkins.","src":"https:\/\/i0.wp.com\/islandstocottages.com\/wp-content\/uploads\/2022\/07\/EcoNapkin1.jpg?fit=512%2C512&ssl=1&resize=350%2C200","width":350,"height":200},"classes":[]},{"id":249,"url":"https:\/\/islandstocottages.com\/fr\/boutique\/celebrate\/reversible-furoshiki\/","url_meta":{"origin":2161,"position":2},"title":"Furoshiki r\u00e9versible","author":"islandstocottages","date":"28 juin 2022","format":false,"excerpt":"100 % fibres m\u00e9lang\u00e9es. 50 cm x 50 cm. *\u00c9dition limit\u00e9e","rel":"","context":"Article similaire","block_context":{"text":"Article similaire","link":""},"img":{"alt_text":"Lama furoshiki with grey undertones.","src":"https:\/\/i0.wp.com\/islandstocottages.com\/wp-content\/uploads\/2022\/06\/Furoshikigrey1.jpg?fit=512%2C512&ssl=1&resize=350%2C200","width":350,"height":200},"classes":[]},{"id":2995,"url":"https:\/\/islandstocottages.com\/fr\/boutique\/celebrate\/reversible-furoshiki-holidays-mistletoe\/","url_meta":{"origin":2161,"position":3},"title":"Furoshiki r\u00e9versible Gui - Saison des f\u00eates","author":"islandstocottages","date":"2 d\u00e9cembre 2023","format":false,"excerpt":"100 % fibres m\u00e9lang\u00e9es. 50 cm x 50 cm. *\u00c9dition limit\u00e9e","rel":"","context":"Article similaire","block_context":{"text":"Article similaire","link":""},"img":{"alt_text":"Reversible Furoshiki Holidays - Mistletoe","src":"https:\/\/i0.wp.com\/islandstocottages.com\/wp-content\/uploads\/2023\/12\/FHPOP3.jpg?fit=1200%2C1200&ssl=1&resize=350%2C200","width":350,"height":200,"srcset":"https:\/\/i0.wp.com\/islandstocottages.com\/wp-content\/uploads\/2023\/12\/FHPOP3.jpg?fit=1200%2C1200&ssl=1&resize=350%2C200 1x, https:\/\/i0.wp.com\/islandstocottages.com\/wp-content\/uploads\/2023\/12\/FHPOP3.jpg?fit=1200%2C1200&ssl=1&resize=525%2C300 1.5x, https:\/\/i0.wp.com\/islandstocottages.com\/wp-content\/uploads\/2023\/12\/FHPOP3.jpg?fit=1200%2C1200&ssl=1&resize=700%2C400 2x, https:\/\/i0.wp.com\/islandstocottages.com\/wp-content\/uploads\/2023\/12\/FHPOP3.jpg?fit=1200%2C1200&ssl=1&resize=1050%2C600 3x"},"classes":[]},{"id":3002,"url":"https:\/\/islandstocottages.com\/fr\/boutique\/celebrate\/reversible-furoshiki-holidays-snowflakes\/","url_meta":{"origin":2161,"position":4},"title":"Furoshiki r\u00e9versible Flocons - Saison des f\u00eates","author":"islandstocottages","date":"2 d\u00e9cembre 2023","format":false,"excerpt":"100 % fibres m\u00e9lang\u00e9es. 50 cm x 50 cm. *\u00c9dition limit\u00e9e","rel":"","context":"Article similaire","block_context":{"text":"Article similaire","link":""},"img":{"alt_text":"Reversible Furoshiki Holidays - Snowflakes","src":"https:\/\/i0.wp.com\/islandstocottages.com\/wp-content\/uploads\/2023\/12\/sqFuroshiki2Winter.jpg?fit=441%2C442&ssl=1&resize=350%2C200","width":350,"height":200},"classes":[]},{"id":3008,"url":"https:\/\/islandstocottages.com\/fr\/boutique\/celebrate\/reversible-furoshiki-holidays-icicle\/","url_meta":{"origin":2161,"position":5},"title":"Furoshiki r\u00e9versible Gla\u00e7on - Saison des f\u00eates","author":"islandstocottages","date":"2 d\u00e9cembre 2023","format":false,"excerpt":"100 % fibres m\u00e9lang\u00e9es. 50 cm x 50 cm. *\u00c9dition limit\u00e9e","rel":"","context":"Article similaire","block_context":{"text":"Article similaire","link":""},"img":{"alt_text":"Reversible Furoshiki Holidays - Icicle","src":"https:\/\/i0.wp.com\/islandstocottages.com\/wp-content\/uploads\/2023\/12\/FHMEDIAS.1.jpg?fit=1200%2C1200&ssl=1&resize=350%2C200","width":350,"height":200,"srcset":"https:\/\/i0.wp.com\/islandstocottages.com\/wp-content\/uploads\/2023\/12\/FHMEDIAS.1.jpg?fit=1200%2C1200&ssl=1&resize=350%2C200 1x, https:\/\/i0.wp.com\/islandstocottages.com\/wp-content\/uploads\/2023\/12\/FHMEDIAS.1.jpg?fit=1200%2C1200&ssl=1&resize=525%2C300 1.5x, https:\/\/i0.wp.com\/islandstocottages.com\/wp-content\/uploads\/2023\/12\/FHMEDIAS.1.jpg?fit=1200%2C1200&ssl=1&resize=700%2C400 2x, https:\/\/i0.wp.com\/islandstocottages.com\/wp-content\/uploads\/2023\/12\/FHMEDIAS.1.jpg?fit=1200%2C1200&ssl=1&resize=1050%2C600 3x"},"classes":[]}],"_links":{"self":[{"href":"https:\/\/islandstocottages.com\/fr\/wp-json\/wp\/v2\/product\/2161","targetHints":{"allow":["GET"]}}],"collection":[{"href":"https:\/\/islandstocottages.com\/fr\/wp-json\/wp\/v2\/product"}],"about":[{"href":"https:\/\/islandstocottages.com\/fr\/wp-json\/wp\/v2\/types\/product"}],"wp:featuredmedia":[{"embeddable":true,"href":"https:\/\/islandstocottages.com\/fr\/wp-json\/wp\/v2\/media\/2475"}],"wp:attachment":[{"href":"https:\/\/islandstocottages.com\/fr\/wp-json\/wp\/v2\/media?parent=2161"}],"wp:term":[{"taxonomy":"product_brand","embeddable":true,"href":"https:\/\/islandstocottages.com\/fr\/wp-json\/wp\/v2\/product_brand?post=2161"},{"taxonomy":"product_cat","embeddable":true,"href":"https:\/\/islandstocottages.com\/fr\/wp-json\/wp\/v2\/product_cat?post=2161"},{"taxonomy":"product_tag","embeddable":true,"href":"https:\/\/islandstocottages.com\/fr\/wp-json\/wp\/v2\/product_tag?post=2161"}],"curies":[{"name":"wp","href":"https:\/\/api.w.org\/{rel}","templated":true}]}}