{"id":2172,"date":"2023-02-01T14:06:00","date_gmt":"2023-02-01T18:06:00","guid":{"rendered":"https:\/\/islandstocottages.com\/?post_type=product&#038;p=2172"},"modified":"2025-03-13T17:06:09","modified_gmt":"2025-03-13T21:06:09","slug":"compresses-interlabiales-tissu-2","status":"publish","type":"product","link":"https:\/\/islandstocottages.com\/fr\/boutique\/care\/eco-interlabial-pads\/","title":{"rendered":"Compresses interlabiales en tissu"},"content":{"rendered":"<p>*Contactez-nous pour commander*<\/p>\n<p>Quand l'hygi\u00e8ne f\u00e9minine prend des allures \u00e9colos, on adopte \u00e0 100 % et on chouchoute notre patrimoine f\u00e9minin en douceur. \u00c9galement coquettement appel\u00e9s coussinets en p\u00e9tales ou p\u00e9tales menstruels, ces essentiels innovants et astucieux sont \u00e0 la mode sur le Web en ce moment. Ergonomiques, tr\u00e8s absorbantes et ultra confortables, les compresses interlabiales r\u00e9utilisables z\u00e9ro d\u00e9chet sont un excellent compl\u00e9ment aux classiques serviettes et coupes menstruelles. Elles sont une option durable et \u00e9conomique pour \u00e9tayer les incontournables accessoires menstruels traditionnels, et un excellent outil pour \u00e9viter les taches disgracieuses \u00e0 l'approche des menstruations.<\/p>\n<p>Mais ces compresses interlabiales lavables en tissu ne sont pas destin\u00e9es \u00e0 \u00eatre utilis\u00e9es uniquement pendant les r\u00e8gles. Elles sont id\u00e9ales pour vaquer \u00e0 nos occupations l'esprit tranquille au quotidien. Et pour garder sous silence la petite goutte qui s'\u00e9goutte fortuitement dans les hypoth\u00e9tiques cas d'incontinence l\u00e9g\u00e8re, de s\u00e9cr\u00e9tions inopin\u00e9es, de fous rires en d\u00e9lire, d'\u00e9ternuements \u00e9nur\u00e9tiques et autres subtils indices que des vessies d\u00e9licates s'\u00e9vertuent \u00e0 nous sugg\u00e9rer jour apr\u00e8s jour. Les compresses interlabiales z\u00e9ro d\u00e9chet nous gardent au frais tout au long de la journ\u00e9e, jusqu'\u00e0 la prochaine pause propret\u00e9. Les deux couches de flanelle douce et durable leur conf\u00e8rent une excellente capacit\u00e9 d'a\u00e9ration, limitant la prolif\u00e9ration de bact\u00e9ries et r\u00e9duisant les odeurs.<\/p>\n<p>Avertissement pratique ! On s'assure de retirer la compresse avant d'utiliser les toilettes et surtout on ne la laisse pas tomber dans la cuvette. Et dans le cas (peu) probable o\u00f9 \u00e7a se passe, ne jamais tirer la chasse sans la retirer de la cuvette. Auquel cas on est bons pour un appel co\u00fbteux - et disons-le franchement quelque peu inconfortable - au plombier\u2026 Et pour finir, comment porter la compresse interlabiale ? On la plie simplement en deux dans le sens de la longueur et on la place entre les l\u00e8vres de notre f\u00e9minit\u00e9. Le corps se chargera de la maintenir en place, tout en douceur. Rien de plus facile !<\/p>\n<p><strong>Entretien :<\/strong> Entretien facile. Faire tremper dans un bac rempli d'eau et de bicarbonate de soude - ou de vinaigre - jusqu'au jour de lessive. Laver et s\u00e9cher en machine au cycle chaud avec des couleurs similaires. Utiliser de pr\u00e9f\u00e9rence un d\u00e9tergent \u00e0 lessive \u00e9cologique et non parfum\u00e9. Laisser s\u00e9cher \u00e0 l'air libre et \u00e9viter l'assouplissant ou autres additifs pour une absorption sans pareil. Repasser pour un fini impeccable.<\/p>\n<p><strong>Mat\u00e9riau :<\/strong> 100 % flanelle.<\/p>\n<p><strong>Dimensions :<\/strong> 6 cm x 11 cm.<\/p>\n<p>Fait en Nouvelle-\u00c9cosse.<\/p>","protected":false},"excerpt":{"rendered":"<p>Set de 10. 100 % flanelle.  6 cm x 11 cm.<\/p>","protected":false},"featured_media":2457,"template":"","meta":{"nf_dc_page":"","om_disable_all_campaigns":false,"_monsterinsights_skip_tracking":false,"_monsterinsights_sitenote_active":false,"_monsterinsights_sitenote_note":"","_monsterinsights_sitenote_category":0},"product_brand":[],"product_cat":[28],"product_tag":[],"class_list":{"0":"post-2172","1":"product","2":"type-product","3":"status-publish","4":"has-post-thumbnail","6":"product_cat-care","8":"first","9":"outofstock","10":"shipping-taxable","11":"purchasable","12":"product-type-simple"},"yoast_head":"<!-- This site is optimized with the Yoast SEO plugin v27.4 - https:\/\/yoast.com\/product\/yoast-seo-wordpress\/ -->\n<title>Eco Interlabial Pads - Islands to cottages<\/title>\n<meta name=\"description\" content=\"Eco-friendly feminine hygiene at its best with those zero waste washable and reusable cloth interlabial pads. Pamper your female attire with peace of mind.\" \/>\n<meta name=\"robots\" content=\"index, follow, max-snippet:-1, max-image-preview:large, max-video-preview:-1\" \/>\n<link rel=\"canonical\" href=\"https:\/\/islandstocottages.com\/fr\/boutique\/care\/compresses-interlabiales-tissu-2\/\" \/>\n<meta property=\"og:locale\" content=\"fr_FR\" \/>\n<meta property=\"og:type\" content=\"article\" \/>\n<meta property=\"og:title\" content=\"Eco Interlabial Pads - Islands to cottages\" \/>\n<meta property=\"og:description\" content=\"Eco-friendly feminine hygiene at its best with those zero waste washable and reusable cloth interlabial pads. Pamper your female attire with peace of mind.\" \/>\n<meta property=\"og:url\" content=\"https:\/\/islandstocottages.com\/fr\/boutique\/care\/compresses-interlabiales-tissu-2\/\" \/>\n<meta property=\"og:site_name\" content=\"Islands to cottages\" \/>\n<meta property=\"article:modified_time\" content=\"2025-03-13T21:06:09+00:00\" \/>\n<meta property=\"og:image\" content=\"https:\/\/islandstocottages.com\/wp-content\/uploads\/2023\/02\/interlabial.1.jpg\" \/>\n\t<meta property=\"og:image:width\" content=\"512\" \/>\n\t<meta property=\"og:image:height\" content=\"512\" \/>\n\t<meta property=\"og:image:type\" content=\"image\/jpeg\" \/>\n<meta name=\"twitter:card\" content=\"summary_large_image\" \/>\n<meta name=\"twitter:label1\" content=\"Dur\u00e9e de lecture estim\u00e9e\" \/>\n\t<meta name=\"twitter:data1\" content=\"2 minutes\" \/>\n<script type=\"application\/ld+json\" class=\"yoast-schema-graph\">{\"@context\":\"https:\\\/\\\/schema.org\",\"@graph\":[{\"@type\":\"WebPage\",\"@id\":\"https:\\\/\\\/islandstocottages.com\\\/boutique\\\/care\\\/eco-interlabial-pads\\\/\",\"url\":\"https:\\\/\\\/islandstocottages.com\\\/boutique\\\/care\\\/eco-interlabial-pads\\\/\",\"name\":\"Eco Interlabial Pads - Islands to cottages\",\"isPartOf\":{\"@id\":\"https:\\\/\\\/islandstocottages.com\\\/#website\"},\"primaryImageOfPage\":{\"@id\":\"https:\\\/\\\/islandstocottages.com\\\/boutique\\\/care\\\/eco-interlabial-pads\\\/#primaryimage\"},\"image\":{\"@id\":\"https:\\\/\\\/islandstocottages.com\\\/boutique\\\/care\\\/eco-interlabial-pads\\\/#primaryimage\"},\"thumbnailUrl\":\"https:\\\/\\\/i0.wp.com\\\/islandstocottages.com\\\/wp-content\\\/uploads\\\/2023\\\/02\\\/interlabial.1.jpg?fit=512%2C512&ssl=1\",\"datePublished\":\"2023-02-01T18:06:00+00:00\",\"dateModified\":\"2025-03-13T21:06:09+00:00\",\"description\":\"Eco-friendly feminine hygiene at its best with those zero waste washable and reusable cloth interlabial pads. Pamper your female attire with peace of mind.\",\"breadcrumb\":{\"@id\":\"https:\\\/\\\/islandstocottages.com\\\/boutique\\\/care\\\/eco-interlabial-pads\\\/#breadcrumb\"},\"inLanguage\":\"fr-FR\",\"potentialAction\":[{\"@type\":\"ReadAction\",\"target\":[\"https:\\\/\\\/islandstocottages.com\\\/boutique\\\/care\\\/eco-interlabial-pads\\\/\"]}]},{\"@type\":\"ImageObject\",\"inLanguage\":\"fr-FR\",\"@id\":\"https:\\\/\\\/islandstocottages.com\\\/boutique\\\/care\\\/eco-interlabial-pads\\\/#primaryimage\",\"url\":\"https:\\\/\\\/i0.wp.com\\\/islandstocottages.com\\\/wp-content\\\/uploads\\\/2023\\\/02\\\/interlabial.1.jpg?fit=512%2C512&ssl=1\",\"contentUrl\":\"https:\\\/\\\/i0.wp.com\\\/islandstocottages.com\\\/wp-content\\\/uploads\\\/2023\\\/02\\\/interlabial.1.jpg?fit=512%2C512&ssl=1\",\"width\":512,\"height\":512,\"caption\":\"Eco interlabial pads.\"},{\"@type\":\"BreadcrumbList\",\"@id\":\"https:\\\/\\\/islandstocottages.com\\\/boutique\\\/care\\\/eco-interlabial-pads\\\/#breadcrumb\",\"itemListElement\":[{\"@type\":\"ListItem\",\"position\":1,\"name\":\"Home\",\"item\":\"https:\\\/\\\/islandstocottages.com\\\/\"},{\"@type\":\"ListItem\",\"position\":2,\"name\":\"Boutique\",\"item\":\"https:\\\/\\\/islandstocottages.com\\\/boutique\\\/\"},{\"@type\":\"ListItem\",\"position\":3,\"name\":\"Eco Interlabial Pads\"}]},{\"@type\":\"WebSite\",\"@id\":\"https:\\\/\\\/islandstocottages.com\\\/#website\",\"url\":\"https:\\\/\\\/islandstocottages.com\\\/\",\"name\":\"Islands to cottages\",\"description\":\"Nova Scotia Sustainable + Mindful Living\",\"publisher\":{\"@id\":\"https:\\\/\\\/islandstocottages.com\\\/#organization\"},\"potentialAction\":[{\"@type\":\"SearchAction\",\"target\":{\"@type\":\"EntryPoint\",\"urlTemplate\":\"https:\\\/\\\/islandstocottages.com\\\/?s={search_term_string}\"},\"query-input\":{\"@type\":\"PropertyValueSpecification\",\"valueRequired\":true,\"valueName\":\"search_term_string\"}}],\"inLanguage\":\"fr-FR\"},{\"@type\":\"Organization\",\"@id\":\"https:\\\/\\\/islandstocottages.com\\\/#organization\",\"name\":\"Islands To Cottages\",\"url\":\"https:\\\/\\\/islandstocottages.com\\\/\",\"logo\":{\"@type\":\"ImageObject\",\"inLanguage\":\"fr-FR\",\"@id\":\"https:\\\/\\\/islandstocottages.com\\\/#\\\/schema\\\/logo\\\/image\\\/\",\"url\":\"https:\\\/\\\/i2.wp.com\\\/islandstocottages.com\\\/wp-content\\\/uploads\\\/2020\\\/06\\\/Logo.Screenshot-188.png?fit=613%2C293&ssl=1\",\"contentUrl\":\"https:\\\/\\\/i2.wp.com\\\/islandstocottages.com\\\/wp-content\\\/uploads\\\/2020\\\/06\\\/Logo.Screenshot-188.png?fit=613%2C293&ssl=1\",\"width\":613,\"height\":293,\"caption\":\"Islands To Cottages\"},\"image\":{\"@id\":\"https:\\\/\\\/islandstocottages.com\\\/#\\\/schema\\\/logo\\\/image\\\/\"}}]}<\/script>\n<!-- \/ Yoast SEO plugin. -->","yoast_head_json":{"title":"Compresses interlabiales en tissu - Islands to cottages","description":"On chouchoute notre patrimoine f\u00e9minin tout en douceur avec ces compresses interlabiales lavables et r\u00e9utilisables z\u00e9ro d\u00e9chet en tissu pour une hygi\u00e8ne f\u00e9minine 100 % \u00e9co-consciente.","robots":{"index":"index","follow":"follow","max-snippet":"max-snippet:-1","max-image-preview":"max-image-preview:large","max-video-preview":"max-video-preview:-1"},"canonical":"https:\/\/islandstocottages.com\/fr\/boutique\/care\/compresses-interlabiales-tissu-2\/","og_locale":"fr_FR","og_type":"article","og_title":"Eco Interlabial Pads - Islands to cottages","og_description":"Eco-friendly feminine hygiene at its best with those zero waste washable and reusable cloth interlabial pads. Pamper your female attire with peace of mind.","og_url":"https:\/\/islandstocottages.com\/fr\/boutique\/care\/compresses-interlabiales-tissu-2\/","og_site_name":"Islands to cottages","article_modified_time":"2025-03-13T21:06:09+00:00","og_image":[{"width":512,"height":512,"url":"https:\/\/islandstocottages.com\/wp-content\/uploads\/2023\/02\/interlabial.1.jpg","type":"image\/jpeg"}],"twitter_card":"summary_large_image","twitter_misc":{"Dur\u00e9e de lecture estim\u00e9e":"2 minutes"},"schema":{"@context":"https:\/\/schema.org","@graph":[{"@type":"WebPage","@id":"https:\/\/islandstocottages.com\/boutique\/care\/eco-interlabial-pads\/","url":"https:\/\/islandstocottages.com\/boutique\/care\/eco-interlabial-pads\/","name":"Compresses interlabiales en tissu - Islands to cottages","isPartOf":{"@id":"https:\/\/islandstocottages.com\/#website"},"primaryImageOfPage":{"@id":"https:\/\/islandstocottages.com\/boutique\/care\/eco-interlabial-pads\/#primaryimage"},"image":{"@id":"https:\/\/islandstocottages.com\/boutique\/care\/eco-interlabial-pads\/#primaryimage"},"thumbnailUrl":"https:\/\/i0.wp.com\/islandstocottages.com\/wp-content\/uploads\/2023\/02\/interlabial.1.jpg?fit=512%2C512&ssl=1","datePublished":"2023-02-01T18:06:00+00:00","dateModified":"2025-03-13T21:06:09+00:00","description":"On chouchoute notre patrimoine f\u00e9minin tout en douceur avec ces compresses interlabiales lavables et r\u00e9utilisables z\u00e9ro d\u00e9chet en tissu pour une hygi\u00e8ne f\u00e9minine 100 % \u00e9co-consciente.","breadcrumb":{"@id":"https:\/\/islandstocottages.com\/boutique\/care\/eco-interlabial-pads\/#breadcrumb"},"inLanguage":"fr-FR","potentialAction":[{"@type":"ReadAction","target":["https:\/\/islandstocottages.com\/boutique\/care\/eco-interlabial-pads\/"]}]},{"@type":"ImageObject","inLanguage":"fr-FR","@id":"https:\/\/islandstocottages.com\/boutique\/care\/eco-interlabial-pads\/#primaryimage","url":"https:\/\/i0.wp.com\/islandstocottages.com\/wp-content\/uploads\/2023\/02\/interlabial.1.jpg?fit=512%2C512&ssl=1","contentUrl":"https:\/\/i0.wp.com\/islandstocottages.com\/wp-content\/uploads\/2023\/02\/interlabial.1.jpg?fit=512%2C512&ssl=1","width":512,"height":512,"caption":"Eco interlabial pads."},{"@type":"BreadcrumbList","@id":"https:\/\/islandstocottages.com\/boutique\/care\/eco-interlabial-pads\/#breadcrumb","itemListElement":[{"@type":"ListItem","position":1,"name":"Home","item":"https:\/\/islandstocottages.com\/"},{"@type":"ListItem","position":2,"name":"Boutique","item":"https:\/\/islandstocottages.com\/boutique\/"},{"@type":"ListItem","position":3,"name":"Eco Interlabial Pads"}]},{"@type":"WebSite","@id":"https:\/\/islandstocottages.com\/#website","url":"https:\/\/islandstocottages.com\/","name":"Islands to cottages","description":"Vie Durable + Pleine Conscience en Nouvelle-\u00c9cosse","publisher":{"@id":"https:\/\/islandstocottages.com\/#organization"},"potentialAction":[{"@type":"SearchAction","target":{"@type":"EntryPoint","urlTemplate":"https:\/\/islandstocottages.com\/?s={search_term_string}"},"query-input":{"@type":"PropertyValueSpecification","valueRequired":true,"valueName":"search_term_string"}}],"inLanguage":"fr-FR"},{"@type":"Organization","@id":"https:\/\/islandstocottages.com\/#organization","name":"Islands To Cottages","url":"https:\/\/islandstocottages.com\/","logo":{"@type":"ImageObject","inLanguage":"fr-FR","@id":"https:\/\/islandstocottages.com\/#\/schema\/logo\/image\/","url":"https:\/\/i2.wp.com\/islandstocottages.com\/wp-content\/uploads\/2020\/06\/Logo.Screenshot-188.png?fit=613%2C293&ssl=1","contentUrl":"https:\/\/i2.wp.com\/islandstocottages.com\/wp-content\/uploads\/2020\/06\/Logo.Screenshot-188.png?fit=613%2C293&ssl=1","width":613,"height":293,"caption":"Islands To Cottages"},"image":{"@id":"https:\/\/islandstocottages.com\/#\/schema\/logo\/image\/"}}]}},"jetpack_sharing_enabled":true,"jetpack-related-posts":[{"id":2989,"url":"https:\/\/islandstocottages.com\/fr\/boutique\/care\/eco-makeup-pads-holidays\/","url_meta":{"origin":2172,"position":0},"title":"Lingettes d\u00e9maquillantes r\u00e9utilisables - Saison des f\u00eates","author":"islandstocottages","date":"2 d\u00e9cembre 2023","format":false,"excerpt":"Set de 4. 100 % coton. 12 cm x 12 cm. *\u00c9dition limit\u00e9e","rel":"","context":"Article similaire","block_context":{"text":"Article similaire","link":""},"img":{"alt_text":"Eco Makeup Pads - Holidays","src":"https:\/\/i0.wp.com\/islandstocottages.com\/wp-content\/uploads\/2023\/12\/MakeUpPadHoliday7.jpg?fit=960%2C1200&ssl=1&resize=350%2C200","width":350,"height":200,"srcset":"https:\/\/i0.wp.com\/islandstocottages.com\/wp-content\/uploads\/2023\/12\/MakeUpPadHoliday7.jpg?fit=960%2C1200&ssl=1&resize=350%2C200 1x, https:\/\/i0.wp.com\/islandstocottages.com\/wp-content\/uploads\/2023\/12\/MakeUpPadHoliday7.jpg?fit=960%2C1200&ssl=1&resize=525%2C300 1.5x, https:\/\/i0.wp.com\/islandstocottages.com\/wp-content\/uploads\/2023\/12\/MakeUpPadHoliday7.jpg?fit=960%2C1200&ssl=1&resize=700%2C400 2x"},"classes":[]},{"id":314,"url":"https:\/\/islandstocottages.com\/fr\/boutique\/care\/eco-makeup-pads\/","url_meta":{"origin":2172,"position":1},"title":"Lingettes d\u00e9maquillantes r\u00e9utilisables","author":"islandstocottages","date":"4 juillet 2022","format":false,"excerpt":"Set de 4. 100 % coton. 12 cm x 12 cm. *\u00c9dition limit\u00e9e","rel":"","context":"Article similaire","block_context":{"text":"Article similaire","link":""},"img":{"alt_text":"Bright colorful make-up pads.","src":"https:\/\/i0.wp.com\/islandstocottages.com\/wp-content\/uploads\/2022\/07\/MakeUpPads1.jpg?fit=461%2C461&ssl=1&resize=350%2C200","width":350,"height":200},"classes":[]},{"id":2556,"url":"https:\/\/islandstocottages.com\/fr\/boutique\/home\/sensory-wooden-heart\/","url_meta":{"origin":2172,"position":2},"title":"C\u0153ur sensoriel en bois","author":"islandstocottages","date":"17 mars 2023","format":false,"excerpt":"100 % bois r\u00e9invent\u00e9 + flanelle. Env. 10 cm x 14 cm.","rel":"","context":"Article similaire","block_context":{"text":"Article similaire","link":""},"img":{"alt_text":"Double sided sensory wooden heart.","src":"https:\/\/i0.wp.com\/islandstocottages.com\/wp-content\/uploads\/2023\/03\/WoodenHeart4.jpg?fit=512%2C512&ssl=1&resize=350%2C200","width":350,"height":200},"classes":[]},{"id":318,"url":"https:\/\/islandstocottages.com\/fr\/boutique\/celebrate\/eco-cocktail-napkins\/","url_meta":{"origin":2172,"position":3},"title":"Serviettes \u00e0 cocktail en tissu","author":"islandstocottages","date":"4 juillet 2022","format":false,"excerpt":"Set de 4. 100 % coton. 25 cm x 25 cm. *\u00c9dition limit\u00e9e","rel":"","context":"Article similaire","block_context":{"text":"Article similaire","link":""},"img":{"alt_text":"A set of blue napkins.","src":"https:\/\/i0.wp.com\/islandstocottages.com\/wp-content\/uploads\/2022\/07\/EcoNapkin1.jpg?fit=512%2C512&ssl=1&resize=350%2C200","width":350,"height":200},"classes":[]},{"id":249,"url":"https:\/\/islandstocottages.com\/fr\/boutique\/celebrate\/reversible-furoshiki\/","url_meta":{"origin":2172,"position":4},"title":"Furoshiki r\u00e9versible","author":"islandstocottages","date":"28 juin 2022","format":false,"excerpt":"100 % fibres m\u00e9lang\u00e9es. 50 cm x 50 cm. *\u00c9dition limit\u00e9e","rel":"","context":"Article similaire","block_context":{"text":"Article similaire","link":""},"img":{"alt_text":"Lama furoshiki with grey undertones.","src":"https:\/\/i0.wp.com\/islandstocottages.com\/wp-content\/uploads\/2022\/06\/Furoshikigrey1.jpg?fit=512%2C512&ssl=1&resize=350%2C200","width":350,"height":200},"classes":[]},{"id":2995,"url":"https:\/\/islandstocottages.com\/fr\/boutique\/celebrate\/reversible-furoshiki-holidays-mistletoe\/","url_meta":{"origin":2172,"position":5},"title":"Furoshiki r\u00e9versible Gui - Saison des f\u00eates","author":"islandstocottages","date":"2 d\u00e9cembre 2023","format":false,"excerpt":"100 % fibres m\u00e9lang\u00e9es. 50 cm x 50 cm. *\u00c9dition limit\u00e9e","rel":"","context":"Article similaire","block_context":{"text":"Article similaire","link":""},"img":{"alt_text":"Reversible Furoshiki Holidays - Mistletoe","src":"https:\/\/i0.wp.com\/islandstocottages.com\/wp-content\/uploads\/2023\/12\/FHPOP3.jpg?fit=1200%2C1200&ssl=1&resize=350%2C200","width":350,"height":200,"srcset":"https:\/\/i0.wp.com\/islandstocottages.com\/wp-content\/uploads\/2023\/12\/FHPOP3.jpg?fit=1200%2C1200&ssl=1&resize=350%2C200 1x, https:\/\/i0.wp.com\/islandstocottages.com\/wp-content\/uploads\/2023\/12\/FHPOP3.jpg?fit=1200%2C1200&ssl=1&resize=525%2C300 1.5x, https:\/\/i0.wp.com\/islandstocottages.com\/wp-content\/uploads\/2023\/12\/FHPOP3.jpg?fit=1200%2C1200&ssl=1&resize=700%2C400 2x, https:\/\/i0.wp.com\/islandstocottages.com\/wp-content\/uploads\/2023\/12\/FHPOP3.jpg?fit=1200%2C1200&ssl=1&resize=1050%2C600 3x"},"classes":[]}],"_links":{"self":[{"href":"https:\/\/islandstocottages.com\/fr\/wp-json\/wp\/v2\/product\/2172","targetHints":{"allow":["GET"]}}],"collection":[{"href":"https:\/\/islandstocottages.com\/fr\/wp-json\/wp\/v2\/product"}],"about":[{"href":"https:\/\/islandstocottages.com\/fr\/wp-json\/wp\/v2\/types\/product"}],"wp:featuredmedia":[{"embeddable":true,"href":"https:\/\/islandstocottages.com\/fr\/wp-json\/wp\/v2\/media\/2457"}],"wp:attachment":[{"href":"https:\/\/islandstocottages.com\/fr\/wp-json\/wp\/v2\/media?parent=2172"}],"wp:term":[{"taxonomy":"product_brand","embeddable":true,"href":"https:\/\/islandstocottages.com\/fr\/wp-json\/wp\/v2\/product_brand?post=2172"},{"taxonomy":"product_cat","embeddable":true,"href":"https:\/\/islandstocottages.com\/fr\/wp-json\/wp\/v2\/product_cat?post=2172"},{"taxonomy":"product_tag","embeddable":true,"href":"https:\/\/islandstocottages.com\/fr\/wp-json\/wp\/v2\/product_tag?post=2172"}],"curies":[{"name":"wp","href":"https:\/\/api.w.org\/{rel}","templated":true}]}}