{"id":2556,"date":"2023-03-17T13:02:29","date_gmt":"2023-03-17T17:02:29","guid":{"rendered":"https:\/\/islandstocottages.com\/?post_type=product&#038;p=2556"},"modified":"2025-03-13T17:02:16","modified_gmt":"2025-03-13T21:02:16","slug":"coeur-sensoriel-en-bois-2","status":"publish","type":"product","link":"https:\/\/islandstocottages.com\/fr\/boutique\/home\/sensory-wooden-heart\/","title":{"rendered":"C\u0153ur sensoriel en bois"},"content":{"rendered":"<p>*Contactez-nous pour commander*<\/p>\n<p>Apprenez \u00e0 vous aimer et partagez votre c\u0153ur. \u00c9prouv\u00e9 ou naissant, passionn\u00e9 ou platonique, l'amour a de nombreux visages et, m\u00eame s'il est loin d'\u00eatre parfait, il n'en reste pas moins beau, peu importe la forme qu'il prend. Alors on commence par <a href=\"https:\/\/islandstocottages.com\/fr\/aimer-commence-par-soi\/\">s'aimer soi-m\u00eame<\/a> puis on partage notre c\u0153ur, tout simplement\u2026<\/p>\n<p>Ce c\u0153ur sensoriel en bois est s\u00fbr de faire fondre le \u2665 de son destinataire. Fait de bois massif r\u00e9invent\u00e9 et de douce flanelle, une texture unique sur chacune des faces, pour une exp\u00e9rience tactile in\u00e9dite. On dit que les contraires s'attirent et on ne peut qu'adh\u00e9rer ! Le c\u00f4t\u00e9 bois offre une surface organique et textur\u00e9e tandis que le versant flanelle est quant \u00e0 lui apaisant et chaleureux, un accord parfait ! Mettez-le bien en \u00e9vidence dans des zones strat\u00e9giques tout autour de la maison pour profiter pleinement de ce petit plaisir pour les yeux, jour apr\u00e8s jour. Qui a dit que f\u00e9vrier devait pr\u00f4ner l'amour en exclusivit\u00e9 ?<\/p>\n<p><strong>Entretien :<\/strong> D\u00e9poussi\u00e9rer de temps en temps avec un chiffon sec dans les endroits plus fr\u00e9quent\u00e9s.<\/p>\n<p><strong>Mat\u00e9riau :<\/strong> Bois, flanelle.<\/p>\n<p><strong>Dimensions :<\/strong> Env. 10 cm x 14 cm.<\/p>\n<p>Fait en Nouvelle-\u00c9cosse.<\/p>\n<p><strong>Conseil \u00e9colo : <\/strong>On donne le ton en introduisant des \u00e9l\u00e9ments de plein air aux reflets organiques dans nos murs. On choisit des accessoires respectueux de l'environnement et des pi\u00e8ces artisanales pour bien d\u00e9marquer son style et d\u00e9finir un espace personnalis\u00e9. Et pas besoin de vider notre cochon tirelire pour recr\u00e9er une ambiance des plus luxueuses ! Pour mettre en vitrine les joyaux de la nature, une branche tomb\u00e9e lors des derni\u00e8res intemp\u00e9ries ou un coquillage trouv\u00e9 en bord de mer feront des merveilles, apportant ainsi texture et une bonne bouff\u00e9e d'air frais dans notre int\u00e9rieur.<\/p>","protected":false},"excerpt":{"rendered":"<p>100 % bois r\u00e9invent\u00e9 + flanelle. Env. 10 cm x 14 cm.<\/p>","protected":false},"featured_media":2557,"template":"","meta":{"nf_dc_page":"","om_disable_all_campaigns":false,"_monsterinsights_skip_tracking":false,"_monsterinsights_sitenote_active":false,"_monsterinsights_sitenote_note":"","_monsterinsights_sitenote_category":0},"product_brand":[],"product_cat":[29],"product_tag":[],"class_list":{"0":"post-2556","1":"product","2":"type-product","3":"status-publish","4":"has-post-thumbnail","6":"product_cat-home","8":"first","9":"outofstock","10":"shipping-taxable","11":"purchasable","12":"product-type-simple"},"yoast_head":"<!-- This site is optimized with the Yoast SEO plugin v27.4 - https:\/\/yoast.com\/product\/yoast-seo-wordpress\/ -->\n<title>Sensory Wooden Heart - Islands to cottages<\/title>\n<meta name=\"description\" content=\"Steal everyone&#039;s heart with this showstopper. This double sided sensory wooden heart will delight your senses and your eyes just the same.\" \/>\n<meta name=\"robots\" content=\"index, follow, max-snippet:-1, max-image-preview:large, max-video-preview:-1\" \/>\n<link rel=\"canonical\" href=\"https:\/\/islandstocottages.com\/fr\/boutique\/home\/coeur-sensoriel-en-bois-2\/\" \/>\n<meta property=\"og:locale\" content=\"fr_FR\" \/>\n<meta property=\"og:type\" content=\"article\" \/>\n<meta property=\"og:title\" content=\"Sensory Wooden Heart - Islands to cottages\" \/>\n<meta property=\"og:description\" content=\"Steal everyone&#039;s heart with this showstopper. This double sided sensory wooden heart will delight your senses and your eyes just the same.\" \/>\n<meta property=\"og:url\" content=\"https:\/\/islandstocottages.com\/fr\/boutique\/home\/coeur-sensoriel-en-bois-2\/\" \/>\n<meta property=\"og:site_name\" content=\"Islands to cottages\" \/>\n<meta property=\"article:modified_time\" content=\"2025-03-13T21:02:16+00:00\" \/>\n<meta property=\"og:image\" content=\"https:\/\/islandstocottages.com\/wp-content\/uploads\/2023\/03\/WoodenHeart4.jpg\" \/>\n\t<meta property=\"og:image:width\" content=\"512\" \/>\n\t<meta property=\"og:image:height\" content=\"512\" \/>\n\t<meta property=\"og:image:type\" content=\"image\/jpeg\" \/>\n<meta name=\"twitter:card\" content=\"summary_large_image\" \/>\n<meta name=\"twitter:label1\" content=\"Dur\u00e9e de lecture estim\u00e9e\" \/>\n\t<meta name=\"twitter:data1\" content=\"2 minutes\" \/>\n<script type=\"application\/ld+json\" class=\"yoast-schema-graph\">{\"@context\":\"https:\\\/\\\/schema.org\",\"@graph\":[{\"@type\":\"WebPage\",\"@id\":\"https:\\\/\\\/islandstocottages.com\\\/boutique\\\/home\\\/sensory-wooden-heart\\\/\",\"url\":\"https:\\\/\\\/islandstocottages.com\\\/boutique\\\/home\\\/sensory-wooden-heart\\\/\",\"name\":\"Sensory Wooden Heart - Islands to cottages\",\"isPartOf\":{\"@id\":\"https:\\\/\\\/islandstocottages.com\\\/#website\"},\"primaryImageOfPage\":{\"@id\":\"https:\\\/\\\/islandstocottages.com\\\/boutique\\\/home\\\/sensory-wooden-heart\\\/#primaryimage\"},\"image\":{\"@id\":\"https:\\\/\\\/islandstocottages.com\\\/boutique\\\/home\\\/sensory-wooden-heart\\\/#primaryimage\"},\"thumbnailUrl\":\"https:\\\/\\\/i0.wp.com\\\/islandstocottages.com\\\/wp-content\\\/uploads\\\/2023\\\/03\\\/WoodenHeart4.jpg?fit=512%2C512&ssl=1\",\"datePublished\":\"2023-03-17T17:02:29+00:00\",\"dateModified\":\"2025-03-13T21:02:16+00:00\",\"description\":\"Steal everyone's heart with this showstopper. This double sided sensory wooden heart will delight your senses and your eyes just the same.\",\"breadcrumb\":{\"@id\":\"https:\\\/\\\/islandstocottages.com\\\/boutique\\\/home\\\/sensory-wooden-heart\\\/#breadcrumb\"},\"inLanguage\":\"fr-FR\",\"potentialAction\":[{\"@type\":\"ReadAction\",\"target\":[\"https:\\\/\\\/islandstocottages.com\\\/boutique\\\/home\\\/sensory-wooden-heart\\\/\"]}]},{\"@type\":\"ImageObject\",\"inLanguage\":\"fr-FR\",\"@id\":\"https:\\\/\\\/islandstocottages.com\\\/boutique\\\/home\\\/sensory-wooden-heart\\\/#primaryimage\",\"url\":\"https:\\\/\\\/i0.wp.com\\\/islandstocottages.com\\\/wp-content\\\/uploads\\\/2023\\\/03\\\/WoodenHeart4.jpg?fit=512%2C512&ssl=1\",\"contentUrl\":\"https:\\\/\\\/i0.wp.com\\\/islandstocottages.com\\\/wp-content\\\/uploads\\\/2023\\\/03\\\/WoodenHeart4.jpg?fit=512%2C512&ssl=1\",\"width\":512,\"height\":512,\"caption\":\"Sensory wooden heart.\"},{\"@type\":\"BreadcrumbList\",\"@id\":\"https:\\\/\\\/islandstocottages.com\\\/boutique\\\/home\\\/sensory-wooden-heart\\\/#breadcrumb\",\"itemListElement\":[{\"@type\":\"ListItem\",\"position\":1,\"name\":\"Home\",\"item\":\"https:\\\/\\\/islandstocottages.com\\\/\"},{\"@type\":\"ListItem\",\"position\":2,\"name\":\"Boutique\",\"item\":\"https:\\\/\\\/islandstocottages.com\\\/boutique\\\/\"},{\"@type\":\"ListItem\",\"position\":3,\"name\":\"Sensory Wooden Heart\"}]},{\"@type\":\"WebSite\",\"@id\":\"https:\\\/\\\/islandstocottages.com\\\/#website\",\"url\":\"https:\\\/\\\/islandstocottages.com\\\/\",\"name\":\"Islands to cottages\",\"description\":\"Nova Scotia Sustainable + Mindful Living\",\"publisher\":{\"@id\":\"https:\\\/\\\/islandstocottages.com\\\/#organization\"},\"potentialAction\":[{\"@type\":\"SearchAction\",\"target\":{\"@type\":\"EntryPoint\",\"urlTemplate\":\"https:\\\/\\\/islandstocottages.com\\\/?s={search_term_string}\"},\"query-input\":{\"@type\":\"PropertyValueSpecification\",\"valueRequired\":true,\"valueName\":\"search_term_string\"}}],\"inLanguage\":\"fr-FR\"},{\"@type\":\"Organization\",\"@id\":\"https:\\\/\\\/islandstocottages.com\\\/#organization\",\"name\":\"Islands To Cottages\",\"url\":\"https:\\\/\\\/islandstocottages.com\\\/\",\"logo\":{\"@type\":\"ImageObject\",\"inLanguage\":\"fr-FR\",\"@id\":\"https:\\\/\\\/islandstocottages.com\\\/#\\\/schema\\\/logo\\\/image\\\/\",\"url\":\"https:\\\/\\\/i2.wp.com\\\/islandstocottages.com\\\/wp-content\\\/uploads\\\/2020\\\/06\\\/Logo.Screenshot-188.png?fit=613%2C293&ssl=1\",\"contentUrl\":\"https:\\\/\\\/i2.wp.com\\\/islandstocottages.com\\\/wp-content\\\/uploads\\\/2020\\\/06\\\/Logo.Screenshot-188.png?fit=613%2C293&ssl=1\",\"width\":613,\"height\":293,\"caption\":\"Islands To Cottages\"},\"image\":{\"@id\":\"https:\\\/\\\/islandstocottages.com\\\/#\\\/schema\\\/logo\\\/image\\\/\"}}]}<\/script>\n<!-- \/ Yoast SEO plugin. -->","yoast_head_json":{"title":"Coeur sensoriel en bois - Islands to cottages","description":"Steal everyone's heart with this showstopper. This double sided sensory wooden heart will delight your senses and your eyes just the same.","robots":{"index":"index","follow":"follow","max-snippet":"max-snippet:-1","max-image-preview":"max-image-preview:large","max-video-preview":"max-video-preview:-1"},"canonical":"https:\/\/islandstocottages.com\/fr\/boutique\/home\/coeur-sensoriel-en-bois-2\/","og_locale":"fr_FR","og_type":"article","og_title":"Sensory Wooden Heart - Islands to cottages","og_description":"Steal everyone's heart with this showstopper. This double sided sensory wooden heart will delight your senses and your eyes just the same.","og_url":"https:\/\/islandstocottages.com\/fr\/boutique\/home\/coeur-sensoriel-en-bois-2\/","og_site_name":"Islands to cottages","article_modified_time":"2025-03-13T21:02:16+00:00","og_image":[{"width":512,"height":512,"url":"https:\/\/islandstocottages.com\/wp-content\/uploads\/2023\/03\/WoodenHeart4.jpg","type":"image\/jpeg"}],"twitter_card":"summary_large_image","twitter_misc":{"Dur\u00e9e de lecture estim\u00e9e":"2 minutes"},"schema":{"@context":"https:\/\/schema.org","@graph":[{"@type":"WebPage","@id":"https:\/\/islandstocottages.com\/boutique\/home\/sensory-wooden-heart\/","url":"https:\/\/islandstocottages.com\/boutique\/home\/sensory-wooden-heart\/","name":"Coeur sensoriel en bois - Islands to cottages","isPartOf":{"@id":"https:\/\/islandstocottages.com\/#website"},"primaryImageOfPage":{"@id":"https:\/\/islandstocottages.com\/boutique\/home\/sensory-wooden-heart\/#primaryimage"},"image":{"@id":"https:\/\/islandstocottages.com\/boutique\/home\/sensory-wooden-heart\/#primaryimage"},"thumbnailUrl":"https:\/\/i0.wp.com\/islandstocottages.com\/wp-content\/uploads\/2023\/03\/WoodenHeart4.jpg?fit=512%2C512&ssl=1","datePublished":"2023-03-17T17:02:29+00:00","dateModified":"2025-03-13T21:02:16+00:00","description":"Steal everyone's heart with this showstopper. This double sided sensory wooden heart will delight your senses and your eyes just the same.","breadcrumb":{"@id":"https:\/\/islandstocottages.com\/boutique\/home\/sensory-wooden-heart\/#breadcrumb"},"inLanguage":"fr-FR","potentialAction":[{"@type":"ReadAction","target":["https:\/\/islandstocottages.com\/boutique\/home\/sensory-wooden-heart\/"]}]},{"@type":"ImageObject","inLanguage":"fr-FR","@id":"https:\/\/islandstocottages.com\/boutique\/home\/sensory-wooden-heart\/#primaryimage","url":"https:\/\/i0.wp.com\/islandstocottages.com\/wp-content\/uploads\/2023\/03\/WoodenHeart4.jpg?fit=512%2C512&ssl=1","contentUrl":"https:\/\/i0.wp.com\/islandstocottages.com\/wp-content\/uploads\/2023\/03\/WoodenHeart4.jpg?fit=512%2C512&ssl=1","width":512,"height":512,"caption":"Sensory wooden heart."},{"@type":"BreadcrumbList","@id":"https:\/\/islandstocottages.com\/boutique\/home\/sensory-wooden-heart\/#breadcrumb","itemListElement":[{"@type":"ListItem","position":1,"name":"Home","item":"https:\/\/islandstocottages.com\/"},{"@type":"ListItem","position":2,"name":"Boutique","item":"https:\/\/islandstocottages.com\/boutique\/"},{"@type":"ListItem","position":3,"name":"Sensory Wooden Heart"}]},{"@type":"WebSite","@id":"https:\/\/islandstocottages.com\/#website","url":"https:\/\/islandstocottages.com\/","name":"Islands to cottages","description":"Vie Durable + Pleine Conscience en Nouvelle-\u00c9cosse","publisher":{"@id":"https:\/\/islandstocottages.com\/#organization"},"potentialAction":[{"@type":"SearchAction","target":{"@type":"EntryPoint","urlTemplate":"https:\/\/islandstocottages.com\/?s={search_term_string}"},"query-input":{"@type":"PropertyValueSpecification","valueRequired":true,"valueName":"search_term_string"}}],"inLanguage":"fr-FR"},{"@type":"Organization","@id":"https:\/\/islandstocottages.com\/#organization","name":"Islands To Cottages","url":"https:\/\/islandstocottages.com\/","logo":{"@type":"ImageObject","inLanguage":"fr-FR","@id":"https:\/\/islandstocottages.com\/#\/schema\/logo\/image\/","url":"https:\/\/i2.wp.com\/islandstocottages.com\/wp-content\/uploads\/2020\/06\/Logo.Screenshot-188.png?fit=613%2C293&ssl=1","contentUrl":"https:\/\/i2.wp.com\/islandstocottages.com\/wp-content\/uploads\/2020\/06\/Logo.Screenshot-188.png?fit=613%2C293&ssl=1","width":613,"height":293,"caption":"Islands To Cottages"},"image":{"@id":"https:\/\/islandstocottages.com\/#\/schema\/logo\/image\/"}}]}},"jetpack_sharing_enabled":true,"jetpack-related-posts":[{"id":2713,"url":"https:\/\/islandstocottages.com\/fr\/boutique\/home\/sensory-wooden-seahorse\/","url_meta":{"origin":2556,"position":0},"title":"Hippocampe sensoriel en bois","author":"islandstocottages","date":"12 juin 2023","format":false,"excerpt":"100 % bois r\u00e9invent\u00e9 + vernis non toxique. Env. 13 cm x 26 cm.","rel":"","context":"Article similaire","block_context":{"text":"Article similaire","link":""},"img":{"alt_text":"Wooden seahorse","src":"https:\/\/i0.wp.com\/islandstocottages.com\/wp-content\/uploads\/2023\/06\/Seahorse1-scaled.jpg?fit=994%2C1200&ssl=1&resize=350%2C200","width":350,"height":200,"srcset":"https:\/\/i0.wp.com\/islandstocottages.com\/wp-content\/uploads\/2023\/06\/Seahorse1-scaled.jpg?fit=994%2C1200&ssl=1&resize=350%2C200 1x, https:\/\/i0.wp.com\/islandstocottages.com\/wp-content\/uploads\/2023\/06\/Seahorse1-scaled.jpg?fit=994%2C1200&ssl=1&resize=525%2C300 1.5x, https:\/\/i0.wp.com\/islandstocottages.com\/wp-content\/uploads\/2023\/06\/Seahorse1-scaled.jpg?fit=994%2C1200&ssl=1&resize=700%2C400 2x"},"classes":[]},{"id":2161,"url":"https:\/\/islandstocottages.com\/fr\/boutique\/care\/unpaper-toilet-paper\/","url_meta":{"origin":2556,"position":1},"title":"Papier hygi\u00e9nique z\u00e9ro d\u00e9chet","author":"islandstocottages","date":"2 f\u00e9vrier 2023","format":false,"excerpt":"Set de 10. 100 % flanelle.  12 cm x 23 cm.","rel":"","context":"Article similaire","block_context":{"text":"Article similaire","link":""},"img":{"alt_text":"Flannel unpaper toilet paper.","src":"https:\/\/i0.wp.com\/islandstocottages.com\/wp-content\/uploads\/2023\/02\/unpaperToilet1.jpg?fit=512%2C512&ssl=1&resize=350%2C200","width":350,"height":200},"classes":[]},{"id":2172,"url":"https:\/\/islandstocottages.com\/fr\/boutique\/care\/eco-interlabial-pads\/","url_meta":{"origin":2556,"position":2},"title":"Compresses interlabiales en tissu","author":"islandstocottages","date":"1 f\u00e9vrier 2023","format":false,"excerpt":"Set de 10. 100 % flanelle.  6 cm x 11 cm.","rel":"","context":"Article similaire","block_context":{"text":"Article similaire","link":""},"img":{"alt_text":"Eco interlabial pads.","src":"https:\/\/i0.wp.com\/islandstocottages.com\/wp-content\/uploads\/2023\/02\/interlabial.1.jpg?fit=512%2C512&ssl=1&resize=350%2C200","width":350,"height":200},"classes":[]},{"id":2977,"url":"https:\/\/islandstocottages.com\/fr\/boutique\/care\/zero-waste-cloth-baby-wipes\/","url_meta":{"origin":2556,"position":3},"title":"Lingettes z\u00e9ro d\u00e9chet","author":"islandstocottages","date":"2 d\u00e9cembre 2023","format":false,"excerpt":"Set de 5. 100 % flanelle.  19 cm x 19 cm. *\u00c9dition limit\u00e9e","rel":"","context":"Article similaire","block_context":{"text":"Article similaire","link":""},"img":{"alt_text":"Zero Waste Cloth Baby Wipes","src":"https:\/\/i0.wp.com\/islandstocottages.com\/wp-content\/uploads\/2023\/12\/BabyWipe3.jpg?fit=1200%2C1200&ssl=1&resize=350%2C200","width":350,"height":200,"srcset":"https:\/\/i0.wp.com\/islandstocottages.com\/wp-content\/uploads\/2023\/12\/BabyWipe3.jpg?fit=1200%2C1200&ssl=1&resize=350%2C200 1x, https:\/\/i0.wp.com\/islandstocottages.com\/wp-content\/uploads\/2023\/12\/BabyWipe3.jpg?fit=1200%2C1200&ssl=1&resize=525%2C300 1.5x, https:\/\/i0.wp.com\/islandstocottages.com\/wp-content\/uploads\/2023\/12\/BabyWipe3.jpg?fit=1200%2C1200&ssl=1&resize=700%2C400 2x, https:\/\/i0.wp.com\/islandstocottages.com\/wp-content\/uploads\/2023\/12\/BabyWipe3.jpg?fit=1200%2C1200&ssl=1&resize=1050%2C600 3x"},"classes":[]},{"id":320,"url":"https:\/\/islandstocottages.com\/fr\/boutique\/home\/the-cottagers-hankies\/","url_meta":{"origin":2556,"position":4},"title":"Les mouchoirs du randonneur","author":"islandstocottages","date":"4 juillet 2022","format":false,"excerpt":"Set de 2. 100 % flanelle. 25 cm x 25 cm.","rel":"","context":"Article similaire","block_context":{"text":"Article similaire","link":""},"img":{"alt_text":"The cottager's hankies.","src":"https:\/\/i0.wp.com\/islandstocottages.com\/wp-content\/uploads\/2022\/07\/Hankies1.jpg?fit=512%2C512&ssl=1&resize=350%2C200","width":350,"height":200},"classes":[]},{"id":2155,"url":"https:\/\/islandstocottages.com\/fr\/boutique\/home\/wrist-key-keeper\/","url_meta":{"origin":2556,"position":5},"title":"Porte-cl\u00e9s de poignet","author":"islandstocottages","date":"23 f\u00e9vrier 2023","format":false,"excerpt":"100 % coton. 2 cm x 18 cm. *\u00c9dition limit\u00e9e","rel":"","context":"Article similaire","block_context":{"text":"Article similaire","link":""},"img":{"alt_text":"Fabric wrist key keeper.","src":"https:\/\/i0.wp.com\/islandstocottages.com\/wp-content\/uploads\/2023\/02\/PorteCles.1.jpg?fit=512%2C511&ssl=1&resize=350%2C200","width":350,"height":200},"classes":[]}],"_links":{"self":[{"href":"https:\/\/islandstocottages.com\/fr\/wp-json\/wp\/v2\/product\/2556","targetHints":{"allow":["GET"]}}],"collection":[{"href":"https:\/\/islandstocottages.com\/fr\/wp-json\/wp\/v2\/product"}],"about":[{"href":"https:\/\/islandstocottages.com\/fr\/wp-json\/wp\/v2\/types\/product"}],"wp:featuredmedia":[{"embeddable":true,"href":"https:\/\/islandstocottages.com\/fr\/wp-json\/wp\/v2\/media\/2557"}],"wp:attachment":[{"href":"https:\/\/islandstocottages.com\/fr\/wp-json\/wp\/v2\/media?parent=2556"}],"wp:term":[{"taxonomy":"product_brand","embeddable":true,"href":"https:\/\/islandstocottages.com\/fr\/wp-json\/wp\/v2\/product_brand?post=2556"},{"taxonomy":"product_cat","embeddable":true,"href":"https:\/\/islandstocottages.com\/fr\/wp-json\/wp\/v2\/product_cat?post=2556"},{"taxonomy":"product_tag","embeddable":true,"href":"https:\/\/islandstocottages.com\/fr\/wp-json\/wp\/v2\/product_tag?post=2556"}],"curies":[{"name":"wp","href":"https:\/\/api.w.org\/{rel}","templated":true}]}}