{"id":2713,"date":"2023-06-12T12:09:45","date_gmt":"2023-06-12T16:09:45","guid":{"rendered":"https:\/\/islandstocottages.com\/?post_type=product&#038;p=2713"},"modified":"2025-03-13T17:01:20","modified_gmt":"2025-03-13T21:01:20","slug":"hippocampe-sensoriel-en-bois-2","status":"publish","type":"product","link":"https:\/\/islandstocottages.com\/fr\/boutique\/home\/sensory-wooden-seahorse\/","title":{"rendered":"Hippocampe sensoriel en bois"},"content":{"rendered":"<p>*Contactez-nous pour commander*<\/p>\n<p>Figure de l'affection paternelle par excellence, l'hippocampe m\u00e2le est une cr\u00e9ature r\u00e9put\u00e9e pour l'attention port\u00e9e \u00e0 la prog\u00e9niture parce que, dans le monde des hippocampes, c'est bel et bien le p\u00e8re qui s'occupe des jeunes. Repr\u00e9sentation ultime de la protection et de la bienveillance, les hippocampes sont un symbole reconnu de la bonne fortune qui r\u00e8gne au sein d'une famille, et des valeurs positives de parent\u00e9 distill\u00e9es sous ce toit.<\/p>\n<p>Ces hippocampes de belle taille sont fabriqu\u00e9s de bois \u00e0 100 % recycl\u00e9, doux au toucher et prot\u00e9g\u00e9s contre les intemp\u00e9ries afin de pouvoir les exposer \u00e0 l'ext\u00e9rieur, tout au long de l'ann\u00e9e. Le design unique de ces hippocampes sensoriels en bois, fabriqu\u00e9s \u00e0 la main avec style et grand soin, saura habiller fi\u00e8rement votre porte d'entr\u00e9e et clamera haut et fort ce qu'on d\u00e9sire tous entendre : ici, il fait bon vivre !<\/p>\n<p><strong>Entretien :<\/strong> D\u00e9poussi\u00e9rer de temps en temps avec un chiffon.<\/p>\n<p><strong>Mat\u00e9riau :<\/strong> Bois r\u00e9invent\u00e9, ficelle.<\/p>\n<p><strong>Dimensions :<\/strong> Env. 13 cm x 26 cm.<\/p>\n<p>Fait en Nouvelle-\u00c9cosse.<\/p>","protected":false},"excerpt":{"rendered":"<p>100 % bois r\u00e9invent\u00e9 + vernis non toxique. Env. 13 cm x 26 cm.<\/p>","protected":false},"featured_media":2715,"template":"","meta":{"nf_dc_page":"","om_disable_all_campaigns":false,"_monsterinsights_skip_tracking":false,"_monsterinsights_sitenote_active":false,"_monsterinsights_sitenote_note":"","_monsterinsights_sitenote_category":0},"product_brand":[],"product_cat":[29],"product_tag":[],"class_list":{"0":"post-2713","1":"product","2":"type-product","3":"status-publish","4":"has-post-thumbnail","6":"product_cat-home","8":"first","9":"outofstock","10":"shipping-taxable","11":"purchasable","12":"product-type-simple"},"yoast_head":"<!-- This site is optimized with the Yoast SEO plugin v27.4 - https:\/\/yoast.com\/product\/yoast-seo-wordpress\/ -->\n<title>Sensory Wooden Seahorse - Islands to cottages<\/title>\n<meta name=\"description\" content=\"This sensory wooden seahorse will proudly ornate your front door and make the statement we all crave to hear : happiness is in the house.\" \/>\n<meta name=\"robots\" content=\"index, follow, max-snippet:-1, max-image-preview:large, max-video-preview:-1\" \/>\n<link rel=\"canonical\" href=\"https:\/\/islandstocottages.com\/fr\/boutique\/home\/hippocampe-sensoriel-en-bois-2\/\" \/>\n<meta property=\"og:locale\" content=\"fr_FR\" \/>\n<meta property=\"og:type\" content=\"article\" \/>\n<meta property=\"og:title\" content=\"Sensory Wooden Seahorse - Islands to cottages\" \/>\n<meta property=\"og:description\" content=\"This sensory wooden seahorse will proudly ornate your front door and make the statement we all crave to hear : happiness is in the house.\" \/>\n<meta property=\"og:url\" content=\"https:\/\/islandstocottages.com\/fr\/boutique\/home\/hippocampe-sensoriel-en-bois-2\/\" \/>\n<meta property=\"og:site_name\" content=\"Islands to cottages\" \/>\n<meta property=\"article:modified_time\" content=\"2025-03-13T21:01:20+00:00\" \/>\n<meta property=\"og:image\" content=\"https:\/\/islandstocottages.com\/wp-content\/uploads\/2023\/06\/Seahorse1-scaled.jpg\" \/>\n\t<meta property=\"og:image:width\" content=\"2121\" \/>\n\t<meta property=\"og:image:height\" content=\"2560\" \/>\n\t<meta property=\"og:image:type\" content=\"image\/jpeg\" \/>\n<meta name=\"twitter:card\" content=\"summary_large_image\" \/>\n<meta name=\"twitter:label1\" content=\"Dur\u00e9e de lecture estim\u00e9e\" \/>\n\t<meta name=\"twitter:data1\" content=\"1 minute\" \/>\n<script type=\"application\/ld+json\" class=\"yoast-schema-graph\">{\"@context\":\"https:\\\/\\\/schema.org\",\"@graph\":[{\"@type\":\"WebPage\",\"@id\":\"https:\\\/\\\/islandstocottages.com\\\/boutique\\\/home\\\/sensory-wooden-seahorse\\\/\",\"url\":\"https:\\\/\\\/islandstocottages.com\\\/boutique\\\/home\\\/sensory-wooden-seahorse\\\/\",\"name\":\"Sensory Wooden Seahorse - Islands to cottages\",\"isPartOf\":{\"@id\":\"https:\\\/\\\/islandstocottages.com\\\/#website\"},\"primaryImageOfPage\":{\"@id\":\"https:\\\/\\\/islandstocottages.com\\\/boutique\\\/home\\\/sensory-wooden-seahorse\\\/#primaryimage\"},\"image\":{\"@id\":\"https:\\\/\\\/islandstocottages.com\\\/boutique\\\/home\\\/sensory-wooden-seahorse\\\/#primaryimage\"},\"thumbnailUrl\":\"https:\\\/\\\/i0.wp.com\\\/islandstocottages.com\\\/wp-content\\\/uploads\\\/2023\\\/06\\\/Seahorse1-scaled.jpg?fit=2121%2C2560&ssl=1\",\"datePublished\":\"2023-06-12T16:09:45+00:00\",\"dateModified\":\"2025-03-13T21:01:20+00:00\",\"description\":\"This sensory wooden seahorse will proudly ornate your front door and make the statement we all crave to hear : happiness is in the house.\",\"breadcrumb\":{\"@id\":\"https:\\\/\\\/islandstocottages.com\\\/boutique\\\/home\\\/sensory-wooden-seahorse\\\/#breadcrumb\"},\"inLanguage\":\"fr-FR\",\"potentialAction\":[{\"@type\":\"ReadAction\",\"target\":[\"https:\\\/\\\/islandstocottages.com\\\/boutique\\\/home\\\/sensory-wooden-seahorse\\\/\"]}]},{\"@type\":\"ImageObject\",\"inLanguage\":\"fr-FR\",\"@id\":\"https:\\\/\\\/islandstocottages.com\\\/boutique\\\/home\\\/sensory-wooden-seahorse\\\/#primaryimage\",\"url\":\"https:\\\/\\\/i0.wp.com\\\/islandstocottages.com\\\/wp-content\\\/uploads\\\/2023\\\/06\\\/Seahorse1-scaled.jpg?fit=2121%2C2560&ssl=1\",\"contentUrl\":\"https:\\\/\\\/i0.wp.com\\\/islandstocottages.com\\\/wp-content\\\/uploads\\\/2023\\\/06\\\/Seahorse1-scaled.jpg?fit=2121%2C2560&ssl=1\",\"width\":2121,\"height\":2560,\"caption\":\"Wooden seahorse\"},{\"@type\":\"BreadcrumbList\",\"@id\":\"https:\\\/\\\/islandstocottages.com\\\/boutique\\\/home\\\/sensory-wooden-seahorse\\\/#breadcrumb\",\"itemListElement\":[{\"@type\":\"ListItem\",\"position\":1,\"name\":\"Home\",\"item\":\"https:\\\/\\\/islandstocottages.com\\\/\"},{\"@type\":\"ListItem\",\"position\":2,\"name\":\"Boutique\",\"item\":\"https:\\\/\\\/islandstocottages.com\\\/boutique\\\/\"},{\"@type\":\"ListItem\",\"position\":3,\"name\":\"Sensory Wooden Seahorse\"}]},{\"@type\":\"WebSite\",\"@id\":\"https:\\\/\\\/islandstocottages.com\\\/#website\",\"url\":\"https:\\\/\\\/islandstocottages.com\\\/\",\"name\":\"Islands to cottages\",\"description\":\"Nova Scotia Sustainable + Mindful Living\",\"publisher\":{\"@id\":\"https:\\\/\\\/islandstocottages.com\\\/#organization\"},\"potentialAction\":[{\"@type\":\"SearchAction\",\"target\":{\"@type\":\"EntryPoint\",\"urlTemplate\":\"https:\\\/\\\/islandstocottages.com\\\/?s={search_term_string}\"},\"query-input\":{\"@type\":\"PropertyValueSpecification\",\"valueRequired\":true,\"valueName\":\"search_term_string\"}}],\"inLanguage\":\"fr-FR\"},{\"@type\":\"Organization\",\"@id\":\"https:\\\/\\\/islandstocottages.com\\\/#organization\",\"name\":\"Islands To Cottages\",\"url\":\"https:\\\/\\\/islandstocottages.com\\\/\",\"logo\":{\"@type\":\"ImageObject\",\"inLanguage\":\"fr-FR\",\"@id\":\"https:\\\/\\\/islandstocottages.com\\\/#\\\/schema\\\/logo\\\/image\\\/\",\"url\":\"https:\\\/\\\/i2.wp.com\\\/islandstocottages.com\\\/wp-content\\\/uploads\\\/2020\\\/06\\\/Logo.Screenshot-188.png?fit=613%2C293&ssl=1\",\"contentUrl\":\"https:\\\/\\\/i2.wp.com\\\/islandstocottages.com\\\/wp-content\\\/uploads\\\/2020\\\/06\\\/Logo.Screenshot-188.png?fit=613%2C293&ssl=1\",\"width\":613,\"height\":293,\"caption\":\"Islands To Cottages\"},\"image\":{\"@id\":\"https:\\\/\\\/islandstocottages.com\\\/#\\\/schema\\\/logo\\\/image\\\/\"}}]}<\/script>\n<!-- \/ Yoast SEO plugin. -->","yoast_head_json":{"title":"Hippocampe sensoriel en bois - Islands to cottages","description":"Cet hippocampe en bois r\u00e9invent\u00e9 saura habiller votre entr\u00e9e tout en faisant passer le message qu'on r\u00eave tous d'entendre : ici, il fait bon vivre\u2026","robots":{"index":"index","follow":"follow","max-snippet":"max-snippet:-1","max-image-preview":"max-image-preview:large","max-video-preview":"max-video-preview:-1"},"canonical":"https:\/\/islandstocottages.com\/fr\/boutique\/home\/hippocampe-sensoriel-en-bois-2\/","og_locale":"fr_FR","og_type":"article","og_title":"Sensory Wooden Seahorse - Islands to cottages","og_description":"This sensory wooden seahorse will proudly ornate your front door and make the statement we all crave to hear : happiness is in the house.","og_url":"https:\/\/islandstocottages.com\/fr\/boutique\/home\/hippocampe-sensoriel-en-bois-2\/","og_site_name":"Islands to cottages","article_modified_time":"2025-03-13T21:01:20+00:00","og_image":[{"width":2121,"height":2560,"url":"https:\/\/islandstocottages.com\/wp-content\/uploads\/2023\/06\/Seahorse1-scaled.jpg","type":"image\/jpeg"}],"twitter_card":"summary_large_image","twitter_misc":{"Dur\u00e9e de lecture estim\u00e9e":"1 minute"},"schema":{"@context":"https:\/\/schema.org","@graph":[{"@type":"WebPage","@id":"https:\/\/islandstocottages.com\/boutique\/home\/sensory-wooden-seahorse\/","url":"https:\/\/islandstocottages.com\/boutique\/home\/sensory-wooden-seahorse\/","name":"Hippocampe sensoriel en bois - Islands to cottages","isPartOf":{"@id":"https:\/\/islandstocottages.com\/#website"},"primaryImageOfPage":{"@id":"https:\/\/islandstocottages.com\/boutique\/home\/sensory-wooden-seahorse\/#primaryimage"},"image":{"@id":"https:\/\/islandstocottages.com\/boutique\/home\/sensory-wooden-seahorse\/#primaryimage"},"thumbnailUrl":"https:\/\/i0.wp.com\/islandstocottages.com\/wp-content\/uploads\/2023\/06\/Seahorse1-scaled.jpg?fit=2121%2C2560&ssl=1","datePublished":"2023-06-12T16:09:45+00:00","dateModified":"2025-03-13T21:01:20+00:00","description":"Cet hippocampe en bois r\u00e9invent\u00e9 saura habiller votre entr\u00e9e tout en faisant passer le message qu'on r\u00eave tous d'entendre : ici, il fait bon vivre\u2026","breadcrumb":{"@id":"https:\/\/islandstocottages.com\/boutique\/home\/sensory-wooden-seahorse\/#breadcrumb"},"inLanguage":"fr-FR","potentialAction":[{"@type":"ReadAction","target":["https:\/\/islandstocottages.com\/boutique\/home\/sensory-wooden-seahorse\/"]}]},{"@type":"ImageObject","inLanguage":"fr-FR","@id":"https:\/\/islandstocottages.com\/boutique\/home\/sensory-wooden-seahorse\/#primaryimage","url":"https:\/\/i0.wp.com\/islandstocottages.com\/wp-content\/uploads\/2023\/06\/Seahorse1-scaled.jpg?fit=2121%2C2560&ssl=1","contentUrl":"https:\/\/i0.wp.com\/islandstocottages.com\/wp-content\/uploads\/2023\/06\/Seahorse1-scaled.jpg?fit=2121%2C2560&ssl=1","width":2121,"height":2560,"caption":"Wooden seahorse"},{"@type":"BreadcrumbList","@id":"https:\/\/islandstocottages.com\/boutique\/home\/sensory-wooden-seahorse\/#breadcrumb","itemListElement":[{"@type":"ListItem","position":1,"name":"Home","item":"https:\/\/islandstocottages.com\/"},{"@type":"ListItem","position":2,"name":"Boutique","item":"https:\/\/islandstocottages.com\/boutique\/"},{"@type":"ListItem","position":3,"name":"Sensory Wooden Seahorse"}]},{"@type":"WebSite","@id":"https:\/\/islandstocottages.com\/#website","url":"https:\/\/islandstocottages.com\/","name":"Islands to cottages","description":"Vie Durable + Pleine Conscience en Nouvelle-\u00c9cosse","publisher":{"@id":"https:\/\/islandstocottages.com\/#organization"},"potentialAction":[{"@type":"SearchAction","target":{"@type":"EntryPoint","urlTemplate":"https:\/\/islandstocottages.com\/?s={search_term_string}"},"query-input":{"@type":"PropertyValueSpecification","valueRequired":true,"valueName":"search_term_string"}}],"inLanguage":"fr-FR"},{"@type":"Organization","@id":"https:\/\/islandstocottages.com\/#organization","name":"Islands To Cottages","url":"https:\/\/islandstocottages.com\/","logo":{"@type":"ImageObject","inLanguage":"fr-FR","@id":"https:\/\/islandstocottages.com\/#\/schema\/logo\/image\/","url":"https:\/\/i2.wp.com\/islandstocottages.com\/wp-content\/uploads\/2020\/06\/Logo.Screenshot-188.png?fit=613%2C293&ssl=1","contentUrl":"https:\/\/i2.wp.com\/islandstocottages.com\/wp-content\/uploads\/2020\/06\/Logo.Screenshot-188.png?fit=613%2C293&ssl=1","width":613,"height":293,"caption":"Islands To Cottages"},"image":{"@id":"https:\/\/islandstocottages.com\/#\/schema\/logo\/image\/"}}]}},"jetpack_sharing_enabled":true,"jetpack-related-posts":[{"id":2556,"url":"https:\/\/islandstocottages.com\/fr\/boutique\/home\/sensory-wooden-heart\/","url_meta":{"origin":2713,"position":0},"title":"C\u0153ur sensoriel en bois","author":"islandstocottages","date":"17 mars 2023","format":false,"excerpt":"100 % bois r\u00e9invent\u00e9 + flanelle. Env. 10 cm x 14 cm.","rel":"","context":"Article similaire","block_context":{"text":"Article similaire","link":""},"img":{"alt_text":"Double sided sensory wooden heart.","src":"https:\/\/i0.wp.com\/islandstocottages.com\/wp-content\/uploads\/2023\/03\/WoodenHeart4.jpg?fit=512%2C512&ssl=1&resize=350%2C200","width":350,"height":200},"classes":[]},{"id":2717,"url":"https:\/\/islandstocottages.com\/fr\/boutique\/care\/luxurious-travel-towel\/","url_meta":{"origin":2713,"position":1},"title":"Serviette de voyage haut de gamme","author":"islandstocottages","date":"12 juin 2023","format":false,"excerpt":"100 % lin\/coton.  Env. 100 cm x 135 cm. *\u00c9dition limit\u00e9e","rel":"","context":"Article similaire","block_context":{"text":"Article similaire","link":""},"img":{"alt_text":"Luxurious travel towel","src":"https:\/\/i0.wp.com\/islandstocottages.com\/wp-content\/uploads\/2023\/06\/LuxuryTowel1-scaled.jpg?fit=900%2C1200&ssl=1&resize=350%2C200","width":350,"height":200,"srcset":"https:\/\/i0.wp.com\/islandstocottages.com\/wp-content\/uploads\/2023\/06\/LuxuryTowel1-scaled.jpg?fit=900%2C1200&ssl=1&resize=350%2C200 1x, https:\/\/i0.wp.com\/islandstocottages.com\/wp-content\/uploads\/2023\/06\/LuxuryTowel1-scaled.jpg?fit=900%2C1200&ssl=1&resize=525%2C300 1.5x, https:\/\/i0.wp.com\/islandstocottages.com\/wp-content\/uploads\/2023\/06\/LuxuryTowel1-scaled.jpg?fit=900%2C1200&ssl=1&resize=700%2C400 2x"},"classes":[]},{"id":2923,"url":"https:\/\/islandstocottages.com\/fr\/boutique\/home\/mindful-pumpkin-sand\/","url_meta":{"origin":2713,"position":2},"title":"Citrouille sensorielle - Sable","author":"islandstocottages","date":"25 novembre 2023","format":false,"excerpt":"100 % fibres reconverties. Approx. 10 cm x 10 cm, les tailles varient.","rel":"","context":"Article similaire","block_context":{"text":"Article similaire","link":""},"img":{"alt_text":"Mindful pumpkin","src":"https:\/\/i0.wp.com\/islandstocottages.com\/wp-content\/uploads\/2023\/11\/a.20221007_104301.jpg?fit=1200%2C1200&ssl=1&resize=350%2C200","width":350,"height":200,"srcset":"https:\/\/i0.wp.com\/islandstocottages.com\/wp-content\/uploads\/2023\/11\/a.20221007_104301.jpg?fit=1200%2C1200&ssl=1&resize=350%2C200 1x, https:\/\/i0.wp.com\/islandstocottages.com\/wp-content\/uploads\/2023\/11\/a.20221007_104301.jpg?fit=1200%2C1200&ssl=1&resize=525%2C300 1.5x, https:\/\/i0.wp.com\/islandstocottages.com\/wp-content\/uploads\/2023\/11\/a.20221007_104301.jpg?fit=1200%2C1200&ssl=1&resize=700%2C400 2x, https:\/\/i0.wp.com\/islandstocottages.com\/wp-content\/uploads\/2023\/11\/a.20221007_104301.jpg?fit=1200%2C1200&ssl=1&resize=1050%2C600 3x"},"classes":[]},{"id":2932,"url":"https:\/\/islandstocottages.com\/fr\/boutique\/home\/mindful-pumpkin-ocean\/","url_meta":{"origin":2713,"position":3},"title":"Citrouille sensorielle - Oc\u00e9an","author":"islandstocottages","date":"25 novembre 2023","format":false,"excerpt":"100 % fibres reconverties. Approx. 10 cm x 10 cm, les tailles varient.","rel":"","context":"Article similaire","block_context":{"text":"Article similaire","link":""},"img":{"alt_text":"Mindful pumpkin","src":"https:\/\/i0.wp.com\/islandstocottages.com\/wp-content\/uploads\/2023\/11\/mp7-scaled.jpg?fit=1038%2C1200&ssl=1&resize=350%2C200","width":350,"height":200,"srcset":"https:\/\/i0.wp.com\/islandstocottages.com\/wp-content\/uploads\/2023\/11\/mp7-scaled.jpg?fit=1038%2C1200&ssl=1&resize=350%2C200 1x, https:\/\/i0.wp.com\/islandstocottages.com\/wp-content\/uploads\/2023\/11\/mp7-scaled.jpg?fit=1038%2C1200&ssl=1&resize=525%2C300 1.5x, https:\/\/i0.wp.com\/islandstocottages.com\/wp-content\/uploads\/2023\/11\/mp7-scaled.jpg?fit=1038%2C1200&ssl=1&resize=700%2C400 2x"},"classes":[]},{"id":2936,"url":"https:\/\/islandstocottages.com\/fr\/boutique\/home\/mindful-pumpkin-earth\/","url_meta":{"origin":2713,"position":4},"title":"Citrouille sensorielle - Terre","author":"islandstocottages","date":"25 novembre 2023","format":false,"excerpt":"100 % fibres reconverties. Approx. 10 cm x 10 cm, les tailles varient.","rel":"","context":"Article similaire","block_context":{"text":"Article similaire","link":""},"img":{"alt_text":"Mindful pumpkin","src":"https:\/\/i0.wp.com\/islandstocottages.com\/wp-content\/uploads\/2023\/11\/mp3.jpg?fit=1200%2C1200&ssl=1&resize=350%2C200","width":350,"height":200,"srcset":"https:\/\/i0.wp.com\/islandstocottages.com\/wp-content\/uploads\/2023\/11\/mp3.jpg?fit=1200%2C1200&ssl=1&resize=350%2C200 1x, https:\/\/i0.wp.com\/islandstocottages.com\/wp-content\/uploads\/2023\/11\/mp3.jpg?fit=1200%2C1200&ssl=1&resize=525%2C300 1.5x, https:\/\/i0.wp.com\/islandstocottages.com\/wp-content\/uploads\/2023\/11\/mp3.jpg?fit=1200%2C1200&ssl=1&resize=700%2C400 2x, https:\/\/i0.wp.com\/islandstocottages.com\/wp-content\/uploads\/2023\/11\/mp3.jpg?fit=1200%2C1200&ssl=1&resize=1050%2C600 3x"},"classes":[]},{"id":2736,"url":"https:\/\/islandstocottages.com\/fr\/boutique\/home\/water-resistant-beach-blanket\/","url_meta":{"origin":2713,"position":5},"title":"Couverture doubl\u00e9e hydrofuge de plein-air","author":"islandstocottages","date":"22 juin 2023","format":false,"excerpt":"100 % fibres m\u00e9lang\u00e9es. Env.150 cm x 200 cm. * \u00c9dition limit\u00e9e","rel":"","context":"Article similaire","block_context":{"text":"Article similaire","link":""},"img":{"alt_text":"","src":"https:\/\/i0.wp.com\/islandstocottages.com\/wp-content\/uploads\/2023\/06\/WaterResistanBlanket.1-scaled.jpg?fit=900%2C1200&ssl=1&resize=350%2C200","width":350,"height":200,"srcset":"https:\/\/i0.wp.com\/islandstocottages.com\/wp-content\/uploads\/2023\/06\/WaterResistanBlanket.1-scaled.jpg?fit=900%2C1200&ssl=1&resize=350%2C200 1x, https:\/\/i0.wp.com\/islandstocottages.com\/wp-content\/uploads\/2023\/06\/WaterResistanBlanket.1-scaled.jpg?fit=900%2C1200&ssl=1&resize=525%2C300 1.5x, https:\/\/i0.wp.com\/islandstocottages.com\/wp-content\/uploads\/2023\/06\/WaterResistanBlanket.1-scaled.jpg?fit=900%2C1200&ssl=1&resize=700%2C400 2x"},"classes":[]}],"_links":{"self":[{"href":"https:\/\/islandstocottages.com\/fr\/wp-json\/wp\/v2\/product\/2713","targetHints":{"allow":["GET"]}}],"collection":[{"href":"https:\/\/islandstocottages.com\/fr\/wp-json\/wp\/v2\/product"}],"about":[{"href":"https:\/\/islandstocottages.com\/fr\/wp-json\/wp\/v2\/types\/product"}],"wp:featuredmedia":[{"embeddable":true,"href":"https:\/\/islandstocottages.com\/fr\/wp-json\/wp\/v2\/media\/2715"}],"wp:attachment":[{"href":"https:\/\/islandstocottages.com\/fr\/wp-json\/wp\/v2\/media?parent=2713"}],"wp:term":[{"taxonomy":"product_brand","embeddable":true,"href":"https:\/\/islandstocottages.com\/fr\/wp-json\/wp\/v2\/product_brand?post=2713"},{"taxonomy":"product_cat","embeddable":true,"href":"https:\/\/islandstocottages.com\/fr\/wp-json\/wp\/v2\/product_cat?post=2713"},{"taxonomy":"product_tag","embeddable":true,"href":"https:\/\/islandstocottages.com\/fr\/wp-json\/wp\/v2\/product_tag?post=2713"}],"curies":[{"name":"wp","href":"https:\/\/api.w.org\/{rel}","templated":true}]}}