{"id":2717,"date":"2023-06-12T12:16:04","date_gmt":"2023-06-12T16:16:04","guid":{"rendered":"https:\/\/islandstocottages.com\/?post_type=product&#038;p=2717"},"modified":"2025-03-13T17:00:35","modified_gmt":"2025-03-13T21:00:35","slug":"serviette-de-voyage-de-luxe-2","status":"publish","type":"product","link":"https:\/\/islandstocottages.com\/fr\/boutique\/care\/luxurious-travel-towel\/","title":{"rendered":"Serviette de voyage haut de gamme"},"content":{"rendered":"<p>*Contactez-nous pour commander*<\/p>\n<p>Remplacez vos volumineuses serviettes de bain en tissu \u00e9ponge par ces g\u00e9n\u00e9reux mais si l\u00e9gers draps de bain en lin\/coton et d\u00e9couvrez un tout nouveau monde de cocooning, \u00e9t\u00e9 comme hiver, sur la route ou \u00e0 la maison. L'essayer, c'est l'adopter !<\/p>\n<p>Le tissu a \u00e9t\u00e9 soigneusement choisi pour maximiser \u00e0 la fois la texture et la sensation tactile. Ces serviettes de voyage en lin\/coton \u00e0 100 % sont naturellement antibact\u00e9riennes, l\u00e9g\u00e8res, super absorbantes, hypoallerg\u00e9niques, durables, faciles \u00e0 s\u00e9cher et plus douces apr\u00e8s chaque lavage. Extr\u00eamement faciles \u00e0 entretenir, leur subtile finition \u00e0 bords francs vous promet une exp\u00e9rience de luxe tout en pr\u00e9venant l'effilochage. La serviette id\u00e9ale \u00e0 emporter partout, elle est l'accessoire id\u00e9al pour les nombreux voyages au programme cet \u00e9t\u00e9. Serviette qui se plie fa\u00e7on mini pour un maximum d'efficacit\u00e9, son volume est parfait pour g\u00e9rer l'espace au mieux dans votre valise, aussi humble soit-elle. Et, comme on le dit toujours, qui voyage l\u00e9ger est le mieux par\u00e9 !<\/p>\n<p><strong>Entretien :<\/strong> Entretien facile. Laver et s\u00e9cher en machine au cycle d\u00e9licat avec des couleurs similaires. Utiliser de pr\u00e9f\u00e9rence un d\u00e9tergent \u00e0 lessive \u00e9cologique et non parfum\u00e9. Laisser s\u00e9cher \u00e0 l'air libre et \u00e9viter l'assouplissant ou autres additifs pour une absorption sans pareil. Repasser pour un fini impeccable.<\/p>\n<p><strong>Mat\u00e9riau :<\/strong> 100 % lin\/coton. Nous sommes fiers de nos pratiques \u00e9co-responsables et nous maintenons notre engagement quand \u00e0 nos choix ax\u00e9s sur la durabilit\u00e9. Sauf exception pour les articles fabriqu\u00e9s en production continue et r\u00e9pondant \u00e0 des standards d\u00e9termin\u00e9s, tous nos tissus proviennent du march\u00e9 de l'apr\u00e8s-vente : fins de stocks, invendus, seconde main, etc. Les articles ainsi produits sont des \u00e9ditions limit\u00e9es selon les disponibilit\u00e9s du moment.<\/p>\n<p><strong>Dimensions :<\/strong> Env. 100 cm x 135 cm.<\/p>\n<p>Fait en Nouvelle-\u00c9cosse.<\/p>","protected":false},"excerpt":{"rendered":"<p>100 % lin\/coton.  Env. 100 cm x 135 cm. *\u00c9dition limit\u00e9e<\/p>","protected":false},"featured_media":2718,"template":"","meta":{"nf_dc_page":"","om_disable_all_campaigns":false,"_monsterinsights_skip_tracking":false,"_monsterinsights_sitenote_active":false,"_monsterinsights_sitenote_note":"","_monsterinsights_sitenote_category":0},"product_brand":[],"product_cat":[28],"product_tag":[],"class_list":{"0":"post-2717","1":"product","2":"type-product","3":"status-publish","4":"has-post-thumbnail","6":"product_cat-care","8":"first","9":"outofstock","10":"shipping-taxable","11":"purchasable","12":"product-type-simple"},"yoast_head":"<!-- This site is optimized with the Yoast SEO plugin v27.4 - https:\/\/yoast.com\/product\/yoast-seo-wordpress\/ -->\n<title>Luxurious Travel Towel - Islands to cottages<\/title>\n<meta name=\"description\" content=\"The ideal go-to towel, 100% one-of-a-kind linen\/cotton blend luxurious travel towels to elevate your pampering time, day after day.\" \/>\n<meta name=\"robots\" content=\"index, follow, max-snippet:-1, max-image-preview:large, max-video-preview:-1\" \/>\n<link rel=\"canonical\" href=\"https:\/\/islandstocottages.com\/fr\/boutique\/care\/serviette-de-voyage-de-luxe-2\/\" \/>\n<meta property=\"og:locale\" content=\"fr_FR\" \/>\n<meta property=\"og:type\" content=\"article\" \/>\n<meta property=\"og:title\" content=\"Luxurious Travel Towel - Islands to cottages\" \/>\n<meta property=\"og:description\" content=\"The ideal go-to towel, 100% one-of-a-kind linen\/cotton blend luxurious travel towels to elevate your pampering time, day after day.\" \/>\n<meta property=\"og:url\" content=\"https:\/\/islandstocottages.com\/fr\/boutique\/care\/serviette-de-voyage-de-luxe-2\/\" \/>\n<meta property=\"og:site_name\" content=\"Islands to cottages\" \/>\n<meta property=\"article:modified_time\" content=\"2025-03-13T21:00:35+00:00\" \/>\n<meta property=\"og:image\" content=\"https:\/\/islandstocottages.com\/wp-content\/uploads\/2023\/06\/LuxuryTowel1-scaled.jpg\" \/>\n\t<meta property=\"og:image:width\" content=\"1921\" \/>\n\t<meta property=\"og:image:height\" content=\"2560\" \/>\n\t<meta property=\"og:image:type\" content=\"image\/jpeg\" \/>\n<meta name=\"twitter:card\" content=\"summary_large_image\" \/>\n<meta name=\"twitter:label1\" content=\"Dur\u00e9e de lecture estim\u00e9e\" \/>\n\t<meta name=\"twitter:data1\" content=\"2 minutes\" \/>\n<script type=\"application\/ld+json\" class=\"yoast-schema-graph\">{\"@context\":\"https:\\\/\\\/schema.org\",\"@graph\":[{\"@type\":\"WebPage\",\"@id\":\"https:\\\/\\\/islandstocottages.com\\\/boutique\\\/care\\\/luxurious-travel-towel\\\/\",\"url\":\"https:\\\/\\\/islandstocottages.com\\\/boutique\\\/care\\\/luxurious-travel-towel\\\/\",\"name\":\"Luxurious Travel Towel - Islands to cottages\",\"isPartOf\":{\"@id\":\"https:\\\/\\\/islandstocottages.com\\\/#website\"},\"primaryImageOfPage\":{\"@id\":\"https:\\\/\\\/islandstocottages.com\\\/boutique\\\/care\\\/luxurious-travel-towel\\\/#primaryimage\"},\"image\":{\"@id\":\"https:\\\/\\\/islandstocottages.com\\\/boutique\\\/care\\\/luxurious-travel-towel\\\/#primaryimage\"},\"thumbnailUrl\":\"https:\\\/\\\/i0.wp.com\\\/islandstocottages.com\\\/wp-content\\\/uploads\\\/2023\\\/06\\\/LuxuryTowel1-scaled.jpg?fit=1921%2C2560&ssl=1\",\"datePublished\":\"2023-06-12T16:16:04+00:00\",\"dateModified\":\"2025-03-13T21:00:35+00:00\",\"description\":\"The ideal go-to towel, 100% one-of-a-kind linen\\\/cotton blend luxurious travel towels to elevate your pampering time, day after day.\",\"breadcrumb\":{\"@id\":\"https:\\\/\\\/islandstocottages.com\\\/boutique\\\/care\\\/luxurious-travel-towel\\\/#breadcrumb\"},\"inLanguage\":\"fr-FR\",\"potentialAction\":[{\"@type\":\"ReadAction\",\"target\":[\"https:\\\/\\\/islandstocottages.com\\\/boutique\\\/care\\\/luxurious-travel-towel\\\/\"]}]},{\"@type\":\"ImageObject\",\"inLanguage\":\"fr-FR\",\"@id\":\"https:\\\/\\\/islandstocottages.com\\\/boutique\\\/care\\\/luxurious-travel-towel\\\/#primaryimage\",\"url\":\"https:\\\/\\\/i0.wp.com\\\/islandstocottages.com\\\/wp-content\\\/uploads\\\/2023\\\/06\\\/LuxuryTowel1-scaled.jpg?fit=1921%2C2560&ssl=1\",\"contentUrl\":\"https:\\\/\\\/i0.wp.com\\\/islandstocottages.com\\\/wp-content\\\/uploads\\\/2023\\\/06\\\/LuxuryTowel1-scaled.jpg?fit=1921%2C2560&ssl=1\",\"width\":1921,\"height\":2560,\"caption\":\"Luxurious travel towel\"},{\"@type\":\"BreadcrumbList\",\"@id\":\"https:\\\/\\\/islandstocottages.com\\\/boutique\\\/care\\\/luxurious-travel-towel\\\/#breadcrumb\",\"itemListElement\":[{\"@type\":\"ListItem\",\"position\":1,\"name\":\"Home\",\"item\":\"https:\\\/\\\/islandstocottages.com\\\/\"},{\"@type\":\"ListItem\",\"position\":2,\"name\":\"Boutique\",\"item\":\"https:\\\/\\\/islandstocottages.com\\\/boutique\\\/\"},{\"@type\":\"ListItem\",\"position\":3,\"name\":\"Luxurious Travel Towel\"}]},{\"@type\":\"WebSite\",\"@id\":\"https:\\\/\\\/islandstocottages.com\\\/#website\",\"url\":\"https:\\\/\\\/islandstocottages.com\\\/\",\"name\":\"Islands to cottages\",\"description\":\"Nova Scotia Sustainable + Mindful Living\",\"publisher\":{\"@id\":\"https:\\\/\\\/islandstocottages.com\\\/#organization\"},\"potentialAction\":[{\"@type\":\"SearchAction\",\"target\":{\"@type\":\"EntryPoint\",\"urlTemplate\":\"https:\\\/\\\/islandstocottages.com\\\/?s={search_term_string}\"},\"query-input\":{\"@type\":\"PropertyValueSpecification\",\"valueRequired\":true,\"valueName\":\"search_term_string\"}}],\"inLanguage\":\"fr-FR\"},{\"@type\":\"Organization\",\"@id\":\"https:\\\/\\\/islandstocottages.com\\\/#organization\",\"name\":\"Islands To Cottages\",\"url\":\"https:\\\/\\\/islandstocottages.com\\\/\",\"logo\":{\"@type\":\"ImageObject\",\"inLanguage\":\"fr-FR\",\"@id\":\"https:\\\/\\\/islandstocottages.com\\\/#\\\/schema\\\/logo\\\/image\\\/\",\"url\":\"https:\\\/\\\/i2.wp.com\\\/islandstocottages.com\\\/wp-content\\\/uploads\\\/2020\\\/06\\\/Logo.Screenshot-188.png?fit=613%2C293&ssl=1\",\"contentUrl\":\"https:\\\/\\\/i2.wp.com\\\/islandstocottages.com\\\/wp-content\\\/uploads\\\/2020\\\/06\\\/Logo.Screenshot-188.png?fit=613%2C293&ssl=1\",\"width\":613,\"height\":293,\"caption\":\"Islands To Cottages\"},\"image\":{\"@id\":\"https:\\\/\\\/islandstocottages.com\\\/#\\\/schema\\\/logo\\\/image\\\/\"}}]}<\/script>\n<!-- \/ Yoast SEO plugin. -->","yoast_head_json":{"title":"Serviette de voyage haut de gamme - Islands to cottages","description":"Serviette de voyage haut de gamme en m\u00e9lange 100 % lin\/coton : accessoire de voyage essentiel pour vivre le luxe au quotidien.","robots":{"index":"index","follow":"follow","max-snippet":"max-snippet:-1","max-image-preview":"max-image-preview:large","max-video-preview":"max-video-preview:-1"},"canonical":"https:\/\/islandstocottages.com\/fr\/boutique\/care\/serviette-de-voyage-de-luxe-2\/","og_locale":"fr_FR","og_type":"article","og_title":"Luxurious Travel Towel - Islands to cottages","og_description":"The ideal go-to towel, 100% one-of-a-kind linen\/cotton blend luxurious travel towels to elevate your pampering time, day after day.","og_url":"https:\/\/islandstocottages.com\/fr\/boutique\/care\/serviette-de-voyage-de-luxe-2\/","og_site_name":"Islands to cottages","article_modified_time":"2025-03-13T21:00:35+00:00","og_image":[{"width":1921,"height":2560,"url":"https:\/\/islandstocottages.com\/wp-content\/uploads\/2023\/06\/LuxuryTowel1-scaled.jpg","type":"image\/jpeg"}],"twitter_card":"summary_large_image","twitter_misc":{"Dur\u00e9e de lecture estim\u00e9e":"2 minutes"},"schema":{"@context":"https:\/\/schema.org","@graph":[{"@type":"WebPage","@id":"https:\/\/islandstocottages.com\/boutique\/care\/luxurious-travel-towel\/","url":"https:\/\/islandstocottages.com\/boutique\/care\/luxurious-travel-towel\/","name":"Serviette de voyage haut de gamme - Islands to cottages","isPartOf":{"@id":"https:\/\/islandstocottages.com\/#website"},"primaryImageOfPage":{"@id":"https:\/\/islandstocottages.com\/boutique\/care\/luxurious-travel-towel\/#primaryimage"},"image":{"@id":"https:\/\/islandstocottages.com\/boutique\/care\/luxurious-travel-towel\/#primaryimage"},"thumbnailUrl":"https:\/\/i0.wp.com\/islandstocottages.com\/wp-content\/uploads\/2023\/06\/LuxuryTowel1-scaled.jpg?fit=1921%2C2560&ssl=1","datePublished":"2023-06-12T16:16:04+00:00","dateModified":"2025-03-13T21:00:35+00:00","description":"Serviette de voyage haut de gamme en m\u00e9lange 100 % lin\/coton : accessoire de voyage essentiel pour vivre le luxe au quotidien.","breadcrumb":{"@id":"https:\/\/islandstocottages.com\/boutique\/care\/luxurious-travel-towel\/#breadcrumb"},"inLanguage":"fr-FR","potentialAction":[{"@type":"ReadAction","target":["https:\/\/islandstocottages.com\/boutique\/care\/luxurious-travel-towel\/"]}]},{"@type":"ImageObject","inLanguage":"fr-FR","@id":"https:\/\/islandstocottages.com\/boutique\/care\/luxurious-travel-towel\/#primaryimage","url":"https:\/\/i0.wp.com\/islandstocottages.com\/wp-content\/uploads\/2023\/06\/LuxuryTowel1-scaled.jpg?fit=1921%2C2560&ssl=1","contentUrl":"https:\/\/i0.wp.com\/islandstocottages.com\/wp-content\/uploads\/2023\/06\/LuxuryTowel1-scaled.jpg?fit=1921%2C2560&ssl=1","width":1921,"height":2560,"caption":"Luxurious travel towel"},{"@type":"BreadcrumbList","@id":"https:\/\/islandstocottages.com\/boutique\/care\/luxurious-travel-towel\/#breadcrumb","itemListElement":[{"@type":"ListItem","position":1,"name":"Home","item":"https:\/\/islandstocottages.com\/"},{"@type":"ListItem","position":2,"name":"Boutique","item":"https:\/\/islandstocottages.com\/boutique\/"},{"@type":"ListItem","position":3,"name":"Luxurious Travel Towel"}]},{"@type":"WebSite","@id":"https:\/\/islandstocottages.com\/#website","url":"https:\/\/islandstocottages.com\/","name":"Islands to cottages","description":"Vie Durable + Pleine Conscience en Nouvelle-\u00c9cosse","publisher":{"@id":"https:\/\/islandstocottages.com\/#organization"},"potentialAction":[{"@type":"SearchAction","target":{"@type":"EntryPoint","urlTemplate":"https:\/\/islandstocottages.com\/?s={search_term_string}"},"query-input":{"@type":"PropertyValueSpecification","valueRequired":true,"valueName":"search_term_string"}}],"inLanguage":"fr-FR"},{"@type":"Organization","@id":"https:\/\/islandstocottages.com\/#organization","name":"Islands To Cottages","url":"https:\/\/islandstocottages.com\/","logo":{"@type":"ImageObject","inLanguage":"fr-FR","@id":"https:\/\/islandstocottages.com\/#\/schema\/logo\/image\/","url":"https:\/\/i2.wp.com\/islandstocottages.com\/wp-content\/uploads\/2020\/06\/Logo.Screenshot-188.png?fit=613%2C293&ssl=1","contentUrl":"https:\/\/i2.wp.com\/islandstocottages.com\/wp-content\/uploads\/2020\/06\/Logo.Screenshot-188.png?fit=613%2C293&ssl=1","width":613,"height":293,"caption":"Islands To Cottages"},"image":{"@id":"https:\/\/islandstocottages.com\/#\/schema\/logo\/image\/"}}]}},"jetpack_sharing_enabled":true,"jetpack-related-posts":[{"id":2963,"url":"https:\/\/islandstocottages.com\/fr\/boutique\/home\/kitchen-go-to-towel\/","url_meta":{"origin":2717,"position":0},"title":"Serviette de cuisine","author":"islandstocottages","date":"25 novembre 2023","format":false,"excerpt":"Set de 2. 100 % coton. 30 cm x 30 cm. *\u00c9dition limit\u00e9e","rel":"","context":"Article similaire","block_context":{"text":"Article similaire","link":""},"img":{"alt_text":"Kitchen go-to towel","src":"https:\/\/i0.wp.com\/islandstocottages.com\/wp-content\/uploads\/2023\/11\/KT1.jpg?fit=1200%2C1200&ssl=1&resize=350%2C200","width":350,"height":200,"srcset":"https:\/\/i0.wp.com\/islandstocottages.com\/wp-content\/uploads\/2023\/11\/KT1.jpg?fit=1200%2C1200&ssl=1&resize=350%2C200 1x, https:\/\/i0.wp.com\/islandstocottages.com\/wp-content\/uploads\/2023\/11\/KT1.jpg?fit=1200%2C1200&ssl=1&resize=525%2C300 1.5x, https:\/\/i0.wp.com\/islandstocottages.com\/wp-content\/uploads\/2023\/11\/KT1.jpg?fit=1200%2C1200&ssl=1&resize=700%2C400 2x, https:\/\/i0.wp.com\/islandstocottages.com\/wp-content\/uploads\/2023\/11\/KT1.jpg?fit=1200%2C1200&ssl=1&resize=1050%2C600 3x"},"classes":[]},{"id":308,"url":"https:\/\/islandstocottages.com\/fr\/boutique\/home\/dryer-ball-indoor-baseball-ball\/","url_meta":{"origin":2717,"position":1},"title":"Balle de baseball 100 % laine","author":"islandstocottages","date":"4 juillet 2022","format":false,"excerpt":"100 % laine naturelle. Env. 7 cm de diam\u00e8tre.","rel":"","context":"Article similaire","block_context":{"text":"Article similaire","link":""},"img":{"alt_text":"Wool baseball ball.","src":"https:\/\/i0.wp.com\/islandstocottages.com\/wp-content\/uploads\/2022\/07\/WoolBaseballBall1.jpg?fit=480%2C480&ssl=1&resize=350%2C200","width":350,"height":200},"classes":[]},{"id":314,"url":"https:\/\/islandstocottages.com\/fr\/boutique\/care\/eco-makeup-pads\/","url_meta":{"origin":2717,"position":2},"title":"Lingettes d\u00e9maquillantes r\u00e9utilisables","author":"islandstocottages","date":"4 juillet 2022","format":false,"excerpt":"Set de 4. 100 % coton. 12 cm x 12 cm. *\u00c9dition limit\u00e9e","rel":"","context":"Article similaire","block_context":{"text":"Article similaire","link":""},"img":{"alt_text":"Bright colorful make-up pads.","src":"https:\/\/i0.wp.com\/islandstocottages.com\/wp-content\/uploads\/2022\/07\/MakeUpPads1.jpg?fit=461%2C461&ssl=1&resize=350%2C200","width":350,"height":200},"classes":[]},{"id":2989,"url":"https:\/\/islandstocottages.com\/fr\/boutique\/care\/eco-makeup-pads-holidays\/","url_meta":{"origin":2717,"position":3},"title":"Lingettes d\u00e9maquillantes r\u00e9utilisables - Saison des f\u00eates","author":"islandstocottages","date":"2 d\u00e9cembre 2023","format":false,"excerpt":"Set de 4. 100 % coton. 12 cm x 12 cm. *\u00c9dition limit\u00e9e","rel":"","context":"Article similaire","block_context":{"text":"Article similaire","link":""},"img":{"alt_text":"Eco Makeup Pads - Holidays","src":"https:\/\/i0.wp.com\/islandstocottages.com\/wp-content\/uploads\/2023\/12\/MakeUpPadHoliday7.jpg?fit=960%2C1200&ssl=1&resize=350%2C200","width":350,"height":200,"srcset":"https:\/\/i0.wp.com\/islandstocottages.com\/wp-content\/uploads\/2023\/12\/MakeUpPadHoliday7.jpg?fit=960%2C1200&ssl=1&resize=350%2C200 1x, https:\/\/i0.wp.com\/islandstocottages.com\/wp-content\/uploads\/2023\/12\/MakeUpPadHoliday7.jpg?fit=960%2C1200&ssl=1&resize=525%2C300 1.5x, https:\/\/i0.wp.com\/islandstocottages.com\/wp-content\/uploads\/2023\/12\/MakeUpPadHoliday7.jpg?fit=960%2C1200&ssl=1&resize=700%2C400 2x"},"classes":[]},{"id":2744,"url":"https:\/\/islandstocottages.com\/fr\/boutique\/home\/teething-necklace\/","url_meta":{"origin":2717,"position":4},"title":"Collier de dentition","author":"islandstocottages","date":"22 juin 2023","format":false,"excerpt":"100 % coton. Env. 76 cm. *\u00c9dition limit\u00e9e","rel":"","context":"Article similaire","block_context":{"text":"Article similaire","link":""},"img":{"alt_text":"","src":"https:\/\/i0.wp.com\/islandstocottages.com\/wp-content\/uploads\/2023\/06\/TeethingBees.1-scaled.jpg?fit=900%2C1200&ssl=1&resize=350%2C200","width":350,"height":200,"srcset":"https:\/\/i0.wp.com\/islandstocottages.com\/wp-content\/uploads\/2023\/06\/TeethingBees.1-scaled.jpg?fit=900%2C1200&ssl=1&resize=350%2C200 1x, https:\/\/i0.wp.com\/islandstocottages.com\/wp-content\/uploads\/2023\/06\/TeethingBees.1-scaled.jpg?fit=900%2C1200&ssl=1&resize=525%2C300 1.5x, https:\/\/i0.wp.com\/islandstocottages.com\/wp-content\/uploads\/2023\/06\/TeethingBees.1-scaled.jpg?fit=900%2C1200&ssl=1&resize=700%2C400 2x"},"classes":[]},{"id":320,"url":"https:\/\/islandstocottages.com\/fr\/boutique\/home\/the-cottagers-hankies\/","url_meta":{"origin":2717,"position":5},"title":"Les mouchoirs du randonneur","author":"islandstocottages","date":"4 juillet 2022","format":false,"excerpt":"Set de 2. 100 % flanelle. 25 cm x 25 cm.","rel":"","context":"Article similaire","block_context":{"text":"Article similaire","link":""},"img":{"alt_text":"The cottager's hankies.","src":"https:\/\/i0.wp.com\/islandstocottages.com\/wp-content\/uploads\/2022\/07\/Hankies1.jpg?fit=512%2C512&ssl=1&resize=350%2C200","width":350,"height":200},"classes":[]}],"_links":{"self":[{"href":"https:\/\/islandstocottages.com\/fr\/wp-json\/wp\/v2\/product\/2717","targetHints":{"allow":["GET"]}}],"collection":[{"href":"https:\/\/islandstocottages.com\/fr\/wp-json\/wp\/v2\/product"}],"about":[{"href":"https:\/\/islandstocottages.com\/fr\/wp-json\/wp\/v2\/types\/product"}],"wp:featuredmedia":[{"embeddable":true,"href":"https:\/\/islandstocottages.com\/fr\/wp-json\/wp\/v2\/media\/2718"}],"wp:attachment":[{"href":"https:\/\/islandstocottages.com\/fr\/wp-json\/wp\/v2\/media?parent=2717"}],"wp:term":[{"taxonomy":"product_brand","embeddable":true,"href":"https:\/\/islandstocottages.com\/fr\/wp-json\/wp\/v2\/product_brand?post=2717"},{"taxonomy":"product_cat","embeddable":true,"href":"https:\/\/islandstocottages.com\/fr\/wp-json\/wp\/v2\/product_cat?post=2717"},{"taxonomy":"product_tag","embeddable":true,"href":"https:\/\/islandstocottages.com\/fr\/wp-json\/wp\/v2\/product_tag?post=2717"}],"curies":[{"name":"wp","href":"https:\/\/api.w.org\/{rel}","templated":true}]}}