{"id":2736,"date":"2023-06-22T10:03:02","date_gmt":"2023-06-22T14:03:02","guid":{"rendered":"https:\/\/islandstocottages.com\/?post_type=product&#038;p=2736"},"modified":"2025-03-13T16:59:34","modified_gmt":"2025-03-13T20:59:34","slug":"couverture-doublee-hydrofuge-de-plein-air-2","status":"publish","type":"product","link":"https:\/\/islandstocottages.com\/fr\/boutique\/home\/water-resistant-beach-blanket\/","title":{"rendered":"Couverture doubl\u00e9e hydrofuge de plein-air"},"content":{"rendered":"<p>*Contactez-nous pour commander*<\/p>\n<p>\u00cates-vous friand du plein air mais l\u00e9g\u00e8rement frileux ? Pas de probl\u00e8me, on a ce qu'il vous faut ! Couverture de plage, de pique-nique, de gradins, de camping ou de festival\u2026 Peu importe comment vous l'appelez, ou comment vous l'utilisez, cette couverture est l'accessoire id\u00e9al et tout ce dont vous avez besoin pour profiter pleinement du grand air cette saison, dans le confort absolu.<\/p>\n<p>L\u00e9g\u00e8re et facile \u00e0 transporter, cette couverture doubl\u00e9e grand format saura vous abriter et vous r\u00e9conforter au c\u0153ur des soir\u00e9es humides et fra\u00eeches, quel que soit l'\u00e9v\u00e8nement auquel vous assistez. R\u00e9versible, ing\u00e9nieusement constitu\u00e9e de deux couches de tissus destin\u00e9es \u00e0 faire face \u00e0 notre climat bien maritime : une couche de tissu r\u00e9sistant \u00e0 l'eau pour ralentir les effets de l'humidit\u00e9 ambiante et couper le vent, et une couche de douce flanelle pour r\u00e9chauffer la temp\u00e9rature corporelle et am\u00e9liorer le confort pour une exp\u00e9rience sans pareille.<\/p>\n<p>Super facile d'entretien, laver et s\u00e9cher \u00e0 froid en machine au cycle d\u00e9licat. La couleur de la doublure hydrofuge peut varier.<\/p>\n<p><strong>Entretien :<\/strong> Entretien facile. Laver et s\u00e9cher \u00e0 froid en machine au cycle d\u00e9licat avec des couleurs similaires. Utiliser de pr\u00e9f\u00e9rence un d\u00e9tergent \u00e0 lessive \u00e9cologique et non parfum\u00e9, laisser s\u00e9cher \u00e0 l'air libre et \u00e9viter l'assouplissant ou autres additifs.<\/p>\n<p><strong>Mat\u00e9riau :<\/strong> Tissus r\u00e9invent\u00e9s. Fibres m\u00e9lang\u00e9es. Nous sommes fiers de nos pratiques \u00e9co-responsables et nous maintenons notre engagement quant \u00e0 nos choix ax\u00e9s sur la durabilit\u00e9. Sauf exception pour les articles fabriqu\u00e9s en production continue et r\u00e9pondant \u00e0 des standards d\u00e9termin\u00e9s, tous nos tissus proviennent du march\u00e9 de l'apr\u00e8s-vente : fins de stocks, invendus, seconde main, etc. Les articles ainsi produits sont des \u00e9ditions limit\u00e9es selon les disponibilit\u00e9s du moment.<\/p>\n<p><strong>Dimensions :<\/strong> Env. 150 cm x 200 cm.<\/p>\n<p>Fait en Nouvelle-\u00c9cosse.<\/p>","protected":false},"excerpt":{"rendered":"<p>100 % fibres m\u00e9lang\u00e9es. Env.150 cm x 200 cm. * \u00c9dition limit\u00e9e<\/p>","protected":false},"featured_media":2737,"template":"","meta":{"nf_dc_page":"","om_disable_all_campaigns":false,"_monsterinsights_skip_tracking":false,"_monsterinsights_sitenote_active":false,"_monsterinsights_sitenote_note":"","_monsterinsights_sitenote_category":0},"product_brand":[],"product_cat":[29],"product_tag":[],"class_list":{"0":"post-2736","1":"product","2":"type-product","3":"status-publish","4":"has-post-thumbnail","6":"product_cat-home","8":"first","9":"outofstock","10":"shipping-taxable","11":"purchasable","12":"product-type-simple"},"yoast_head":"<!-- This site is optimized with the Yoast SEO plugin v27.6 - https:\/\/yoast.com\/product\/yoast-seo-wordpress\/ -->\n<title>Water-Resistant Beach Blanket - Islands to cottages<\/title>\n<meta name=\"description\" content=\"Get ready for the long nights of entertainment that the season has in store with this water-resistant beach blanket that will keep you warm and dry.\" \/>\n<meta name=\"robots\" content=\"index, follow, max-snippet:-1, max-image-preview:large, max-video-preview:-1\" \/>\n<link rel=\"canonical\" href=\"https:\/\/islandstocottages.com\/fr\/boutique\/home\/couverture-doublee-hydrofuge-de-plein-air-2\/\" \/>\n<meta property=\"og:locale\" content=\"fr_FR\" \/>\n<meta property=\"og:type\" content=\"article\" \/>\n<meta property=\"og:title\" content=\"Water-Resistant Beach Blanket - Islands to cottages\" \/>\n<meta property=\"og:description\" content=\"Get ready for the long nights of entertainment that the season has in store with this water-resistant beach blanket that will keep you warm and dry.\" \/>\n<meta property=\"og:url\" content=\"https:\/\/islandstocottages.com\/fr\/boutique\/home\/couverture-doublee-hydrofuge-de-plein-air-2\/\" \/>\n<meta property=\"og:site_name\" content=\"Islands to cottages\" \/>\n<meta property=\"article:modified_time\" content=\"2025-03-13T20:59:34+00:00\" \/>\n<meta property=\"og:image\" content=\"https:\/\/islandstocottages.com\/wp-content\/uploads\/2023\/06\/WaterResistanBlanket.1-scaled.jpg\" \/>\n\t<meta property=\"og:image:width\" content=\"1920\" \/>\n\t<meta property=\"og:image:height\" content=\"2560\" \/>\n\t<meta property=\"og:image:type\" content=\"image\/jpeg\" \/>\n<meta name=\"twitter:card\" content=\"summary_large_image\" \/>\n<meta name=\"twitter:label1\" content=\"Dur\u00e9e de lecture estim\u00e9e\" \/>\n\t<meta name=\"twitter:data1\" content=\"2 minutes\" \/>\n<script type=\"application\/ld+json\" class=\"yoast-schema-graph\">{\"@context\":\"https:\\\/\\\/schema.org\",\"@graph\":[{\"@type\":\"WebPage\",\"@id\":\"https:\\\/\\\/islandstocottages.com\\\/boutique\\\/home\\\/water-resistant-beach-blanket\\\/\",\"url\":\"https:\\\/\\\/islandstocottages.com\\\/boutique\\\/home\\\/water-resistant-beach-blanket\\\/\",\"name\":\"Water-Resistant Beach Blanket - Islands to cottages\",\"isPartOf\":{\"@id\":\"https:\\\/\\\/islandstocottages.com\\\/#website\"},\"primaryImageOfPage\":{\"@id\":\"https:\\\/\\\/islandstocottages.com\\\/boutique\\\/home\\\/water-resistant-beach-blanket\\\/#primaryimage\"},\"image\":{\"@id\":\"https:\\\/\\\/islandstocottages.com\\\/boutique\\\/home\\\/water-resistant-beach-blanket\\\/#primaryimage\"},\"thumbnailUrl\":\"https:\\\/\\\/i0.wp.com\\\/islandstocottages.com\\\/wp-content\\\/uploads\\\/2023\\\/06\\\/WaterResistanBlanket.1-scaled.jpg?fit=1920%2C2560&ssl=1\",\"datePublished\":\"2023-06-22T14:03:02+00:00\",\"dateModified\":\"2025-03-13T20:59:34+00:00\",\"description\":\"Get ready for the long nights of entertainment that the season has in store with this water-resistant beach blanket that will keep you warm and dry.\",\"breadcrumb\":{\"@id\":\"https:\\\/\\\/islandstocottages.com\\\/boutique\\\/home\\\/water-resistant-beach-blanket\\\/#breadcrumb\"},\"inLanguage\":\"fr-FR\",\"potentialAction\":[{\"@type\":\"ReadAction\",\"target\":[\"https:\\\/\\\/islandstocottages.com\\\/boutique\\\/home\\\/water-resistant-beach-blanket\\\/\"]}]},{\"@type\":\"ImageObject\",\"inLanguage\":\"fr-FR\",\"@id\":\"https:\\\/\\\/islandstocottages.com\\\/boutique\\\/home\\\/water-resistant-beach-blanket\\\/#primaryimage\",\"url\":\"https:\\\/\\\/i0.wp.com\\\/islandstocottages.com\\\/wp-content\\\/uploads\\\/2023\\\/06\\\/WaterResistanBlanket.1-scaled.jpg?fit=1920%2C2560&ssl=1\",\"contentUrl\":\"https:\\\/\\\/i0.wp.com\\\/islandstocottages.com\\\/wp-content\\\/uploads\\\/2023\\\/06\\\/WaterResistanBlanket.1-scaled.jpg?fit=1920%2C2560&ssl=1\",\"width\":1920,\"height\":2560},{\"@type\":\"BreadcrumbList\",\"@id\":\"https:\\\/\\\/islandstocottages.com\\\/boutique\\\/home\\\/water-resistant-beach-blanket\\\/#breadcrumb\",\"itemListElement\":[{\"@type\":\"ListItem\",\"position\":1,\"name\":\"Home\",\"item\":\"https:\\\/\\\/islandstocottages.com\\\/\"},{\"@type\":\"ListItem\",\"position\":2,\"name\":\"Boutique\",\"item\":\"https:\\\/\\\/islandstocottages.com\\\/boutique\\\/\"},{\"@type\":\"ListItem\",\"position\":3,\"name\":\"Water-Resistant Beach Blanket\"}]},{\"@type\":\"WebSite\",\"@id\":\"https:\\\/\\\/islandstocottages.com\\\/#website\",\"url\":\"https:\\\/\\\/islandstocottages.com\\\/\",\"name\":\"Islands to cottages\",\"description\":\"Nova Scotia Sustainable + Mindful Living\",\"publisher\":{\"@id\":\"https:\\\/\\\/islandstocottages.com\\\/#organization\"},\"potentialAction\":[{\"@type\":\"SearchAction\",\"target\":{\"@type\":\"EntryPoint\",\"urlTemplate\":\"https:\\\/\\\/islandstocottages.com\\\/?s={search_term_string}\"},\"query-input\":{\"@type\":\"PropertyValueSpecification\",\"valueRequired\":true,\"valueName\":\"search_term_string\"}}],\"inLanguage\":\"fr-FR\"},{\"@type\":\"Organization\",\"@id\":\"https:\\\/\\\/islandstocottages.com\\\/#organization\",\"name\":\"Islands To Cottages\",\"url\":\"https:\\\/\\\/islandstocottages.com\\\/\",\"logo\":{\"@type\":\"ImageObject\",\"inLanguage\":\"fr-FR\",\"@id\":\"https:\\\/\\\/islandstocottages.com\\\/#\\\/schema\\\/logo\\\/image\\\/\",\"url\":\"https:\\\/\\\/i2.wp.com\\\/islandstocottages.com\\\/wp-content\\\/uploads\\\/2020\\\/06\\\/Logo.Screenshot-188.png?fit=613%2C293&ssl=1\",\"contentUrl\":\"https:\\\/\\\/i2.wp.com\\\/islandstocottages.com\\\/wp-content\\\/uploads\\\/2020\\\/06\\\/Logo.Screenshot-188.png?fit=613%2C293&ssl=1\",\"width\":613,\"height\":293,\"caption\":\"Islands To Cottages\"},\"image\":{\"@id\":\"https:\\\/\\\/islandstocottages.com\\\/#\\\/schema\\\/logo\\\/image\\\/\"}}]}<\/script>\n<!-- \/ Yoast SEO plugin. -->","yoast_head_json":{"title":"Couverture doubl\u00e9e hydrofuge de plein-air  - Islands to cottages","description":"Pr\u00e9parez-vous pour les longues nuits anim\u00e9es que la saison vous r\u00e9serve avec cette couverture doubl\u00e9e hydrofuge de plein air qui vous tiendra bien au chaud et au sec toute la soir\u00e9e durant.","robots":{"index":"index","follow":"follow","max-snippet":"max-snippet:-1","max-image-preview":"max-image-preview:large","max-video-preview":"max-video-preview:-1"},"canonical":"https:\/\/islandstocottages.com\/fr\/boutique\/home\/couverture-doublee-hydrofuge-de-plein-air-2\/","og_locale":"fr_FR","og_type":"article","og_title":"Water-Resistant Beach Blanket - Islands to cottages","og_description":"Get ready for the long nights of entertainment that the season has in store with this water-resistant beach blanket that will keep you warm and dry.","og_url":"https:\/\/islandstocottages.com\/fr\/boutique\/home\/couverture-doublee-hydrofuge-de-plein-air-2\/","og_site_name":"Islands to cottages","article_modified_time":"2025-03-13T20:59:34+00:00","og_image":[{"width":1920,"height":2560,"url":"https:\/\/islandstocottages.com\/wp-content\/uploads\/2023\/06\/WaterResistanBlanket.1-scaled.jpg","type":"image\/jpeg"}],"twitter_card":"summary_large_image","twitter_misc":{"Dur\u00e9e de lecture estim\u00e9e":"2 minutes"},"schema":{"@context":"https:\/\/schema.org","@graph":[{"@type":"WebPage","@id":"https:\/\/islandstocottages.com\/boutique\/home\/water-resistant-beach-blanket\/","url":"https:\/\/islandstocottages.com\/boutique\/home\/water-resistant-beach-blanket\/","name":"Couverture doubl\u00e9e hydrofuge de plein-air  - Islands to cottages","isPartOf":{"@id":"https:\/\/islandstocottages.com\/#website"},"primaryImageOfPage":{"@id":"https:\/\/islandstocottages.com\/boutique\/home\/water-resistant-beach-blanket\/#primaryimage"},"image":{"@id":"https:\/\/islandstocottages.com\/boutique\/home\/water-resistant-beach-blanket\/#primaryimage"},"thumbnailUrl":"https:\/\/i0.wp.com\/islandstocottages.com\/wp-content\/uploads\/2023\/06\/WaterResistanBlanket.1-scaled.jpg?fit=1920%2C2560&ssl=1","datePublished":"2023-06-22T14:03:02+00:00","dateModified":"2025-03-13T20:59:34+00:00","description":"Pr\u00e9parez-vous pour les longues nuits anim\u00e9es que la saison vous r\u00e9serve avec cette couverture doubl\u00e9e hydrofuge de plein air qui vous tiendra bien au chaud et au sec toute la soir\u00e9e durant.","breadcrumb":{"@id":"https:\/\/islandstocottages.com\/boutique\/home\/water-resistant-beach-blanket\/#breadcrumb"},"inLanguage":"fr-FR","potentialAction":[{"@type":"ReadAction","target":["https:\/\/islandstocottages.com\/boutique\/home\/water-resistant-beach-blanket\/"]}]},{"@type":"ImageObject","inLanguage":"fr-FR","@id":"https:\/\/islandstocottages.com\/boutique\/home\/water-resistant-beach-blanket\/#primaryimage","url":"https:\/\/i0.wp.com\/islandstocottages.com\/wp-content\/uploads\/2023\/06\/WaterResistanBlanket.1-scaled.jpg?fit=1920%2C2560&ssl=1","contentUrl":"https:\/\/i0.wp.com\/islandstocottages.com\/wp-content\/uploads\/2023\/06\/WaterResistanBlanket.1-scaled.jpg?fit=1920%2C2560&ssl=1","width":1920,"height":2560},{"@type":"BreadcrumbList","@id":"https:\/\/islandstocottages.com\/boutique\/home\/water-resistant-beach-blanket\/#breadcrumb","itemListElement":[{"@type":"ListItem","position":1,"name":"Home","item":"https:\/\/islandstocottages.com\/"},{"@type":"ListItem","position":2,"name":"Boutique","item":"https:\/\/islandstocottages.com\/boutique\/"},{"@type":"ListItem","position":3,"name":"Water-Resistant Beach Blanket"}]},{"@type":"WebSite","@id":"https:\/\/islandstocottages.com\/#website","url":"https:\/\/islandstocottages.com\/","name":"Islands to cottages","description":"Vie Durable + Pleine Conscience en Nouvelle-\u00c9cosse","publisher":{"@id":"https:\/\/islandstocottages.com\/#organization"},"potentialAction":[{"@type":"SearchAction","target":{"@type":"EntryPoint","urlTemplate":"https:\/\/islandstocottages.com\/?s={search_term_string}"},"query-input":{"@type":"PropertyValueSpecification","valueRequired":true,"valueName":"search_term_string"}}],"inLanguage":"fr-FR"},{"@type":"Organization","@id":"https:\/\/islandstocottages.com\/#organization","name":"Islands To Cottages","url":"https:\/\/islandstocottages.com\/","logo":{"@type":"ImageObject","inLanguage":"fr-FR","@id":"https:\/\/islandstocottages.com\/#\/schema\/logo\/image\/","url":"https:\/\/i2.wp.com\/islandstocottages.com\/wp-content\/uploads\/2020\/06\/Logo.Screenshot-188.png?fit=613%2C293&ssl=1","contentUrl":"https:\/\/i2.wp.com\/islandstocottages.com\/wp-content\/uploads\/2020\/06\/Logo.Screenshot-188.png?fit=613%2C293&ssl=1","width":613,"height":293,"caption":"Islands To Cottages"},"image":{"@id":"https:\/\/islandstocottages.com\/#\/schema\/logo\/image\/"}}]}},"jetpack_sharing_enabled":true,"jetpack-related-posts":[{"id":2763,"url":"https:\/\/islandstocottages.com\/fr\/boutique\/pets\/floating-fetch-xl\/","url_meta":{"origin":2736,"position":0},"title":"Pomme de touline flottante XL - Balle \u00e0 lancer","author":"islandstocottages","date":"29 juin 2023","format":false,"excerpt":"100 % ligne de p\u00eache reconvertie + balle de tennis. Touline env. 28 cm diam.","rel":"","context":"Article similaire","block_context":{"text":"Article similaire","link":""},"img":{"alt_text":"Floating fetch XL","src":"https:\/\/i0.wp.com\/islandstocottages.com\/wp-content\/uploads\/2023\/06\/20230628_121344_HDR-scaled.jpg?fit=1200%2C1200&ssl=1&resize=350%2C200","width":350,"height":200,"srcset":"https:\/\/i0.wp.com\/islandstocottages.com\/wp-content\/uploads\/2023\/06\/20230628_121344_HDR-scaled.jpg?fit=1200%2C1200&ssl=1&resize=350%2C200 1x, https:\/\/i0.wp.com\/islandstocottages.com\/wp-content\/uploads\/2023\/06\/20230628_121344_HDR-scaled.jpg?fit=1200%2C1200&ssl=1&resize=525%2C300 1.5x, https:\/\/i0.wp.com\/islandstocottages.com\/wp-content\/uploads\/2023\/06\/20230628_121344_HDR-scaled.jpg?fit=1200%2C1200&ssl=1&resize=700%2C400 2x, https:\/\/i0.wp.com\/islandstocottages.com\/wp-content\/uploads\/2023\/06\/20230628_121344_HDR-scaled.jpg?fit=1200%2C1200&ssl=1&resize=1050%2C600 3x"},"classes":[]},{"id":2963,"url":"https:\/\/islandstocottages.com\/fr\/boutique\/home\/kitchen-go-to-towel\/","url_meta":{"origin":2736,"position":1},"title":"Serviette de cuisine","author":"islandstocottages","date":"25 novembre 2023","format":false,"excerpt":"Set de 2. 100 % coton. 30 cm x 30 cm. *\u00c9dition limit\u00e9e","rel":"","context":"Article similaire","block_context":{"text":"Article similaire","link":""},"img":{"alt_text":"Kitchen go-to towel","src":"https:\/\/i0.wp.com\/islandstocottages.com\/wp-content\/uploads\/2023\/11\/KT1.jpg?fit=1200%2C1200&ssl=1&resize=350%2C200","width":350,"height":200,"srcset":"https:\/\/i0.wp.com\/islandstocottages.com\/wp-content\/uploads\/2023\/11\/KT1.jpg?fit=1200%2C1200&ssl=1&resize=350%2C200 1x, https:\/\/i0.wp.com\/islandstocottages.com\/wp-content\/uploads\/2023\/11\/KT1.jpg?fit=1200%2C1200&ssl=1&resize=525%2C300 1.5x, https:\/\/i0.wp.com\/islandstocottages.com\/wp-content\/uploads\/2023\/11\/KT1.jpg?fit=1200%2C1200&ssl=1&resize=700%2C400 2x, https:\/\/i0.wp.com\/islandstocottages.com\/wp-content\/uploads\/2023\/11\/KT1.jpg?fit=1200%2C1200&ssl=1&resize=1050%2C600 3x"},"classes":[]},{"id":2172,"url":"https:\/\/islandstocottages.com\/fr\/boutique\/care\/eco-interlabial-pads\/","url_meta":{"origin":2736,"position":2},"title":"Compresses interlabiales en tissu","author":"islandstocottages","date":"1 f\u00e9vrier 2023","format":false,"excerpt":"Set de 10. 100 % flanelle.  6 cm x 11 cm.","rel":"","context":"Article similaire","block_context":{"text":"Article similaire","link":""},"img":{"alt_text":"Eco interlabial pads.","src":"https:\/\/i0.wp.com\/islandstocottages.com\/wp-content\/uploads\/2023\/02\/interlabial.1.jpg?fit=512%2C512&ssl=1&resize=350%2C200","width":350,"height":200},"classes":[]},{"id":2751,"url":"https:\/\/islandstocottages.com\/fr\/boutique\/pets\/reversible-slip-on-collar-bandana-canada\/","url_meta":{"origin":2736,"position":3},"title":"Bandana de collier r\u00e9versible amovible - Canada","author":"islandstocottages","date":"29 juin 2023","format":false,"excerpt":"100 % coton.  P 15 cm x 30 cm. G 19 cm x 45 cm. *\u00c9dition limit\u00e9e","rel":"","context":"Article similaire","block_context":{"text":"Article similaire","link":""},"img":{"alt_text":"","src":"https:\/\/i0.wp.com\/islandstocottages.com\/wp-content\/uploads\/2023\/06\/20230629_155006_HDR-scaled.jpg?fit=1112%2C1200&ssl=1&resize=350%2C200","width":350,"height":200,"srcset":"https:\/\/i0.wp.com\/islandstocottages.com\/wp-content\/uploads\/2023\/06\/20230629_155006_HDR-scaled.jpg?fit=1112%2C1200&ssl=1&resize=350%2C200 1x, https:\/\/i0.wp.com\/islandstocottages.com\/wp-content\/uploads\/2023\/06\/20230629_155006_HDR-scaled.jpg?fit=1112%2C1200&ssl=1&resize=525%2C300 1.5x, https:\/\/i0.wp.com\/islandstocottages.com\/wp-content\/uploads\/2023\/06\/20230629_155006_HDR-scaled.jpg?fit=1112%2C1200&ssl=1&resize=700%2C400 2x, https:\/\/i0.wp.com\/islandstocottages.com\/wp-content\/uploads\/2023\/06\/20230629_155006_HDR-scaled.jpg?fit=1112%2C1200&ssl=1&resize=1050%2C600 3x"},"classes":[]},{"id":2161,"url":"https:\/\/islandstocottages.com\/fr\/boutique\/care\/unpaper-toilet-paper\/","url_meta":{"origin":2736,"position":4},"title":"Papier hygi\u00e9nique z\u00e9ro d\u00e9chet","author":"islandstocottages","date":"2 f\u00e9vrier 2023","format":false,"excerpt":"Set de 10. 100 % flanelle.  12 cm x 23 cm.","rel":"","context":"Article similaire","block_context":{"text":"Article similaire","link":""},"img":{"alt_text":"Flannel unpaper toilet paper.","src":"https:\/\/i0.wp.com\/islandstocottages.com\/wp-content\/uploads\/2023\/02\/unpaperToilet1.jpg?fit=512%2C512&ssl=1&resize=350%2C200","width":350,"height":200},"classes":[]},{"id":2977,"url":"https:\/\/islandstocottages.com\/fr\/boutique\/care\/zero-waste-cloth-baby-wipes\/","url_meta":{"origin":2736,"position":5},"title":"Lingettes z\u00e9ro d\u00e9chet","author":"islandstocottages","date":"2 d\u00e9cembre 2023","format":false,"excerpt":"Set de 5. 100 % flanelle.  19 cm x 19 cm. *\u00c9dition limit\u00e9e","rel":"","context":"Article similaire","block_context":{"text":"Article similaire","link":""},"img":{"alt_text":"Zero Waste Cloth Baby Wipes","src":"https:\/\/i0.wp.com\/islandstocottages.com\/wp-content\/uploads\/2023\/12\/BabyWipe3.jpg?fit=1200%2C1200&ssl=1&resize=350%2C200","width":350,"height":200,"srcset":"https:\/\/i0.wp.com\/islandstocottages.com\/wp-content\/uploads\/2023\/12\/BabyWipe3.jpg?fit=1200%2C1200&ssl=1&resize=350%2C200 1x, https:\/\/i0.wp.com\/islandstocottages.com\/wp-content\/uploads\/2023\/12\/BabyWipe3.jpg?fit=1200%2C1200&ssl=1&resize=525%2C300 1.5x, https:\/\/i0.wp.com\/islandstocottages.com\/wp-content\/uploads\/2023\/12\/BabyWipe3.jpg?fit=1200%2C1200&ssl=1&resize=700%2C400 2x, https:\/\/i0.wp.com\/islandstocottages.com\/wp-content\/uploads\/2023\/12\/BabyWipe3.jpg?fit=1200%2C1200&ssl=1&resize=1050%2C600 3x"},"classes":[]}],"_links":{"self":[{"href":"https:\/\/islandstocottages.com\/fr\/wp-json\/wp\/v2\/product\/2736","targetHints":{"allow":["GET"]}}],"collection":[{"href":"https:\/\/islandstocottages.com\/fr\/wp-json\/wp\/v2\/product"}],"about":[{"href":"https:\/\/islandstocottages.com\/fr\/wp-json\/wp\/v2\/types\/product"}],"wp:featuredmedia":[{"embeddable":true,"href":"https:\/\/islandstocottages.com\/fr\/wp-json\/wp\/v2\/media\/2737"}],"wp:attachment":[{"href":"https:\/\/islandstocottages.com\/fr\/wp-json\/wp\/v2\/media?parent=2736"}],"wp:term":[{"taxonomy":"product_brand","embeddable":true,"href":"https:\/\/islandstocottages.com\/fr\/wp-json\/wp\/v2\/product_brand?post=2736"},{"taxonomy":"product_cat","embeddable":true,"href":"https:\/\/islandstocottages.com\/fr\/wp-json\/wp\/v2\/product_cat?post=2736"},{"taxonomy":"product_tag","embeddable":true,"href":"https:\/\/islandstocottages.com\/fr\/wp-json\/wp\/v2\/product_tag?post=2736"}],"curies":[{"name":"wp","href":"https:\/\/api.w.org\/{rel}","templated":true}]}}