{"id":2744,"date":"2023-06-22T10:40:40","date_gmt":"2023-06-22T14:40:40","guid":{"rendered":"https:\/\/islandstocottages.com\/?post_type=product&#038;p=2744"},"modified":"2025-03-13T16:58:55","modified_gmt":"2025-03-13T20:58:55","slug":"collier-de-dentition-2","status":"publish","type":"product","link":"https:\/\/islandstocottages.com\/fr\/boutique\/home\/teething-necklace\/","title":{"rendered":"Collier de dentition"},"content":{"rendered":"<p>*Contactez-nous pour commander*<\/p>\n<p>Collier de dentition pour les Mamans et les Papas \u00e0 la mode. Divertissant et esth\u00e9tique, ce formidable accessoire est des plus utiles. Vraiment simple \u00e0 utiliser, on glisse notre parure par-dessus la t\u00eate pour l'enfiler et l'enlever, et on donne toutes les raisons du monde \u00e0 notre ch\u00e9rubin d'\u00eatre aux anges.<\/p>\n<p>Tout le monde sait que, pour b\u00e9b\u00e9, la meilleure place, c'est d'\u00eatre confortablement lov\u00e9 au creux de nos bras ! Alors on en profite au maximum et on emmagasine tous ces pr\u00e9cieux moments pour s'en d\u00e9lecter le restant de nos jours, parce que la vie passe bien vite et qu'on n'en veut rien manquer. On amuse la marmaille en les laissant jouer avec les d\u00e9tails sensoriels de ce collier unique en son genre qui viendra rehausser notre style. Le design est tout particuli\u00e8rement int\u00e9ressant pour aider \u00e0 soulager les gencives douloureuses en p\u00e9riode de croissance. Une fois la nuit tomb\u00e9e et notre bambin dans les bras de Morph\u00e9e, on envoie le collier dans la machine \u00e0 laver pour un brin de propret\u00e9, et le tour est jou\u00e9 ! On fait attention aux produits nettoyants que l'on choisit, aussi bien pour des raisons de s\u00e9curit\u00e9 que par hygi\u00e8ne de vie. Enveloppe faite de coton \u00e0 100 % et boules de remplissage 100 % coton \u00e9galement.<\/p>\n<p><strong>*** AVIS DE NON-RESPONSABILIT\u00c9 : R\u00e9serv\u00e9 \u00e0 l'usage des adultes uniquement. \u00c0 utiliser seulement par la personne responsable de l'enfant. Ne pas laisser sans surveillance.  Ne pas utiliser une fois que les dents de b\u00e9b\u00e9 sont sorties. ***<\/strong><\/p>\n<p><strong>Entretien :<\/strong> Entretien facile. Laver et s\u00e9cher en machine au cycle ti\u00e8de avec des couleurs similaires. Utiliser un d\u00e9tergent \u00e0 lessive \u00e9cologique et non parfum\u00e9. S\u00e9cher en machine ou laisser s\u00e9cher \u00e0 l'air libre et \u00e9viter l'assouplissant ou autres additifs.<\/p>\n<p><strong>Mat\u00e9riau :<\/strong> Enveloppe 100 % coton. Boules de remplissage 100 % coton. Nous sommes fiers de nos pratiques \u00e9co-responsables et nous maintenons notre engagement quant \u00e0 nos choix ax\u00e9s sur la durabilit\u00e9. Sauf exception pour les articles fabriqu\u00e9s en production continue et r\u00e9pondant \u00e0 des standards d\u00e9termin\u00e9s, tous nos tissus proviennent du march\u00e9 de l'apr\u00e8s-vente : fins de stocks, invendus, seconde main, etc. Les articles ainsi produits sont des \u00e9ditions limit\u00e9es selon les disponibilit\u00e9s du moment.<\/p>\n<p><strong>Dimensions :<\/strong> Env. 76 cm.<\/p>\n<p>Fait en Nouvelle-\u00c9cosse.<\/p>","protected":false},"excerpt":{"rendered":"<p>100 % coton. Env. 76 cm. *\u00c9dition limit\u00e9e<\/p>","protected":false},"featured_media":2745,"template":"","meta":{"nf_dc_page":"","om_disable_all_campaigns":false,"_monsterinsights_skip_tracking":false,"_monsterinsights_sitenote_active":false,"_monsterinsights_sitenote_note":"","_monsterinsights_sitenote_category":0},"product_brand":[],"product_cat":[29],"product_tag":[],"class_list":{"0":"post-2744","1":"product","2":"type-product","3":"status-publish","4":"has-post-thumbnail","6":"product_cat-home","8":"first","9":"outofstock","10":"shipping-taxable","11":"purchasable","12":"product-type-simple"},"yoast_head":"<!-- This site is optimized with the Yoast SEO plugin v27.4 - https:\/\/yoast.com\/product\/yoast-seo-wordpress\/ -->\n<title>Teething Necklace - Islands to cottages<\/title>\n<meta name=\"description\" content=\"Baby friendly and eco-friendly 100% cotton slip-on teething necklace for stylish Mamas and Papas.\" \/>\n<meta name=\"robots\" content=\"index, follow, max-snippet:-1, max-image-preview:large, max-video-preview:-1\" \/>\n<link rel=\"canonical\" href=\"https:\/\/islandstocottages.com\/fr\/boutique\/home\/collier-de-dentition-2\/\" \/>\n<meta property=\"og:locale\" content=\"fr_FR\" \/>\n<meta property=\"og:type\" content=\"article\" \/>\n<meta property=\"og:title\" content=\"Teething Necklace - Islands to cottages\" \/>\n<meta property=\"og:description\" content=\"Baby friendly and eco-friendly 100% cotton slip-on teething necklace for stylish Mamas and Papas.\" \/>\n<meta property=\"og:url\" content=\"https:\/\/islandstocottages.com\/fr\/boutique\/home\/collier-de-dentition-2\/\" \/>\n<meta property=\"og:site_name\" content=\"Islands to cottages\" \/>\n<meta property=\"article:modified_time\" content=\"2025-03-13T20:58:55+00:00\" \/>\n<meta property=\"og:image\" content=\"https:\/\/islandstocottages.com\/wp-content\/uploads\/2023\/06\/TeethingBees.1-scaled.jpg\" \/>\n\t<meta property=\"og:image:width\" content=\"1920\" \/>\n\t<meta property=\"og:image:height\" content=\"2560\" \/>\n\t<meta property=\"og:image:type\" content=\"image\/jpeg\" \/>\n<meta name=\"twitter:card\" content=\"summary_large_image\" \/>\n<meta name=\"twitter:label1\" content=\"Dur\u00e9e de lecture estim\u00e9e\" \/>\n\t<meta name=\"twitter:data1\" content=\"2 minutes\" \/>\n<script type=\"application\/ld+json\" class=\"yoast-schema-graph\">{\"@context\":\"https:\\\/\\\/schema.org\",\"@graph\":[{\"@type\":\"WebPage\",\"@id\":\"https:\\\/\\\/islandstocottages.com\\\/boutique\\\/home\\\/teething-necklace\\\/\",\"url\":\"https:\\\/\\\/islandstocottages.com\\\/boutique\\\/home\\\/teething-necklace\\\/\",\"name\":\"Teething Necklace - Islands to cottages\",\"isPartOf\":{\"@id\":\"https:\\\/\\\/islandstocottages.com\\\/#website\"},\"primaryImageOfPage\":{\"@id\":\"https:\\\/\\\/islandstocottages.com\\\/boutique\\\/home\\\/teething-necklace\\\/#primaryimage\"},\"image\":{\"@id\":\"https:\\\/\\\/islandstocottages.com\\\/boutique\\\/home\\\/teething-necklace\\\/#primaryimage\"},\"thumbnailUrl\":\"https:\\\/\\\/i0.wp.com\\\/islandstocottages.com\\\/wp-content\\\/uploads\\\/2023\\\/06\\\/TeethingBees.1-scaled.jpg?fit=1920%2C2560&ssl=1\",\"datePublished\":\"2023-06-22T14:40:40+00:00\",\"dateModified\":\"2025-03-13T20:58:55+00:00\",\"description\":\"Baby friendly and eco-friendly 100% cotton slip-on teething necklace for stylish Mamas and Papas.\",\"breadcrumb\":{\"@id\":\"https:\\\/\\\/islandstocottages.com\\\/boutique\\\/home\\\/teething-necklace\\\/#breadcrumb\"},\"inLanguage\":\"fr-FR\",\"potentialAction\":[{\"@type\":\"ReadAction\",\"target\":[\"https:\\\/\\\/islandstocottages.com\\\/boutique\\\/home\\\/teething-necklace\\\/\"]}]},{\"@type\":\"ImageObject\",\"inLanguage\":\"fr-FR\",\"@id\":\"https:\\\/\\\/islandstocottages.com\\\/boutique\\\/home\\\/teething-necklace\\\/#primaryimage\",\"url\":\"https:\\\/\\\/i0.wp.com\\\/islandstocottages.com\\\/wp-content\\\/uploads\\\/2023\\\/06\\\/TeethingBees.1-scaled.jpg?fit=1920%2C2560&ssl=1\",\"contentUrl\":\"https:\\\/\\\/i0.wp.com\\\/islandstocottages.com\\\/wp-content\\\/uploads\\\/2023\\\/06\\\/TeethingBees.1-scaled.jpg?fit=1920%2C2560&ssl=1\",\"width\":1920,\"height\":2560},{\"@type\":\"BreadcrumbList\",\"@id\":\"https:\\\/\\\/islandstocottages.com\\\/boutique\\\/home\\\/teething-necklace\\\/#breadcrumb\",\"itemListElement\":[{\"@type\":\"ListItem\",\"position\":1,\"name\":\"Home\",\"item\":\"https:\\\/\\\/islandstocottages.com\\\/\"},{\"@type\":\"ListItem\",\"position\":2,\"name\":\"Boutique\",\"item\":\"https:\\\/\\\/islandstocottages.com\\\/boutique\\\/\"},{\"@type\":\"ListItem\",\"position\":3,\"name\":\"Teething Necklace\"}]},{\"@type\":\"WebSite\",\"@id\":\"https:\\\/\\\/islandstocottages.com\\\/#website\",\"url\":\"https:\\\/\\\/islandstocottages.com\\\/\",\"name\":\"Islands to cottages\",\"description\":\"Nova Scotia Sustainable + Mindful Living\",\"publisher\":{\"@id\":\"https:\\\/\\\/islandstocottages.com\\\/#organization\"},\"potentialAction\":[{\"@type\":\"SearchAction\",\"target\":{\"@type\":\"EntryPoint\",\"urlTemplate\":\"https:\\\/\\\/islandstocottages.com\\\/?s={search_term_string}\"},\"query-input\":{\"@type\":\"PropertyValueSpecification\",\"valueRequired\":true,\"valueName\":\"search_term_string\"}}],\"inLanguage\":\"fr-FR\"},{\"@type\":\"Organization\",\"@id\":\"https:\\\/\\\/islandstocottages.com\\\/#organization\",\"name\":\"Islands To Cottages\",\"url\":\"https:\\\/\\\/islandstocottages.com\\\/\",\"logo\":{\"@type\":\"ImageObject\",\"inLanguage\":\"fr-FR\",\"@id\":\"https:\\\/\\\/islandstocottages.com\\\/#\\\/schema\\\/logo\\\/image\\\/\",\"url\":\"https:\\\/\\\/i2.wp.com\\\/islandstocottages.com\\\/wp-content\\\/uploads\\\/2020\\\/06\\\/Logo.Screenshot-188.png?fit=613%2C293&ssl=1\",\"contentUrl\":\"https:\\\/\\\/i2.wp.com\\\/islandstocottages.com\\\/wp-content\\\/uploads\\\/2020\\\/06\\\/Logo.Screenshot-188.png?fit=613%2C293&ssl=1\",\"width\":613,\"height\":293,\"caption\":\"Islands To Cottages\"},\"image\":{\"@id\":\"https:\\\/\\\/islandstocottages.com\\\/#\\\/schema\\\/logo\\\/image\\\/\"}}]}<\/script>\n<!-- \/ Yoast SEO plugin. -->","yoast_head_json":{"title":"Collier de dentition - Islands to cottages","description":"Collier de dentition \u00e9co-responsable pour les Mamans et les Papas \u00e0 la mode. Facile \u00e0 enfiler et 100 % coton.","robots":{"index":"index","follow":"follow","max-snippet":"max-snippet:-1","max-image-preview":"max-image-preview:large","max-video-preview":"max-video-preview:-1"},"canonical":"https:\/\/islandstocottages.com\/fr\/boutique\/home\/collier-de-dentition-2\/","og_locale":"fr_FR","og_type":"article","og_title":"Teething Necklace - Islands to cottages","og_description":"Baby friendly and eco-friendly 100% cotton slip-on teething necklace for stylish Mamas and Papas.","og_url":"https:\/\/islandstocottages.com\/fr\/boutique\/home\/collier-de-dentition-2\/","og_site_name":"Islands to cottages","article_modified_time":"2025-03-13T20:58:55+00:00","og_image":[{"width":1920,"height":2560,"url":"https:\/\/islandstocottages.com\/wp-content\/uploads\/2023\/06\/TeethingBees.1-scaled.jpg","type":"image\/jpeg"}],"twitter_card":"summary_large_image","twitter_misc":{"Dur\u00e9e de lecture estim\u00e9e":"2 minutes"},"schema":{"@context":"https:\/\/schema.org","@graph":[{"@type":"WebPage","@id":"https:\/\/islandstocottages.com\/boutique\/home\/teething-necklace\/","url":"https:\/\/islandstocottages.com\/boutique\/home\/teething-necklace\/","name":"Collier de dentition - Islands to cottages","isPartOf":{"@id":"https:\/\/islandstocottages.com\/#website"},"primaryImageOfPage":{"@id":"https:\/\/islandstocottages.com\/boutique\/home\/teething-necklace\/#primaryimage"},"image":{"@id":"https:\/\/islandstocottages.com\/boutique\/home\/teething-necklace\/#primaryimage"},"thumbnailUrl":"https:\/\/i0.wp.com\/islandstocottages.com\/wp-content\/uploads\/2023\/06\/TeethingBees.1-scaled.jpg?fit=1920%2C2560&ssl=1","datePublished":"2023-06-22T14:40:40+00:00","dateModified":"2025-03-13T20:58:55+00:00","description":"Collier de dentition \u00e9co-responsable pour les Mamans et les Papas \u00e0 la mode. Facile \u00e0 enfiler et 100 % coton.","breadcrumb":{"@id":"https:\/\/islandstocottages.com\/boutique\/home\/teething-necklace\/#breadcrumb"},"inLanguage":"fr-FR","potentialAction":[{"@type":"ReadAction","target":["https:\/\/islandstocottages.com\/boutique\/home\/teething-necklace\/"]}]},{"@type":"ImageObject","inLanguage":"fr-FR","@id":"https:\/\/islandstocottages.com\/boutique\/home\/teething-necklace\/#primaryimage","url":"https:\/\/i0.wp.com\/islandstocottages.com\/wp-content\/uploads\/2023\/06\/TeethingBees.1-scaled.jpg?fit=1920%2C2560&ssl=1","contentUrl":"https:\/\/i0.wp.com\/islandstocottages.com\/wp-content\/uploads\/2023\/06\/TeethingBees.1-scaled.jpg?fit=1920%2C2560&ssl=1","width":1920,"height":2560},{"@type":"BreadcrumbList","@id":"https:\/\/islandstocottages.com\/boutique\/home\/teething-necklace\/#breadcrumb","itemListElement":[{"@type":"ListItem","position":1,"name":"Home","item":"https:\/\/islandstocottages.com\/"},{"@type":"ListItem","position":2,"name":"Boutique","item":"https:\/\/islandstocottages.com\/boutique\/"},{"@type":"ListItem","position":3,"name":"Teething Necklace"}]},{"@type":"WebSite","@id":"https:\/\/islandstocottages.com\/#website","url":"https:\/\/islandstocottages.com\/","name":"Islands to cottages","description":"Vie Durable + Pleine Conscience en Nouvelle-\u00c9cosse","publisher":{"@id":"https:\/\/islandstocottages.com\/#organization"},"potentialAction":[{"@type":"SearchAction","target":{"@type":"EntryPoint","urlTemplate":"https:\/\/islandstocottages.com\/?s={search_term_string}"},"query-input":{"@type":"PropertyValueSpecification","valueRequired":true,"valueName":"search_term_string"}}],"inLanguage":"fr-FR"},{"@type":"Organization","@id":"https:\/\/islandstocottages.com\/#organization","name":"Islands To Cottages","url":"https:\/\/islandstocottages.com\/","logo":{"@type":"ImageObject","inLanguage":"fr-FR","@id":"https:\/\/islandstocottages.com\/#\/schema\/logo\/image\/","url":"https:\/\/i2.wp.com\/islandstocottages.com\/wp-content\/uploads\/2020\/06\/Logo.Screenshot-188.png?fit=613%2C293&ssl=1","contentUrl":"https:\/\/i2.wp.com\/islandstocottages.com\/wp-content\/uploads\/2020\/06\/Logo.Screenshot-188.png?fit=613%2C293&ssl=1","width":613,"height":293,"caption":"Islands To Cottages"},"image":{"@id":"https:\/\/islandstocottages.com\/#\/schema\/logo\/image\/"}}]}},"jetpack_sharing_enabled":true,"jetpack-related-posts":[{"id":2977,"url":"https:\/\/islandstocottages.com\/fr\/boutique\/care\/zero-waste-cloth-baby-wipes\/","url_meta":{"origin":2744,"position":0},"title":"Lingettes z\u00e9ro d\u00e9chet","author":"islandstocottages","date":"2 d\u00e9cembre 2023","format":false,"excerpt":"Set de 5. 100 % flanelle.  19 cm x 19 cm. *\u00c9dition limit\u00e9e","rel":"","context":"Article similaire","block_context":{"text":"Article similaire","link":""},"img":{"alt_text":"Zero Waste Cloth Baby Wipes","src":"https:\/\/i0.wp.com\/islandstocottages.com\/wp-content\/uploads\/2023\/12\/BabyWipe3.jpg?fit=1200%2C1200&ssl=1&resize=350%2C200","width":350,"height":200,"srcset":"https:\/\/i0.wp.com\/islandstocottages.com\/wp-content\/uploads\/2023\/12\/BabyWipe3.jpg?fit=1200%2C1200&ssl=1&resize=350%2C200 1x, https:\/\/i0.wp.com\/islandstocottages.com\/wp-content\/uploads\/2023\/12\/BabyWipe3.jpg?fit=1200%2C1200&ssl=1&resize=525%2C300 1.5x, https:\/\/i0.wp.com\/islandstocottages.com\/wp-content\/uploads\/2023\/12\/BabyWipe3.jpg?fit=1200%2C1200&ssl=1&resize=700%2C400 2x, https:\/\/i0.wp.com\/islandstocottages.com\/wp-content\/uploads\/2023\/12\/BabyWipe3.jpg?fit=1200%2C1200&ssl=1&resize=1050%2C600 3x"},"classes":[]},{"id":312,"url":"https:\/\/islandstocottages.com\/fr\/boutique\/celebrate\/pompom-garland\/","url_meta":{"origin":2744,"position":1},"title":"Guirlande de pompons","author":"islandstocottages","date":"4 juillet 2022","format":false,"excerpt":"100 % laine \u00e0 tricoter reconvertie + ficelle. 180 cm.","rel":"","context":"Article similaire","block_context":{"text":"Article similaire","link":""},"img":{"alt_text":"A pompom garland in blue tones.","src":"https:\/\/i0.wp.com\/islandstocottages.com\/wp-content\/uploads\/2022\/07\/PompomGarland1.jpg?fit=512%2C512&ssl=1&resize=350%2C200","width":350,"height":200},"classes":[]},{"id":249,"url":"https:\/\/islandstocottages.com\/fr\/boutique\/celebrate\/reversible-furoshiki\/","url_meta":{"origin":2744,"position":2},"title":"Furoshiki r\u00e9versible","author":"islandstocottages","date":"28 juin 2022","format":false,"excerpt":"100 % fibres m\u00e9lang\u00e9es. 50 cm x 50 cm. *\u00c9dition limit\u00e9e","rel":"","context":"Article similaire","block_context":{"text":"Article similaire","link":""},"img":{"alt_text":"Lama furoshiki with grey undertones.","src":"https:\/\/i0.wp.com\/islandstocottages.com\/wp-content\/uploads\/2022\/06\/Furoshikigrey1.jpg?fit=512%2C512&ssl=1&resize=350%2C200","width":350,"height":200},"classes":[]},{"id":300,"url":"https:\/\/islandstocottages.com\/fr\/boutique\/celebrate\/reversible-gift-bag\/","url_meta":{"origin":2744,"position":3},"title":"Sac cadeau r\u00e9versible r\u00e9utilisable","author":"islandstocottages","date":"4 juillet 2022","format":false,"excerpt":"100 % fibres m\u00e9lang\u00e9es. 50 cm x 50 cm. *\u00c9dition limit\u00e9e","rel":"","context":"Article similaire","block_context":{"text":"Article similaire","link":""},"img":{"alt_text":"Reversible gift bag in pinks and greys.","src":"https:\/\/i0.wp.com\/islandstocottages.com\/wp-content\/uploads\/2022\/07\/giftBag1.jpg?fit=512%2C512&ssl=1&resize=350%2C200","width":350,"height":200},"classes":[]},{"id":318,"url":"https:\/\/islandstocottages.com\/fr\/boutique\/celebrate\/eco-cocktail-napkins\/","url_meta":{"origin":2744,"position":4},"title":"Serviettes \u00e0 cocktail en tissu","author":"islandstocottages","date":"4 juillet 2022","format":false,"excerpt":"Set de 4. 100 % coton. 25 cm x 25 cm. *\u00c9dition limit\u00e9e","rel":"","context":"Article similaire","block_context":{"text":"Article similaire","link":""},"img":{"alt_text":"A set of blue napkins.","src":"https:\/\/i0.wp.com\/islandstocottages.com\/wp-content\/uploads\/2022\/07\/EcoNapkin1.jpg?fit=512%2C512&ssl=1&resize=350%2C200","width":350,"height":200},"classes":[]},{"id":2995,"url":"https:\/\/islandstocottages.com\/fr\/boutique\/celebrate\/reversible-furoshiki-holidays-mistletoe\/","url_meta":{"origin":2744,"position":5},"title":"Furoshiki r\u00e9versible Gui - Saison des f\u00eates","author":"islandstocottages","date":"2 d\u00e9cembre 2023","format":false,"excerpt":"100 % fibres m\u00e9lang\u00e9es. 50 cm x 50 cm. *\u00c9dition limit\u00e9e","rel":"","context":"Article similaire","block_context":{"text":"Article similaire","link":""},"img":{"alt_text":"Reversible Furoshiki Holidays - Mistletoe","src":"https:\/\/i0.wp.com\/islandstocottages.com\/wp-content\/uploads\/2023\/12\/FHPOP3.jpg?fit=1200%2C1200&ssl=1&resize=350%2C200","width":350,"height":200,"srcset":"https:\/\/i0.wp.com\/islandstocottages.com\/wp-content\/uploads\/2023\/12\/FHPOP3.jpg?fit=1200%2C1200&ssl=1&resize=350%2C200 1x, https:\/\/i0.wp.com\/islandstocottages.com\/wp-content\/uploads\/2023\/12\/FHPOP3.jpg?fit=1200%2C1200&ssl=1&resize=525%2C300 1.5x, https:\/\/i0.wp.com\/islandstocottages.com\/wp-content\/uploads\/2023\/12\/FHPOP3.jpg?fit=1200%2C1200&ssl=1&resize=700%2C400 2x, https:\/\/i0.wp.com\/islandstocottages.com\/wp-content\/uploads\/2023\/12\/FHPOP3.jpg?fit=1200%2C1200&ssl=1&resize=1050%2C600 3x"},"classes":[]}],"_links":{"self":[{"href":"https:\/\/islandstocottages.com\/fr\/wp-json\/wp\/v2\/product\/2744","targetHints":{"allow":["GET"]}}],"collection":[{"href":"https:\/\/islandstocottages.com\/fr\/wp-json\/wp\/v2\/product"}],"about":[{"href":"https:\/\/islandstocottages.com\/fr\/wp-json\/wp\/v2\/types\/product"}],"wp:featuredmedia":[{"embeddable":true,"href":"https:\/\/islandstocottages.com\/fr\/wp-json\/wp\/v2\/media\/2745"}],"wp:attachment":[{"href":"https:\/\/islandstocottages.com\/fr\/wp-json\/wp\/v2\/media?parent=2744"}],"wp:term":[{"taxonomy":"product_brand","embeddable":true,"href":"https:\/\/islandstocottages.com\/fr\/wp-json\/wp\/v2\/product_brand?post=2744"},{"taxonomy":"product_cat","embeddable":true,"href":"https:\/\/islandstocottages.com\/fr\/wp-json\/wp\/v2\/product_cat?post=2744"},{"taxonomy":"product_tag","embeddable":true,"href":"https:\/\/islandstocottages.com\/fr\/wp-json\/wp\/v2\/product_tag?post=2744"}],"curies":[{"name":"wp","href":"https:\/\/api.w.org\/{rel}","templated":true}]}}