{"id":2763,"date":"2023-06-29T16:03:47","date_gmt":"2023-06-29T20:03:47","guid":{"rendered":"https:\/\/islandstocottages.com\/?post_type=product&#038;p=2763"},"modified":"2025-03-13T16:57:14","modified_gmt":"2025-03-13T20:57:14","slug":"pomme-de-touline-flottante-xl-2","status":"publish","type":"product","link":"https:\/\/islandstocottages.com\/fr\/boutique\/pets\/floating-fetch-xl\/","title":{"rendered":"Pomme de touline flottante XL - Balle \u00e0 lancer"},"content":{"rendered":"<p>*Contactez-nous pour commander*<\/p>\n<p>On s'amuse en famille fa\u00e7on \u00e9colo avec cette pomme de touline flottante XL, une balle \u00e0 lancer surdimensionn\u00e9e faite de ligne de p\u00eache recycl\u00e9e. Facile \u00e0 utiliser, super amusante et respectueuse de l'environnement, que demander de plus ?<\/p>\n<p>La confortable poign\u00e9e rend la pomme de touline tr\u00e8s facile \u00e0 saisir et \u00e0 lancer, tandis que la balle de tennis situ\u00e9e au c\u0153ur lui donne \u00e0 la fois du rebond et une flottabilit\u00e9 sans pareille. Facile d'entretien, rincer \u00e0 l'eau douce apr\u00e8s une journ\u00e9e \u00e0 la mer et conserver dans un endroit sombre et sec. Peut \u00eatre utilis\u00e9e pour la d\u00e9coration int\u00e9rieure et ext\u00e9rieure ainsi que pour apporter une touche nautique \u00e0 votre maison ou \u00e0 votre chez vous, loin de chez vous, en toute saison.<\/p>\n<p><strong>*** AVIS DE NON-RESPONSABILIT\u00c9 : Utiliser comme balle \u00e0 lancer seulement. Faire preuve de prudence en lan\u00e7ant la balle. Utiliser uniquement dans des espaces ouverts. Ne pas tirer dessus. Ne pas laisser mordiller. Ne pas laisser sans surveillance. ***<\/strong><\/p>\n<p><strong>Entretien :<\/strong> Entretien facile. Rincer \u00e0 l'eau douce apr\u00e8s utilisation. Laisser s\u00e9cher \u00e0 l'air libre. Conserver dans un endroit sombre et sec.<\/p>\n<p><strong>Mat\u00e9riau :<\/strong> Ligne de p\u00eache rel\u00e9gu\u00e9e reconvertie + balle de tennis. Nous sommes fiers de nos <a href=\"https:\/\/islandstocottages.com\/fr\/durabilite\/\">pratiques \u00e9co-responsables<\/a> et nous maintenons notre engagement quant \u00e0 nos choix ax\u00e9s sur la durabilit\u00e9.<\/p>\n<p><strong>Dimensions :<\/strong> Touline env. 28 cm diam.<\/p>\n<p>Fait en Nouvelle-\u00c9cosse.<\/p>","protected":false},"excerpt":{"rendered":"<p>100 % ligne de p\u00eache reconvertie + balle de tennis. Touline env. 28 cm diam.<\/p>","protected":false},"featured_media":2772,"template":"","meta":{"nf_dc_page":"","om_disable_all_campaigns":false,"_monsterinsights_skip_tracking":false,"_monsterinsights_sitenote_active":false,"_monsterinsights_sitenote_note":"","_monsterinsights_sitenote_category":0},"product_brand":[],"product_cat":[93],"product_tag":[],"class_list":{"0":"post-2763","1":"product","2":"type-product","3":"status-publish","4":"has-post-thumbnail","6":"product_cat-pets","8":"first","9":"outofstock","10":"shipping-taxable","11":"purchasable","12":"product-type-simple"},"yoast_head":"<!-- This site is optimized with the Yoast SEO plugin v27.4 - https:\/\/yoast.com\/product\/yoast-seo-wordpress\/ -->\n<title>Floating Fetch XL - Oversize Monkey Fist - Islands to cottages<\/title>\n<meta name=\"description\" content=\"Give family time a refresh with this floating fetch xl made of recycled fishing rope. Easy to use, fun and eco-friendly, what more to ask for ? Let&#039;s get to it, the summer awaits\u2026\" \/>\n<meta name=\"robots\" content=\"index, follow, max-snippet:-1, max-image-preview:large, max-video-preview:-1\" \/>\n<link rel=\"canonical\" href=\"https:\/\/islandstocottages.com\/fr\/boutique\/pets\/pomme-de-touline-flottante-xl-2\/\" \/>\n<meta property=\"og:locale\" content=\"fr_FR\" \/>\n<meta property=\"og:type\" content=\"article\" \/>\n<meta property=\"og:title\" content=\"Floating Fetch XL - Oversize Monkey Fist - Islands to cottages\" \/>\n<meta property=\"og:description\" content=\"Give family time a refresh with this floating fetch xl made of recycled fishing rope. Easy to use, fun and eco-friendly, what more to ask for ? Let&#039;s get to it, the summer awaits\u2026\" \/>\n<meta property=\"og:url\" content=\"https:\/\/islandstocottages.com\/fr\/boutique\/pets\/pomme-de-touline-flottante-xl-2\/\" \/>\n<meta property=\"og:site_name\" content=\"Islands to cottages\" \/>\n<meta property=\"article:modified_time\" content=\"2025-03-13T20:57:14+00:00\" \/>\n<meta property=\"og:image\" content=\"https:\/\/islandstocottages.com\/wp-content\/uploads\/2023\/06\/20230628_121344_HDR-scaled.jpg\" \/>\n\t<meta property=\"og:image:width\" content=\"2560\" \/>\n\t<meta property=\"og:image:height\" content=\"2560\" \/>\n\t<meta property=\"og:image:type\" content=\"image\/jpeg\" \/>\n<meta name=\"twitter:card\" content=\"summary_large_image\" \/>\n<meta name=\"twitter:label1\" content=\"Dur\u00e9e de lecture estim\u00e9e\" \/>\n\t<meta name=\"twitter:data1\" content=\"2 minutes\" \/>\n<script type=\"application\/ld+json\" class=\"yoast-schema-graph\">{\"@context\":\"https:\\\/\\\/schema.org\",\"@graph\":[{\"@type\":\"WebPage\",\"@id\":\"https:\\\/\\\/islandstocottages.com\\\/boutique\\\/pets\\\/floating-fetch-xl\\\/\",\"url\":\"https:\\\/\\\/islandstocottages.com\\\/boutique\\\/pets\\\/floating-fetch-xl\\\/\",\"name\":\"Floating Fetch XL - Oversize Monkey Fist - Islands to cottages\",\"isPartOf\":{\"@id\":\"https:\\\/\\\/islandstocottages.com\\\/#website\"},\"primaryImageOfPage\":{\"@id\":\"https:\\\/\\\/islandstocottages.com\\\/boutique\\\/pets\\\/floating-fetch-xl\\\/#primaryimage\"},\"image\":{\"@id\":\"https:\\\/\\\/islandstocottages.com\\\/boutique\\\/pets\\\/floating-fetch-xl\\\/#primaryimage\"},\"thumbnailUrl\":\"https:\\\/\\\/i0.wp.com\\\/islandstocottages.com\\\/wp-content\\\/uploads\\\/2023\\\/06\\\/20230628_121344_HDR-scaled.jpg?fit=2560%2C2560&ssl=1\",\"datePublished\":\"2023-06-29T20:03:47+00:00\",\"dateModified\":\"2025-03-13T20:57:14+00:00\",\"description\":\"Give family time a refresh with this floating fetch xl made of recycled fishing rope. Easy to use, fun and eco-friendly, what more to ask for ? Let's get to it, the summer awaits\u2026\",\"breadcrumb\":{\"@id\":\"https:\\\/\\\/islandstocottages.com\\\/boutique\\\/pets\\\/floating-fetch-xl\\\/#breadcrumb\"},\"inLanguage\":\"fr-FR\",\"potentialAction\":[{\"@type\":\"ReadAction\",\"target\":[\"https:\\\/\\\/islandstocottages.com\\\/boutique\\\/pets\\\/floating-fetch-xl\\\/\"]}]},{\"@type\":\"ImageObject\",\"inLanguage\":\"fr-FR\",\"@id\":\"https:\\\/\\\/islandstocottages.com\\\/boutique\\\/pets\\\/floating-fetch-xl\\\/#primaryimage\",\"url\":\"https:\\\/\\\/i0.wp.com\\\/islandstocottages.com\\\/wp-content\\\/uploads\\\/2023\\\/06\\\/20230628_121344_HDR-scaled.jpg?fit=2560%2C2560&ssl=1\",\"contentUrl\":\"https:\\\/\\\/i0.wp.com\\\/islandstocottages.com\\\/wp-content\\\/uploads\\\/2023\\\/06\\\/20230628_121344_HDR-scaled.jpg?fit=2560%2C2560&ssl=1\",\"width\":2560,\"height\":2560,\"caption\":\"Floating fetch XL\"},{\"@type\":\"BreadcrumbList\",\"@id\":\"https:\\\/\\\/islandstocottages.com\\\/boutique\\\/pets\\\/floating-fetch-xl\\\/#breadcrumb\",\"itemListElement\":[{\"@type\":\"ListItem\",\"position\":1,\"name\":\"Home\",\"item\":\"https:\\\/\\\/islandstocottages.com\\\/\"},{\"@type\":\"ListItem\",\"position\":2,\"name\":\"Boutique\",\"item\":\"https:\\\/\\\/islandstocottages.com\\\/boutique\\\/\"},{\"@type\":\"ListItem\",\"position\":3,\"name\":\"Floating Fetch XL &#8211; Oversize Monkey Fist\"}]},{\"@type\":\"WebSite\",\"@id\":\"https:\\\/\\\/islandstocottages.com\\\/#website\",\"url\":\"https:\\\/\\\/islandstocottages.com\\\/\",\"name\":\"Islands to cottages\",\"description\":\"Nova Scotia Sustainable + Mindful Living\",\"publisher\":{\"@id\":\"https:\\\/\\\/islandstocottages.com\\\/#organization\"},\"potentialAction\":[{\"@type\":\"SearchAction\",\"target\":{\"@type\":\"EntryPoint\",\"urlTemplate\":\"https:\\\/\\\/islandstocottages.com\\\/?s={search_term_string}\"},\"query-input\":{\"@type\":\"PropertyValueSpecification\",\"valueRequired\":true,\"valueName\":\"search_term_string\"}}],\"inLanguage\":\"fr-FR\"},{\"@type\":\"Organization\",\"@id\":\"https:\\\/\\\/islandstocottages.com\\\/#organization\",\"name\":\"Islands To Cottages\",\"url\":\"https:\\\/\\\/islandstocottages.com\\\/\",\"logo\":{\"@type\":\"ImageObject\",\"inLanguage\":\"fr-FR\",\"@id\":\"https:\\\/\\\/islandstocottages.com\\\/#\\\/schema\\\/logo\\\/image\\\/\",\"url\":\"https:\\\/\\\/i2.wp.com\\\/islandstocottages.com\\\/wp-content\\\/uploads\\\/2020\\\/06\\\/Logo.Screenshot-188.png?fit=613%2C293&ssl=1\",\"contentUrl\":\"https:\\\/\\\/i2.wp.com\\\/islandstocottages.com\\\/wp-content\\\/uploads\\\/2020\\\/06\\\/Logo.Screenshot-188.png?fit=613%2C293&ssl=1\",\"width\":613,\"height\":293,\"caption\":\"Islands To Cottages\"},\"image\":{\"@id\":\"https:\\\/\\\/islandstocottages.com\\\/#\\\/schema\\\/logo\\\/image\\\/\"}}]}<\/script>\n<!-- \/ Yoast SEO plugin. -->","yoast_head_json":{"title":"Pomme de touline flottante XL - Balle \u00e0 lancer - Islands to cottages","description":"Give family time a refresh with this floating fetch xl made of recycled fishing rope. Easy to use, fun and eco-friendly, what more to ask for ? Let's get to it, the summer awaits\u2026","robots":{"index":"index","follow":"follow","max-snippet":"max-snippet:-1","max-image-preview":"max-image-preview:large","max-video-preview":"max-video-preview:-1"},"canonical":"https:\/\/islandstocottages.com\/fr\/boutique\/pets\/pomme-de-touline-flottante-xl-2\/","og_locale":"fr_FR","og_type":"article","og_title":"Floating Fetch XL - Oversize Monkey Fist - Islands to cottages","og_description":"Give family time a refresh with this floating fetch xl made of recycled fishing rope. Easy to use, fun and eco-friendly, what more to ask for ? Let's get to it, the summer awaits\u2026","og_url":"https:\/\/islandstocottages.com\/fr\/boutique\/pets\/pomme-de-touline-flottante-xl-2\/","og_site_name":"Islands to cottages","article_modified_time":"2025-03-13T20:57:14+00:00","og_image":[{"width":2560,"height":2560,"url":"https:\/\/islandstocottages.com\/wp-content\/uploads\/2023\/06\/20230628_121344_HDR-scaled.jpg","type":"image\/jpeg"}],"twitter_card":"summary_large_image","twitter_misc":{"Dur\u00e9e de lecture estim\u00e9e":"2 minutes"},"schema":{"@context":"https:\/\/schema.org","@graph":[{"@type":"WebPage","@id":"https:\/\/islandstocottages.com\/boutique\/pets\/floating-fetch-xl\/","url":"https:\/\/islandstocottages.com\/boutique\/pets\/floating-fetch-xl\/","name":"Pomme de touline flottante XL - Balle \u00e0 lancer - Islands to cottages","isPartOf":{"@id":"https:\/\/islandstocottages.com\/#website"},"primaryImageOfPage":{"@id":"https:\/\/islandstocottages.com\/boutique\/pets\/floating-fetch-xl\/#primaryimage"},"image":{"@id":"https:\/\/islandstocottages.com\/boutique\/pets\/floating-fetch-xl\/#primaryimage"},"thumbnailUrl":"https:\/\/i0.wp.com\/islandstocottages.com\/wp-content\/uploads\/2023\/06\/20230628_121344_HDR-scaled.jpg?fit=2560%2C2560&ssl=1","datePublished":"2023-06-29T20:03:47+00:00","dateModified":"2025-03-13T20:57:14+00:00","description":"Give family time a refresh with this floating fetch xl made of recycled fishing rope. Easy to use, fun and eco-friendly, what more to ask for ? Let's get to it, the summer awaits\u2026","breadcrumb":{"@id":"https:\/\/islandstocottages.com\/boutique\/pets\/floating-fetch-xl\/#breadcrumb"},"inLanguage":"fr-FR","potentialAction":[{"@type":"ReadAction","target":["https:\/\/islandstocottages.com\/boutique\/pets\/floating-fetch-xl\/"]}]},{"@type":"ImageObject","inLanguage":"fr-FR","@id":"https:\/\/islandstocottages.com\/boutique\/pets\/floating-fetch-xl\/#primaryimage","url":"https:\/\/i0.wp.com\/islandstocottages.com\/wp-content\/uploads\/2023\/06\/20230628_121344_HDR-scaled.jpg?fit=2560%2C2560&ssl=1","contentUrl":"https:\/\/i0.wp.com\/islandstocottages.com\/wp-content\/uploads\/2023\/06\/20230628_121344_HDR-scaled.jpg?fit=2560%2C2560&ssl=1","width":2560,"height":2560,"caption":"Floating fetch XL"},{"@type":"BreadcrumbList","@id":"https:\/\/islandstocottages.com\/boutique\/pets\/floating-fetch-xl\/#breadcrumb","itemListElement":[{"@type":"ListItem","position":1,"name":"Home","item":"https:\/\/islandstocottages.com\/"},{"@type":"ListItem","position":2,"name":"Boutique","item":"https:\/\/islandstocottages.com\/boutique\/"},{"@type":"ListItem","position":3,"name":"Floating Fetch XL &#8211; Oversize Monkey Fist"}]},{"@type":"WebSite","@id":"https:\/\/islandstocottages.com\/#website","url":"https:\/\/islandstocottages.com\/","name":"Islands to cottages","description":"Vie Durable + Pleine Conscience en Nouvelle-\u00c9cosse","publisher":{"@id":"https:\/\/islandstocottages.com\/#organization"},"potentialAction":[{"@type":"SearchAction","target":{"@type":"EntryPoint","urlTemplate":"https:\/\/islandstocottages.com\/?s={search_term_string}"},"query-input":{"@type":"PropertyValueSpecification","valueRequired":true,"valueName":"search_term_string"}}],"inLanguage":"fr-FR"},{"@type":"Organization","@id":"https:\/\/islandstocottages.com\/#organization","name":"Islands To Cottages","url":"https:\/\/islandstocottages.com\/","logo":{"@type":"ImageObject","inLanguage":"fr-FR","@id":"https:\/\/islandstocottages.com\/#\/schema\/logo\/image\/","url":"https:\/\/i2.wp.com\/islandstocottages.com\/wp-content\/uploads\/2020\/06\/Logo.Screenshot-188.png?fit=613%2C293&ssl=1","contentUrl":"https:\/\/i2.wp.com\/islandstocottages.com\/wp-content\/uploads\/2020\/06\/Logo.Screenshot-188.png?fit=613%2C293&ssl=1","width":613,"height":293,"caption":"Islands To Cottages"},"image":{"@id":"https:\/\/islandstocottages.com\/#\/schema\/logo\/image\/"}}]}},"jetpack_sharing_enabled":true,"jetpack-related-posts":[{"id":2736,"url":"https:\/\/islandstocottages.com\/fr\/boutique\/home\/water-resistant-beach-blanket\/","url_meta":{"origin":2763,"position":0},"title":"Couverture doubl\u00e9e hydrofuge de plein-air","author":"islandstocottages","date":"22 juin 2023","format":false,"excerpt":"100 % fibres m\u00e9lang\u00e9es. Env.150 cm x 200 cm. * \u00c9dition limit\u00e9e","rel":"","context":"Article similaire","block_context":{"text":"Article similaire","link":""},"img":{"alt_text":"","src":"https:\/\/i0.wp.com\/islandstocottages.com\/wp-content\/uploads\/2023\/06\/WaterResistanBlanket.1-scaled.jpg?fit=900%2C1200&ssl=1&resize=350%2C200","width":350,"height":200,"srcset":"https:\/\/i0.wp.com\/islandstocottages.com\/wp-content\/uploads\/2023\/06\/WaterResistanBlanket.1-scaled.jpg?fit=900%2C1200&ssl=1&resize=350%2C200 1x, https:\/\/i0.wp.com\/islandstocottages.com\/wp-content\/uploads\/2023\/06\/WaterResistanBlanket.1-scaled.jpg?fit=900%2C1200&ssl=1&resize=525%2C300 1.5x, https:\/\/i0.wp.com\/islandstocottages.com\/wp-content\/uploads\/2023\/06\/WaterResistanBlanket.1-scaled.jpg?fit=900%2C1200&ssl=1&resize=700%2C400 2x"},"classes":[]},{"id":1932,"url":"https:\/\/islandstocottages.com\/fr\/boutique\/care\/wash-mitt\/","url_meta":{"origin":2763,"position":1},"title":"Gant de toilette","author":"islandstocottages","date":"31 janvier 2023","format":false,"excerpt":"100 % tissu-\u00e9ponge de bambou. 17 cm x 27 cm.","rel":"","context":"Article similaire","block_context":{"text":"Article similaire","link":""},"img":{"alt_text":"Terry cloth wash mitt.","src":"https:\/\/i0.wp.com\/islandstocottages.com\/wp-content\/uploads\/2023\/01\/WashMitt1.jpg?fit=512%2C512&ssl=1&resize=350%2C200","width":350,"height":200},"classes":[]},{"id":2744,"url":"https:\/\/islandstocottages.com\/fr\/boutique\/home\/teething-necklace\/","url_meta":{"origin":2763,"position":2},"title":"Collier de dentition","author":"islandstocottages","date":"22 juin 2023","format":false,"excerpt":"100 % coton. Env. 76 cm. *\u00c9dition limit\u00e9e","rel":"","context":"Article similaire","block_context":{"text":"Article similaire","link":""},"img":{"alt_text":"","src":"https:\/\/i0.wp.com\/islandstocottages.com\/wp-content\/uploads\/2023\/06\/TeethingBees.1-scaled.jpg?fit=900%2C1200&ssl=1&resize=350%2C200","width":350,"height":200,"srcset":"https:\/\/i0.wp.com\/islandstocottages.com\/wp-content\/uploads\/2023\/06\/TeethingBees.1-scaled.jpg?fit=900%2C1200&ssl=1&resize=350%2C200 1x, https:\/\/i0.wp.com\/islandstocottages.com\/wp-content\/uploads\/2023\/06\/TeethingBees.1-scaled.jpg?fit=900%2C1200&ssl=1&resize=525%2C300 1.5x, https:\/\/i0.wp.com\/islandstocottages.com\/wp-content\/uploads\/2023\/06\/TeethingBees.1-scaled.jpg?fit=900%2C1200&ssl=1&resize=700%2C400 2x"},"classes":[]},{"id":2963,"url":"https:\/\/islandstocottages.com\/fr\/boutique\/home\/kitchen-go-to-towel\/","url_meta":{"origin":2763,"position":3},"title":"Serviette de cuisine","author":"islandstocottages","date":"25 novembre 2023","format":false,"excerpt":"Set de 2. 100 % coton. 30 cm x 30 cm. *\u00c9dition limit\u00e9e","rel":"","context":"Article similaire","block_context":{"text":"Article similaire","link":""},"img":{"alt_text":"Kitchen go-to towel","src":"https:\/\/i0.wp.com\/islandstocottages.com\/wp-content\/uploads\/2023\/11\/KT1.jpg?fit=1200%2C1200&ssl=1&resize=350%2C200","width":350,"height":200,"srcset":"https:\/\/i0.wp.com\/islandstocottages.com\/wp-content\/uploads\/2023\/11\/KT1.jpg?fit=1200%2C1200&ssl=1&resize=350%2C200 1x, https:\/\/i0.wp.com\/islandstocottages.com\/wp-content\/uploads\/2023\/11\/KT1.jpg?fit=1200%2C1200&ssl=1&resize=525%2C300 1.5x, https:\/\/i0.wp.com\/islandstocottages.com\/wp-content\/uploads\/2023\/11\/KT1.jpg?fit=1200%2C1200&ssl=1&resize=700%2C400 2x, https:\/\/i0.wp.com\/islandstocottages.com\/wp-content\/uploads\/2023\/11\/KT1.jpg?fit=1200%2C1200&ssl=1&resize=1050%2C600 3x"},"classes":[]},{"id":2161,"url":"https:\/\/islandstocottages.com\/fr\/boutique\/care\/unpaper-toilet-paper\/","url_meta":{"origin":2763,"position":4},"title":"Papier hygi\u00e9nique z\u00e9ro d\u00e9chet","author":"islandstocottages","date":"2 f\u00e9vrier 2023","format":false,"excerpt":"Set de 10. 100 % flanelle.  12 cm x 23 cm.","rel":"","context":"Article similaire","block_context":{"text":"Article similaire","link":""},"img":{"alt_text":"Flannel unpaper toilet paper.","src":"https:\/\/i0.wp.com\/islandstocottages.com\/wp-content\/uploads\/2023\/02\/unpaperToilet1.jpg?fit=512%2C512&ssl=1&resize=350%2C200","width":350,"height":200},"classes":[]},{"id":2751,"url":"https:\/\/islandstocottages.com\/fr\/boutique\/pets\/reversible-slip-on-collar-bandana-canada\/","url_meta":{"origin":2763,"position":5},"title":"Bandana de collier r\u00e9versible amovible - Canada","author":"islandstocottages","date":"29 juin 2023","format":false,"excerpt":"100 % coton.  P 15 cm x 30 cm. G 19 cm x 45 cm. *\u00c9dition limit\u00e9e","rel":"","context":"Article similaire","block_context":{"text":"Article similaire","link":""},"img":{"alt_text":"","src":"https:\/\/i0.wp.com\/islandstocottages.com\/wp-content\/uploads\/2023\/06\/20230629_155006_HDR-scaled.jpg?fit=1112%2C1200&ssl=1&resize=350%2C200","width":350,"height":200,"srcset":"https:\/\/i0.wp.com\/islandstocottages.com\/wp-content\/uploads\/2023\/06\/20230629_155006_HDR-scaled.jpg?fit=1112%2C1200&ssl=1&resize=350%2C200 1x, https:\/\/i0.wp.com\/islandstocottages.com\/wp-content\/uploads\/2023\/06\/20230629_155006_HDR-scaled.jpg?fit=1112%2C1200&ssl=1&resize=525%2C300 1.5x, https:\/\/i0.wp.com\/islandstocottages.com\/wp-content\/uploads\/2023\/06\/20230629_155006_HDR-scaled.jpg?fit=1112%2C1200&ssl=1&resize=700%2C400 2x, https:\/\/i0.wp.com\/islandstocottages.com\/wp-content\/uploads\/2023\/06\/20230629_155006_HDR-scaled.jpg?fit=1112%2C1200&ssl=1&resize=1050%2C600 3x"},"classes":[]}],"_links":{"self":[{"href":"https:\/\/islandstocottages.com\/fr\/wp-json\/wp\/v2\/product\/2763","targetHints":{"allow":["GET"]}}],"collection":[{"href":"https:\/\/islandstocottages.com\/fr\/wp-json\/wp\/v2\/product"}],"about":[{"href":"https:\/\/islandstocottages.com\/fr\/wp-json\/wp\/v2\/types\/product"}],"wp:featuredmedia":[{"embeddable":true,"href":"https:\/\/islandstocottages.com\/fr\/wp-json\/wp\/v2\/media\/2772"}],"wp:attachment":[{"href":"https:\/\/islandstocottages.com\/fr\/wp-json\/wp\/v2\/media?parent=2763"}],"wp:term":[{"taxonomy":"product_brand","embeddable":true,"href":"https:\/\/islandstocottages.com\/fr\/wp-json\/wp\/v2\/product_brand?post=2763"},{"taxonomy":"product_cat","embeddable":true,"href":"https:\/\/islandstocottages.com\/fr\/wp-json\/wp\/v2\/product_cat?post=2763"},{"taxonomy":"product_tag","embeddable":true,"href":"https:\/\/islandstocottages.com\/fr\/wp-json\/wp\/v2\/product_tag?post=2763"}],"curies":[{"name":"wp","href":"https:\/\/api.w.org\/{rel}","templated":true}]}}