{"id":2926,"date":"2023-11-25T14:45:26","date_gmt":"2023-11-25T18:45:26","guid":{"rendered":"https:\/\/islandstocottages.com\/?post_type=product&#038;p=2926"},"modified":"2025-03-13T16:55:37","modified_gmt":"2025-03-13T20:55:37","slug":"stylo-sensoriel-2","status":"publish","type":"product","link":"https:\/\/islandstocottages.com\/fr\/boutique\/home\/mindful-pen\/","title":{"rendered":"Stylo sensoriel"},"content":{"rendered":"<p>*Contactez-nous pour commander*<\/p>\n<p>Le meilleur accessoire pour garder les jeunes esprits en effervescence et mettre en pratique leurs habilet\u00e9s d'\u00e9criture, version papier.<\/p>\n<p>Les stylos sensoriels, accessoire des <a href=\"https:\/\/islandstocottages.com\/fr\/pleine-conscience\/\">exp\u00e9riences de pleine conscience<\/a> , ont fait leurs preuves en situation r\u00e9elle en incitant les \u00e9tudiants \u00e0 \u00e9crire \u00e0 la main. Lorsque laiss\u00e9s \u00e0 disposition sur le bureau du professeur, les \u00e9l\u00e8ves allaient demander la permission d'emprunter ces adorables stylos fleuris pour faire leurs devoirs. Le bout radieux et textur\u00e9 aide \u00e0 soulager le stress et fournit \u00e0 l'esprit vagabond de la substance pour stimuler la cr\u00e9ativit\u00e9. Les fleurs sont recycl\u00e9es du march\u00e9 de l'apr\u00e8s-vente et le format universel du capuchon sensoriel facilite le remplacement pour un nouveau stylo une fois l'ancien vide. L'essayer c'est l'adopter ! Et, qui sait, vous voudrez peut-\u00eatre m\u00eame vous remettre \u00e0 \u00e9crire \u00e0 la main\u2026<\/p>\n<p><strong>Entretien :<\/strong> Utiliser. R\u00e9utiliser. Encore et encore.<\/p>\n<p><strong>Mat\u00e9riau :<\/strong> Stylo universel standard, mat\u00e9riau neuf + fleur recycl\u00e9e.<\/p>\n<p><strong>Dimensions :<\/strong> Dimension d'un stylo, tout simplement.<\/p>\n<p>Fait en Nouvelle-\u00c9cosse.<\/p>","protected":false},"excerpt":{"rendered":"<p>Stylo universel, mat\u00e9riau neuf + fleur recycl\u00e9e.<\/p>","protected":false},"featured_media":2958,"template":"","meta":{"nf_dc_page":"","om_disable_all_campaigns":false,"_monsterinsights_skip_tracking":false,"_monsterinsights_sitenote_active":false,"_monsterinsights_sitenote_note":"","_monsterinsights_sitenote_category":0},"product_brand":[],"product_cat":[29],"product_tag":[],"class_list":{"0":"post-2926","1":"product","2":"type-product","3":"status-publish","4":"has-post-thumbnail","6":"product_cat-home","8":"first","9":"outofstock","10":"shipping-taxable","11":"purchasable","12":"product-type-simple"},"yoast_head":"<!-- This site is optimized with the Yoast SEO plugin v27.4 - https:\/\/yoast.com\/product\/yoast-seo-wordpress\/ -->\n<title>Mindful Pen - Islands to cottages<\/title>\n<meta name=\"description\" content=\"Mindful pen, the best cheerful and bright accessory to keep young minds in effervescence and put those hands at work, paper style.\" \/>\n<meta name=\"robots\" content=\"index, follow, max-snippet:-1, max-image-preview:large, max-video-preview:-1\" \/>\n<link rel=\"canonical\" href=\"https:\/\/islandstocottages.com\/fr\/boutique\/home\/stylo-sensoriel-2\/\" \/>\n<meta property=\"og:locale\" content=\"fr_FR\" \/>\n<meta property=\"og:type\" content=\"article\" \/>\n<meta property=\"og:title\" content=\"Mindful Pen - Islands to cottages\" \/>\n<meta property=\"og:description\" content=\"Mindful pen, the best cheerful and bright accessory to keep young minds in effervescence and put those hands at work, paper style.\" \/>\n<meta property=\"og:url\" content=\"https:\/\/islandstocottages.com\/fr\/boutique\/home\/stylo-sensoriel-2\/\" \/>\n<meta property=\"og:site_name\" content=\"Islands to cottages\" \/>\n<meta property=\"article:modified_time\" content=\"2025-03-13T20:55:37+00:00\" \/>\n<meta property=\"og:image\" content=\"https:\/\/islandstocottages.com\/wp-content\/uploads\/2023\/11\/mpe6.jpg\" \/>\n\t<meta property=\"og:image:width\" content=\"2500\" \/>\n\t<meta property=\"og:image:height\" content=\"2500\" \/>\n\t<meta property=\"og:image:type\" content=\"image\/jpeg\" \/>\n<meta name=\"twitter:card\" content=\"summary_large_image\" \/>\n<meta name=\"twitter:label1\" content=\"Dur\u00e9e de lecture estim\u00e9e\" \/>\n\t<meta name=\"twitter:data1\" content=\"1 minute\" \/>\n<script type=\"application\/ld+json\" class=\"yoast-schema-graph\">{\"@context\":\"https:\\\/\\\/schema.org\",\"@graph\":[{\"@type\":\"WebPage\",\"@id\":\"https:\\\/\\\/islandstocottages.com\\\/boutique\\\/home\\\/mindful-pen\\\/\",\"url\":\"https:\\\/\\\/islandstocottages.com\\\/boutique\\\/home\\\/mindful-pen\\\/\",\"name\":\"Mindful Pen - Islands to cottages\",\"isPartOf\":{\"@id\":\"https:\\\/\\\/islandstocottages.com\\\/#website\"},\"primaryImageOfPage\":{\"@id\":\"https:\\\/\\\/islandstocottages.com\\\/boutique\\\/home\\\/mindful-pen\\\/#primaryimage\"},\"image\":{\"@id\":\"https:\\\/\\\/islandstocottages.com\\\/boutique\\\/home\\\/mindful-pen\\\/#primaryimage\"},\"thumbnailUrl\":\"https:\\\/\\\/i0.wp.com\\\/islandstocottages.com\\\/wp-content\\\/uploads\\\/2023\\\/11\\\/mpe6.jpg?fit=2500%2C2500&ssl=1\",\"datePublished\":\"2023-11-25T18:45:26+00:00\",\"dateModified\":\"2025-03-13T20:55:37+00:00\",\"description\":\"Mindful pen, the best cheerful and bright accessory to keep young minds in effervescence and put those hands at work, paper style.\",\"breadcrumb\":{\"@id\":\"https:\\\/\\\/islandstocottages.com\\\/boutique\\\/home\\\/mindful-pen\\\/#breadcrumb\"},\"inLanguage\":\"fr-FR\",\"potentialAction\":[{\"@type\":\"ReadAction\",\"target\":[\"https:\\\/\\\/islandstocottages.com\\\/boutique\\\/home\\\/mindful-pen\\\/\"]}]},{\"@type\":\"ImageObject\",\"inLanguage\":\"fr-FR\",\"@id\":\"https:\\\/\\\/islandstocottages.com\\\/boutique\\\/home\\\/mindful-pen\\\/#primaryimage\",\"url\":\"https:\\\/\\\/i0.wp.com\\\/islandstocottages.com\\\/wp-content\\\/uploads\\\/2023\\\/11\\\/mpe6.jpg?fit=2500%2C2500&ssl=1\",\"contentUrl\":\"https:\\\/\\\/i0.wp.com\\\/islandstocottages.com\\\/wp-content\\\/uploads\\\/2023\\\/11\\\/mpe6.jpg?fit=2500%2C2500&ssl=1\",\"width\":2500,\"height\":2500,\"caption\":\"Mindful pen\"},{\"@type\":\"BreadcrumbList\",\"@id\":\"https:\\\/\\\/islandstocottages.com\\\/boutique\\\/home\\\/mindful-pen\\\/#breadcrumb\",\"itemListElement\":[{\"@type\":\"ListItem\",\"position\":1,\"name\":\"Home\",\"item\":\"https:\\\/\\\/islandstocottages.com\\\/\"},{\"@type\":\"ListItem\",\"position\":2,\"name\":\"Boutique\",\"item\":\"https:\\\/\\\/islandstocottages.com\\\/boutique\\\/\"},{\"@type\":\"ListItem\",\"position\":3,\"name\":\"Mindful Pen\"}]},{\"@type\":\"WebSite\",\"@id\":\"https:\\\/\\\/islandstocottages.com\\\/#website\",\"url\":\"https:\\\/\\\/islandstocottages.com\\\/\",\"name\":\"Islands to cottages\",\"description\":\"Nova Scotia Sustainable + Mindful Living\",\"publisher\":{\"@id\":\"https:\\\/\\\/islandstocottages.com\\\/#organization\"},\"potentialAction\":[{\"@type\":\"SearchAction\",\"target\":{\"@type\":\"EntryPoint\",\"urlTemplate\":\"https:\\\/\\\/islandstocottages.com\\\/?s={search_term_string}\"},\"query-input\":{\"@type\":\"PropertyValueSpecification\",\"valueRequired\":true,\"valueName\":\"search_term_string\"}}],\"inLanguage\":\"fr-FR\"},{\"@type\":\"Organization\",\"@id\":\"https:\\\/\\\/islandstocottages.com\\\/#organization\",\"name\":\"Islands To Cottages\",\"url\":\"https:\\\/\\\/islandstocottages.com\\\/\",\"logo\":{\"@type\":\"ImageObject\",\"inLanguage\":\"fr-FR\",\"@id\":\"https:\\\/\\\/islandstocottages.com\\\/#\\\/schema\\\/logo\\\/image\\\/\",\"url\":\"https:\\\/\\\/i2.wp.com\\\/islandstocottages.com\\\/wp-content\\\/uploads\\\/2020\\\/06\\\/Logo.Screenshot-188.png?fit=613%2C293&ssl=1\",\"contentUrl\":\"https:\\\/\\\/i2.wp.com\\\/islandstocottages.com\\\/wp-content\\\/uploads\\\/2020\\\/06\\\/Logo.Screenshot-188.png?fit=613%2C293&ssl=1\",\"width\":613,\"height\":293,\"caption\":\"Islands To Cottages\"},\"image\":{\"@id\":\"https:\\\/\\\/islandstocottages.com\\\/#\\\/schema\\\/logo\\\/image\\\/\"}}]}<\/script>\n<!-- \/ Yoast SEO plugin. -->","yoast_head_json":{"title":"Stylo sensoriel -  Islands to cottages","description":"Stylo sensoriel color\u00e9 pour garder les jeunes esprits en effervescence et encourager l'\u00e9criture \u00e0 la main.","robots":{"index":"index","follow":"follow","max-snippet":"max-snippet:-1","max-image-preview":"max-image-preview:large","max-video-preview":"max-video-preview:-1"},"canonical":"https:\/\/islandstocottages.com\/fr\/boutique\/home\/stylo-sensoriel-2\/","og_locale":"fr_FR","og_type":"article","og_title":"Mindful Pen - Islands to cottages","og_description":"Mindful pen, the best cheerful and bright accessory to keep young minds in effervescence and put those hands at work, paper style.","og_url":"https:\/\/islandstocottages.com\/fr\/boutique\/home\/stylo-sensoriel-2\/","og_site_name":"Islands to cottages","article_modified_time":"2025-03-13T20:55:37+00:00","og_image":[{"width":2500,"height":2500,"url":"https:\/\/islandstocottages.com\/wp-content\/uploads\/2023\/11\/mpe6.jpg","type":"image\/jpeg"}],"twitter_card":"summary_large_image","twitter_misc":{"Dur\u00e9e de lecture estim\u00e9e":"1 minute"},"schema":{"@context":"https:\/\/schema.org","@graph":[{"@type":"WebPage","@id":"https:\/\/islandstocottages.com\/boutique\/home\/mindful-pen\/","url":"https:\/\/islandstocottages.com\/boutique\/home\/mindful-pen\/","name":"Stylo sensoriel -  Islands to cottages","isPartOf":{"@id":"https:\/\/islandstocottages.com\/#website"},"primaryImageOfPage":{"@id":"https:\/\/islandstocottages.com\/boutique\/home\/mindful-pen\/#primaryimage"},"image":{"@id":"https:\/\/islandstocottages.com\/boutique\/home\/mindful-pen\/#primaryimage"},"thumbnailUrl":"https:\/\/i0.wp.com\/islandstocottages.com\/wp-content\/uploads\/2023\/11\/mpe6.jpg?fit=2500%2C2500&ssl=1","datePublished":"2023-11-25T18:45:26+00:00","dateModified":"2025-03-13T20:55:37+00:00","description":"Stylo sensoriel color\u00e9 pour garder les jeunes esprits en effervescence et encourager l'\u00e9criture \u00e0 la main.","breadcrumb":{"@id":"https:\/\/islandstocottages.com\/boutique\/home\/mindful-pen\/#breadcrumb"},"inLanguage":"fr-FR","potentialAction":[{"@type":"ReadAction","target":["https:\/\/islandstocottages.com\/boutique\/home\/mindful-pen\/"]}]},{"@type":"ImageObject","inLanguage":"fr-FR","@id":"https:\/\/islandstocottages.com\/boutique\/home\/mindful-pen\/#primaryimage","url":"https:\/\/i0.wp.com\/islandstocottages.com\/wp-content\/uploads\/2023\/11\/mpe6.jpg?fit=2500%2C2500&ssl=1","contentUrl":"https:\/\/i0.wp.com\/islandstocottages.com\/wp-content\/uploads\/2023\/11\/mpe6.jpg?fit=2500%2C2500&ssl=1","width":2500,"height":2500,"caption":"Mindful pen"},{"@type":"BreadcrumbList","@id":"https:\/\/islandstocottages.com\/boutique\/home\/mindful-pen\/#breadcrumb","itemListElement":[{"@type":"ListItem","position":1,"name":"Home","item":"https:\/\/islandstocottages.com\/"},{"@type":"ListItem","position":2,"name":"Boutique","item":"https:\/\/islandstocottages.com\/boutique\/"},{"@type":"ListItem","position":3,"name":"Mindful Pen"}]},{"@type":"WebSite","@id":"https:\/\/islandstocottages.com\/#website","url":"https:\/\/islandstocottages.com\/","name":"Islands to cottages","description":"Vie Durable + Pleine Conscience en Nouvelle-\u00c9cosse","publisher":{"@id":"https:\/\/islandstocottages.com\/#organization"},"potentialAction":[{"@type":"SearchAction","target":{"@type":"EntryPoint","urlTemplate":"https:\/\/islandstocottages.com\/?s={search_term_string}"},"query-input":{"@type":"PropertyValueSpecification","valueRequired":true,"valueName":"search_term_string"}}],"inLanguage":"fr-FR"},{"@type":"Organization","@id":"https:\/\/islandstocottages.com\/#organization","name":"Islands To Cottages","url":"https:\/\/islandstocottages.com\/","logo":{"@type":"ImageObject","inLanguage":"fr-FR","@id":"https:\/\/islandstocottages.com\/#\/schema\/logo\/image\/","url":"https:\/\/i2.wp.com\/islandstocottages.com\/wp-content\/uploads\/2020\/06\/Logo.Screenshot-188.png?fit=613%2C293&ssl=1","contentUrl":"https:\/\/i2.wp.com\/islandstocottages.com\/wp-content\/uploads\/2020\/06\/Logo.Screenshot-188.png?fit=613%2C293&ssl=1","width":613,"height":293,"caption":"Islands To Cottages"},"image":{"@id":"https:\/\/islandstocottages.com\/#\/schema\/logo\/image\/"}}]}},"jetpack_sharing_enabled":true,"jetpack-related-posts":[{"id":2923,"url":"https:\/\/islandstocottages.com\/fr\/boutique\/home\/mindful-pumpkin-sand\/","url_meta":{"origin":2926,"position":0},"title":"Citrouille sensorielle - Sable","author":"islandstocottages","date":"25 novembre 2023","format":false,"excerpt":"100 % fibres reconverties. Approx. 10 cm x 10 cm, les tailles varient.","rel":"","context":"Article similaire","block_context":{"text":"Article similaire","link":""},"img":{"alt_text":"Mindful pumpkin","src":"https:\/\/i0.wp.com\/islandstocottages.com\/wp-content\/uploads\/2023\/11\/a.20221007_104301.jpg?fit=1200%2C1200&ssl=1&resize=350%2C200","width":350,"height":200,"srcset":"https:\/\/i0.wp.com\/islandstocottages.com\/wp-content\/uploads\/2023\/11\/a.20221007_104301.jpg?fit=1200%2C1200&ssl=1&resize=350%2C200 1x, https:\/\/i0.wp.com\/islandstocottages.com\/wp-content\/uploads\/2023\/11\/a.20221007_104301.jpg?fit=1200%2C1200&ssl=1&resize=525%2C300 1.5x, https:\/\/i0.wp.com\/islandstocottages.com\/wp-content\/uploads\/2023\/11\/a.20221007_104301.jpg?fit=1200%2C1200&ssl=1&resize=700%2C400 2x, https:\/\/i0.wp.com\/islandstocottages.com\/wp-content\/uploads\/2023\/11\/a.20221007_104301.jpg?fit=1200%2C1200&ssl=1&resize=1050%2C600 3x"},"classes":[]},{"id":2932,"url":"https:\/\/islandstocottages.com\/fr\/boutique\/home\/mindful-pumpkin-ocean\/","url_meta":{"origin":2926,"position":1},"title":"Citrouille sensorielle - Oc\u00e9an","author":"islandstocottages","date":"25 novembre 2023","format":false,"excerpt":"100 % fibres reconverties. Approx. 10 cm x 10 cm, les tailles varient.","rel":"","context":"Article similaire","block_context":{"text":"Article similaire","link":""},"img":{"alt_text":"Mindful pumpkin","src":"https:\/\/i0.wp.com\/islandstocottages.com\/wp-content\/uploads\/2023\/11\/mp7-scaled.jpg?fit=1038%2C1200&ssl=1&resize=350%2C200","width":350,"height":200,"srcset":"https:\/\/i0.wp.com\/islandstocottages.com\/wp-content\/uploads\/2023\/11\/mp7-scaled.jpg?fit=1038%2C1200&ssl=1&resize=350%2C200 1x, https:\/\/i0.wp.com\/islandstocottages.com\/wp-content\/uploads\/2023\/11\/mp7-scaled.jpg?fit=1038%2C1200&ssl=1&resize=525%2C300 1.5x, https:\/\/i0.wp.com\/islandstocottages.com\/wp-content\/uploads\/2023\/11\/mp7-scaled.jpg?fit=1038%2C1200&ssl=1&resize=700%2C400 2x"},"classes":[]},{"id":2936,"url":"https:\/\/islandstocottages.com\/fr\/boutique\/home\/mindful-pumpkin-earth\/","url_meta":{"origin":2926,"position":2},"title":"Citrouille sensorielle - Terre","author":"islandstocottages","date":"25 novembre 2023","format":false,"excerpt":"100 % fibres reconverties. Approx. 10 cm x 10 cm, les tailles varient.","rel":"","context":"Article similaire","block_context":{"text":"Article similaire","link":""},"img":{"alt_text":"Mindful pumpkin","src":"https:\/\/i0.wp.com\/islandstocottages.com\/wp-content\/uploads\/2023\/11\/mp3.jpg?fit=1200%2C1200&ssl=1&resize=350%2C200","width":350,"height":200,"srcset":"https:\/\/i0.wp.com\/islandstocottages.com\/wp-content\/uploads\/2023\/11\/mp3.jpg?fit=1200%2C1200&ssl=1&resize=350%2C200 1x, https:\/\/i0.wp.com\/islandstocottages.com\/wp-content\/uploads\/2023\/11\/mp3.jpg?fit=1200%2C1200&ssl=1&resize=525%2C300 1.5x, https:\/\/i0.wp.com\/islandstocottages.com\/wp-content\/uploads\/2023\/11\/mp3.jpg?fit=1200%2C1200&ssl=1&resize=700%2C400 2x, https:\/\/i0.wp.com\/islandstocottages.com\/wp-content\/uploads\/2023\/11\/mp3.jpg?fit=1200%2C1200&ssl=1&resize=1050%2C600 3x"},"classes":[]},{"id":2713,"url":"https:\/\/islandstocottages.com\/fr\/boutique\/home\/sensory-wooden-seahorse\/","url_meta":{"origin":2926,"position":3},"title":"Hippocampe sensoriel en bois","author":"islandstocottages","date":"12 juin 2023","format":false,"excerpt":"100 % bois r\u00e9invent\u00e9 + vernis non toxique. Env. 13 cm x 26 cm.","rel":"","context":"Article similaire","block_context":{"text":"Article similaire","link":""},"img":{"alt_text":"Wooden seahorse","src":"https:\/\/i0.wp.com\/islandstocottages.com\/wp-content\/uploads\/2023\/06\/Seahorse1-scaled.jpg?fit=994%2C1200&ssl=1&resize=350%2C200","width":350,"height":200,"srcset":"https:\/\/i0.wp.com\/islandstocottages.com\/wp-content\/uploads\/2023\/06\/Seahorse1-scaled.jpg?fit=994%2C1200&ssl=1&resize=350%2C200 1x, https:\/\/i0.wp.com\/islandstocottages.com\/wp-content\/uploads\/2023\/06\/Seahorse1-scaled.jpg?fit=994%2C1200&ssl=1&resize=525%2C300 1.5x, https:\/\/i0.wp.com\/islandstocottages.com\/wp-content\/uploads\/2023\/06\/Seahorse1-scaled.jpg?fit=994%2C1200&ssl=1&resize=700%2C400 2x"},"classes":[]},{"id":2751,"url":"https:\/\/islandstocottages.com\/fr\/boutique\/pets\/reversible-slip-on-collar-bandana-canada\/","url_meta":{"origin":2926,"position":4},"title":"Bandana de collier r\u00e9versible amovible - Canada","author":"islandstocottages","date":"29 juin 2023","format":false,"excerpt":"100 % coton.  P 15 cm x 30 cm. G 19 cm x 45 cm. *\u00c9dition limit\u00e9e","rel":"","context":"Article similaire","block_context":{"text":"Article similaire","link":""},"img":{"alt_text":"","src":"https:\/\/i0.wp.com\/islandstocottages.com\/wp-content\/uploads\/2023\/06\/20230629_155006_HDR-scaled.jpg?fit=1112%2C1200&ssl=1&resize=350%2C200","width":350,"height":200,"srcset":"https:\/\/i0.wp.com\/islandstocottages.com\/wp-content\/uploads\/2023\/06\/20230629_155006_HDR-scaled.jpg?fit=1112%2C1200&ssl=1&resize=350%2C200 1x, https:\/\/i0.wp.com\/islandstocottages.com\/wp-content\/uploads\/2023\/06\/20230629_155006_HDR-scaled.jpg?fit=1112%2C1200&ssl=1&resize=525%2C300 1.5x, https:\/\/i0.wp.com\/islandstocottages.com\/wp-content\/uploads\/2023\/06\/20230629_155006_HDR-scaled.jpg?fit=1112%2C1200&ssl=1&resize=700%2C400 2x, https:\/\/i0.wp.com\/islandstocottages.com\/wp-content\/uploads\/2023\/06\/20230629_155006_HDR-scaled.jpg?fit=1112%2C1200&ssl=1&resize=1050%2C600 3x"},"classes":[]},{"id":305,"url":"https:\/\/islandstocottages.com\/fr\/boutique\/home\/electronics-light-blocker\/","url_meta":{"origin":2926,"position":5},"title":"Inhibiteur de lumi\u00e8re pour \u00e9lectroniques","author":"islandstocottages","date":"4 juillet 2022","format":false,"excerpt":"100 % fibres m\u00e9lang\u00e9es. 20 cm x 20 cm. *\u00c9dition limit\u00e9e","rel":"","context":"Article similaire","block_context":{"text":"Article similaire","link":""},"img":{"alt_text":"Fabric light blocker.","src":"https:\/\/i0.wp.com\/islandstocottages.com\/wp-content\/uploads\/2022\/07\/LightBlocker1.jpg?fit=512%2C512&ssl=1&resize=350%2C200","width":350,"height":200},"classes":[]}],"_links":{"self":[{"href":"https:\/\/islandstocottages.com\/fr\/wp-json\/wp\/v2\/product\/2926","targetHints":{"allow":["GET"]}}],"collection":[{"href":"https:\/\/islandstocottages.com\/fr\/wp-json\/wp\/v2\/product"}],"about":[{"href":"https:\/\/islandstocottages.com\/fr\/wp-json\/wp\/v2\/types\/product"}],"wp:featuredmedia":[{"embeddable":true,"href":"https:\/\/islandstocottages.com\/fr\/wp-json\/wp\/v2\/media\/2958"}],"wp:attachment":[{"href":"https:\/\/islandstocottages.com\/fr\/wp-json\/wp\/v2\/media?parent=2926"}],"wp:term":[{"taxonomy":"product_brand","embeddable":true,"href":"https:\/\/islandstocottages.com\/fr\/wp-json\/wp\/v2\/product_brand?post=2926"},{"taxonomy":"product_cat","embeddable":true,"href":"https:\/\/islandstocottages.com\/fr\/wp-json\/wp\/v2\/product_cat?post=2926"},{"taxonomy":"product_tag","embeddable":true,"href":"https:\/\/islandstocottages.com\/fr\/wp-json\/wp\/v2\/product_tag?post=2926"}],"curies":[{"name":"wp","href":"https:\/\/api.w.org\/{rel}","templated":true}]}}