{"id":2932,"date":"2023-11-25T15:18:08","date_gmt":"2023-11-25T19:18:08","guid":{"rendered":"https:\/\/islandstocottages.com\/?post_type=product&#038;p=2932"},"modified":"2025-03-13T16:53:55","modified_gmt":"2025-03-13T20:53:55","slug":"citrouille-sensorielle-ocean-2","status":"publish","type":"product","link":"https:\/\/islandstocottages.com\/fr\/boutique\/home\/mindful-pumpkin-ocean\/","title":{"rendered":"Citrouille sensorielle - Oc\u00e9an"},"content":{"rendered":"<p>*Contactez-nous pour commander*<\/p>\n<p>L'incontournable pour les r\u00e9unions de fin d'ann\u00e9e incontestablement imparfaites, de l'Action de gr\u00e2ce \u00e0 No\u00ebl en passant par toutes les autres c\u00e9l\u00e9brations qui \u00e9picent nos soir\u00e9es, de l'automne \u00e0 l'hiver. Chaque citrouille sensorielle oc\u00e9an vient accompagn\u00e9e d'une carte \u00e0 remplir avec ses propres remerciements pour rappeler \u00e0 tous ce pour quoi on est reconnaissant cette ann\u00e9e. Une mani\u00e8re simple et agr\u00e9able d'ouvrir le dialogue fa\u00e7on <a href=\"https:\/\/islandstocottages.com\/fr\/pleine-conscience\/\">pleine conscience<\/a> : id\u00e9al pour faire participer tout le monde dans la conversation et encourager les non-dits alors que nous nous retrouvons tous r\u00e9unis autour d'un bon repas. Chaque citrouille est absolument unique, comme chacun d'entre nous !<\/p>\n<p><strong>Entretien :<\/strong> Entretien facile. Nettoyer les taches au besoin.<\/p>\n<p><strong>Mat\u00e9riau :<\/strong> Tissus r\u00e9invent\u00e9s. Fibres inconnues. Ces citrouilles sensorielles ont \u00e9t\u00e9 fabriqu\u00e9es \u00e0 partir de tricots et autres v\u00eatements recycl\u00e9s. Nous sommes fiers de nos pratiques \u00e9co-responsables et nous maintenons notre engagement quand \u00e0 nos choix ax\u00e9s sur la durabilit\u00e9. Sauf exception pour les articles fabriqu\u00e9s en production continue et r\u00e9pondant \u00e0 des standards d\u00e9termin\u00e9s, tous nos tissus proviennent du march\u00e9 de l'apr\u00e8s-vente : fins de stocks, invendus, seconde main, etc. Les articles ainsi produits sont des \u00e9ditions limit\u00e9es selon les disponibilit\u00e9s du moment.<\/p>\n<p><strong>Dimensions :<\/strong> Approx. 10 cm x 10 cm, les tailles varient.<\/p>\n<p>Fait en Nouvelle-\u00c9cosse.<\/p>","protected":false},"excerpt":{"rendered":"<p>100 % fibres reconverties. Approx. 10 cm x 10 cm, les tailles varient.<\/p>","protected":false},"featured_media":2950,"template":"","meta":{"nf_dc_page":"","om_disable_all_campaigns":false,"_monsterinsights_skip_tracking":false,"_monsterinsights_sitenote_active":false,"_monsterinsights_sitenote_note":"","_monsterinsights_sitenote_category":0},"product_brand":[],"product_cat":[29],"product_tag":[],"class_list":{"0":"post-2932","1":"product","2":"type-product","3":"status-publish","4":"has-post-thumbnail","6":"product_cat-home","8":"first","9":"outofstock","10":"shipping-taxable","11":"purchasable","12":"product-type-simple"},"yoast_head":"<!-- This site is optimized with the Yoast SEO plugin v27.4 - https:\/\/yoast.com\/product\/yoast-seo-wordpress\/ -->\n<title>Mindful Pumpkin - Ocean - Islands to cottages<\/title>\n<meta name=\"description\" content=\"Ocean mindful pumpkin, must have for your perfectly imperfect Holiday gathering to remind yourself and your loved ones what you are grateful for this year.\" \/>\n<meta name=\"robots\" content=\"index, follow, max-snippet:-1, max-image-preview:large, max-video-preview:-1\" \/>\n<link rel=\"canonical\" href=\"https:\/\/islandstocottages.com\/fr\/boutique\/home\/citrouille-sensorielle-ocean-2\/\" \/>\n<meta property=\"og:locale\" content=\"fr_FR\" \/>\n<meta property=\"og:type\" content=\"article\" \/>\n<meta property=\"og:title\" content=\"Mindful Pumpkin - Ocean - Islands to cottages\" \/>\n<meta property=\"og:description\" content=\"Ocean mindful pumpkin, must have for your perfectly imperfect Holiday gathering to remind yourself and your loved ones what you are grateful for this year.\" \/>\n<meta property=\"og:url\" content=\"https:\/\/islandstocottages.com\/fr\/boutique\/home\/citrouille-sensorielle-ocean-2\/\" \/>\n<meta property=\"og:site_name\" content=\"Islands to cottages\" \/>\n<meta property=\"article:modified_time\" content=\"2025-03-13T20:53:55+00:00\" \/>\n<meta property=\"og:image\" content=\"https:\/\/islandstocottages.com\/wp-content\/uploads\/2023\/11\/mp7-scaled.jpg\" \/>\n\t<meta property=\"og:image:width\" content=\"2215\" \/>\n\t<meta property=\"og:image:height\" content=\"2560\" \/>\n\t<meta property=\"og:image:type\" content=\"image\/jpeg\" \/>\n<meta name=\"twitter:card\" content=\"summary_large_image\" \/>\n<meta name=\"twitter:label1\" content=\"Dur\u00e9e de lecture estim\u00e9e\" \/>\n\t<meta name=\"twitter:data1\" content=\"2 minutes\" \/>\n<script type=\"application\/ld+json\" class=\"yoast-schema-graph\">{\"@context\":\"https:\\\/\\\/schema.org\",\"@graph\":[{\"@type\":\"WebPage\",\"@id\":\"https:\\\/\\\/islandstocottages.com\\\/boutique\\\/home\\\/mindful-pumpkin-ocean\\\/\",\"url\":\"https:\\\/\\\/islandstocottages.com\\\/boutique\\\/home\\\/mindful-pumpkin-ocean\\\/\",\"name\":\"Mindful Pumpkin - Ocean - Islands to cottages\",\"isPartOf\":{\"@id\":\"https:\\\/\\\/islandstocottages.com\\\/#website\"},\"primaryImageOfPage\":{\"@id\":\"https:\\\/\\\/islandstocottages.com\\\/boutique\\\/home\\\/mindful-pumpkin-ocean\\\/#primaryimage\"},\"image\":{\"@id\":\"https:\\\/\\\/islandstocottages.com\\\/boutique\\\/home\\\/mindful-pumpkin-ocean\\\/#primaryimage\"},\"thumbnailUrl\":\"https:\\\/\\\/i0.wp.com\\\/islandstocottages.com\\\/wp-content\\\/uploads\\\/2023\\\/11\\\/mp7-scaled.jpg?fit=2215%2C2560&ssl=1\",\"datePublished\":\"2023-11-25T19:18:08+00:00\",\"dateModified\":\"2025-03-13T20:53:55+00:00\",\"description\":\"Ocean mindful pumpkin, must have for your perfectly imperfect Holiday gathering to remind yourself and your loved ones what you are grateful for this year.\",\"breadcrumb\":{\"@id\":\"https:\\\/\\\/islandstocottages.com\\\/boutique\\\/home\\\/mindful-pumpkin-ocean\\\/#breadcrumb\"},\"inLanguage\":\"fr-FR\",\"potentialAction\":[{\"@type\":\"ReadAction\",\"target\":[\"https:\\\/\\\/islandstocottages.com\\\/boutique\\\/home\\\/mindful-pumpkin-ocean\\\/\"]}]},{\"@type\":\"ImageObject\",\"inLanguage\":\"fr-FR\",\"@id\":\"https:\\\/\\\/islandstocottages.com\\\/boutique\\\/home\\\/mindful-pumpkin-ocean\\\/#primaryimage\",\"url\":\"https:\\\/\\\/i0.wp.com\\\/islandstocottages.com\\\/wp-content\\\/uploads\\\/2023\\\/11\\\/mp7-scaled.jpg?fit=2215%2C2560&ssl=1\",\"contentUrl\":\"https:\\\/\\\/i0.wp.com\\\/islandstocottages.com\\\/wp-content\\\/uploads\\\/2023\\\/11\\\/mp7-scaled.jpg?fit=2215%2C2560&ssl=1\",\"width\":2215,\"height\":2560,\"caption\":\"Mindful pumpkin\"},{\"@type\":\"BreadcrumbList\",\"@id\":\"https:\\\/\\\/islandstocottages.com\\\/boutique\\\/home\\\/mindful-pumpkin-ocean\\\/#breadcrumb\",\"itemListElement\":[{\"@type\":\"ListItem\",\"position\":1,\"name\":\"Home\",\"item\":\"https:\\\/\\\/islandstocottages.com\\\/\"},{\"@type\":\"ListItem\",\"position\":2,\"name\":\"Boutique\",\"item\":\"https:\\\/\\\/islandstocottages.com\\\/boutique\\\/\"},{\"@type\":\"ListItem\",\"position\":3,\"name\":\"Mindful Pumpkin &#8211; Ocean\"}]},{\"@type\":\"WebSite\",\"@id\":\"https:\\\/\\\/islandstocottages.com\\\/#website\",\"url\":\"https:\\\/\\\/islandstocottages.com\\\/\",\"name\":\"Islands to cottages\",\"description\":\"Nova Scotia Sustainable + Mindful Living\",\"publisher\":{\"@id\":\"https:\\\/\\\/islandstocottages.com\\\/#organization\"},\"potentialAction\":[{\"@type\":\"SearchAction\",\"target\":{\"@type\":\"EntryPoint\",\"urlTemplate\":\"https:\\\/\\\/islandstocottages.com\\\/?s={search_term_string}\"},\"query-input\":{\"@type\":\"PropertyValueSpecification\",\"valueRequired\":true,\"valueName\":\"search_term_string\"}}],\"inLanguage\":\"fr-FR\"},{\"@type\":\"Organization\",\"@id\":\"https:\\\/\\\/islandstocottages.com\\\/#organization\",\"name\":\"Islands To Cottages\",\"url\":\"https:\\\/\\\/islandstocottages.com\\\/\",\"logo\":{\"@type\":\"ImageObject\",\"inLanguage\":\"fr-FR\",\"@id\":\"https:\\\/\\\/islandstocottages.com\\\/#\\\/schema\\\/logo\\\/image\\\/\",\"url\":\"https:\\\/\\\/i2.wp.com\\\/islandstocottages.com\\\/wp-content\\\/uploads\\\/2020\\\/06\\\/Logo.Screenshot-188.png?fit=613%2C293&ssl=1\",\"contentUrl\":\"https:\\\/\\\/i2.wp.com\\\/islandstocottages.com\\\/wp-content\\\/uploads\\\/2020\\\/06\\\/Logo.Screenshot-188.png?fit=613%2C293&ssl=1\",\"width\":613,\"height\":293,\"caption\":\"Islands To Cottages\"},\"image\":{\"@id\":\"https:\\\/\\\/islandstocottages.com\\\/#\\\/schema\\\/logo\\\/image\\\/\"}}]}<\/script>\n<!-- \/ Yoast SEO plugin. -->","yoast_head_json":{"title":"Citrouille sensorielle - Oc\u00e9an - Islands to cottages","description":"L'incontournable du temps des f\u00eates. Cette adorable citrouille sensorielle oc\u00e9an saura illuminer vos r\u00e9unions de fin d'ann\u00e9e en suscitant la conversation et la gratitude envers nos bonnes fortunes.","robots":{"index":"index","follow":"follow","max-snippet":"max-snippet:-1","max-image-preview":"max-image-preview:large","max-video-preview":"max-video-preview:-1"},"canonical":"https:\/\/islandstocottages.com\/fr\/boutique\/home\/citrouille-sensorielle-ocean-2\/","og_locale":"fr_FR","og_type":"article","og_title":"Mindful Pumpkin - Ocean - Islands to cottages","og_description":"Ocean mindful pumpkin, must have for your perfectly imperfect Holiday gathering to remind yourself and your loved ones what you are grateful for this year.","og_url":"https:\/\/islandstocottages.com\/fr\/boutique\/home\/citrouille-sensorielle-ocean-2\/","og_site_name":"Islands to cottages","article_modified_time":"2025-03-13T20:53:55+00:00","og_image":[{"width":2215,"height":2560,"url":"https:\/\/islandstocottages.com\/wp-content\/uploads\/2023\/11\/mp7-scaled.jpg","type":"image\/jpeg"}],"twitter_card":"summary_large_image","twitter_misc":{"Dur\u00e9e de lecture estim\u00e9e":"2 minutes"},"schema":{"@context":"https:\/\/schema.org","@graph":[{"@type":"WebPage","@id":"https:\/\/islandstocottages.com\/boutique\/home\/mindful-pumpkin-ocean\/","url":"https:\/\/islandstocottages.com\/boutique\/home\/mindful-pumpkin-ocean\/","name":"Citrouille sensorielle - Oc\u00e9an - Islands to cottages","isPartOf":{"@id":"https:\/\/islandstocottages.com\/#website"},"primaryImageOfPage":{"@id":"https:\/\/islandstocottages.com\/boutique\/home\/mindful-pumpkin-ocean\/#primaryimage"},"image":{"@id":"https:\/\/islandstocottages.com\/boutique\/home\/mindful-pumpkin-ocean\/#primaryimage"},"thumbnailUrl":"https:\/\/i0.wp.com\/islandstocottages.com\/wp-content\/uploads\/2023\/11\/mp7-scaled.jpg?fit=2215%2C2560&ssl=1","datePublished":"2023-11-25T19:18:08+00:00","dateModified":"2025-03-13T20:53:55+00:00","description":"L'incontournable du temps des f\u00eates. Cette adorable citrouille sensorielle oc\u00e9an saura illuminer vos r\u00e9unions de fin d'ann\u00e9e en suscitant la conversation et la gratitude envers nos bonnes fortunes.","breadcrumb":{"@id":"https:\/\/islandstocottages.com\/boutique\/home\/mindful-pumpkin-ocean\/#breadcrumb"},"inLanguage":"fr-FR","potentialAction":[{"@type":"ReadAction","target":["https:\/\/islandstocottages.com\/boutique\/home\/mindful-pumpkin-ocean\/"]}]},{"@type":"ImageObject","inLanguage":"fr-FR","@id":"https:\/\/islandstocottages.com\/boutique\/home\/mindful-pumpkin-ocean\/#primaryimage","url":"https:\/\/i0.wp.com\/islandstocottages.com\/wp-content\/uploads\/2023\/11\/mp7-scaled.jpg?fit=2215%2C2560&ssl=1","contentUrl":"https:\/\/i0.wp.com\/islandstocottages.com\/wp-content\/uploads\/2023\/11\/mp7-scaled.jpg?fit=2215%2C2560&ssl=1","width":2215,"height":2560,"caption":"Mindful pumpkin"},{"@type":"BreadcrumbList","@id":"https:\/\/islandstocottages.com\/boutique\/home\/mindful-pumpkin-ocean\/#breadcrumb","itemListElement":[{"@type":"ListItem","position":1,"name":"Home","item":"https:\/\/islandstocottages.com\/"},{"@type":"ListItem","position":2,"name":"Boutique","item":"https:\/\/islandstocottages.com\/boutique\/"},{"@type":"ListItem","position":3,"name":"Mindful Pumpkin &#8211; Ocean"}]},{"@type":"WebSite","@id":"https:\/\/islandstocottages.com\/#website","url":"https:\/\/islandstocottages.com\/","name":"Islands to cottages","description":"Vie Durable + Pleine Conscience en Nouvelle-\u00c9cosse","publisher":{"@id":"https:\/\/islandstocottages.com\/#organization"},"potentialAction":[{"@type":"SearchAction","target":{"@type":"EntryPoint","urlTemplate":"https:\/\/islandstocottages.com\/?s={search_term_string}"},"query-input":{"@type":"PropertyValueSpecification","valueRequired":true,"valueName":"search_term_string"}}],"inLanguage":"fr-FR"},{"@type":"Organization","@id":"https:\/\/islandstocottages.com\/#organization","name":"Islands To Cottages","url":"https:\/\/islandstocottages.com\/","logo":{"@type":"ImageObject","inLanguage":"fr-FR","@id":"https:\/\/islandstocottages.com\/#\/schema\/logo\/image\/","url":"https:\/\/i2.wp.com\/islandstocottages.com\/wp-content\/uploads\/2020\/06\/Logo.Screenshot-188.png?fit=613%2C293&ssl=1","contentUrl":"https:\/\/i2.wp.com\/islandstocottages.com\/wp-content\/uploads\/2020\/06\/Logo.Screenshot-188.png?fit=613%2C293&ssl=1","width":613,"height":293,"caption":"Islands To Cottages"},"image":{"@id":"https:\/\/islandstocottages.com\/#\/schema\/logo\/image\/"}}]}},"jetpack_sharing_enabled":true,"jetpack-related-posts":[{"id":2923,"url":"https:\/\/islandstocottages.com\/fr\/boutique\/home\/mindful-pumpkin-sand\/","url_meta":{"origin":2932,"position":0},"title":"Citrouille sensorielle - Sable","author":"islandstocottages","date":"25 novembre 2023","format":false,"excerpt":"100 % fibres reconverties. Approx. 10 cm x 10 cm, les tailles varient.","rel":"","context":"Article similaire","block_context":{"text":"Article similaire","link":""},"img":{"alt_text":"Mindful pumpkin","src":"https:\/\/i0.wp.com\/islandstocottages.com\/wp-content\/uploads\/2023\/11\/a.20221007_104301.jpg?fit=1200%2C1200&ssl=1&resize=350%2C200","width":350,"height":200,"srcset":"https:\/\/i0.wp.com\/islandstocottages.com\/wp-content\/uploads\/2023\/11\/a.20221007_104301.jpg?fit=1200%2C1200&ssl=1&resize=350%2C200 1x, https:\/\/i0.wp.com\/islandstocottages.com\/wp-content\/uploads\/2023\/11\/a.20221007_104301.jpg?fit=1200%2C1200&ssl=1&resize=525%2C300 1.5x, https:\/\/i0.wp.com\/islandstocottages.com\/wp-content\/uploads\/2023\/11\/a.20221007_104301.jpg?fit=1200%2C1200&ssl=1&resize=700%2C400 2x, https:\/\/i0.wp.com\/islandstocottages.com\/wp-content\/uploads\/2023\/11\/a.20221007_104301.jpg?fit=1200%2C1200&ssl=1&resize=1050%2C600 3x"},"classes":[]},{"id":2936,"url":"https:\/\/islandstocottages.com\/fr\/boutique\/home\/mindful-pumpkin-earth\/","url_meta":{"origin":2932,"position":1},"title":"Citrouille sensorielle - Terre","author":"islandstocottages","date":"25 novembre 2023","format":false,"excerpt":"100 % fibres reconverties. Approx. 10 cm x 10 cm, les tailles varient.","rel":"","context":"Article similaire","block_context":{"text":"Article similaire","link":""},"img":{"alt_text":"Mindful pumpkin","src":"https:\/\/i0.wp.com\/islandstocottages.com\/wp-content\/uploads\/2023\/11\/mp3.jpg?fit=1200%2C1200&ssl=1&resize=350%2C200","width":350,"height":200,"srcset":"https:\/\/i0.wp.com\/islandstocottages.com\/wp-content\/uploads\/2023\/11\/mp3.jpg?fit=1200%2C1200&ssl=1&resize=350%2C200 1x, https:\/\/i0.wp.com\/islandstocottages.com\/wp-content\/uploads\/2023\/11\/mp3.jpg?fit=1200%2C1200&ssl=1&resize=525%2C300 1.5x, https:\/\/i0.wp.com\/islandstocottages.com\/wp-content\/uploads\/2023\/11\/mp3.jpg?fit=1200%2C1200&ssl=1&resize=700%2C400 2x, https:\/\/i0.wp.com\/islandstocottages.com\/wp-content\/uploads\/2023\/11\/mp3.jpg?fit=1200%2C1200&ssl=1&resize=1050%2C600 3x"},"classes":[]},{"id":2926,"url":"https:\/\/islandstocottages.com\/fr\/boutique\/home\/mindful-pen\/","url_meta":{"origin":2932,"position":2},"title":"Stylo sensoriel","author":"islandstocottages","date":"25 novembre 2023","format":false,"excerpt":"Stylo universel, mat\u00e9riau neuf + fleur recycl\u00e9e.","rel":"","context":"Article similaire","block_context":{"text":"Article similaire","link":""},"img":{"alt_text":"Mindful pen","src":"https:\/\/i0.wp.com\/islandstocottages.com\/wp-content\/uploads\/2023\/11\/mpe6.jpg?fit=1200%2C1200&ssl=1&resize=350%2C200","width":350,"height":200,"srcset":"https:\/\/i0.wp.com\/islandstocottages.com\/wp-content\/uploads\/2023\/11\/mpe6.jpg?fit=1200%2C1200&ssl=1&resize=350%2C200 1x, https:\/\/i0.wp.com\/islandstocottages.com\/wp-content\/uploads\/2023\/11\/mpe6.jpg?fit=1200%2C1200&ssl=1&resize=525%2C300 1.5x, https:\/\/i0.wp.com\/islandstocottages.com\/wp-content\/uploads\/2023\/11\/mpe6.jpg?fit=1200%2C1200&ssl=1&resize=700%2C400 2x, https:\/\/i0.wp.com\/islandstocottages.com\/wp-content\/uploads\/2023\/11\/mpe6.jpg?fit=1200%2C1200&ssl=1&resize=1050%2C600 3x"},"classes":[]},{"id":2713,"url":"https:\/\/islandstocottages.com\/fr\/boutique\/home\/sensory-wooden-seahorse\/","url_meta":{"origin":2932,"position":3},"title":"Hippocampe sensoriel en bois","author":"islandstocottages","date":"12 juin 2023","format":false,"excerpt":"100 % bois r\u00e9invent\u00e9 + vernis non toxique. Env. 13 cm x 26 cm.","rel":"","context":"Article similaire","block_context":{"text":"Article similaire","link":""},"img":{"alt_text":"Wooden seahorse","src":"https:\/\/i0.wp.com\/islandstocottages.com\/wp-content\/uploads\/2023\/06\/Seahorse1-scaled.jpg?fit=994%2C1200&ssl=1&resize=350%2C200","width":350,"height":200,"srcset":"https:\/\/i0.wp.com\/islandstocottages.com\/wp-content\/uploads\/2023\/06\/Seahorse1-scaled.jpg?fit=994%2C1200&ssl=1&resize=350%2C200 1x, https:\/\/i0.wp.com\/islandstocottages.com\/wp-content\/uploads\/2023\/06\/Seahorse1-scaled.jpg?fit=994%2C1200&ssl=1&resize=525%2C300 1.5x, https:\/\/i0.wp.com\/islandstocottages.com\/wp-content\/uploads\/2023\/06\/Seahorse1-scaled.jpg?fit=994%2C1200&ssl=1&resize=700%2C400 2x"},"classes":[]},{"id":305,"url":"https:\/\/islandstocottages.com\/fr\/boutique\/home\/electronics-light-blocker\/","url_meta":{"origin":2932,"position":4},"title":"Inhibiteur de lumi\u00e8re pour \u00e9lectroniques","author":"islandstocottages","date":"4 juillet 2022","format":false,"excerpt":"100 % fibres m\u00e9lang\u00e9es. 20 cm x 20 cm. *\u00c9dition limit\u00e9e","rel":"","context":"Article similaire","block_context":{"text":"Article similaire","link":""},"img":{"alt_text":"Fabric light blocker.","src":"https:\/\/i0.wp.com\/islandstocottages.com\/wp-content\/uploads\/2022\/07\/LightBlocker1.jpg?fit=512%2C512&ssl=1&resize=350%2C200","width":350,"height":200},"classes":[]},{"id":2977,"url":"https:\/\/islandstocottages.com\/fr\/boutique\/care\/zero-waste-cloth-baby-wipes\/","url_meta":{"origin":2932,"position":5},"title":"Lingettes z\u00e9ro d\u00e9chet","author":"islandstocottages","date":"2 d\u00e9cembre 2023","format":false,"excerpt":"Set de 5. 100 % flanelle.  19 cm x 19 cm. *\u00c9dition limit\u00e9e","rel":"","context":"Article similaire","block_context":{"text":"Article similaire","link":""},"img":{"alt_text":"Zero Waste Cloth Baby Wipes","src":"https:\/\/i0.wp.com\/islandstocottages.com\/wp-content\/uploads\/2023\/12\/BabyWipe3.jpg?fit=1200%2C1200&ssl=1&resize=350%2C200","width":350,"height":200,"srcset":"https:\/\/i0.wp.com\/islandstocottages.com\/wp-content\/uploads\/2023\/12\/BabyWipe3.jpg?fit=1200%2C1200&ssl=1&resize=350%2C200 1x, https:\/\/i0.wp.com\/islandstocottages.com\/wp-content\/uploads\/2023\/12\/BabyWipe3.jpg?fit=1200%2C1200&ssl=1&resize=525%2C300 1.5x, https:\/\/i0.wp.com\/islandstocottages.com\/wp-content\/uploads\/2023\/12\/BabyWipe3.jpg?fit=1200%2C1200&ssl=1&resize=700%2C400 2x, https:\/\/i0.wp.com\/islandstocottages.com\/wp-content\/uploads\/2023\/12\/BabyWipe3.jpg?fit=1200%2C1200&ssl=1&resize=1050%2C600 3x"},"classes":[]}],"_links":{"self":[{"href":"https:\/\/islandstocottages.com\/fr\/wp-json\/wp\/v2\/product\/2932","targetHints":{"allow":["GET"]}}],"collection":[{"href":"https:\/\/islandstocottages.com\/fr\/wp-json\/wp\/v2\/product"}],"about":[{"href":"https:\/\/islandstocottages.com\/fr\/wp-json\/wp\/v2\/types\/product"}],"wp:featuredmedia":[{"embeddable":true,"href":"https:\/\/islandstocottages.com\/fr\/wp-json\/wp\/v2\/media\/2950"}],"wp:attachment":[{"href":"https:\/\/islandstocottages.com\/fr\/wp-json\/wp\/v2\/media?parent=2932"}],"wp:term":[{"taxonomy":"product_brand","embeddable":true,"href":"https:\/\/islandstocottages.com\/fr\/wp-json\/wp\/v2\/product_brand?post=2932"},{"taxonomy":"product_cat","embeddable":true,"href":"https:\/\/islandstocottages.com\/fr\/wp-json\/wp\/v2\/product_cat?post=2932"},{"taxonomy":"product_tag","embeddable":true,"href":"https:\/\/islandstocottages.com\/fr\/wp-json\/wp\/v2\/product_tag?post=2932"}],"curies":[{"name":"wp","href":"https:\/\/api.w.org\/{rel}","templated":true}]}}