{"id":2963,"date":"2023-11-25T14:25:43","date_gmt":"2023-11-25T18:25:43","guid":{"rendered":"https:\/\/islandstocottages.com\/?post_type=product&#038;p=2963"},"modified":"2025-03-13T16:56:26","modified_gmt":"2025-03-13T20:56:26","slug":"serviette-de-cuisine-2","status":"publish","type":"product","link":"https:\/\/islandstocottages.com\/fr\/boutique\/home\/kitchen-go-to-towel\/","title":{"rendered":"Serviette de cuisine"},"content":{"rendered":"<p>*Contactez-nous pour commander*<\/p>\n<p>L'incontournable serviette de cuisine est un accessoire simple qui deviendra vite indispensable. Les serviettes de cuisine viennent par deux, ces serviettes absorbantes pratiques sont faite d'une double \u00e9paisseur pour r\u00e9parer en un clin d'\u0153il les petits comme les gros d\u00e9g\u00e2ts du quotidien. Super faciles \u00e0 entretenir, un simple aller-retour dans la laveuse et la s\u00e9cheuse avec des couleurs semblables, et voil\u00e0, le tour est jou\u00e9 ! Un astucieux crochet rend la serviette de cuisine facile \u00e0 garder \u00e0 port\u00e9e de main en tous temps, un accessoire simple et intuitif\u2026 Mais comment a-t-on pu vivre sans ?<\/p>\n<p><strong>Entretien :<\/strong> Entretien facile. Laver et s\u00e9cher en machine avec des couleurs semblables. Utiliser de pr\u00e9f\u00e9rence un d\u00e9tergent \u00e0 lessive \u00e9cologique et non parfum\u00e9. Laisser s\u00e9cher \u00e0 l'air libre et \u00e9viter l'assouplissant ou autres additifs pour une absorption sans pareil.<\/p>\n<p><strong>Mat\u00e9riau :<\/strong> 100 % coton. Nous sommes fiers de nos pratiques \u00e9co-responsables et nous maintenons notre engagement quant \u00e0 nos choix ax\u00e9s sur la durabilit\u00e9. Sauf exception pour les articles fabriqu\u00e9s en production continue et r\u00e9pondant \u00e0 des standards d\u00e9termin\u00e9s, tous nos tissus proviennent du march\u00e9 de l'apr\u00e8s-vente : fins de stocks, invendus, seconde main, etc. Les articles ainsi produits sont des \u00e9ditions limit\u00e9es selon les disponibilit\u00e9s du moment.<\/p>\n<p><strong>Dimensions :<\/strong> 30 cm x 30 cm.<\/p>\n<p>Fait en Nouvelle-\u00c9cosse.<\/p>\n<p><span style=\"font-size: 10.0pt; font-family: Tahoma;\"><o:p><\/o:p><\/span><\/p>","protected":false},"excerpt":{"rendered":"<p>Set de 2. 100 % coton. 30 cm x 30 cm. *\u00c9dition limit\u00e9e<\/p>","protected":false},"featured_media":2964,"template":"","meta":{"nf_dc_page":"","om_disable_all_campaigns":false,"_monsterinsights_skip_tracking":false,"_monsterinsights_sitenote_active":false,"_monsterinsights_sitenote_note":"","_monsterinsights_sitenote_category":0},"product_brand":[],"product_cat":[29],"product_tag":[],"class_list":{"0":"post-2963","1":"product","2":"type-product","3":"status-publish","4":"has-post-thumbnail","6":"product_cat-home","8":"first","9":"outofstock","10":"shipping-taxable","11":"purchasable","12":"product-type-simple"},"yoast_head":"<!-- This site is optimized with the Yoast SEO plugin v27.4 - https:\/\/yoast.com\/product\/yoast-seo-wordpress\/ -->\n<title>Kitchen Go-to Towel - Islands to cottages<\/title>\n<meta name=\"description\" content=\"The kitchen go-to towel is a simple no-nonsense accessory, an soon-to-be essential to catch any spill and clean up daily messes.\" \/>\n<meta name=\"robots\" content=\"index, follow, max-snippet:-1, max-image-preview:large, max-video-preview:-1\" \/>\n<link rel=\"canonical\" href=\"https:\/\/islandstocottages.com\/fr\/boutique\/home\/serviette-de-cuisine-2\/\" \/>\n<meta property=\"og:locale\" content=\"fr_FR\" \/>\n<meta property=\"og:type\" content=\"article\" \/>\n<meta property=\"og:title\" content=\"Kitchen Go-to Towel - Islands to cottages\" \/>\n<meta property=\"og:description\" content=\"The kitchen go-to towel is a simple no-nonsense accessory, an soon-to-be essential to catch any spill and clean up daily messes.\" \/>\n<meta property=\"og:url\" content=\"https:\/\/islandstocottages.com\/fr\/boutique\/home\/serviette-de-cuisine-2\/\" \/>\n<meta property=\"og:site_name\" content=\"Islands to cottages\" \/>\n<meta property=\"article:modified_time\" content=\"2025-03-13T20:56:26+00:00\" \/>\n<meta property=\"og:image\" content=\"https:\/\/islandstocottages.com\/wp-content\/uploads\/2023\/11\/KT1.jpg\" \/>\n\t<meta property=\"og:image:width\" content=\"2500\" \/>\n\t<meta property=\"og:image:height\" content=\"2500\" \/>\n\t<meta property=\"og:image:type\" content=\"image\/jpeg\" \/>\n<meta name=\"twitter:card\" content=\"summary_large_image\" \/>\n<meta name=\"twitter:label1\" content=\"Dur\u00e9e de lecture estim\u00e9e\" \/>\n\t<meta name=\"twitter:data1\" content=\"2 minutes\" \/>\n<script type=\"application\/ld+json\" class=\"yoast-schema-graph\">{\"@context\":\"https:\\\/\\\/schema.org\",\"@graph\":[{\"@type\":\"WebPage\",\"@id\":\"https:\\\/\\\/islandstocottages.com\\\/boutique\\\/home\\\/kitchen-go-to-towel\\\/\",\"url\":\"https:\\\/\\\/islandstocottages.com\\\/boutique\\\/home\\\/kitchen-go-to-towel\\\/\",\"name\":\"Kitchen Go-to Towel - Islands to cottages\",\"isPartOf\":{\"@id\":\"https:\\\/\\\/islandstocottages.com\\\/#website\"},\"primaryImageOfPage\":{\"@id\":\"https:\\\/\\\/islandstocottages.com\\\/boutique\\\/home\\\/kitchen-go-to-towel\\\/#primaryimage\"},\"image\":{\"@id\":\"https:\\\/\\\/islandstocottages.com\\\/boutique\\\/home\\\/kitchen-go-to-towel\\\/#primaryimage\"},\"thumbnailUrl\":\"https:\\\/\\\/i0.wp.com\\\/islandstocottages.com\\\/wp-content\\\/uploads\\\/2023\\\/11\\\/KT1.jpg?fit=2500%2C2500&ssl=1\",\"datePublished\":\"2023-11-25T18:25:43+00:00\",\"dateModified\":\"2025-03-13T20:56:26+00:00\",\"description\":\"The kitchen go-to towel is a simple no-nonsense accessory, an soon-to-be essential to catch any spill and clean up daily messes.\",\"breadcrumb\":{\"@id\":\"https:\\\/\\\/islandstocottages.com\\\/boutique\\\/home\\\/kitchen-go-to-towel\\\/#breadcrumb\"},\"inLanguage\":\"fr-FR\",\"potentialAction\":[{\"@type\":\"ReadAction\",\"target\":[\"https:\\\/\\\/islandstocottages.com\\\/boutique\\\/home\\\/kitchen-go-to-towel\\\/\"]}]},{\"@type\":\"ImageObject\",\"inLanguage\":\"fr-FR\",\"@id\":\"https:\\\/\\\/islandstocottages.com\\\/boutique\\\/home\\\/kitchen-go-to-towel\\\/#primaryimage\",\"url\":\"https:\\\/\\\/i0.wp.com\\\/islandstocottages.com\\\/wp-content\\\/uploads\\\/2023\\\/11\\\/KT1.jpg?fit=2500%2C2500&ssl=1\",\"contentUrl\":\"https:\\\/\\\/i0.wp.com\\\/islandstocottages.com\\\/wp-content\\\/uploads\\\/2023\\\/11\\\/KT1.jpg?fit=2500%2C2500&ssl=1\",\"width\":2500,\"height\":2500,\"caption\":\"Kitchen go-to towel\"},{\"@type\":\"BreadcrumbList\",\"@id\":\"https:\\\/\\\/islandstocottages.com\\\/boutique\\\/home\\\/kitchen-go-to-towel\\\/#breadcrumb\",\"itemListElement\":[{\"@type\":\"ListItem\",\"position\":1,\"name\":\"Home\",\"item\":\"https:\\\/\\\/islandstocottages.com\\\/\"},{\"@type\":\"ListItem\",\"position\":2,\"name\":\"Boutique\",\"item\":\"https:\\\/\\\/islandstocottages.com\\\/boutique\\\/\"},{\"@type\":\"ListItem\",\"position\":3,\"name\":\"Kitchen Go-to Towel\"}]},{\"@type\":\"WebSite\",\"@id\":\"https:\\\/\\\/islandstocottages.com\\\/#website\",\"url\":\"https:\\\/\\\/islandstocottages.com\\\/\",\"name\":\"Islands to cottages\",\"description\":\"Nova Scotia Sustainable + Mindful Living\",\"publisher\":{\"@id\":\"https:\\\/\\\/islandstocottages.com\\\/#organization\"},\"potentialAction\":[{\"@type\":\"SearchAction\",\"target\":{\"@type\":\"EntryPoint\",\"urlTemplate\":\"https:\\\/\\\/islandstocottages.com\\\/?s={search_term_string}\"},\"query-input\":{\"@type\":\"PropertyValueSpecification\",\"valueRequired\":true,\"valueName\":\"search_term_string\"}}],\"inLanguage\":\"fr-FR\"},{\"@type\":\"Organization\",\"@id\":\"https:\\\/\\\/islandstocottages.com\\\/#organization\",\"name\":\"Islands To Cottages\",\"url\":\"https:\\\/\\\/islandstocottages.com\\\/\",\"logo\":{\"@type\":\"ImageObject\",\"inLanguage\":\"fr-FR\",\"@id\":\"https:\\\/\\\/islandstocottages.com\\\/#\\\/schema\\\/logo\\\/image\\\/\",\"url\":\"https:\\\/\\\/i2.wp.com\\\/islandstocottages.com\\\/wp-content\\\/uploads\\\/2020\\\/06\\\/Logo.Screenshot-188.png?fit=613%2C293&ssl=1\",\"contentUrl\":\"https:\\\/\\\/i2.wp.com\\\/islandstocottages.com\\\/wp-content\\\/uploads\\\/2020\\\/06\\\/Logo.Screenshot-188.png?fit=613%2C293&ssl=1\",\"width\":613,\"height\":293,\"caption\":\"Islands To Cottages\"},\"image\":{\"@id\":\"https:\\\/\\\/islandstocottages.com\\\/#\\\/schema\\\/logo\\\/image\\\/\"}}]}<\/script>\n<!-- \/ Yoast SEO plugin. -->","yoast_head_json":{"title":"Serviette de cuisine - Islands to cottages","description":"L'incontournable serviette de cuisine : un accessoire simple et pratique pour les petits et les gros d\u00e9g\u00e2ts du quotidien.","robots":{"index":"index","follow":"follow","max-snippet":"max-snippet:-1","max-image-preview":"max-image-preview:large","max-video-preview":"max-video-preview:-1"},"canonical":"https:\/\/islandstocottages.com\/fr\/boutique\/home\/serviette-de-cuisine-2\/","og_locale":"fr_FR","og_type":"article","og_title":"Kitchen Go-to Towel - Islands to cottages","og_description":"The kitchen go-to towel is a simple no-nonsense accessory, an soon-to-be essential to catch any spill and clean up daily messes.","og_url":"https:\/\/islandstocottages.com\/fr\/boutique\/home\/serviette-de-cuisine-2\/","og_site_name":"Islands to cottages","article_modified_time":"2025-03-13T20:56:26+00:00","og_image":[{"width":2500,"height":2500,"url":"https:\/\/islandstocottages.com\/wp-content\/uploads\/2023\/11\/KT1.jpg","type":"image\/jpeg"}],"twitter_card":"summary_large_image","twitter_misc":{"Dur\u00e9e de lecture estim\u00e9e":"2 minutes"},"schema":{"@context":"https:\/\/schema.org","@graph":[{"@type":"WebPage","@id":"https:\/\/islandstocottages.com\/boutique\/home\/kitchen-go-to-towel\/","url":"https:\/\/islandstocottages.com\/boutique\/home\/kitchen-go-to-towel\/","name":"Serviette de cuisine - Islands to cottages","isPartOf":{"@id":"https:\/\/islandstocottages.com\/#website"},"primaryImageOfPage":{"@id":"https:\/\/islandstocottages.com\/boutique\/home\/kitchen-go-to-towel\/#primaryimage"},"image":{"@id":"https:\/\/islandstocottages.com\/boutique\/home\/kitchen-go-to-towel\/#primaryimage"},"thumbnailUrl":"https:\/\/i0.wp.com\/islandstocottages.com\/wp-content\/uploads\/2023\/11\/KT1.jpg?fit=2500%2C2500&ssl=1","datePublished":"2023-11-25T18:25:43+00:00","dateModified":"2025-03-13T20:56:26+00:00","description":"L'incontournable serviette de cuisine : un accessoire simple et pratique pour les petits et les gros d\u00e9g\u00e2ts du quotidien.","breadcrumb":{"@id":"https:\/\/islandstocottages.com\/boutique\/home\/kitchen-go-to-towel\/#breadcrumb"},"inLanguage":"fr-FR","potentialAction":[{"@type":"ReadAction","target":["https:\/\/islandstocottages.com\/boutique\/home\/kitchen-go-to-towel\/"]}]},{"@type":"ImageObject","inLanguage":"fr-FR","@id":"https:\/\/islandstocottages.com\/boutique\/home\/kitchen-go-to-towel\/#primaryimage","url":"https:\/\/i0.wp.com\/islandstocottages.com\/wp-content\/uploads\/2023\/11\/KT1.jpg?fit=2500%2C2500&ssl=1","contentUrl":"https:\/\/i0.wp.com\/islandstocottages.com\/wp-content\/uploads\/2023\/11\/KT1.jpg?fit=2500%2C2500&ssl=1","width":2500,"height":2500,"caption":"Kitchen go-to towel"},{"@type":"BreadcrumbList","@id":"https:\/\/islandstocottages.com\/boutique\/home\/kitchen-go-to-towel\/#breadcrumb","itemListElement":[{"@type":"ListItem","position":1,"name":"Home","item":"https:\/\/islandstocottages.com\/"},{"@type":"ListItem","position":2,"name":"Boutique","item":"https:\/\/islandstocottages.com\/boutique\/"},{"@type":"ListItem","position":3,"name":"Kitchen Go-to Towel"}]},{"@type":"WebSite","@id":"https:\/\/islandstocottages.com\/#website","url":"https:\/\/islandstocottages.com\/","name":"Islands to cottages","description":"Vie Durable + Pleine Conscience en Nouvelle-\u00c9cosse","publisher":{"@id":"https:\/\/islandstocottages.com\/#organization"},"potentialAction":[{"@type":"SearchAction","target":{"@type":"EntryPoint","urlTemplate":"https:\/\/islandstocottages.com\/?s={search_term_string}"},"query-input":{"@type":"PropertyValueSpecification","valueRequired":true,"valueName":"search_term_string"}}],"inLanguage":"fr-FR"},{"@type":"Organization","@id":"https:\/\/islandstocottages.com\/#organization","name":"Islands To Cottages","url":"https:\/\/islandstocottages.com\/","logo":{"@type":"ImageObject","inLanguage":"fr-FR","@id":"https:\/\/islandstocottages.com\/#\/schema\/logo\/image\/","url":"https:\/\/i2.wp.com\/islandstocottages.com\/wp-content\/uploads\/2020\/06\/Logo.Screenshot-188.png?fit=613%2C293&ssl=1","contentUrl":"https:\/\/i2.wp.com\/islandstocottages.com\/wp-content\/uploads\/2020\/06\/Logo.Screenshot-188.png?fit=613%2C293&ssl=1","width":613,"height":293,"caption":"Islands To Cottages"},"image":{"@id":"https:\/\/islandstocottages.com\/#\/schema\/logo\/image\/"}}]}},"jetpack_sharing_enabled":true,"jetpack-related-posts":[{"id":2717,"url":"https:\/\/islandstocottages.com\/fr\/boutique\/care\/luxurious-travel-towel\/","url_meta":{"origin":2963,"position":0},"title":"Serviette de voyage haut de gamme","author":"islandstocottages","date":"12 juin 2023","format":false,"excerpt":"100 % lin\/coton.  Env. 100 cm x 135 cm. *\u00c9dition limit\u00e9e","rel":"","context":"Article similaire","block_context":{"text":"Article similaire","link":""},"img":{"alt_text":"Luxurious travel towel","src":"https:\/\/i0.wp.com\/islandstocottages.com\/wp-content\/uploads\/2023\/06\/LuxuryTowel1-scaled.jpg?fit=900%2C1200&ssl=1&resize=350%2C200","width":350,"height":200,"srcset":"https:\/\/i0.wp.com\/islandstocottages.com\/wp-content\/uploads\/2023\/06\/LuxuryTowel1-scaled.jpg?fit=900%2C1200&ssl=1&resize=350%2C200 1x, https:\/\/i0.wp.com\/islandstocottages.com\/wp-content\/uploads\/2023\/06\/LuxuryTowel1-scaled.jpg?fit=900%2C1200&ssl=1&resize=525%2C300 1.5x, https:\/\/i0.wp.com\/islandstocottages.com\/wp-content\/uploads\/2023\/06\/LuxuryTowel1-scaled.jpg?fit=900%2C1200&ssl=1&resize=700%2C400 2x"},"classes":[]},{"id":2172,"url":"https:\/\/islandstocottages.com\/fr\/boutique\/care\/eco-interlabial-pads\/","url_meta":{"origin":2963,"position":1},"title":"Compresses interlabiales en tissu","author":"islandstocottages","date":"1 f\u00e9vrier 2023","format":false,"excerpt":"Set de 10. 100 % flanelle.  6 cm x 11 cm.","rel":"","context":"Article similaire","block_context":{"text":"Article similaire","link":""},"img":{"alt_text":"Eco interlabial pads.","src":"https:\/\/i0.wp.com\/islandstocottages.com\/wp-content\/uploads\/2023\/02\/interlabial.1.jpg?fit=512%2C512&ssl=1&resize=350%2C200","width":350,"height":200},"classes":[]},{"id":2982,"url":"https:\/\/islandstocottages.com\/fr\/boutique\/home\/reusable-bread-bag\/","url_meta":{"origin":2963,"position":2},"title":"Sac \u00e0 pain z\u00e9ro d\u00e9chet","author":"islandstocottages","date":"2 d\u00e9cembre 2023","format":false,"excerpt":"100 % coton. 37 cm x 37 cm. *\u00c9dition limit\u00e9e","rel":"","context":"Article similaire","block_context":{"text":"Article similaire","link":""},"img":{"alt_text":"Reusable Bread Bag","src":"https:\/\/i0.wp.com\/islandstocottages.com\/wp-content\/uploads\/2023\/12\/BreadBag6.jpg?fit=1200%2C1200&ssl=1&resize=350%2C200","width":350,"height":200,"srcset":"https:\/\/i0.wp.com\/islandstocottages.com\/wp-content\/uploads\/2023\/12\/BreadBag6.jpg?fit=1200%2C1200&ssl=1&resize=350%2C200 1x, https:\/\/i0.wp.com\/islandstocottages.com\/wp-content\/uploads\/2023\/12\/BreadBag6.jpg?fit=1200%2C1200&ssl=1&resize=525%2C300 1.5x, https:\/\/i0.wp.com\/islandstocottages.com\/wp-content\/uploads\/2023\/12\/BreadBag6.jpg?fit=1200%2C1200&ssl=1&resize=700%2C400 2x, https:\/\/i0.wp.com\/islandstocottages.com\/wp-content\/uploads\/2023\/12\/BreadBag6.jpg?fit=1200%2C1200&ssl=1&resize=1050%2C600 3x"},"classes":[]},{"id":318,"url":"https:\/\/islandstocottages.com\/fr\/boutique\/celebrate\/eco-cocktail-napkins\/","url_meta":{"origin":2963,"position":3},"title":"Serviettes \u00e0 cocktail en tissu","author":"islandstocottages","date":"4 juillet 2022","format":false,"excerpt":"Set de 4. 100 % coton. 25 cm x 25 cm. *\u00c9dition limit\u00e9e","rel":"","context":"Article similaire","block_context":{"text":"Article similaire","link":""},"img":{"alt_text":"A set of blue napkins.","src":"https:\/\/i0.wp.com\/islandstocottages.com\/wp-content\/uploads\/2022\/07\/EcoNapkin1.jpg?fit=512%2C512&ssl=1&resize=350%2C200","width":350,"height":200},"classes":[]},{"id":2751,"url":"https:\/\/islandstocottages.com\/fr\/boutique\/pets\/reversible-slip-on-collar-bandana-canada\/","url_meta":{"origin":2963,"position":4},"title":"Bandana de collier r\u00e9versible amovible - Canada","author":"islandstocottages","date":"29 juin 2023","format":false,"excerpt":"100 % coton.  P 15 cm x 30 cm. G 19 cm x 45 cm. *\u00c9dition limit\u00e9e","rel":"","context":"Article similaire","block_context":{"text":"Article similaire","link":""},"img":{"alt_text":"","src":"https:\/\/i0.wp.com\/islandstocottages.com\/wp-content\/uploads\/2023\/06\/20230629_155006_HDR-scaled.jpg?fit=1112%2C1200&ssl=1&resize=350%2C200","width":350,"height":200,"srcset":"https:\/\/i0.wp.com\/islandstocottages.com\/wp-content\/uploads\/2023\/06\/20230629_155006_HDR-scaled.jpg?fit=1112%2C1200&ssl=1&resize=350%2C200 1x, https:\/\/i0.wp.com\/islandstocottages.com\/wp-content\/uploads\/2023\/06\/20230629_155006_HDR-scaled.jpg?fit=1112%2C1200&ssl=1&resize=525%2C300 1.5x, https:\/\/i0.wp.com\/islandstocottages.com\/wp-content\/uploads\/2023\/06\/20230629_155006_HDR-scaled.jpg?fit=1112%2C1200&ssl=1&resize=700%2C400 2x, https:\/\/i0.wp.com\/islandstocottages.com\/wp-content\/uploads\/2023\/06\/20230629_155006_HDR-scaled.jpg?fit=1112%2C1200&ssl=1&resize=1050%2C600 3x"},"classes":[]},{"id":2161,"url":"https:\/\/islandstocottages.com\/fr\/boutique\/care\/unpaper-toilet-paper\/","url_meta":{"origin":2963,"position":5},"title":"Papier hygi\u00e9nique z\u00e9ro d\u00e9chet","author":"islandstocottages","date":"2 f\u00e9vrier 2023","format":false,"excerpt":"Set de 10. 100 % flanelle.  12 cm x 23 cm.","rel":"","context":"Article similaire","block_context":{"text":"Article similaire","link":""},"img":{"alt_text":"Flannel unpaper toilet paper.","src":"https:\/\/i0.wp.com\/islandstocottages.com\/wp-content\/uploads\/2023\/02\/unpaperToilet1.jpg?fit=512%2C512&ssl=1&resize=350%2C200","width":350,"height":200},"classes":[]}],"_links":{"self":[{"href":"https:\/\/islandstocottages.com\/fr\/wp-json\/wp\/v2\/product\/2963","targetHints":{"allow":["GET"]}}],"collection":[{"href":"https:\/\/islandstocottages.com\/fr\/wp-json\/wp\/v2\/product"}],"about":[{"href":"https:\/\/islandstocottages.com\/fr\/wp-json\/wp\/v2\/types\/product"}],"wp:featuredmedia":[{"embeddable":true,"href":"https:\/\/islandstocottages.com\/fr\/wp-json\/wp\/v2\/media\/2964"}],"wp:attachment":[{"href":"https:\/\/islandstocottages.com\/fr\/wp-json\/wp\/v2\/media?parent=2963"}],"wp:term":[{"taxonomy":"product_brand","embeddable":true,"href":"https:\/\/islandstocottages.com\/fr\/wp-json\/wp\/v2\/product_brand?post=2963"},{"taxonomy":"product_cat","embeddable":true,"href":"https:\/\/islandstocottages.com\/fr\/wp-json\/wp\/v2\/product_cat?post=2963"},{"taxonomy":"product_tag","embeddable":true,"href":"https:\/\/islandstocottages.com\/fr\/wp-json\/wp\/v2\/product_tag?post=2963"}],"curies":[{"name":"wp","href":"https:\/\/api.w.org\/{rel}","templated":true}]}}