{"id":2977,"date":"2023-12-02T11:36:59","date_gmt":"2023-12-02T15:36:59","guid":{"rendered":"https:\/\/islandstocottages.com\/?post_type=product&#038;p=2977"},"modified":"2025-03-13T16:52:11","modified_gmt":"2025-03-13T20:52:11","slug":"lingettes-zero-dechet-2","status":"publish","type":"product","link":"https:\/\/islandstocottages.com\/fr\/boutique\/care\/zero-waste-cloth-baby-wipes\/","title":{"rendered":"Lingettes z\u00e9ro d\u00e9chet"},"content":{"rendered":"<p>*Contactez-nous pour commander*<\/p>\n<p>Des lingettes z\u00e9ro d\u00e9chet \u00e9cologiques et extra douces qui ne manqueront pas de faire soupirer d'aise l'arri\u00e8re-train de votre petit dernier ! Fait de flanelle \u00e0 100%, ces lingettes z\u00e9ro d\u00e9chet r\u00e9utilisables s'offrent \u00e0 vous pour vous permettre d'adopter le geste \u00e9cologique ultime. Si vous utilisez d\u00e9j\u00e0 des couches en tissu pour les tout-petits, alors passer aux lingettes z\u00e9ro d\u00e9chet en tissu n'aura pour vous aucun secret, y a rien l\u00e0 ! Nouveaux dans le domaine du r\u00e9utilisable ? Pas de probl\u00e8me. On se lance et on commence notre exploration dans le monde des <a href=\"https:\/\/islandstocottages.com\/fr\/salles-de-bains-durables\/\">produits d'hygi\u00e8ne personnelle en tissu<\/a>. Une fois le pas franchi, vous ne voudrez plus jamais revenir aux versions jetables !<\/p>\n<p>Les lingettes z\u00e9ro d\u00e9chet en tissu peuvent \u00eatre enroul\u00e9es individuellement pour un acc\u00e8s facile en hauteur ou simplement rang\u00e9es \u00e0 plat les unes au-dessus des autres dans leur propre panier. Apr\u00e8s utilisation, on les fait tremper dans un bac r\u00e9serv\u00e9 \u00e0 cet usage, rempli d'eau et de bicarbonate de soude - ou de vinaigre - jusqu'au jour de lessive. Une mini corbeille en plastique avec couvercle pivotant se chargera de cette t\u00e2che avec \u00e9l\u00e9gance. Et maintenant, comme on dit toujours : \u00e0 fessier en sant\u00e9, quotidien en beaut\u00e9 ! (Oh ? C'est juste moi ? M\u00eame pas grave.) Alors on ne tarde plus et on prend soin du popotin de notre b\u00e9b\u00e9 !<\/p>\n<p><strong>Entretien :<\/strong> Entretien facile. Faire tremper dans un bac rempli d'eau et de bicarbonate de soude - ou de vinaigre - jusqu'au jour de lessive. Laver et s\u00e9cher en machine au cycle chaud avec des couleurs similaires. Utiliser de pr\u00e9f\u00e9rence un d\u00e9tergent \u00e0 lessive \u00e9cologique et non parfum\u00e9. Laisser s\u00e9cher \u00e0 l'air libre et \u00e9viter l'assouplissant ou autres additifs pour une absorption sans pareil. Repasser pour un fini impeccable.<strong> <o:p><\/o:p><\/strong><\/p>\n<p><strong>Mat\u00e9riau :<\/strong> 100 % flanelle. Nous sommes fiers de nos pratiques \u00e9co-responsables et nous maintenons notre engagement quant \u00e0 nos choix ax\u00e9s sur la durabilit\u00e9. Sauf exception pour les articles fabriqu\u00e9s en production continue et r\u00e9pondant \u00e0 des standards d\u00e9termin\u00e9s, tous nos tissus proviennent du march\u00e9 de l'apr\u00e8s-vente : fins de stocks, invendus, seconde main, etc. Les articles ainsi produits sont des \u00e9ditions limit\u00e9es selon les disponibilit\u00e9s du moment.<\/p>\n<p><strong>Dimensions :<\/strong> 19 cm x 19 cm.<\/p>\n<p>Fait <st1:place w:st=\"on\"><st1:state w:st=\"on\">en Nouvelle-\u00c9cosse<\/st1:state><\/st1:place>.<\/p>","protected":false},"excerpt":{"rendered":"<p>Set de 5. 100 % flanelle.  19 cm x 19 cm. *\u00c9dition limit\u00e9e<\/p>","protected":false},"featured_media":2978,"template":"","meta":{"nf_dc_page":"","om_disable_all_campaigns":false,"_monsterinsights_skip_tracking":false,"_monsterinsights_sitenote_active":false,"_monsterinsights_sitenote_note":"","_monsterinsights_sitenote_category":0},"product_brand":[],"product_cat":[28],"product_tag":[],"class_list":{"0":"post-2977","1":"product","2":"type-product","3":"status-publish","4":"has-post-thumbnail","6":"product_cat-care","8":"first","9":"outofstock","10":"shipping-taxable","11":"purchasable","12":"product-type-simple"},"yoast_head":"<!-- This site is optimized with the Yoast SEO plugin v27.6 - https:\/\/yoast.com\/product\/yoast-seo-wordpress\/ -->\n<title>Zero Waste Cloth Baby Wipes - Islands to cottages<\/title>\n<meta name=\"description\" content=\"Be kind to your baby&#039;s behind. Those 100% flannel reusable and washable zero waste cloth baby wipes are waiting for you to embrace the ultimate eco-move.\" \/>\n<meta name=\"robots\" content=\"index, follow, max-snippet:-1, max-image-preview:large, max-video-preview:-1\" \/>\n<link rel=\"canonical\" href=\"https:\/\/islandstocottages.com\/fr\/boutique\/care\/lingettes-zero-dechet-2\/\" \/>\n<meta property=\"og:locale\" content=\"fr_FR\" \/>\n<meta property=\"og:type\" content=\"article\" \/>\n<meta property=\"og:title\" content=\"Zero Waste Cloth Baby Wipes - Islands to cottages\" \/>\n<meta property=\"og:description\" content=\"Be kind to your baby&#039;s behind. Those 100% flannel reusable and washable zero waste cloth baby wipes are waiting for you to embrace the ultimate eco-move.\" \/>\n<meta property=\"og:url\" content=\"https:\/\/islandstocottages.com\/fr\/boutique\/care\/lingettes-zero-dechet-2\/\" \/>\n<meta property=\"og:site_name\" content=\"Islands to cottages\" \/>\n<meta property=\"article:modified_time\" content=\"2025-03-13T20:52:11+00:00\" \/>\n<meta property=\"og:image\" content=\"https:\/\/islandstocottages.com\/wp-content\/uploads\/2023\/12\/BabyWipe3.jpg\" \/>\n\t<meta property=\"og:image:width\" content=\"2500\" \/>\n\t<meta property=\"og:image:height\" content=\"2500\" \/>\n\t<meta property=\"og:image:type\" content=\"image\/jpeg\" \/>\n<meta name=\"twitter:card\" content=\"summary_large_image\" \/>\n<meta name=\"twitter:label1\" content=\"Dur\u00e9e de lecture estim\u00e9e\" \/>\n\t<meta name=\"twitter:data1\" content=\"2 minutes\" \/>\n<script type=\"application\/ld+json\" class=\"yoast-schema-graph\">{\"@context\":\"https:\\\/\\\/schema.org\",\"@graph\":[{\"@type\":\"WebPage\",\"@id\":\"https:\\\/\\\/islandstocottages.com\\\/boutique\\\/care\\\/zero-waste-cloth-baby-wipes\\\/\",\"url\":\"https:\\\/\\\/islandstocottages.com\\\/boutique\\\/care\\\/zero-waste-cloth-baby-wipes\\\/\",\"name\":\"Zero Waste Cloth Baby Wipes - Islands to cottages\",\"isPartOf\":{\"@id\":\"https:\\\/\\\/islandstocottages.com\\\/#website\"},\"primaryImageOfPage\":{\"@id\":\"https:\\\/\\\/islandstocottages.com\\\/boutique\\\/care\\\/zero-waste-cloth-baby-wipes\\\/#primaryimage\"},\"image\":{\"@id\":\"https:\\\/\\\/islandstocottages.com\\\/boutique\\\/care\\\/zero-waste-cloth-baby-wipes\\\/#primaryimage\"},\"thumbnailUrl\":\"https:\\\/\\\/i0.wp.com\\\/islandstocottages.com\\\/wp-content\\\/uploads\\\/2023\\\/12\\\/BabyWipe3.jpg?fit=2500%2C2500&ssl=1\",\"datePublished\":\"2023-12-02T15:36:59+00:00\",\"dateModified\":\"2025-03-13T20:52:11+00:00\",\"description\":\"Be kind to your baby's behind. Those 100% flannel reusable and washable zero waste cloth baby wipes are waiting for you to embrace the ultimate eco-move.\",\"breadcrumb\":{\"@id\":\"https:\\\/\\\/islandstocottages.com\\\/boutique\\\/care\\\/zero-waste-cloth-baby-wipes\\\/#breadcrumb\"},\"inLanguage\":\"fr-FR\",\"potentialAction\":[{\"@type\":\"ReadAction\",\"target\":[\"https:\\\/\\\/islandstocottages.com\\\/boutique\\\/care\\\/zero-waste-cloth-baby-wipes\\\/\"]}]},{\"@type\":\"ImageObject\",\"inLanguage\":\"fr-FR\",\"@id\":\"https:\\\/\\\/islandstocottages.com\\\/boutique\\\/care\\\/zero-waste-cloth-baby-wipes\\\/#primaryimage\",\"url\":\"https:\\\/\\\/i0.wp.com\\\/islandstocottages.com\\\/wp-content\\\/uploads\\\/2023\\\/12\\\/BabyWipe3.jpg?fit=2500%2C2500&ssl=1\",\"contentUrl\":\"https:\\\/\\\/i0.wp.com\\\/islandstocottages.com\\\/wp-content\\\/uploads\\\/2023\\\/12\\\/BabyWipe3.jpg?fit=2500%2C2500&ssl=1\",\"width\":2500,\"height\":2500,\"caption\":\"Zero Waste Cloth Baby Wipes\"},{\"@type\":\"BreadcrumbList\",\"@id\":\"https:\\\/\\\/islandstocottages.com\\\/boutique\\\/care\\\/zero-waste-cloth-baby-wipes\\\/#breadcrumb\",\"itemListElement\":[{\"@type\":\"ListItem\",\"position\":1,\"name\":\"Home\",\"item\":\"https:\\\/\\\/islandstocottages.com\\\/\"},{\"@type\":\"ListItem\",\"position\":2,\"name\":\"Boutique\",\"item\":\"https:\\\/\\\/islandstocottages.com\\\/boutique\\\/\"},{\"@type\":\"ListItem\",\"position\":3,\"name\":\"Zero Waste Cloth Baby Wipes\"}]},{\"@type\":\"WebSite\",\"@id\":\"https:\\\/\\\/islandstocottages.com\\\/#website\",\"url\":\"https:\\\/\\\/islandstocottages.com\\\/\",\"name\":\"Islands to cottages\",\"description\":\"Nova Scotia Sustainable + Mindful Living\",\"publisher\":{\"@id\":\"https:\\\/\\\/islandstocottages.com\\\/#organization\"},\"potentialAction\":[{\"@type\":\"SearchAction\",\"target\":{\"@type\":\"EntryPoint\",\"urlTemplate\":\"https:\\\/\\\/islandstocottages.com\\\/?s={search_term_string}\"},\"query-input\":{\"@type\":\"PropertyValueSpecification\",\"valueRequired\":true,\"valueName\":\"search_term_string\"}}],\"inLanguage\":\"fr-FR\"},{\"@type\":\"Organization\",\"@id\":\"https:\\\/\\\/islandstocottages.com\\\/#organization\",\"name\":\"Islands To Cottages\",\"url\":\"https:\\\/\\\/islandstocottages.com\\\/\",\"logo\":{\"@type\":\"ImageObject\",\"inLanguage\":\"fr-FR\",\"@id\":\"https:\\\/\\\/islandstocottages.com\\\/#\\\/schema\\\/logo\\\/image\\\/\",\"url\":\"https:\\\/\\\/i2.wp.com\\\/islandstocottages.com\\\/wp-content\\\/uploads\\\/2020\\\/06\\\/Logo.Screenshot-188.png?fit=613%2C293&ssl=1\",\"contentUrl\":\"https:\\\/\\\/i2.wp.com\\\/islandstocottages.com\\\/wp-content\\\/uploads\\\/2020\\\/06\\\/Logo.Screenshot-188.png?fit=613%2C293&ssl=1\",\"width\":613,\"height\":293,\"caption\":\"Islands To Cottages\"},\"image\":{\"@id\":\"https:\\\/\\\/islandstocottages.com\\\/#\\\/schema\\\/logo\\\/image\\\/\"}}]}<\/script>\n<!-- \/ Yoast SEO plugin. -->","yoast_head_json":{"title":"Lingettes z\u00e9ro d\u00e9chet  - Islands to cottages","description":"Be kind to your baby's behind. Those 100% flannel reusable and washable zero waste cloth baby wipes are waiting for you to embrace the ultimate eco-move.","robots":{"index":"index","follow":"follow","max-snippet":"max-snippet:-1","max-image-preview":"max-image-preview:large","max-video-preview":"max-video-preview:-1"},"canonical":"https:\/\/islandstocottages.com\/fr\/boutique\/care\/lingettes-zero-dechet-2\/","og_locale":"fr_FR","og_type":"article","og_title":"Zero Waste Cloth Baby Wipes - Islands to cottages","og_description":"Be kind to your baby's behind. Those 100% flannel reusable and washable zero waste cloth baby wipes are waiting for you to embrace the ultimate eco-move.","og_url":"https:\/\/islandstocottages.com\/fr\/boutique\/care\/lingettes-zero-dechet-2\/","og_site_name":"Islands to cottages","article_modified_time":"2025-03-13T20:52:11+00:00","og_image":[{"width":2500,"height":2500,"url":"https:\/\/islandstocottages.com\/wp-content\/uploads\/2023\/12\/BabyWipe3.jpg","type":"image\/jpeg"}],"twitter_card":"summary_large_image","twitter_misc":{"Dur\u00e9e de lecture estim\u00e9e":"2 minutes"},"schema":{"@context":"https:\/\/schema.org","@graph":[{"@type":"WebPage","@id":"https:\/\/islandstocottages.com\/boutique\/care\/zero-waste-cloth-baby-wipes\/","url":"https:\/\/islandstocottages.com\/boutique\/care\/zero-waste-cloth-baby-wipes\/","name":"Lingettes z\u00e9ro d\u00e9chet  - Islands to cottages","isPartOf":{"@id":"https:\/\/islandstocottages.com\/#website"},"primaryImageOfPage":{"@id":"https:\/\/islandstocottages.com\/boutique\/care\/zero-waste-cloth-baby-wipes\/#primaryimage"},"image":{"@id":"https:\/\/islandstocottages.com\/boutique\/care\/zero-waste-cloth-baby-wipes\/#primaryimage"},"thumbnailUrl":"https:\/\/i0.wp.com\/islandstocottages.com\/wp-content\/uploads\/2023\/12\/BabyWipe3.jpg?fit=2500%2C2500&ssl=1","datePublished":"2023-12-02T15:36:59+00:00","dateModified":"2025-03-13T20:52:11+00:00","description":"Be kind to your baby's behind. Those 100% flannel reusable and washable zero waste cloth baby wipes are waiting for you to embrace the ultimate eco-move.","breadcrumb":{"@id":"https:\/\/islandstocottages.com\/boutique\/care\/zero-waste-cloth-baby-wipes\/#breadcrumb"},"inLanguage":"fr-FR","potentialAction":[{"@type":"ReadAction","target":["https:\/\/islandstocottages.com\/boutique\/care\/zero-waste-cloth-baby-wipes\/"]}]},{"@type":"ImageObject","inLanguage":"fr-FR","@id":"https:\/\/islandstocottages.com\/boutique\/care\/zero-waste-cloth-baby-wipes\/#primaryimage","url":"https:\/\/i0.wp.com\/islandstocottages.com\/wp-content\/uploads\/2023\/12\/BabyWipe3.jpg?fit=2500%2C2500&ssl=1","contentUrl":"https:\/\/i0.wp.com\/islandstocottages.com\/wp-content\/uploads\/2023\/12\/BabyWipe3.jpg?fit=2500%2C2500&ssl=1","width":2500,"height":2500,"caption":"Zero Waste Cloth Baby Wipes"},{"@type":"BreadcrumbList","@id":"https:\/\/islandstocottages.com\/boutique\/care\/zero-waste-cloth-baby-wipes\/#breadcrumb","itemListElement":[{"@type":"ListItem","position":1,"name":"Home","item":"https:\/\/islandstocottages.com\/"},{"@type":"ListItem","position":2,"name":"Boutique","item":"https:\/\/islandstocottages.com\/boutique\/"},{"@type":"ListItem","position":3,"name":"Zero Waste Cloth Baby Wipes"}]},{"@type":"WebSite","@id":"https:\/\/islandstocottages.com\/#website","url":"https:\/\/islandstocottages.com\/","name":"Islands to cottages","description":"Vie Durable + Pleine Conscience en Nouvelle-\u00c9cosse","publisher":{"@id":"https:\/\/islandstocottages.com\/#organization"},"potentialAction":[{"@type":"SearchAction","target":{"@type":"EntryPoint","urlTemplate":"https:\/\/islandstocottages.com\/?s={search_term_string}"},"query-input":{"@type":"PropertyValueSpecification","valueRequired":true,"valueName":"search_term_string"}}],"inLanguage":"fr-FR"},{"@type":"Organization","@id":"https:\/\/islandstocottages.com\/#organization","name":"Islands To Cottages","url":"https:\/\/islandstocottages.com\/","logo":{"@type":"ImageObject","inLanguage":"fr-FR","@id":"https:\/\/islandstocottages.com\/#\/schema\/logo\/image\/","url":"https:\/\/i2.wp.com\/islandstocottages.com\/wp-content\/uploads\/2020\/06\/Logo.Screenshot-188.png?fit=613%2C293&ssl=1","contentUrl":"https:\/\/i2.wp.com\/islandstocottages.com\/wp-content\/uploads\/2020\/06\/Logo.Screenshot-188.png?fit=613%2C293&ssl=1","width":613,"height":293,"caption":"Islands To Cottages"},"image":{"@id":"https:\/\/islandstocottages.com\/#\/schema\/logo\/image\/"}}]}},"jetpack_sharing_enabled":true,"jetpack-related-posts":[{"id":2161,"url":"https:\/\/islandstocottages.com\/fr\/boutique\/care\/unpaper-toilet-paper\/","url_meta":{"origin":2977,"position":0},"title":"Papier hygi\u00e9nique z\u00e9ro d\u00e9chet","author":"islandstocottages","date":"2 f\u00e9vrier 2023","format":false,"excerpt":"Set de 10. 100 % flanelle.  12 cm x 23 cm.","rel":"","context":"Article similaire","block_context":{"text":"Article similaire","link":""},"img":{"alt_text":"Flannel unpaper toilet paper.","src":"https:\/\/i0.wp.com\/islandstocottages.com\/wp-content\/uploads\/2023\/02\/unpaperToilet1.jpg?fit=512%2C512&ssl=1&resize=350%2C200","width":350,"height":200},"classes":[]},{"id":318,"url":"https:\/\/islandstocottages.com\/fr\/boutique\/celebrate\/eco-cocktail-napkins\/","url_meta":{"origin":2977,"position":1},"title":"Serviettes \u00e0 cocktail en tissu","author":"islandstocottages","date":"4 juillet 2022","format":false,"excerpt":"Set de 4. 100 % coton. 25 cm x 25 cm. *\u00c9dition limit\u00e9e","rel":"","context":"Article similaire","block_context":{"text":"Article similaire","link":""},"img":{"alt_text":"A set of blue napkins.","src":"https:\/\/i0.wp.com\/islandstocottages.com\/wp-content\/uploads\/2022\/07\/EcoNapkin1.jpg?fit=512%2C512&ssl=1&resize=350%2C200","width":350,"height":200},"classes":[]},{"id":2172,"url":"https:\/\/islandstocottages.com\/fr\/boutique\/care\/eco-interlabial-pads\/","url_meta":{"origin":2977,"position":2},"title":"Compresses interlabiales en tissu","author":"islandstocottages","date":"1 f\u00e9vrier 2023","format":false,"excerpt":"Set de 10. 100 % flanelle.  6 cm x 11 cm.","rel":"","context":"Article similaire","block_context":{"text":"Article similaire","link":""},"img":{"alt_text":"Eco interlabial pads.","src":"https:\/\/i0.wp.com\/islandstocottages.com\/wp-content\/uploads\/2023\/02\/interlabial.1.jpg?fit=512%2C512&ssl=1&resize=350%2C200","width":350,"height":200},"classes":[]},{"id":2989,"url":"https:\/\/islandstocottages.com\/fr\/boutique\/care\/eco-makeup-pads-holidays\/","url_meta":{"origin":2977,"position":3},"title":"Lingettes d\u00e9maquillantes r\u00e9utilisables - Saison des f\u00eates","author":"islandstocottages","date":"2 d\u00e9cembre 2023","format":false,"excerpt":"Set de 4. 100 % coton. 12 cm x 12 cm. *\u00c9dition limit\u00e9e","rel":"","context":"Article similaire","block_context":{"text":"Article similaire","link":""},"img":{"alt_text":"Eco Makeup Pads - Holidays","src":"https:\/\/i0.wp.com\/islandstocottages.com\/wp-content\/uploads\/2023\/12\/MakeUpPadHoliday7.jpg?fit=960%2C1200&ssl=1&resize=350%2C200","width":350,"height":200,"srcset":"https:\/\/i0.wp.com\/islandstocottages.com\/wp-content\/uploads\/2023\/12\/MakeUpPadHoliday7.jpg?fit=960%2C1200&ssl=1&resize=350%2C200 1x, https:\/\/i0.wp.com\/islandstocottages.com\/wp-content\/uploads\/2023\/12\/MakeUpPadHoliday7.jpg?fit=960%2C1200&ssl=1&resize=525%2C300 1.5x, https:\/\/i0.wp.com\/islandstocottages.com\/wp-content\/uploads\/2023\/12\/MakeUpPadHoliday7.jpg?fit=960%2C1200&ssl=1&resize=700%2C400 2x"},"classes":[]},{"id":314,"url":"https:\/\/islandstocottages.com\/fr\/boutique\/care\/eco-makeup-pads\/","url_meta":{"origin":2977,"position":4},"title":"Lingettes d\u00e9maquillantes r\u00e9utilisables","author":"islandstocottages","date":"4 juillet 2022","format":false,"excerpt":"Set de 4. 100 % coton. 12 cm x 12 cm. *\u00c9dition limit\u00e9e","rel":"","context":"Article similaire","block_context":{"text":"Article similaire","link":""},"img":{"alt_text":"Bright colorful make-up pads.","src":"https:\/\/i0.wp.com\/islandstocottages.com\/wp-content\/uploads\/2022\/07\/MakeUpPads1.jpg?fit=461%2C461&ssl=1&resize=350%2C200","width":350,"height":200},"classes":[]},{"id":249,"url":"https:\/\/islandstocottages.com\/fr\/boutique\/celebrate\/reversible-furoshiki\/","url_meta":{"origin":2977,"position":5},"title":"Furoshiki r\u00e9versible","author":"islandstocottages","date":"28 juin 2022","format":false,"excerpt":"100 % fibres m\u00e9lang\u00e9es. 50 cm x 50 cm. *\u00c9dition limit\u00e9e","rel":"","context":"Article similaire","block_context":{"text":"Article similaire","link":""},"img":{"alt_text":"Lama furoshiki with grey undertones.","src":"https:\/\/i0.wp.com\/islandstocottages.com\/wp-content\/uploads\/2022\/06\/Furoshikigrey1.jpg?fit=512%2C512&ssl=1&resize=350%2C200","width":350,"height":200},"classes":[]}],"_links":{"self":[{"href":"https:\/\/islandstocottages.com\/fr\/wp-json\/wp\/v2\/product\/2977","targetHints":{"allow":["GET"]}}],"collection":[{"href":"https:\/\/islandstocottages.com\/fr\/wp-json\/wp\/v2\/product"}],"about":[{"href":"https:\/\/islandstocottages.com\/fr\/wp-json\/wp\/v2\/types\/product"}],"wp:featuredmedia":[{"embeddable":true,"href":"https:\/\/islandstocottages.com\/fr\/wp-json\/wp\/v2\/media\/2978"}],"wp:attachment":[{"href":"https:\/\/islandstocottages.com\/fr\/wp-json\/wp\/v2\/media?parent=2977"}],"wp:term":[{"taxonomy":"product_brand","embeddable":true,"href":"https:\/\/islandstocottages.com\/fr\/wp-json\/wp\/v2\/product_brand?post=2977"},{"taxonomy":"product_cat","embeddable":true,"href":"https:\/\/islandstocottages.com\/fr\/wp-json\/wp\/v2\/product_cat?post=2977"},{"taxonomy":"product_tag","embeddable":true,"href":"https:\/\/islandstocottages.com\/fr\/wp-json\/wp\/v2\/product_tag?post=2977"}],"curies":[{"name":"wp","href":"https:\/\/api.w.org\/{rel}","templated":true}]}}