{"id":2989,"date":"2023-12-02T16:31:39","date_gmt":"2023-12-02T20:31:39","guid":{"rendered":"https:\/\/islandstocottages.com\/?post_type=product&#038;p=2989"},"modified":"2025-03-13T16:50:25","modified_gmt":"2025-03-13T20:50:25","slug":"lingettes-demaquillantes-reutilisables-saison-des-fetes-2","status":"publish","type":"product","link":"https:\/\/islandstocottages.com\/fr\/boutique\/care\/eco-makeup-pads-holidays\/","title":{"rendered":"Lingettes d\u00e9maquillantes r\u00e9utilisables - Saison des f\u00eates"},"content":{"rendered":"<p><span style=\"font-family: Tahoma;\">*Contactez-nous pour commander*<\/span><\/p>\n<p><span style=\"font-family: Tahoma;\">Que diriez-vous pour ne plus jamais avoir \u00e0 acheter des tampons d\u00e9maquillants jetables ? Dites oui ! On troque nos lingettes d\u00e9maquillantes \u00e0 usage unique contre les lingettes d\u00e9maquillantes r\u00e9utilisables saison des f\u00eates en cette fin d'ann\u00e9e. On se chouchoute au naturel et fa\u00e7on pleine conscience tout en r\u00e9duisant notre empreinte \u00e9cologique.<o:p><\/o:p><\/span><\/p>\n<p><span style=\"font-family: Tahoma;\">On laisse tomber les ronds traditionnels pour adopter le carr\u00e9 dans toute sa versatilit\u00e9 ! \u00c0 Islands to Cottages, on n'arrondit pas les angles : on va droit au but comme toujours pour un minimum de d\u00e9chets et un maximum d'efficacit\u00e9. Les angles nous donnent ce petit extra des plus utiles pour nettoyer en douceur le contour des yeux et autres recoins faciaux pour une propret\u00e9 in\u00e9gal\u00e9e. Non seulement ces lingettes d\u00e9maquillantes r\u00e9utilisables saison des f\u00eates sont respectueuses de l'environnement, mais elles sont aussi tr\u00e8s douces pour la peau tout en \u00e9tant extr\u00eamement efficaces. Parfaites \u00e0 la fois pour se d\u00e9maquiller et pour l'hygi\u00e8ne du visage au quotidien, pour un lavage et une exfoliation en douceur. Bon pour <a href=\"https:\/\/islandstocottages.com\/fr\/produit-2\/masque-detente-2\/\">le corps<\/a>, bon pour la plan\u00e8te : alors on n'h\u00e9site plus ! Convient \u00e0 tous les types de peau et \u00e0 tous les \u00e2ges.<o:p><\/o:p><\/span><\/p>\n<p><strong><span style=\"font-family: Tahoma;\">Entretien :<\/span><\/strong><span style=\"font-family: Tahoma;\"> Entretien facile. Laver et s\u00e9cher en machine au cycle ti\u00e8de avec des couleurs similaires. Utiliser de pr\u00e9f\u00e9rence un d\u00e9tergent \u00e0 lessive \u00e9cologique et non parfum\u00e9, laisser s\u00e9cher \u00e0 l'air libre et \u00e9viter l'assouplissant ou autres additifs. Repasser pour un fini impeccable.<o:p><\/o:p><\/span><\/p>\n<p><strong><span style=\"font-family: Tahoma;\">Mat\u00e9riau :<\/span><\/strong><span style=\"font-family: Tahoma;\"> 2 couches superpos\u00e9es. 100 % coton. Nous sommes fiers de nos pratiques \u00e9co-responsables et nous maintenons notre engagement quant \u00e0 nos choix ax\u00e9s sur la durabilit\u00e9. Sauf exception pour les articles fabriqu\u00e9s en production continue et r\u00e9pondant \u00e0 des standards d\u00e9termin\u00e9s, tous nos tissus proviennent du march\u00e9 de l'apr\u00e8s-vente : fins de stocks, invendus, seconde main, etc. Les articles ainsi produits sont des \u00e9ditions limit\u00e9es selon les disponibilit\u00e9s du moment.<o:p><\/o:p><\/span><\/p>\n<p><strong><span style=\"font-family: Tahoma;\">Dimensions :<\/span><\/strong><span style=\"font-family: Tahoma;\"> 12 cm x 12 cm.<o:p><\/o:p><\/span><\/p>\n<p><span style=\"font-family: Tahoma;\">Fait <st1:state w:st=\"on\"><st1:place w:st=\"on\">en Nouvelle-\u00c9cosse<\/st1:place><\/st1:state>.<o:p><\/o:p><\/span><\/p>\n<p><strong><span style=\"font-family: Tahoma;\">Conseil \u00e9colo : <\/span><\/strong><span style=\"font-family: Tahoma;\">Saviez-vous qu'en moyenne, un m\u00e9nage ordinaire utilise environ 4 tampons de d\u00e9maquillage par jour, totalisant \u00e0 environ 1 500 par an ? Et encore, c'est une estimation \u00e0 la baisse... Pour se faire rapidement une petite id\u00e9e de l'impact que peut avoir cet article banal de notre quotidien sur notre gestion des d\u00e9chets, multipliez cela par le nombre de m\u00e9nages dans votre propre quartier et vous verrez \u00e0 quel point ce chiffre devient exorbitant, surtout si l'on consid\u00e8re que ces lingettes d\u00e9maquillantes, tampons de nettoyage et autres produits d'hygi\u00e8ne commune sont sp\u00e9cialement con\u00e7us pour r\u00e9sister \u00e0 une utilisation pouss\u00e9e et ne pas se d\u00e9sagr\u00e9ger lorsqu'ils sont mouill\u00e9s ou tordus, ce qui a pour cons\u00e9quence que l'article prendra des ann\u00e9es pour se biod\u00e9grader, le cas \u00e9ch\u00e9ant. Alors commencez \u00e0 remplacer vos produits de tous les jours \u00e0 usage unique par des versions r\u00e9utilisables et faites une diff\u00e9rence dans le bien-\u00eatre de notre plan\u00e8te.<o:p><\/o:p><\/span><\/p>","protected":false},"excerpt":{"rendered":"<p>Set de 4. 100 % coton. 12 cm x 12 cm. *\u00c9dition limit\u00e9e<\/p>","protected":false},"featured_media":2990,"template":"","meta":{"nf_dc_page":"","om_disable_all_campaigns":false,"_monsterinsights_skip_tracking":false,"_monsterinsights_sitenote_active":false,"_monsterinsights_sitenote_note":"","_monsterinsights_sitenote_category":0},"product_brand":[],"product_cat":[94,28],"product_tag":[],"class_list":{"0":"post-2989","1":"product","2":"type-product","3":"status-publish","4":"has-post-thumbnail","6":"product_cat-holidays","7":"product_cat-care","9":"first","10":"outofstock","11":"shipping-taxable","12":"purchasable","13":"product-type-simple"},"yoast_head":"<!-- This site is optimized with the Yoast SEO plugin v27.4 - https:\/\/yoast.com\/product\/yoast-seo-wordpress\/ -->\n<title>Eco Makeup Pads - Holidays - Islands to cottages<\/title>\n<meta name=\"description\" content=\"Self care made easy and sustainable with this set of 4 eco makeup pads Holidays to gently exfoliate and refresh your skin day after day.\" \/>\n<meta name=\"robots\" content=\"index, follow, max-snippet:-1, max-image-preview:large, max-video-preview:-1\" \/>\n<link rel=\"canonical\" href=\"https:\/\/islandstocottages.com\/fr\/boutique\/care\/lingettes-demaquillantes-reutilisables-saison-des-fetes-2\/\" \/>\n<meta property=\"og:locale\" content=\"fr_FR\" \/>\n<meta property=\"og:type\" content=\"article\" \/>\n<meta property=\"og:title\" content=\"Eco Makeup Pads - Holidays - Islands to cottages\" \/>\n<meta property=\"og:description\" content=\"Self care made easy and sustainable with this set of 4 eco makeup pads Holidays to gently exfoliate and refresh your skin day after day.\" \/>\n<meta property=\"og:url\" content=\"https:\/\/islandstocottages.com\/fr\/boutique\/care\/lingettes-demaquillantes-reutilisables-saison-des-fetes-2\/\" \/>\n<meta property=\"og:site_name\" content=\"Islands to cottages\" \/>\n<meta property=\"article:modified_time\" content=\"2025-03-13T20:50:25+00:00\" \/>\n<meta property=\"og:image\" content=\"https:\/\/islandstocottages.com\/wp-content\/uploads\/2023\/12\/MakeUpPadHoliday7.jpg\" \/>\n\t<meta property=\"og:image:width\" content=\"2000\" \/>\n\t<meta property=\"og:image:height\" content=\"2500\" \/>\n\t<meta property=\"og:image:type\" content=\"image\/jpeg\" \/>\n<meta name=\"twitter:card\" content=\"summary_large_image\" \/>\n<meta name=\"twitter:label1\" content=\"Dur\u00e9e de lecture estim\u00e9e\" \/>\n\t<meta name=\"twitter:data1\" content=\"3 minutes\" \/>\n<script type=\"application\/ld+json\" class=\"yoast-schema-graph\">{\"@context\":\"https:\\\/\\\/schema.org\",\"@graph\":[{\"@type\":\"WebPage\",\"@id\":\"https:\\\/\\\/islandstocottages.com\\\/boutique\\\/care\\\/eco-makeup-pads-holidays\\\/\",\"url\":\"https:\\\/\\\/islandstocottages.com\\\/boutique\\\/care\\\/eco-makeup-pads-holidays\\\/\",\"name\":\"Eco Makeup Pads - Holidays - Islands to cottages\",\"isPartOf\":{\"@id\":\"https:\\\/\\\/islandstocottages.com\\\/#website\"},\"primaryImageOfPage\":{\"@id\":\"https:\\\/\\\/islandstocottages.com\\\/boutique\\\/care\\\/eco-makeup-pads-holidays\\\/#primaryimage\"},\"image\":{\"@id\":\"https:\\\/\\\/islandstocottages.com\\\/boutique\\\/care\\\/eco-makeup-pads-holidays\\\/#primaryimage\"},\"thumbnailUrl\":\"https:\\\/\\\/i0.wp.com\\\/islandstocottages.com\\\/wp-content\\\/uploads\\\/2023\\\/12\\\/MakeUpPadHoliday7.jpg?fit=2000%2C2500&ssl=1\",\"datePublished\":\"2023-12-02T20:31:39+00:00\",\"dateModified\":\"2025-03-13T20:50:25+00:00\",\"description\":\"Self care made easy and sustainable with this set of 4 eco makeup pads Holidays to gently exfoliate and refresh your skin day after day.\",\"breadcrumb\":{\"@id\":\"https:\\\/\\\/islandstocottages.com\\\/boutique\\\/care\\\/eco-makeup-pads-holidays\\\/#breadcrumb\"},\"inLanguage\":\"fr-FR\",\"potentialAction\":[{\"@type\":\"ReadAction\",\"target\":[\"https:\\\/\\\/islandstocottages.com\\\/boutique\\\/care\\\/eco-makeup-pads-holidays\\\/\"]}]},{\"@type\":\"ImageObject\",\"inLanguage\":\"fr-FR\",\"@id\":\"https:\\\/\\\/islandstocottages.com\\\/boutique\\\/care\\\/eco-makeup-pads-holidays\\\/#primaryimage\",\"url\":\"https:\\\/\\\/i0.wp.com\\\/islandstocottages.com\\\/wp-content\\\/uploads\\\/2023\\\/12\\\/MakeUpPadHoliday7.jpg?fit=2000%2C2500&ssl=1\",\"contentUrl\":\"https:\\\/\\\/i0.wp.com\\\/islandstocottages.com\\\/wp-content\\\/uploads\\\/2023\\\/12\\\/MakeUpPadHoliday7.jpg?fit=2000%2C2500&ssl=1\",\"width\":2000,\"height\":2500,\"caption\":\"Eco Makeup Pads - Holidays\"},{\"@type\":\"BreadcrumbList\",\"@id\":\"https:\\\/\\\/islandstocottages.com\\\/boutique\\\/care\\\/eco-makeup-pads-holidays\\\/#breadcrumb\",\"itemListElement\":[{\"@type\":\"ListItem\",\"position\":1,\"name\":\"Home\",\"item\":\"https:\\\/\\\/islandstocottages.com\\\/\"},{\"@type\":\"ListItem\",\"position\":2,\"name\":\"Boutique\",\"item\":\"https:\\\/\\\/islandstocottages.com\\\/boutique\\\/\"},{\"@type\":\"ListItem\",\"position\":3,\"name\":\"Eco Makeup Pads &#8211; Holidays\"}]},{\"@type\":\"WebSite\",\"@id\":\"https:\\\/\\\/islandstocottages.com\\\/#website\",\"url\":\"https:\\\/\\\/islandstocottages.com\\\/\",\"name\":\"Islands to cottages\",\"description\":\"Nova Scotia Sustainable + Mindful Living\",\"publisher\":{\"@id\":\"https:\\\/\\\/islandstocottages.com\\\/#organization\"},\"potentialAction\":[{\"@type\":\"SearchAction\",\"target\":{\"@type\":\"EntryPoint\",\"urlTemplate\":\"https:\\\/\\\/islandstocottages.com\\\/?s={search_term_string}\"},\"query-input\":{\"@type\":\"PropertyValueSpecification\",\"valueRequired\":true,\"valueName\":\"search_term_string\"}}],\"inLanguage\":\"fr-FR\"},{\"@type\":\"Organization\",\"@id\":\"https:\\\/\\\/islandstocottages.com\\\/#organization\",\"name\":\"Islands To Cottages\",\"url\":\"https:\\\/\\\/islandstocottages.com\\\/\",\"logo\":{\"@type\":\"ImageObject\",\"inLanguage\":\"fr-FR\",\"@id\":\"https:\\\/\\\/islandstocottages.com\\\/#\\\/schema\\\/logo\\\/image\\\/\",\"url\":\"https:\\\/\\\/i2.wp.com\\\/islandstocottages.com\\\/wp-content\\\/uploads\\\/2020\\\/06\\\/Logo.Screenshot-188.png?fit=613%2C293&ssl=1\",\"contentUrl\":\"https:\\\/\\\/i2.wp.com\\\/islandstocottages.com\\\/wp-content\\\/uploads\\\/2020\\\/06\\\/Logo.Screenshot-188.png?fit=613%2C293&ssl=1\",\"width\":613,\"height\":293,\"caption\":\"Islands To Cottages\"},\"image\":{\"@id\":\"https:\\\/\\\/islandstocottages.com\\\/#\\\/schema\\\/logo\\\/image\\\/\"}}]}<\/script>\n<!-- \/ Yoast SEO plugin. -->","yoast_head_json":{"title":"Lingettes d\u00e9maquillantes r\u00e9utilisables - Saison des f\u00eates - Islands to cottages","description":"L'hygi\u00e8ne \u00e0 son meilleur avec ce set durable de 4 lingettes d\u00e9maquillantes r\u00e9utilisables saison des f\u00eates con\u00e7ues pour exfolier en douceur votre peau au quotidien.","robots":{"index":"index","follow":"follow","max-snippet":"max-snippet:-1","max-image-preview":"max-image-preview:large","max-video-preview":"max-video-preview:-1"},"canonical":"https:\/\/islandstocottages.com\/fr\/boutique\/care\/lingettes-demaquillantes-reutilisables-saison-des-fetes-2\/","og_locale":"fr_FR","og_type":"article","og_title":"Eco Makeup Pads - Holidays - Islands to cottages","og_description":"Self care made easy and sustainable with this set of 4 eco makeup pads Holidays to gently exfoliate and refresh your skin day after day.","og_url":"https:\/\/islandstocottages.com\/fr\/boutique\/care\/lingettes-demaquillantes-reutilisables-saison-des-fetes-2\/","og_site_name":"Islands to cottages","article_modified_time":"2025-03-13T20:50:25+00:00","og_image":[{"width":2000,"height":2500,"url":"https:\/\/islandstocottages.com\/wp-content\/uploads\/2023\/12\/MakeUpPadHoliday7.jpg","type":"image\/jpeg"}],"twitter_card":"summary_large_image","twitter_misc":{"Dur\u00e9e de lecture estim\u00e9e":"3 minutes"},"schema":{"@context":"https:\/\/schema.org","@graph":[{"@type":"WebPage","@id":"https:\/\/islandstocottages.com\/boutique\/care\/eco-makeup-pads-holidays\/","url":"https:\/\/islandstocottages.com\/boutique\/care\/eco-makeup-pads-holidays\/","name":"Lingettes d\u00e9maquillantes r\u00e9utilisables - Saison des f\u00eates - Islands to cottages","isPartOf":{"@id":"https:\/\/islandstocottages.com\/#website"},"primaryImageOfPage":{"@id":"https:\/\/islandstocottages.com\/boutique\/care\/eco-makeup-pads-holidays\/#primaryimage"},"image":{"@id":"https:\/\/islandstocottages.com\/boutique\/care\/eco-makeup-pads-holidays\/#primaryimage"},"thumbnailUrl":"https:\/\/i0.wp.com\/islandstocottages.com\/wp-content\/uploads\/2023\/12\/MakeUpPadHoliday7.jpg?fit=2000%2C2500&ssl=1","datePublished":"2023-12-02T20:31:39+00:00","dateModified":"2025-03-13T20:50:25+00:00","description":"L'hygi\u00e8ne \u00e0 son meilleur avec ce set durable de 4 lingettes d\u00e9maquillantes r\u00e9utilisables saison des f\u00eates con\u00e7ues pour exfolier en douceur votre peau au quotidien.","breadcrumb":{"@id":"https:\/\/islandstocottages.com\/boutique\/care\/eco-makeup-pads-holidays\/#breadcrumb"},"inLanguage":"fr-FR","potentialAction":[{"@type":"ReadAction","target":["https:\/\/islandstocottages.com\/boutique\/care\/eco-makeup-pads-holidays\/"]}]},{"@type":"ImageObject","inLanguage":"fr-FR","@id":"https:\/\/islandstocottages.com\/boutique\/care\/eco-makeup-pads-holidays\/#primaryimage","url":"https:\/\/i0.wp.com\/islandstocottages.com\/wp-content\/uploads\/2023\/12\/MakeUpPadHoliday7.jpg?fit=2000%2C2500&ssl=1","contentUrl":"https:\/\/i0.wp.com\/islandstocottages.com\/wp-content\/uploads\/2023\/12\/MakeUpPadHoliday7.jpg?fit=2000%2C2500&ssl=1","width":2000,"height":2500,"caption":"Eco Makeup Pads - Holidays"},{"@type":"BreadcrumbList","@id":"https:\/\/islandstocottages.com\/boutique\/care\/eco-makeup-pads-holidays\/#breadcrumb","itemListElement":[{"@type":"ListItem","position":1,"name":"Home","item":"https:\/\/islandstocottages.com\/"},{"@type":"ListItem","position":2,"name":"Boutique","item":"https:\/\/islandstocottages.com\/boutique\/"},{"@type":"ListItem","position":3,"name":"Eco Makeup Pads &#8211; Holidays"}]},{"@type":"WebSite","@id":"https:\/\/islandstocottages.com\/#website","url":"https:\/\/islandstocottages.com\/","name":"Islands to cottages","description":"Vie Durable + Pleine Conscience en Nouvelle-\u00c9cosse","publisher":{"@id":"https:\/\/islandstocottages.com\/#organization"},"potentialAction":[{"@type":"SearchAction","target":{"@type":"EntryPoint","urlTemplate":"https:\/\/islandstocottages.com\/?s={search_term_string}"},"query-input":{"@type":"PropertyValueSpecification","valueRequired":true,"valueName":"search_term_string"}}],"inLanguage":"fr-FR"},{"@type":"Organization","@id":"https:\/\/islandstocottages.com\/#organization","name":"Islands To Cottages","url":"https:\/\/islandstocottages.com\/","logo":{"@type":"ImageObject","inLanguage":"fr-FR","@id":"https:\/\/islandstocottages.com\/#\/schema\/logo\/image\/","url":"https:\/\/i2.wp.com\/islandstocottages.com\/wp-content\/uploads\/2020\/06\/Logo.Screenshot-188.png?fit=613%2C293&ssl=1","contentUrl":"https:\/\/i2.wp.com\/islandstocottages.com\/wp-content\/uploads\/2020\/06\/Logo.Screenshot-188.png?fit=613%2C293&ssl=1","width":613,"height":293,"caption":"Islands To Cottages"},"image":{"@id":"https:\/\/islandstocottages.com\/#\/schema\/logo\/image\/"}}]}},"jetpack_sharing_enabled":true,"jetpack-related-posts":[{"id":314,"url":"https:\/\/islandstocottages.com\/fr\/boutique\/care\/eco-makeup-pads\/","url_meta":{"origin":2989,"position":0},"title":"Lingettes d\u00e9maquillantes r\u00e9utilisables","author":"islandstocottages","date":"4 juillet 2022","format":false,"excerpt":"Set de 4. 100 % coton. 12 cm x 12 cm. *\u00c9dition limit\u00e9e","rel":"","context":"Article similaire","block_context":{"text":"Article similaire","link":""},"img":{"alt_text":"Bright colorful make-up pads.","src":"https:\/\/i0.wp.com\/islandstocottages.com\/wp-content\/uploads\/2022\/07\/MakeUpPads1.jpg?fit=461%2C461&ssl=1&resize=350%2C200","width":350,"height":200},"classes":[]},{"id":2995,"url":"https:\/\/islandstocottages.com\/fr\/boutique\/celebrate\/reversible-furoshiki-holidays-mistletoe\/","url_meta":{"origin":2989,"position":1},"title":"Furoshiki r\u00e9versible Gui - Saison des f\u00eates","author":"islandstocottages","date":"2 d\u00e9cembre 2023","format":false,"excerpt":"100 % fibres m\u00e9lang\u00e9es. 50 cm x 50 cm. *\u00c9dition limit\u00e9e","rel":"","context":"Article similaire","block_context":{"text":"Article similaire","link":""},"img":{"alt_text":"Reversible Furoshiki Holidays - Mistletoe","src":"https:\/\/i0.wp.com\/islandstocottages.com\/wp-content\/uploads\/2023\/12\/FHPOP3.jpg?fit=1200%2C1200&ssl=1&resize=350%2C200","width":350,"height":200,"srcset":"https:\/\/i0.wp.com\/islandstocottages.com\/wp-content\/uploads\/2023\/12\/FHPOP3.jpg?fit=1200%2C1200&ssl=1&resize=350%2C200 1x, https:\/\/i0.wp.com\/islandstocottages.com\/wp-content\/uploads\/2023\/12\/FHPOP3.jpg?fit=1200%2C1200&ssl=1&resize=525%2C300 1.5x, https:\/\/i0.wp.com\/islandstocottages.com\/wp-content\/uploads\/2023\/12\/FHPOP3.jpg?fit=1200%2C1200&ssl=1&resize=700%2C400 2x, https:\/\/i0.wp.com\/islandstocottages.com\/wp-content\/uploads\/2023\/12\/FHPOP3.jpg?fit=1200%2C1200&ssl=1&resize=1050%2C600 3x"},"classes":[]},{"id":3002,"url":"https:\/\/islandstocottages.com\/fr\/boutique\/celebrate\/reversible-furoshiki-holidays-snowflakes\/","url_meta":{"origin":2989,"position":2},"title":"Furoshiki r\u00e9versible Flocons - Saison des f\u00eates","author":"islandstocottages","date":"2 d\u00e9cembre 2023","format":false,"excerpt":"100 % fibres m\u00e9lang\u00e9es. 50 cm x 50 cm. *\u00c9dition limit\u00e9e","rel":"","context":"Article similaire","block_context":{"text":"Article similaire","link":""},"img":{"alt_text":"Reversible Furoshiki Holidays - Snowflakes","src":"https:\/\/i0.wp.com\/islandstocottages.com\/wp-content\/uploads\/2023\/12\/sqFuroshiki2Winter.jpg?fit=441%2C442&ssl=1&resize=350%2C200","width":350,"height":200},"classes":[]},{"id":3008,"url":"https:\/\/islandstocottages.com\/fr\/boutique\/celebrate\/reversible-furoshiki-holidays-icicle\/","url_meta":{"origin":2989,"position":3},"title":"Furoshiki r\u00e9versible Gla\u00e7on - Saison des f\u00eates","author":"islandstocottages","date":"2 d\u00e9cembre 2023","format":false,"excerpt":"100 % fibres m\u00e9lang\u00e9es. 50 cm x 50 cm. *\u00c9dition limit\u00e9e","rel":"","context":"Article similaire","block_context":{"text":"Article similaire","link":""},"img":{"alt_text":"Reversible Furoshiki Holidays - Icicle","src":"https:\/\/i0.wp.com\/islandstocottages.com\/wp-content\/uploads\/2023\/12\/FHMEDIAS.1.jpg?fit=1200%2C1200&ssl=1&resize=350%2C200","width":350,"height":200,"srcset":"https:\/\/i0.wp.com\/islandstocottages.com\/wp-content\/uploads\/2023\/12\/FHMEDIAS.1.jpg?fit=1200%2C1200&ssl=1&resize=350%2C200 1x, https:\/\/i0.wp.com\/islandstocottages.com\/wp-content\/uploads\/2023\/12\/FHMEDIAS.1.jpg?fit=1200%2C1200&ssl=1&resize=525%2C300 1.5x, https:\/\/i0.wp.com\/islandstocottages.com\/wp-content\/uploads\/2023\/12\/FHMEDIAS.1.jpg?fit=1200%2C1200&ssl=1&resize=700%2C400 2x, https:\/\/i0.wp.com\/islandstocottages.com\/wp-content\/uploads\/2023\/12\/FHMEDIAS.1.jpg?fit=1200%2C1200&ssl=1&resize=1050%2C600 3x"},"classes":[]},{"id":2172,"url":"https:\/\/islandstocottages.com\/fr\/boutique\/care\/eco-interlabial-pads\/","url_meta":{"origin":2989,"position":4},"title":"Compresses interlabiales en tissu","author":"islandstocottages","date":"1 f\u00e9vrier 2023","format":false,"excerpt":"Set de 10. 100 % flanelle.  6 cm x 11 cm.","rel":"","context":"Article similaire","block_context":{"text":"Article similaire","link":""},"img":{"alt_text":"Eco interlabial pads.","src":"https:\/\/i0.wp.com\/islandstocottages.com\/wp-content\/uploads\/2023\/02\/interlabial.1.jpg?fit=512%2C512&ssl=1&resize=350%2C200","width":350,"height":200},"classes":[]},{"id":2161,"url":"https:\/\/islandstocottages.com\/fr\/boutique\/care\/unpaper-toilet-paper\/","url_meta":{"origin":2989,"position":5},"title":"Papier hygi\u00e9nique z\u00e9ro d\u00e9chet","author":"islandstocottages","date":"2 f\u00e9vrier 2023","format":false,"excerpt":"Set de 10. 100 % flanelle.  12 cm x 23 cm.","rel":"","context":"Article similaire","block_context":{"text":"Article similaire","link":""},"img":{"alt_text":"Flannel unpaper toilet paper.","src":"https:\/\/i0.wp.com\/islandstocottages.com\/wp-content\/uploads\/2023\/02\/unpaperToilet1.jpg?fit=512%2C512&ssl=1&resize=350%2C200","width":350,"height":200},"classes":[]}],"_links":{"self":[{"href":"https:\/\/islandstocottages.com\/fr\/wp-json\/wp\/v2\/product\/2989","targetHints":{"allow":["GET"]}}],"collection":[{"href":"https:\/\/islandstocottages.com\/fr\/wp-json\/wp\/v2\/product"}],"about":[{"href":"https:\/\/islandstocottages.com\/fr\/wp-json\/wp\/v2\/types\/product"}],"wp:featuredmedia":[{"embeddable":true,"href":"https:\/\/islandstocottages.com\/fr\/wp-json\/wp\/v2\/media\/2990"}],"wp:attachment":[{"href":"https:\/\/islandstocottages.com\/fr\/wp-json\/wp\/v2\/media?parent=2989"}],"wp:term":[{"taxonomy":"product_brand","embeddable":true,"href":"https:\/\/islandstocottages.com\/fr\/wp-json\/wp\/v2\/product_brand?post=2989"},{"taxonomy":"product_cat","embeddable":true,"href":"https:\/\/islandstocottages.com\/fr\/wp-json\/wp\/v2\/product_cat?post=2989"},{"taxonomy":"product_tag","embeddable":true,"href":"https:\/\/islandstocottages.com\/fr\/wp-json\/wp\/v2\/product_tag?post=2989"}],"curies":[{"name":"wp","href":"https:\/\/api.w.org\/{rel}","templated":true}]}}