{"id":3002,"date":"2023-12-02T17:24:18","date_gmt":"2023-12-02T21:24:18","guid":{"rendered":"https:\/\/islandstocottages.com\/?post_type=product&#038;p=3002"},"modified":"2025-03-14T15:22:05","modified_gmt":"2025-03-14T19:22:05","slug":"furoshiki-reversible-flocons-saison-des-fetes-2","status":"publish","type":"product","link":"https:\/\/islandstocottages.com\/fr\/boutique\/celebrate\/reversible-furoshiki-holidays-snowflakes\/","title":{"rendered":"Furoshiki r\u00e9versible Flocons - Saison des f\u00eates"},"content":{"rendered":"<p><span>*Contactez-nous pour commander*<\/span><\/p>\n<p>C\u00e9l\u00e9brations durables, offrir en toute simplicit\u00e9. On r\u00e9duit notre quantit\u00e9 de d\u00e9chets tout en retrouvant le plaisir d'offrir. On se simplifie la vie, sans compromis pour la pr\u00e9sentation, avec ce furoshiki r\u00e9versible Flocons saison des f\u00eates durable, \u00e9cologique et styl\u00e9.<\/p>\n<p>On remplace nos emballages en papier jetables par des options \u00e9cologiques r\u00e9utilisables et on adopte l'art traditionnel japonais du furoshiki, une fa\u00e7on pleine conscience <a href=\"https:\/\/islandstocottages.com\/fr\/meilleur-noel-cadeaux\/\">d'emballer nos pr\u00e9sents<\/a> au moyen d'un tissu s\u00e9lectionn\u00e9 avec soin. Notre cadeau sera d'autant plus significatif que l'emballage lui-m\u00eame pourra \u00eatre r\u00e9utilis\u00e9 encore et encore par le r\u00e9cipiendaire, ou pourra m\u00eame servir dans un tout autre contexte. Quant au nettoyage d'apr\u00e8s f\u00eate ? Il se fera dans le silence et en un rien de temps\u2026 Alors on se d\u00e9tend bien vite et notre plan\u00e8te s'en portera elle aussi tellement mieux\u2026<\/p>\n<p><strong>Entretien :<\/strong> Entretien facile. Laver et s\u00e9cher en machine au cycle d\u00e9licat avec des couleurs similaires. Utiliser de pr\u00e9f\u00e9rence un d\u00e9tergent \u00e0 lessive \u00e9cologique et non parfum\u00e9, laisser s\u00e9cher \u00e0 l'air libre et \u00e9viter l'assouplissant ou autres additifs. Repasser pour un fini impeccable.<\/p>\n<p><strong>Mat\u00e9riau :<\/strong> Tissus r\u00e9invent\u00e9s. Fibres m\u00e9lang\u00e9es. Nous sommes fiers de nos pratiques \u00e9co-responsables et nous maintenons notre engagement quant \u00e0 nos choix ax\u00e9s sur la durabilit\u00e9. Sauf exception pour les articles fabriqu\u00e9s en production continue et r\u00e9pondant \u00e0 des standards d\u00e9termin\u00e9s, tous nos tissus proviennent du march\u00e9 de l'apr\u00e8s-vente : fins de stocks, invendus, seconde main, etc. Les articles ainsi produits sont des \u00e9ditions limit\u00e9es selon les disponibilit\u00e9s du moment.<\/p>\n<p><strong>Dimensions :<\/strong> 50 cm x 50 cm.<\/p>\n<p>Fait <st1:place w:st=\"on\"><st1:state w:st=\"on\">en Nouvelle-\u00c9cosse<\/st1:state><\/st1:place>.<\/p>","protected":false},"excerpt":{"rendered":"<p>100 % fibres m\u00e9lang\u00e9es. 50 cm x 50 cm. *\u00c9dition limit\u00e9e<\/p>","protected":false},"featured_media":3003,"template":"","meta":{"nf_dc_page":"","om_disable_all_campaigns":false,"_monsterinsights_skip_tracking":false,"_monsterinsights_sitenote_active":false,"_monsterinsights_sitenote_note":"","_monsterinsights_sitenote_category":0},"product_brand":[],"product_cat":[27,94],"product_tag":[],"class_list":{"0":"post-3002","1":"product","2":"type-product","3":"status-publish","4":"has-post-thumbnail","6":"product_cat-celebrate","7":"product_cat-holidays","9":"first","10":"outofstock","11":"shipping-taxable","12":"purchasable","13":"product-type-simple"},"yoast_head":"<!-- This site is optimized with the Yoast SEO plugin v27.4 - https:\/\/yoast.com\/product\/yoast-seo-wordpress\/ -->\n<title>Reversible Furoshiki Holidays - Snowflakes - Islands to cottages<\/title>\n<meta name=\"description\" content=\"Set the tone this season with this sustainable reversible furoshiki holidays Snowflakes that will make your event eco-friendly and enjoyable.\" \/>\n<meta name=\"robots\" content=\"index, follow, max-snippet:-1, max-image-preview:large, max-video-preview:-1\" \/>\n<link rel=\"canonical\" href=\"https:\/\/islandstocottages.com\/fr\/boutique\/celebrate\/furoshiki-reversible-flocons-saison-des-fetes-2\/\" \/>\n<meta property=\"og:locale\" content=\"fr_FR\" \/>\n<meta property=\"og:type\" content=\"article\" \/>\n<meta property=\"og:title\" content=\"Reversible Furoshiki Holidays - Snowflakes - Islands to cottages\" \/>\n<meta property=\"og:description\" content=\"Set the tone this season with this sustainable reversible furoshiki holidays Snowflakes that will make your event eco-friendly and enjoyable.\" \/>\n<meta property=\"og:url\" content=\"https:\/\/islandstocottages.com\/fr\/boutique\/celebrate\/furoshiki-reversible-flocons-saison-des-fetes-2\/\" \/>\n<meta property=\"og:site_name\" content=\"Islands to cottages\" \/>\n<meta property=\"article:modified_time\" content=\"2025-03-14T19:22:05+00:00\" \/>\n<meta property=\"og:image\" content=\"https:\/\/islandstocottages.com\/wp-content\/uploads\/2023\/12\/sqFuroshiki2Winter.jpg\" \/>\n\t<meta property=\"og:image:width\" content=\"441\" \/>\n\t<meta property=\"og:image:height\" content=\"442\" \/>\n\t<meta property=\"og:image:type\" content=\"image\/jpeg\" \/>\n<meta name=\"twitter:card\" content=\"summary_large_image\" \/>\n<meta name=\"twitter:label1\" content=\"Dur\u00e9e de lecture estim\u00e9e\" \/>\n\t<meta name=\"twitter:data1\" content=\"2 minutes\" \/>\n<script type=\"application\/ld+json\" class=\"yoast-schema-graph\">{\"@context\":\"https:\\\/\\\/schema.org\",\"@graph\":[{\"@type\":\"WebPage\",\"@id\":\"https:\\\/\\\/islandstocottages.com\\\/boutique\\\/celebrate\\\/reversible-furoshiki-holidays-snowflakes\\\/\",\"url\":\"https:\\\/\\\/islandstocottages.com\\\/boutique\\\/celebrate\\\/reversible-furoshiki-holidays-snowflakes\\\/\",\"name\":\"Reversible Furoshiki Holidays - Snowflakes - Islands to cottages\",\"isPartOf\":{\"@id\":\"https:\\\/\\\/islandstocottages.com\\\/#website\"},\"primaryImageOfPage\":{\"@id\":\"https:\\\/\\\/islandstocottages.com\\\/boutique\\\/celebrate\\\/reversible-furoshiki-holidays-snowflakes\\\/#primaryimage\"},\"image\":{\"@id\":\"https:\\\/\\\/islandstocottages.com\\\/boutique\\\/celebrate\\\/reversible-furoshiki-holidays-snowflakes\\\/#primaryimage\"},\"thumbnailUrl\":\"https:\\\/\\\/i0.wp.com\\\/islandstocottages.com\\\/wp-content\\\/uploads\\\/2023\\\/12\\\/sqFuroshiki2Winter.jpg?fit=441%2C442&ssl=1\",\"datePublished\":\"2023-12-02T21:24:18+00:00\",\"dateModified\":\"2025-03-14T19:22:05+00:00\",\"description\":\"Set the tone this season with this sustainable reversible furoshiki holidays Snowflakes that will make your event eco-friendly and enjoyable.\",\"breadcrumb\":{\"@id\":\"https:\\\/\\\/islandstocottages.com\\\/boutique\\\/celebrate\\\/reversible-furoshiki-holidays-snowflakes\\\/#breadcrumb\"},\"inLanguage\":\"fr-FR\",\"potentialAction\":[{\"@type\":\"ReadAction\",\"target\":[\"https:\\\/\\\/islandstocottages.com\\\/boutique\\\/celebrate\\\/reversible-furoshiki-holidays-snowflakes\\\/\"]}]},{\"@type\":\"ImageObject\",\"inLanguage\":\"fr-FR\",\"@id\":\"https:\\\/\\\/islandstocottages.com\\\/boutique\\\/celebrate\\\/reversible-furoshiki-holidays-snowflakes\\\/#primaryimage\",\"url\":\"https:\\\/\\\/i0.wp.com\\\/islandstocottages.com\\\/wp-content\\\/uploads\\\/2023\\\/12\\\/sqFuroshiki2Winter.jpg?fit=441%2C442&ssl=1\",\"contentUrl\":\"https:\\\/\\\/i0.wp.com\\\/islandstocottages.com\\\/wp-content\\\/uploads\\\/2023\\\/12\\\/sqFuroshiki2Winter.jpg?fit=441%2C442&ssl=1\",\"width\":441,\"height\":442,\"caption\":\"Reversible Furoshiki Holidays - Snowflakes\"},{\"@type\":\"BreadcrumbList\",\"@id\":\"https:\\\/\\\/islandstocottages.com\\\/boutique\\\/celebrate\\\/reversible-furoshiki-holidays-snowflakes\\\/#breadcrumb\",\"itemListElement\":[{\"@type\":\"ListItem\",\"position\":1,\"name\":\"Home\",\"item\":\"https:\\\/\\\/islandstocottages.com\\\/\"},{\"@type\":\"ListItem\",\"position\":2,\"name\":\"Boutique\",\"item\":\"https:\\\/\\\/islandstocottages.com\\\/boutique\\\/\"},{\"@type\":\"ListItem\",\"position\":3,\"name\":\"Reversible Furoshiki Holidays &#8211; Snowflakes\"}]},{\"@type\":\"WebSite\",\"@id\":\"https:\\\/\\\/islandstocottages.com\\\/#website\",\"url\":\"https:\\\/\\\/islandstocottages.com\\\/\",\"name\":\"Islands to cottages\",\"description\":\"Nova Scotia Sustainable + Mindful Living\",\"publisher\":{\"@id\":\"https:\\\/\\\/islandstocottages.com\\\/#organization\"},\"potentialAction\":[{\"@type\":\"SearchAction\",\"target\":{\"@type\":\"EntryPoint\",\"urlTemplate\":\"https:\\\/\\\/islandstocottages.com\\\/?s={search_term_string}\"},\"query-input\":{\"@type\":\"PropertyValueSpecification\",\"valueRequired\":true,\"valueName\":\"search_term_string\"}}],\"inLanguage\":\"fr-FR\"},{\"@type\":\"Organization\",\"@id\":\"https:\\\/\\\/islandstocottages.com\\\/#organization\",\"name\":\"Islands To Cottages\",\"url\":\"https:\\\/\\\/islandstocottages.com\\\/\",\"logo\":{\"@type\":\"ImageObject\",\"inLanguage\":\"fr-FR\",\"@id\":\"https:\\\/\\\/islandstocottages.com\\\/#\\\/schema\\\/logo\\\/image\\\/\",\"url\":\"https:\\\/\\\/i2.wp.com\\\/islandstocottages.com\\\/wp-content\\\/uploads\\\/2020\\\/06\\\/Logo.Screenshot-188.png?fit=613%2C293&ssl=1\",\"contentUrl\":\"https:\\\/\\\/i2.wp.com\\\/islandstocottages.com\\\/wp-content\\\/uploads\\\/2020\\\/06\\\/Logo.Screenshot-188.png?fit=613%2C293&ssl=1\",\"width\":613,\"height\":293,\"caption\":\"Islands To Cottages\"},\"image\":{\"@id\":\"https:\\\/\\\/islandstocottages.com\\\/#\\\/schema\\\/logo\\\/image\\\/\"}}]}<\/script>\n<!-- \/ Yoast SEO plugin. -->","yoast_head_json":{"title":"Furoshiki r\u00e9versible Flocons - Saison des f\u00eates - Islands to cottages","description":"Mettez de l'ambiance cette saison avec notre furoshiki r\u00e9versible Flocons saison des f\u00eates en tissu pour des c\u00e9l\u00e9brations m\u00e9morables et durables.","robots":{"index":"index","follow":"follow","max-snippet":"max-snippet:-1","max-image-preview":"max-image-preview:large","max-video-preview":"max-video-preview:-1"},"canonical":"https:\/\/islandstocottages.com\/fr\/boutique\/celebrate\/furoshiki-reversible-flocons-saison-des-fetes-2\/","og_locale":"fr_FR","og_type":"article","og_title":"Reversible Furoshiki Holidays - Snowflakes - Islands to cottages","og_description":"Set the tone this season with this sustainable reversible furoshiki holidays Snowflakes that will make your event eco-friendly and enjoyable.","og_url":"https:\/\/islandstocottages.com\/fr\/boutique\/celebrate\/furoshiki-reversible-flocons-saison-des-fetes-2\/","og_site_name":"Islands to cottages","article_modified_time":"2025-03-14T19:22:05+00:00","og_image":[{"width":441,"height":442,"url":"https:\/\/islandstocottages.com\/wp-content\/uploads\/2023\/12\/sqFuroshiki2Winter.jpg","type":"image\/jpeg"}],"twitter_card":"summary_large_image","twitter_misc":{"Dur\u00e9e de lecture estim\u00e9e":"2 minutes"},"schema":{"@context":"https:\/\/schema.org","@graph":[{"@type":"WebPage","@id":"https:\/\/islandstocottages.com\/boutique\/celebrate\/reversible-furoshiki-holidays-snowflakes\/","url":"https:\/\/islandstocottages.com\/boutique\/celebrate\/reversible-furoshiki-holidays-snowflakes\/","name":"Furoshiki r\u00e9versible Flocons - Saison des f\u00eates - Islands to cottages","isPartOf":{"@id":"https:\/\/islandstocottages.com\/#website"},"primaryImageOfPage":{"@id":"https:\/\/islandstocottages.com\/boutique\/celebrate\/reversible-furoshiki-holidays-snowflakes\/#primaryimage"},"image":{"@id":"https:\/\/islandstocottages.com\/boutique\/celebrate\/reversible-furoshiki-holidays-snowflakes\/#primaryimage"},"thumbnailUrl":"https:\/\/i0.wp.com\/islandstocottages.com\/wp-content\/uploads\/2023\/12\/sqFuroshiki2Winter.jpg?fit=441%2C442&ssl=1","datePublished":"2023-12-02T21:24:18+00:00","dateModified":"2025-03-14T19:22:05+00:00","description":"Mettez de l'ambiance cette saison avec notre furoshiki r\u00e9versible Flocons saison des f\u00eates en tissu pour des c\u00e9l\u00e9brations m\u00e9morables et durables.","breadcrumb":{"@id":"https:\/\/islandstocottages.com\/boutique\/celebrate\/reversible-furoshiki-holidays-snowflakes\/#breadcrumb"},"inLanguage":"fr-FR","potentialAction":[{"@type":"ReadAction","target":["https:\/\/islandstocottages.com\/boutique\/celebrate\/reversible-furoshiki-holidays-snowflakes\/"]}]},{"@type":"ImageObject","inLanguage":"fr-FR","@id":"https:\/\/islandstocottages.com\/boutique\/celebrate\/reversible-furoshiki-holidays-snowflakes\/#primaryimage","url":"https:\/\/i0.wp.com\/islandstocottages.com\/wp-content\/uploads\/2023\/12\/sqFuroshiki2Winter.jpg?fit=441%2C442&ssl=1","contentUrl":"https:\/\/i0.wp.com\/islandstocottages.com\/wp-content\/uploads\/2023\/12\/sqFuroshiki2Winter.jpg?fit=441%2C442&ssl=1","width":441,"height":442,"caption":"Reversible Furoshiki Holidays - Snowflakes"},{"@type":"BreadcrumbList","@id":"https:\/\/islandstocottages.com\/boutique\/celebrate\/reversible-furoshiki-holidays-snowflakes\/#breadcrumb","itemListElement":[{"@type":"ListItem","position":1,"name":"Home","item":"https:\/\/islandstocottages.com\/"},{"@type":"ListItem","position":2,"name":"Boutique","item":"https:\/\/islandstocottages.com\/boutique\/"},{"@type":"ListItem","position":3,"name":"Reversible Furoshiki Holidays &#8211; Snowflakes"}]},{"@type":"WebSite","@id":"https:\/\/islandstocottages.com\/#website","url":"https:\/\/islandstocottages.com\/","name":"Islands to cottages","description":"Vie Durable + Pleine Conscience en Nouvelle-\u00c9cosse","publisher":{"@id":"https:\/\/islandstocottages.com\/#organization"},"potentialAction":[{"@type":"SearchAction","target":{"@type":"EntryPoint","urlTemplate":"https:\/\/islandstocottages.com\/?s={search_term_string}"},"query-input":{"@type":"PropertyValueSpecification","valueRequired":true,"valueName":"search_term_string"}}],"inLanguage":"fr-FR"},{"@type":"Organization","@id":"https:\/\/islandstocottages.com\/#organization","name":"Islands To Cottages","url":"https:\/\/islandstocottages.com\/","logo":{"@type":"ImageObject","inLanguage":"fr-FR","@id":"https:\/\/islandstocottages.com\/#\/schema\/logo\/image\/","url":"https:\/\/i2.wp.com\/islandstocottages.com\/wp-content\/uploads\/2020\/06\/Logo.Screenshot-188.png?fit=613%2C293&ssl=1","contentUrl":"https:\/\/i2.wp.com\/islandstocottages.com\/wp-content\/uploads\/2020\/06\/Logo.Screenshot-188.png?fit=613%2C293&ssl=1","width":613,"height":293,"caption":"Islands To Cottages"},"image":{"@id":"https:\/\/islandstocottages.com\/#\/schema\/logo\/image\/"}}]}},"jetpack_sharing_enabled":true,"jetpack-related-posts":[{"id":2995,"url":"https:\/\/islandstocottages.com\/fr\/boutique\/celebrate\/reversible-furoshiki-holidays-mistletoe\/","url_meta":{"origin":3002,"position":0},"title":"Furoshiki r\u00e9versible Gui - Saison des f\u00eates","author":"islandstocottages","date":"2 d\u00e9cembre 2023","format":false,"excerpt":"100 % fibres m\u00e9lang\u00e9es. 50 cm x 50 cm. *\u00c9dition limit\u00e9e","rel":"","context":"Article similaire","block_context":{"text":"Article similaire","link":""},"img":{"alt_text":"Reversible Furoshiki Holidays - Mistletoe","src":"https:\/\/i0.wp.com\/islandstocottages.com\/wp-content\/uploads\/2023\/12\/FHPOP3.jpg?fit=1200%2C1200&ssl=1&resize=350%2C200","width":350,"height":200,"srcset":"https:\/\/i0.wp.com\/islandstocottages.com\/wp-content\/uploads\/2023\/12\/FHPOP3.jpg?fit=1200%2C1200&ssl=1&resize=350%2C200 1x, https:\/\/i0.wp.com\/islandstocottages.com\/wp-content\/uploads\/2023\/12\/FHPOP3.jpg?fit=1200%2C1200&ssl=1&resize=525%2C300 1.5x, https:\/\/i0.wp.com\/islandstocottages.com\/wp-content\/uploads\/2023\/12\/FHPOP3.jpg?fit=1200%2C1200&ssl=1&resize=700%2C400 2x, https:\/\/i0.wp.com\/islandstocottages.com\/wp-content\/uploads\/2023\/12\/FHPOP3.jpg?fit=1200%2C1200&ssl=1&resize=1050%2C600 3x"},"classes":[]},{"id":3008,"url":"https:\/\/islandstocottages.com\/fr\/boutique\/celebrate\/reversible-furoshiki-holidays-icicle\/","url_meta":{"origin":3002,"position":1},"title":"Furoshiki r\u00e9versible Gla\u00e7on - Saison des f\u00eates","author":"islandstocottages","date":"2 d\u00e9cembre 2023","format":false,"excerpt":"100 % fibres m\u00e9lang\u00e9es. 50 cm x 50 cm. *\u00c9dition limit\u00e9e","rel":"","context":"Article similaire","block_context":{"text":"Article similaire","link":""},"img":{"alt_text":"Reversible Furoshiki Holidays - Icicle","src":"https:\/\/i0.wp.com\/islandstocottages.com\/wp-content\/uploads\/2023\/12\/FHMEDIAS.1.jpg?fit=1200%2C1200&ssl=1&resize=350%2C200","width":350,"height":200,"srcset":"https:\/\/i0.wp.com\/islandstocottages.com\/wp-content\/uploads\/2023\/12\/FHMEDIAS.1.jpg?fit=1200%2C1200&ssl=1&resize=350%2C200 1x, https:\/\/i0.wp.com\/islandstocottages.com\/wp-content\/uploads\/2023\/12\/FHMEDIAS.1.jpg?fit=1200%2C1200&ssl=1&resize=525%2C300 1.5x, https:\/\/i0.wp.com\/islandstocottages.com\/wp-content\/uploads\/2023\/12\/FHMEDIAS.1.jpg?fit=1200%2C1200&ssl=1&resize=700%2C400 2x, https:\/\/i0.wp.com\/islandstocottages.com\/wp-content\/uploads\/2023\/12\/FHMEDIAS.1.jpg?fit=1200%2C1200&ssl=1&resize=1050%2C600 3x"},"classes":[]},{"id":249,"url":"https:\/\/islandstocottages.com\/fr\/boutique\/celebrate\/reversible-furoshiki\/","url_meta":{"origin":3002,"position":2},"title":"Furoshiki r\u00e9versible","author":"islandstocottages","date":"28 juin 2022","format":false,"excerpt":"100 % fibres m\u00e9lang\u00e9es. 50 cm x 50 cm. *\u00c9dition limit\u00e9e","rel":"","context":"Article similaire","block_context":{"text":"Article similaire","link":""},"img":{"alt_text":"Lama furoshiki with grey undertones.","src":"https:\/\/i0.wp.com\/islandstocottages.com\/wp-content\/uploads\/2022\/06\/Furoshikigrey1.jpg?fit=512%2C512&ssl=1&resize=350%2C200","width":350,"height":200},"classes":[]},{"id":300,"url":"https:\/\/islandstocottages.com\/fr\/boutique\/celebrate\/reversible-gift-bag\/","url_meta":{"origin":3002,"position":3},"title":"Sac cadeau r\u00e9versible r\u00e9utilisable","author":"islandstocottages","date":"4 juillet 2022","format":false,"excerpt":"100 % fibres m\u00e9lang\u00e9es. 50 cm x 50 cm. *\u00c9dition limit\u00e9e","rel":"","context":"Article similaire","block_context":{"text":"Article similaire","link":""},"img":{"alt_text":"Reversible gift bag in pinks and greys.","src":"https:\/\/i0.wp.com\/islandstocottages.com\/wp-content\/uploads\/2022\/07\/giftBag1.jpg?fit=512%2C512&ssl=1&resize=350%2C200","width":350,"height":200},"classes":[]},{"id":2989,"url":"https:\/\/islandstocottages.com\/fr\/boutique\/care\/eco-makeup-pads-holidays\/","url_meta":{"origin":3002,"position":4},"title":"Lingettes d\u00e9maquillantes r\u00e9utilisables - Saison des f\u00eates","author":"islandstocottages","date":"2 d\u00e9cembre 2023","format":false,"excerpt":"Set de 4. 100 % coton. 12 cm x 12 cm. *\u00c9dition limit\u00e9e","rel":"","context":"Article similaire","block_context":{"text":"Article similaire","link":""},"img":{"alt_text":"Eco Makeup Pads - Holidays","src":"https:\/\/i0.wp.com\/islandstocottages.com\/wp-content\/uploads\/2023\/12\/MakeUpPadHoliday7.jpg?fit=960%2C1200&ssl=1&resize=350%2C200","width":350,"height":200,"srcset":"https:\/\/i0.wp.com\/islandstocottages.com\/wp-content\/uploads\/2023\/12\/MakeUpPadHoliday7.jpg?fit=960%2C1200&ssl=1&resize=350%2C200 1x, https:\/\/i0.wp.com\/islandstocottages.com\/wp-content\/uploads\/2023\/12\/MakeUpPadHoliday7.jpg?fit=960%2C1200&ssl=1&resize=525%2C300 1.5x, https:\/\/i0.wp.com\/islandstocottages.com\/wp-content\/uploads\/2023\/12\/MakeUpPadHoliday7.jpg?fit=960%2C1200&ssl=1&resize=700%2C400 2x"},"classes":[]},{"id":2751,"url":"https:\/\/islandstocottages.com\/fr\/boutique\/pets\/reversible-slip-on-collar-bandana-canada\/","url_meta":{"origin":3002,"position":5},"title":"Bandana de collier r\u00e9versible amovible - Canada","author":"islandstocottages","date":"29 juin 2023","format":false,"excerpt":"100 % coton.  P 15 cm x 30 cm. G 19 cm x 45 cm. *\u00c9dition limit\u00e9e","rel":"","context":"Article similaire","block_context":{"text":"Article similaire","link":""},"img":{"alt_text":"","src":"https:\/\/i0.wp.com\/islandstocottages.com\/wp-content\/uploads\/2023\/06\/20230629_155006_HDR-scaled.jpg?fit=1112%2C1200&ssl=1&resize=350%2C200","width":350,"height":200,"srcset":"https:\/\/i0.wp.com\/islandstocottages.com\/wp-content\/uploads\/2023\/06\/20230629_155006_HDR-scaled.jpg?fit=1112%2C1200&ssl=1&resize=350%2C200 1x, https:\/\/i0.wp.com\/islandstocottages.com\/wp-content\/uploads\/2023\/06\/20230629_155006_HDR-scaled.jpg?fit=1112%2C1200&ssl=1&resize=525%2C300 1.5x, https:\/\/i0.wp.com\/islandstocottages.com\/wp-content\/uploads\/2023\/06\/20230629_155006_HDR-scaled.jpg?fit=1112%2C1200&ssl=1&resize=700%2C400 2x, https:\/\/i0.wp.com\/islandstocottages.com\/wp-content\/uploads\/2023\/06\/20230629_155006_HDR-scaled.jpg?fit=1112%2C1200&ssl=1&resize=1050%2C600 3x"},"classes":[]}],"_links":{"self":[{"href":"https:\/\/islandstocottages.com\/fr\/wp-json\/wp\/v2\/product\/3002","targetHints":{"allow":["GET"]}}],"collection":[{"href":"https:\/\/islandstocottages.com\/fr\/wp-json\/wp\/v2\/product"}],"about":[{"href":"https:\/\/islandstocottages.com\/fr\/wp-json\/wp\/v2\/types\/product"}],"wp:featuredmedia":[{"embeddable":true,"href":"https:\/\/islandstocottages.com\/fr\/wp-json\/wp\/v2\/media\/3003"}],"wp:attachment":[{"href":"https:\/\/islandstocottages.com\/fr\/wp-json\/wp\/v2\/media?parent=3002"}],"wp:term":[{"taxonomy":"product_brand","embeddable":true,"href":"https:\/\/islandstocottages.com\/fr\/wp-json\/wp\/v2\/product_brand?post=3002"},{"taxonomy":"product_cat","embeddable":true,"href":"https:\/\/islandstocottages.com\/fr\/wp-json\/wp\/v2\/product_cat?post=3002"},{"taxonomy":"product_tag","embeddable":true,"href":"https:\/\/islandstocottages.com\/fr\/wp-json\/wp\/v2\/product_tag?post=3002"}],"curies":[{"name":"wp","href":"https:\/\/api.w.org\/{rel}","templated":true}]}}