{"id":308,"date":"2022-07-04T14:12:27","date_gmt":"2022-07-04T18:12:27","guid":{"rendered":"https:\/\/islandstocottages.com\/?post_type=product&#038;p=308"},"modified":"2025-03-13T16:48:38","modified_gmt":"2025-03-13T20:48:38","slug":"balle-baseball-laine-2","status":"publish","type":"product","link":"https:\/\/islandstocottages.com\/fr\/boutique\/home\/dryer-ball-indoor-baseball-ball\/","title":{"rendered":"Balle de baseball 100 % laine"},"content":{"rendered":"<p>*Contactez-nous pour commander*<\/p>\n<p>Que les jeux commencent ! Avis \u00e0 tous les joueurs de baseball : voici l'accessoire indispensable pour jouer \u00e0 l'int\u00e9rieur sans risquer de casser une vitre ou le vase pr\u00e9f\u00e9r\u00e9 de maman. Cette balle est incroyablement polyvalente... On travaille notre m\u00e9canique de lanceur dans le confort du salon. On joue en toute s\u00e9curit\u00e9 avec toutou. On fait des merveilles lors de parties de quilles-de-couloir. On met une petite touche d\u00e9cor sportif dans le salon... Tant de possibilit\u00e9s !<\/p>\n<p>Bon, pour un twist astucieux \u00e0 notre corv\u00e9e lessive, on peut aussi l'ajouter \u00e0 la tourn\u00e9e de s\u00e9chage pour acc\u00e9l\u00e9rer la performance du s\u00e9choir \u00e0 linge. S'il le faut vraiment\u2026 Mais entre deux jeux seulement. Astuce balle de s\u00e9chage : on commence par r\u00e9duire le cycle de s\u00e9chage de 5 minutes \u00e0 chaque tourn\u00e9e pour voir combien de temps on peut \u00e9conomiser sur une brass\u00e9e r\u00e9guli\u00e8re. En r\u00e9duisant la dur\u00e9e des cycles, on r\u00e9duit la consommation d'\u00e9nergie. Besoins \u00e9nerg\u00e9tiques moins \u00e9lev\u00e9s = moins de demande au niveau local et plus d'argent dans notre poche au final. Bon pour la plan\u00e8te, bon pour les finances !<\/p>\n<p><strong>Entretien :<\/strong> Entretien facile. Laver et s\u00e9cher en machine au cycle d\u00e9licat avec des couleurs similaires. Utiliser de pr\u00e9f\u00e9rence un d\u00e9tergent \u00e0 lessive \u00e9cologique et non parfum\u00e9, et \u00e9viter l'assouplissant ou autres additifs. Placer la balle dans un collant pour \u00e9viter les peluches.<\/p>\n<p><strong>Mat\u00e9riau :<\/strong> 100 % laine. C\u0153ur : laine recycl\u00e9e. Ext\u00e9rieur : laine neuve uniquement avec imperfections naturelles. La couleur peut varier.<\/p>\n<p><strong>Dimensions :<\/strong> Environ de la taille d'une balle de baseball - mais les dimensions ne r\u00e9pondront pas aux normes officielles de baseball\u2026 Env. 7 cm de diam\u00e8tre.<\/p>\n<p>Fait en Nouvelle-\u00c9cosse.<\/p>\n<p><strong>Conseil \u00e9colo :<\/strong> Optimisez votre s\u00e8che-linge. L'ajout d'une boule de s\u00e9chage en laine dans le s\u00e8che-linge permet d'a\u00e9rer les v\u00eatements pendant le cycle. Ceci \u00e9vite qu'ils ne collent aux parois et permet d'acc\u00e9l\u00e9rer le temps de s\u00e9chage et de r\u00e9duire aussi bien notre consommation d'\u00e9lectricit\u00e9 que l'usure des v\u00eatements. Mais on n'oublie pas que rien ne vaut la bonne vieille corde \u00e0 linge pour des <a href=\"https:\/\/islandstocottages.com\/fr\/durabilite\/\">pratiques respectueuses de l'environnement<\/a>. Et la sensation de draps fra\u00eechement s\u00e9ch\u00e9s \u00e0 l'air marin est imbattable. Alors on profite des petits cadeaux de Dame Nature chaque fois qu'on le peut, cela en vaut vraiment la peine\u2026<\/p>\n<p><span style=\"font-size: 10.0pt; font-family: Tahoma;\"><o:p><\/o:p><\/span><\/p>\n<p><o:p><\/o:p><\/p>","protected":false},"excerpt":{"rendered":"<p>100 % laine naturelle. Env. 7 cm de diam\u00e8tre.<\/p>","protected":false},"featured_media":2481,"template":"","meta":{"nf_dc_page":"","om_disable_all_campaigns":false,"_monsterinsights_skip_tracking":false,"_monsterinsights_sitenote_active":false,"_monsterinsights_sitenote_note":"","_monsterinsights_sitenote_category":0},"product_brand":[],"product_cat":[29],"product_tag":[],"class_list":{"0":"post-308","1":"product","2":"type-product","3":"status-publish","4":"has-post-thumbnail","6":"product_cat-home","8":"first","9":"outofstock","10":"shipping-taxable","11":"purchasable","12":"product-type-simple"},"yoast_head":"<!-- This site is optimized with the Yoast SEO plugin v27.4 - https:\/\/yoast.com\/product\/yoast-seo-wordpress\/ -->\n<title>Dryer Ball - Indoor Baseball Ball - Islands to cottages<\/title>\n<meta name=\"description\" content=\"Cut your drying time and reduce static with this versatile organic Dryer Ball - Indoor Baseball Ball that will turn laundry duty into a game.\" \/>\n<meta name=\"robots\" content=\"index, follow, max-snippet:-1, max-image-preview:large, max-video-preview:-1\" \/>\n<link rel=\"canonical\" href=\"https:\/\/islandstocottages.com\/fr\/boutique\/home\/balle-baseball-laine-2\/\" \/>\n<meta property=\"og:locale\" content=\"fr_FR\" \/>\n<meta property=\"og:type\" content=\"article\" \/>\n<meta property=\"og:title\" content=\"Dryer Ball - Indoor Baseball Ball - Islands to cottages\" \/>\n<meta property=\"og:description\" content=\"Cut your drying time and reduce static with this versatile organic Dryer Ball - Indoor Baseball Ball that will turn laundry duty into a game.\" \/>\n<meta property=\"og:url\" content=\"https:\/\/islandstocottages.com\/fr\/boutique\/home\/balle-baseball-laine-2\/\" \/>\n<meta property=\"og:site_name\" content=\"Islands to cottages\" \/>\n<meta property=\"article:modified_time\" content=\"2025-03-13T20:48:38+00:00\" \/>\n<meta property=\"og:image\" content=\"https:\/\/islandstocottages.com\/wp-content\/uploads\/2022\/07\/WoolBaseballBall1.jpg\" \/>\n\t<meta property=\"og:image:width\" content=\"480\" \/>\n\t<meta property=\"og:image:height\" content=\"480\" \/>\n\t<meta property=\"og:image:type\" content=\"image\/jpeg\" \/>\n<meta name=\"twitter:card\" content=\"summary_large_image\" \/>\n<meta name=\"twitter:label1\" content=\"Dur\u00e9e de lecture estim\u00e9e\" \/>\n\t<meta name=\"twitter:data1\" content=\"2 minutes\" \/>\n<script type=\"application\/ld+json\" class=\"yoast-schema-graph\">{\"@context\":\"https:\\\/\\\/schema.org\",\"@graph\":[{\"@type\":\"WebPage\",\"@id\":\"https:\\\/\\\/islandstocottages.com\\\/boutique\\\/home\\\/dryer-ball-indoor-baseball-ball\\\/\",\"url\":\"https:\\\/\\\/islandstocottages.com\\\/boutique\\\/home\\\/dryer-ball-indoor-baseball-ball\\\/\",\"name\":\"Dryer Ball - Indoor Baseball Ball - Islands to cottages\",\"isPartOf\":{\"@id\":\"https:\\\/\\\/islandstocottages.com\\\/#website\"},\"primaryImageOfPage\":{\"@id\":\"https:\\\/\\\/islandstocottages.com\\\/boutique\\\/home\\\/dryer-ball-indoor-baseball-ball\\\/#primaryimage\"},\"image\":{\"@id\":\"https:\\\/\\\/islandstocottages.com\\\/boutique\\\/home\\\/dryer-ball-indoor-baseball-ball\\\/#primaryimage\"},\"thumbnailUrl\":\"https:\\\/\\\/i0.wp.com\\\/islandstocottages.com\\\/wp-content\\\/uploads\\\/2022\\\/07\\\/WoolBaseballBall1.jpg?fit=480%2C480&ssl=1\",\"datePublished\":\"2022-07-04T18:12:27+00:00\",\"dateModified\":\"2025-03-13T20:48:38+00:00\",\"description\":\"Cut your drying time and reduce static with this versatile organic Dryer Ball - Indoor Baseball Ball that will turn laundry duty into a game.\",\"breadcrumb\":{\"@id\":\"https:\\\/\\\/islandstocottages.com\\\/boutique\\\/home\\\/dryer-ball-indoor-baseball-ball\\\/#breadcrumb\"},\"inLanguage\":\"fr-FR\",\"potentialAction\":[{\"@type\":\"ReadAction\",\"target\":[\"https:\\\/\\\/islandstocottages.com\\\/boutique\\\/home\\\/dryer-ball-indoor-baseball-ball\\\/\"]}]},{\"@type\":\"ImageObject\",\"inLanguage\":\"fr-FR\",\"@id\":\"https:\\\/\\\/islandstocottages.com\\\/boutique\\\/home\\\/dryer-ball-indoor-baseball-ball\\\/#primaryimage\",\"url\":\"https:\\\/\\\/i0.wp.com\\\/islandstocottages.com\\\/wp-content\\\/uploads\\\/2022\\\/07\\\/WoolBaseballBall1.jpg?fit=480%2C480&ssl=1\",\"contentUrl\":\"https:\\\/\\\/i0.wp.com\\\/islandstocottages.com\\\/wp-content\\\/uploads\\\/2022\\\/07\\\/WoolBaseballBall1.jpg?fit=480%2C480&ssl=1\",\"width\":480,\"height\":480,\"caption\":\"Wool baseball ball.\"},{\"@type\":\"BreadcrumbList\",\"@id\":\"https:\\\/\\\/islandstocottages.com\\\/boutique\\\/home\\\/dryer-ball-indoor-baseball-ball\\\/#breadcrumb\",\"itemListElement\":[{\"@type\":\"ListItem\",\"position\":1,\"name\":\"Home\",\"item\":\"https:\\\/\\\/islandstocottages.com\\\/\"},{\"@type\":\"ListItem\",\"position\":2,\"name\":\"Boutique\",\"item\":\"https:\\\/\\\/islandstocottages.com\\\/boutique\\\/\"},{\"@type\":\"ListItem\",\"position\":3,\"name\":\"Dryer Ball &#8211; Indoor Baseball Ball\"}]},{\"@type\":\"WebSite\",\"@id\":\"https:\\\/\\\/islandstocottages.com\\\/#website\",\"url\":\"https:\\\/\\\/islandstocottages.com\\\/\",\"name\":\"Islands to cottages\",\"description\":\"Nova Scotia Sustainable + Mindful Living\",\"publisher\":{\"@id\":\"https:\\\/\\\/islandstocottages.com\\\/#organization\"},\"potentialAction\":[{\"@type\":\"SearchAction\",\"target\":{\"@type\":\"EntryPoint\",\"urlTemplate\":\"https:\\\/\\\/islandstocottages.com\\\/?s={search_term_string}\"},\"query-input\":{\"@type\":\"PropertyValueSpecification\",\"valueRequired\":true,\"valueName\":\"search_term_string\"}}],\"inLanguage\":\"fr-FR\"},{\"@type\":\"Organization\",\"@id\":\"https:\\\/\\\/islandstocottages.com\\\/#organization\",\"name\":\"Islands To Cottages\",\"url\":\"https:\\\/\\\/islandstocottages.com\\\/\",\"logo\":{\"@type\":\"ImageObject\",\"inLanguage\":\"fr-FR\",\"@id\":\"https:\\\/\\\/islandstocottages.com\\\/#\\\/schema\\\/logo\\\/image\\\/\",\"url\":\"https:\\\/\\\/i2.wp.com\\\/islandstocottages.com\\\/wp-content\\\/uploads\\\/2020\\\/06\\\/Logo.Screenshot-188.png?fit=613%2C293&ssl=1\",\"contentUrl\":\"https:\\\/\\\/i2.wp.com\\\/islandstocottages.com\\\/wp-content\\\/uploads\\\/2020\\\/06\\\/Logo.Screenshot-188.png?fit=613%2C293&ssl=1\",\"width\":613,\"height\":293,\"caption\":\"Islands To Cottages\"},\"image\":{\"@id\":\"https:\\\/\\\/islandstocottages.com\\\/#\\\/schema\\\/logo\\\/image\\\/\"}}]}<\/script>\n<!-- \/ Yoast SEO plugin. -->","yoast_head_json":{"title":"Balle de baseball 100 % laine - Islands to cottages","description":"R\u00e9duisez votre temps de s\u00e9chage avec cette balle de s\u00e9chage. Accessoire polyvalent par excellence, cette balle de baseball en laine fera de votre corv\u00e9e lessive un jeu d'enfant !","robots":{"index":"index","follow":"follow","max-snippet":"max-snippet:-1","max-image-preview":"max-image-preview:large","max-video-preview":"max-video-preview:-1"},"canonical":"https:\/\/islandstocottages.com\/fr\/boutique\/home\/balle-baseball-laine-2\/","og_locale":"fr_FR","og_type":"article","og_title":"Dryer Ball - Indoor Baseball Ball - Islands to cottages","og_description":"Cut your drying time and reduce static with this versatile organic Dryer Ball - Indoor Baseball Ball that will turn laundry duty into a game.","og_url":"https:\/\/islandstocottages.com\/fr\/boutique\/home\/balle-baseball-laine-2\/","og_site_name":"Islands to cottages","article_modified_time":"2025-03-13T20:48:38+00:00","og_image":[{"width":480,"height":480,"url":"https:\/\/islandstocottages.com\/wp-content\/uploads\/2022\/07\/WoolBaseballBall1.jpg","type":"image\/jpeg"}],"twitter_card":"summary_large_image","twitter_misc":{"Dur\u00e9e de lecture estim\u00e9e":"2 minutes"},"schema":{"@context":"https:\/\/schema.org","@graph":[{"@type":"WebPage","@id":"https:\/\/islandstocottages.com\/boutique\/home\/dryer-ball-indoor-baseball-ball\/","url":"https:\/\/islandstocottages.com\/boutique\/home\/dryer-ball-indoor-baseball-ball\/","name":"Balle de baseball 100 % laine - Islands to cottages","isPartOf":{"@id":"https:\/\/islandstocottages.com\/#website"},"primaryImageOfPage":{"@id":"https:\/\/islandstocottages.com\/boutique\/home\/dryer-ball-indoor-baseball-ball\/#primaryimage"},"image":{"@id":"https:\/\/islandstocottages.com\/boutique\/home\/dryer-ball-indoor-baseball-ball\/#primaryimage"},"thumbnailUrl":"https:\/\/i0.wp.com\/islandstocottages.com\/wp-content\/uploads\/2022\/07\/WoolBaseballBall1.jpg?fit=480%2C480&ssl=1","datePublished":"2022-07-04T18:12:27+00:00","dateModified":"2025-03-13T20:48:38+00:00","description":"R\u00e9duisez votre temps de s\u00e9chage avec cette balle de s\u00e9chage. Accessoire polyvalent par excellence, cette balle de baseball en laine fera de votre corv\u00e9e lessive un jeu d'enfant !","breadcrumb":{"@id":"https:\/\/islandstocottages.com\/boutique\/home\/dryer-ball-indoor-baseball-ball\/#breadcrumb"},"inLanguage":"fr-FR","potentialAction":[{"@type":"ReadAction","target":["https:\/\/islandstocottages.com\/boutique\/home\/dryer-ball-indoor-baseball-ball\/"]}]},{"@type":"ImageObject","inLanguage":"fr-FR","@id":"https:\/\/islandstocottages.com\/boutique\/home\/dryer-ball-indoor-baseball-ball\/#primaryimage","url":"https:\/\/i0.wp.com\/islandstocottages.com\/wp-content\/uploads\/2022\/07\/WoolBaseballBall1.jpg?fit=480%2C480&ssl=1","contentUrl":"https:\/\/i0.wp.com\/islandstocottages.com\/wp-content\/uploads\/2022\/07\/WoolBaseballBall1.jpg?fit=480%2C480&ssl=1","width":480,"height":480,"caption":"Wool baseball ball."},{"@type":"BreadcrumbList","@id":"https:\/\/islandstocottages.com\/boutique\/home\/dryer-ball-indoor-baseball-ball\/#breadcrumb","itemListElement":[{"@type":"ListItem","position":1,"name":"Home","item":"https:\/\/islandstocottages.com\/"},{"@type":"ListItem","position":2,"name":"Boutique","item":"https:\/\/islandstocottages.com\/boutique\/"},{"@type":"ListItem","position":3,"name":"Dryer Ball &#8211; Indoor Baseball Ball"}]},{"@type":"WebSite","@id":"https:\/\/islandstocottages.com\/#website","url":"https:\/\/islandstocottages.com\/","name":"Islands to cottages","description":"Vie Durable + Pleine Conscience en Nouvelle-\u00c9cosse","publisher":{"@id":"https:\/\/islandstocottages.com\/#organization"},"potentialAction":[{"@type":"SearchAction","target":{"@type":"EntryPoint","urlTemplate":"https:\/\/islandstocottages.com\/?s={search_term_string}"},"query-input":{"@type":"PropertyValueSpecification","valueRequired":true,"valueName":"search_term_string"}}],"inLanguage":"fr-FR"},{"@type":"Organization","@id":"https:\/\/islandstocottages.com\/#organization","name":"Islands To Cottages","url":"https:\/\/islandstocottages.com\/","logo":{"@type":"ImageObject","inLanguage":"fr-FR","@id":"https:\/\/islandstocottages.com\/#\/schema\/logo\/image\/","url":"https:\/\/i2.wp.com\/islandstocottages.com\/wp-content\/uploads\/2020\/06\/Logo.Screenshot-188.png?fit=613%2C293&ssl=1","contentUrl":"https:\/\/i2.wp.com\/islandstocottages.com\/wp-content\/uploads\/2020\/06\/Logo.Screenshot-188.png?fit=613%2C293&ssl=1","width":613,"height":293,"caption":"Islands To Cottages"},"image":{"@id":"https:\/\/islandstocottages.com\/#\/schema\/logo\/image\/"}}]}},"jetpack_sharing_enabled":true,"jetpack-related-posts":[{"id":2763,"url":"https:\/\/islandstocottages.com\/fr\/boutique\/pets\/floating-fetch-xl\/","url_meta":{"origin":308,"position":0},"title":"Pomme de touline flottante XL - Balle \u00e0 lancer","author":"islandstocottages","date":"29 juin 2023","format":false,"excerpt":"100 % ligne de p\u00eache reconvertie + balle de tennis. Touline env. 28 cm diam.","rel":"","context":"Article similaire","block_context":{"text":"Article similaire","link":""},"img":{"alt_text":"Floating fetch XL","src":"https:\/\/i0.wp.com\/islandstocottages.com\/wp-content\/uploads\/2023\/06\/20230628_121344_HDR-scaled.jpg?fit=1200%2C1200&ssl=1&resize=350%2C200","width":350,"height":200,"srcset":"https:\/\/i0.wp.com\/islandstocottages.com\/wp-content\/uploads\/2023\/06\/20230628_121344_HDR-scaled.jpg?fit=1200%2C1200&ssl=1&resize=350%2C200 1x, https:\/\/i0.wp.com\/islandstocottages.com\/wp-content\/uploads\/2023\/06\/20230628_121344_HDR-scaled.jpg?fit=1200%2C1200&ssl=1&resize=525%2C300 1.5x, https:\/\/i0.wp.com\/islandstocottages.com\/wp-content\/uploads\/2023\/06\/20230628_121344_HDR-scaled.jpg?fit=1200%2C1200&ssl=1&resize=700%2C400 2x, https:\/\/i0.wp.com\/islandstocottages.com\/wp-content\/uploads\/2023\/06\/20230628_121344_HDR-scaled.jpg?fit=1200%2C1200&ssl=1&resize=1050%2C600 3x"},"classes":[]},{"id":2744,"url":"https:\/\/islandstocottages.com\/fr\/boutique\/home\/teething-necklace\/","url_meta":{"origin":308,"position":1},"title":"Collier de dentition","author":"islandstocottages","date":"22 juin 2023","format":false,"excerpt":"100 % coton. Env. 76 cm. *\u00c9dition limit\u00e9e","rel":"","context":"Article similaire","block_context":{"text":"Article similaire","link":""},"img":{"alt_text":"","src":"https:\/\/i0.wp.com\/islandstocottages.com\/wp-content\/uploads\/2023\/06\/TeethingBees.1-scaled.jpg?fit=900%2C1200&ssl=1&resize=350%2C200","width":350,"height":200,"srcset":"https:\/\/i0.wp.com\/islandstocottages.com\/wp-content\/uploads\/2023\/06\/TeethingBees.1-scaled.jpg?fit=900%2C1200&ssl=1&resize=350%2C200 1x, https:\/\/i0.wp.com\/islandstocottages.com\/wp-content\/uploads\/2023\/06\/TeethingBees.1-scaled.jpg?fit=900%2C1200&ssl=1&resize=525%2C300 1.5x, https:\/\/i0.wp.com\/islandstocottages.com\/wp-content\/uploads\/2023\/06\/TeethingBees.1-scaled.jpg?fit=900%2C1200&ssl=1&resize=700%2C400 2x"},"classes":[]},{"id":2963,"url":"https:\/\/islandstocottages.com\/fr\/boutique\/home\/kitchen-go-to-towel\/","url_meta":{"origin":308,"position":2},"title":"Serviette de cuisine","author":"islandstocottages","date":"25 novembre 2023","format":false,"excerpt":"Set de 2. 100 % coton. 30 cm x 30 cm. *\u00c9dition limit\u00e9e","rel":"","context":"Article similaire","block_context":{"text":"Article similaire","link":""},"img":{"alt_text":"Kitchen go-to towel","src":"https:\/\/i0.wp.com\/islandstocottages.com\/wp-content\/uploads\/2023\/11\/KT1.jpg?fit=1200%2C1200&ssl=1&resize=350%2C200","width":350,"height":200,"srcset":"https:\/\/i0.wp.com\/islandstocottages.com\/wp-content\/uploads\/2023\/11\/KT1.jpg?fit=1200%2C1200&ssl=1&resize=350%2C200 1x, https:\/\/i0.wp.com\/islandstocottages.com\/wp-content\/uploads\/2023\/11\/KT1.jpg?fit=1200%2C1200&ssl=1&resize=525%2C300 1.5x, https:\/\/i0.wp.com\/islandstocottages.com\/wp-content\/uploads\/2023\/11\/KT1.jpg?fit=1200%2C1200&ssl=1&resize=700%2C400 2x, https:\/\/i0.wp.com\/islandstocottages.com\/wp-content\/uploads\/2023\/11\/KT1.jpg?fit=1200%2C1200&ssl=1&resize=1050%2C600 3x"},"classes":[]},{"id":320,"url":"https:\/\/islandstocottages.com\/fr\/boutique\/home\/the-cottagers-hankies\/","url_meta":{"origin":308,"position":3},"title":"Les mouchoirs du randonneur","author":"islandstocottages","date":"4 juillet 2022","format":false,"excerpt":"Set de 2. 100 % flanelle. 25 cm x 25 cm.","rel":"","context":"Article similaire","block_context":{"text":"Article similaire","link":""},"img":{"alt_text":"The cottager's hankies.","src":"https:\/\/i0.wp.com\/islandstocottages.com\/wp-content\/uploads\/2022\/07\/Hankies1.jpg?fit=512%2C512&ssl=1&resize=350%2C200","width":350,"height":200},"classes":[]},{"id":2751,"url":"https:\/\/islandstocottages.com\/fr\/boutique\/pets\/reversible-slip-on-collar-bandana-canada\/","url_meta":{"origin":308,"position":4},"title":"Bandana de collier r\u00e9versible amovible - Canada","author":"islandstocottages","date":"29 juin 2023","format":false,"excerpt":"100 % coton.  P 15 cm x 30 cm. G 19 cm x 45 cm. *\u00c9dition limit\u00e9e","rel":"","context":"Article similaire","block_context":{"text":"Article similaire","link":""},"img":{"alt_text":"","src":"https:\/\/i0.wp.com\/islandstocottages.com\/wp-content\/uploads\/2023\/06\/20230629_155006_HDR-scaled.jpg?fit=1112%2C1200&ssl=1&resize=350%2C200","width":350,"height":200,"srcset":"https:\/\/i0.wp.com\/islandstocottages.com\/wp-content\/uploads\/2023\/06\/20230629_155006_HDR-scaled.jpg?fit=1112%2C1200&ssl=1&resize=350%2C200 1x, https:\/\/i0.wp.com\/islandstocottages.com\/wp-content\/uploads\/2023\/06\/20230629_155006_HDR-scaled.jpg?fit=1112%2C1200&ssl=1&resize=525%2C300 1.5x, https:\/\/i0.wp.com\/islandstocottages.com\/wp-content\/uploads\/2023\/06\/20230629_155006_HDR-scaled.jpg?fit=1112%2C1200&ssl=1&resize=700%2C400 2x, https:\/\/i0.wp.com\/islandstocottages.com\/wp-content\/uploads\/2023\/06\/20230629_155006_HDR-scaled.jpg?fit=1112%2C1200&ssl=1&resize=1050%2C600 3x"},"classes":[]},{"id":2086,"url":"https:\/\/islandstocottages.com\/fr\/boutique\/home\/placemat\/","url_meta":{"origin":308,"position":5},"title":"Napperon \u00e0 emporter","author":"islandstocottages","date":"16 f\u00e9vrier 2023","format":false,"excerpt":"100 % coton.  35 cm x 45 cm. *\u00c9dition limit\u00e9e","rel":"","context":"Article similaire","block_context":{"text":"Article similaire","link":""},"img":{"alt_text":"Placemat to go.","src":"https:\/\/i0.wp.com\/islandstocottages.com\/wp-content\/uploads\/2023\/02\/SetTable1.jpg?fit=512%2C512&ssl=1&resize=350%2C200","width":350,"height":200},"classes":[]}],"_links":{"self":[{"href":"https:\/\/islandstocottages.com\/fr\/wp-json\/wp\/v2\/product\/308","targetHints":{"allow":["GET"]}}],"collection":[{"href":"https:\/\/islandstocottages.com\/fr\/wp-json\/wp\/v2\/product"}],"about":[{"href":"https:\/\/islandstocottages.com\/fr\/wp-json\/wp\/v2\/types\/product"}],"wp:featuredmedia":[{"embeddable":true,"href":"https:\/\/islandstocottages.com\/fr\/wp-json\/wp\/v2\/media\/2481"}],"wp:attachment":[{"href":"https:\/\/islandstocottages.com\/fr\/wp-json\/wp\/v2\/media?parent=308"}],"wp:term":[{"taxonomy":"product_brand","embeddable":true,"href":"https:\/\/islandstocottages.com\/fr\/wp-json\/wp\/v2\/product_brand?post=308"},{"taxonomy":"product_cat","embeddable":true,"href":"https:\/\/islandstocottages.com\/fr\/wp-json\/wp\/v2\/product_cat?post=308"},{"taxonomy":"product_tag","embeddable":true,"href":"https:\/\/islandstocottages.com\/fr\/wp-json\/wp\/v2\/product_tag?post=308"}],"curies":[{"name":"wp","href":"https:\/\/api.w.org\/{rel}","templated":true}]}}