{"id":316,"date":"2022-07-04T14:44:08","date_gmt":"2022-07-04T18:44:08","guid":{"rendered":"https:\/\/islandstocottages.com\/?post_type=product&#038;p=316"},"modified":"2025-03-14T15:30:24","modified_gmt":"2025-03-14T19:30:24","slug":"masque-detente-2","status":"publish","type":"product","link":"https:\/\/islandstocottages.com\/fr\/boutique\/care\/organic-eye-mask\/","title":{"rendered":"Masque d\u00e9tente pour les yeux"},"content":{"rendered":"<p><span>*Contactez-nous pour commander*<\/span><\/p>\n<p>Endormez-vous selon le <a href=\"https:\/\/islandstocottages.com\/fr\/pleine-conscience\/\">concept pleine conscience<\/a> avec ce masque organique profil\u00e9 de relaxation, unique en son genre, qui bloque la lumi\u00e8re. Ce masque l\u00e9ger rempli d'avoine a \u00e9t\u00e9 sp\u00e9cialement con\u00e7u sans \u00e9lastiques pour annihiler toute forme de pression sur la t\u00eate. Le parfum discret et apaisant de l'avoine vous met dans un \u00e9tat d'esprit r\u00e9confortant pour favoriser un sommeil profond, au naturel. La fa\u00e7on m\u00eame dont ce masque doit \u00eatre port\u00e9 vous encourage \u00e0 vous endormir sur le dos, une m\u00e9thode \u00e9prouv\u00e9e pour am\u00e9liorer la position de votre corps une fois au lit.<\/p>\n<p>Le remplissage organique lui donne suffisamment de corps pour se conformer \u00e0 la forme unique de vos yeux et bloque totalement la lumi\u00e8re ext\u00e9rieure sans \u00eatre trop lourd, avec une l\u00e9g\u00e8re accupression oculaire pour soulager le stress. Le masque glissera tout naturellement pendant la nuit lorsque vous changerez de position pendant vos cycles de sommeil, lib\u00e9rant ainsi votre visage. Laissez-le au cong\u00e9lateur pendant quelques minutes avant utilisation pour aider \u00e0 soulager les migraines ou les yeux gonfl\u00e9s apr\u00e8s une nuit blanche importune. Usage recommand\u00e9 pour les adultes seulement.<\/p>\n<p><strong>Entretien :<\/strong> Nettoyer les taches avec un chiffon humide et laisser s\u00e9cher compl\u00e8tement. Ne pas porter avec du maquillage. Non lavable en machine.<\/p>\n<p><strong>Mat\u00e9riau :<\/strong> 100 % coton + rembourrage d'avoine. Nous sommes fiers de nos pratiques \u00e9co-responsables et nous maintenons notre engagement quant \u00e0 nos choix ax\u00e9s sur la durabilit\u00e9. Sauf exception pour les articles fabriqu\u00e9s en production continue et r\u00e9pondant \u00e0 des standards d\u00e9termin\u00e9s, tous nos tissus proviennent du march\u00e9 de l'apr\u00e8s-vente : fins de stocks, invendus, seconde main, etc. Les articles ainsi produits sont des \u00e9ditions limit\u00e9es selon les disponibilit\u00e9s du moment.<\/p>\n<p><strong>Dimensions :<\/strong> 8 cm x 20 cm.<\/p>\n<p>Fait en Nouvelle-\u00c9cosse.<\/p>\n<p><strong>Conseil \u00e9colo : <\/strong>Saviez-vous que la lumi\u00e8re a un impact sur notre corps m\u00eame lorsque nous dormons ? Elle affecte notre activit\u00e9 c\u00e9r\u00e9brale, la production d'hormones, les r\u00e9parations cellulaires et le renforcement du syst\u00e8me immunitaire, et peut m\u00eame entra\u00eener un large \u00e9ventail de probl\u00e8mes de sant\u00e9 comme la fatigue oculaire, la prise de poids, les probl\u00e8mes cardiovasculaires et m\u00eame le cancer. Alors \u00e9teignez vos appareils \u00e9lectroniques lumineux dans la chambre (ce qui permettra \u00e9galement d'\u00e9conomiser de l'\u00e9nergie) et bloquez toute lumi\u00e8re que vous ne pouvez pas contr\u00f4ler dans votre environnement (comme les lampadaires ou la lampe de lecture de votre tendre moiti\u00e9) avec des accessoires astucieux et pleine conscience. Bonne nuit !<\/p>","protected":false},"excerpt":{"rendered":"<p>100 % coton + rembourrage d'avoine. 8 cm x 20 cm. *\u00c9dition limit\u00e9e<\/p>","protected":false},"featured_media":2467,"template":"","meta":{"nf_dc_page":"","om_disable_all_campaigns":false,"_monsterinsights_skip_tracking":false,"_monsterinsights_sitenote_active":false,"_monsterinsights_sitenote_note":"","_monsterinsights_sitenote_category":0},"product_brand":[],"product_cat":[28],"product_tag":[],"class_list":{"0":"post-316","1":"product","2":"type-product","3":"status-publish","4":"has-post-thumbnail","6":"product_cat-care","8":"first","9":"outofstock","10":"shipping-taxable","11":"purchasable","12":"product-type-simple"},"yoast_head":"<!-- This site is optimized with the Yoast SEO plugin v27.4 - https:\/\/yoast.com\/product\/yoast-seo-wordpress\/ -->\n<title>Organic Eye Mask - Islands to cottages<\/title>\n<meta name=\"description\" content=\"Unique light blocking organic sleep-inducing eye mask for the best natural and mindful sleeping experience. Lightweight, body contoured with soothing scent.\" \/>\n<meta name=\"robots\" content=\"index, follow, max-snippet:-1, max-image-preview:large, max-video-preview:-1\" \/>\n<link rel=\"canonical\" href=\"https:\/\/islandstocottages.com\/fr\/boutique\/care\/masque-detente-2\/\" \/>\n<meta property=\"og:locale\" content=\"fr_FR\" \/>\n<meta property=\"og:type\" content=\"article\" \/>\n<meta property=\"og:title\" content=\"Organic Eye Mask - Islands to cottages\" \/>\n<meta property=\"og:description\" content=\"Unique light blocking organic sleep-inducing eye mask for the best natural and mindful sleeping experience. Lightweight, body contoured with soothing scent.\" \/>\n<meta property=\"og:url\" content=\"https:\/\/islandstocottages.com\/fr\/boutique\/care\/masque-detente-2\/\" \/>\n<meta property=\"og:site_name\" content=\"Islands to cottages\" \/>\n<meta property=\"article:modified_time\" content=\"2025-03-14T19:30:24+00:00\" \/>\n<meta property=\"og:image\" content=\"https:\/\/islandstocottages.com\/wp-content\/uploads\/2022\/07\/OrganicEyeMask1.jpg\" \/>\n\t<meta property=\"og:image:width\" content=\"417\" \/>\n\t<meta property=\"og:image:height\" content=\"417\" \/>\n\t<meta property=\"og:image:type\" content=\"image\/jpeg\" \/>\n<meta name=\"twitter:card\" content=\"summary_large_image\" \/>\n<meta name=\"twitter:label1\" content=\"Dur\u00e9e de lecture estim\u00e9e\" \/>\n\t<meta name=\"twitter:data1\" content=\"2 minutes\" \/>\n<script type=\"application\/ld+json\" class=\"yoast-schema-graph\">{\"@context\":\"https:\\\/\\\/schema.org\",\"@graph\":[{\"@type\":\"WebPage\",\"@id\":\"https:\\\/\\\/islandstocottages.com\\\/boutique\\\/care\\\/organic-eye-mask\\\/\",\"url\":\"https:\\\/\\\/islandstocottages.com\\\/boutique\\\/care\\\/organic-eye-mask\\\/\",\"name\":\"Organic Eye Mask - Islands to cottages\",\"isPartOf\":{\"@id\":\"https:\\\/\\\/islandstocottages.com\\\/#website\"},\"primaryImageOfPage\":{\"@id\":\"https:\\\/\\\/islandstocottages.com\\\/boutique\\\/care\\\/organic-eye-mask\\\/#primaryimage\"},\"image\":{\"@id\":\"https:\\\/\\\/islandstocottages.com\\\/boutique\\\/care\\\/organic-eye-mask\\\/#primaryimage\"},\"thumbnailUrl\":\"https:\\\/\\\/i0.wp.com\\\/islandstocottages.com\\\/wp-content\\\/uploads\\\/2022\\\/07\\\/OrganicEyeMask1.jpg?fit=417%2C417&ssl=1\",\"datePublished\":\"2022-07-04T18:44:08+00:00\",\"dateModified\":\"2025-03-14T19:30:24+00:00\",\"description\":\"Unique light blocking organic sleep-inducing eye mask for the best natural and mindful sleeping experience. Lightweight, body contoured with soothing scent.\",\"breadcrumb\":{\"@id\":\"https:\\\/\\\/islandstocottages.com\\\/boutique\\\/care\\\/organic-eye-mask\\\/#breadcrumb\"},\"inLanguage\":\"fr-FR\",\"potentialAction\":[{\"@type\":\"ReadAction\",\"target\":[\"https:\\\/\\\/islandstocottages.com\\\/boutique\\\/care\\\/organic-eye-mask\\\/\"]}]},{\"@type\":\"ImageObject\",\"inLanguage\":\"fr-FR\",\"@id\":\"https:\\\/\\\/islandstocottages.com\\\/boutique\\\/care\\\/organic-eye-mask\\\/#primaryimage\",\"url\":\"https:\\\/\\\/i0.wp.com\\\/islandstocottages.com\\\/wp-content\\\/uploads\\\/2022\\\/07\\\/OrganicEyeMask1.jpg?fit=417%2C417&ssl=1\",\"contentUrl\":\"https:\\\/\\\/i0.wp.com\\\/islandstocottages.com\\\/wp-content\\\/uploads\\\/2022\\\/07\\\/OrganicEyeMask1.jpg?fit=417%2C417&ssl=1\",\"width\":417,\"height\":417,\"caption\":\"Organic eye mask.\"},{\"@type\":\"BreadcrumbList\",\"@id\":\"https:\\\/\\\/islandstocottages.com\\\/boutique\\\/care\\\/organic-eye-mask\\\/#breadcrumb\",\"itemListElement\":[{\"@type\":\"ListItem\",\"position\":1,\"name\":\"Home\",\"item\":\"https:\\\/\\\/islandstocottages.com\\\/\"},{\"@type\":\"ListItem\",\"position\":2,\"name\":\"Boutique\",\"item\":\"https:\\\/\\\/islandstocottages.com\\\/boutique\\\/\"},{\"@type\":\"ListItem\",\"position\":3,\"name\":\"Organic Eye Mask\"}]},{\"@type\":\"WebSite\",\"@id\":\"https:\\\/\\\/islandstocottages.com\\\/#website\",\"url\":\"https:\\\/\\\/islandstocottages.com\\\/\",\"name\":\"Islands to cottages\",\"description\":\"Nova Scotia Sustainable + Mindful Living\",\"publisher\":{\"@id\":\"https:\\\/\\\/islandstocottages.com\\\/#organization\"},\"potentialAction\":[{\"@type\":\"SearchAction\",\"target\":{\"@type\":\"EntryPoint\",\"urlTemplate\":\"https:\\\/\\\/islandstocottages.com\\\/?s={search_term_string}\"},\"query-input\":{\"@type\":\"PropertyValueSpecification\",\"valueRequired\":true,\"valueName\":\"search_term_string\"}}],\"inLanguage\":\"fr-FR\"},{\"@type\":\"Organization\",\"@id\":\"https:\\\/\\\/islandstocottages.com\\\/#organization\",\"name\":\"Islands To Cottages\",\"url\":\"https:\\\/\\\/islandstocottages.com\\\/\",\"logo\":{\"@type\":\"ImageObject\",\"inLanguage\":\"fr-FR\",\"@id\":\"https:\\\/\\\/islandstocottages.com\\\/#\\\/schema\\\/logo\\\/image\\\/\",\"url\":\"https:\\\/\\\/i2.wp.com\\\/islandstocottages.com\\\/wp-content\\\/uploads\\\/2020\\\/06\\\/Logo.Screenshot-188.png?fit=613%2C293&ssl=1\",\"contentUrl\":\"https:\\\/\\\/i2.wp.com\\\/islandstocottages.com\\\/wp-content\\\/uploads\\\/2020\\\/06\\\/Logo.Screenshot-188.png?fit=613%2C293&ssl=1\",\"width\":613,\"height\":293,\"caption\":\"Islands To Cottages\"},\"image\":{\"@id\":\"https:\\\/\\\/islandstocottages.com\\\/#\\\/schema\\\/logo\\\/image\\\/\"}}]}<\/script>\n<!-- \/ Yoast SEO plugin. -->","yoast_head_json":{"title":"Masque d\u00e9tente pour les yeux - Islands to cottages","description":"Masque organique profil\u00e9 de relaxation pour bloquer la lumi\u00e8re. Design authentique pour favoriser le sommeil naturellement, une exp\u00e9rience pleine conscience.","robots":{"index":"index","follow":"follow","max-snippet":"max-snippet:-1","max-image-preview":"max-image-preview:large","max-video-preview":"max-video-preview:-1"},"canonical":"https:\/\/islandstocottages.com\/fr\/boutique\/care\/masque-detente-2\/","og_locale":"fr_FR","og_type":"article","og_title":"Organic Eye Mask - Islands to cottages","og_description":"Unique light blocking organic sleep-inducing eye mask for the best natural and mindful sleeping experience. Lightweight, body contoured with soothing scent.","og_url":"https:\/\/islandstocottages.com\/fr\/boutique\/care\/masque-detente-2\/","og_site_name":"Islands to cottages","article_modified_time":"2025-03-14T19:30:24+00:00","og_image":[{"width":417,"height":417,"url":"https:\/\/islandstocottages.com\/wp-content\/uploads\/2022\/07\/OrganicEyeMask1.jpg","type":"image\/jpeg"}],"twitter_card":"summary_large_image","twitter_misc":{"Dur\u00e9e de lecture estim\u00e9e":"2 minutes"},"schema":{"@context":"https:\/\/schema.org","@graph":[{"@type":"WebPage","@id":"https:\/\/islandstocottages.com\/boutique\/care\/organic-eye-mask\/","url":"https:\/\/islandstocottages.com\/boutique\/care\/organic-eye-mask\/","name":"Masque d\u00e9tente pour les yeux - Islands to cottages","isPartOf":{"@id":"https:\/\/islandstocottages.com\/#website"},"primaryImageOfPage":{"@id":"https:\/\/islandstocottages.com\/boutique\/care\/organic-eye-mask\/#primaryimage"},"image":{"@id":"https:\/\/islandstocottages.com\/boutique\/care\/organic-eye-mask\/#primaryimage"},"thumbnailUrl":"https:\/\/i0.wp.com\/islandstocottages.com\/wp-content\/uploads\/2022\/07\/OrganicEyeMask1.jpg?fit=417%2C417&ssl=1","datePublished":"2022-07-04T18:44:08+00:00","dateModified":"2025-03-14T19:30:24+00:00","description":"Masque organique profil\u00e9 de relaxation pour bloquer la lumi\u00e8re. Design authentique pour favoriser le sommeil naturellement, une exp\u00e9rience pleine conscience.","breadcrumb":{"@id":"https:\/\/islandstocottages.com\/boutique\/care\/organic-eye-mask\/#breadcrumb"},"inLanguage":"fr-FR","potentialAction":[{"@type":"ReadAction","target":["https:\/\/islandstocottages.com\/boutique\/care\/organic-eye-mask\/"]}]},{"@type":"ImageObject","inLanguage":"fr-FR","@id":"https:\/\/islandstocottages.com\/boutique\/care\/organic-eye-mask\/#primaryimage","url":"https:\/\/i0.wp.com\/islandstocottages.com\/wp-content\/uploads\/2022\/07\/OrganicEyeMask1.jpg?fit=417%2C417&ssl=1","contentUrl":"https:\/\/i0.wp.com\/islandstocottages.com\/wp-content\/uploads\/2022\/07\/OrganicEyeMask1.jpg?fit=417%2C417&ssl=1","width":417,"height":417,"caption":"Organic eye mask."},{"@type":"BreadcrumbList","@id":"https:\/\/islandstocottages.com\/boutique\/care\/organic-eye-mask\/#breadcrumb","itemListElement":[{"@type":"ListItem","position":1,"name":"Home","item":"https:\/\/islandstocottages.com\/"},{"@type":"ListItem","position":2,"name":"Boutique","item":"https:\/\/islandstocottages.com\/boutique\/"},{"@type":"ListItem","position":3,"name":"Organic Eye Mask"}]},{"@type":"WebSite","@id":"https:\/\/islandstocottages.com\/#website","url":"https:\/\/islandstocottages.com\/","name":"Islands to cottages","description":"Vie Durable + Pleine Conscience en Nouvelle-\u00c9cosse","publisher":{"@id":"https:\/\/islandstocottages.com\/#organization"},"potentialAction":[{"@type":"SearchAction","target":{"@type":"EntryPoint","urlTemplate":"https:\/\/islandstocottages.com\/?s={search_term_string}"},"query-input":{"@type":"PropertyValueSpecification","valueRequired":true,"valueName":"search_term_string"}}],"inLanguage":"fr-FR"},{"@type":"Organization","@id":"https:\/\/islandstocottages.com\/#organization","name":"Islands To Cottages","url":"https:\/\/islandstocottages.com\/","logo":{"@type":"ImageObject","inLanguage":"fr-FR","@id":"https:\/\/islandstocottages.com\/#\/schema\/logo\/image\/","url":"https:\/\/i2.wp.com\/islandstocottages.com\/wp-content\/uploads\/2020\/06\/Logo.Screenshot-188.png?fit=613%2C293&ssl=1","contentUrl":"https:\/\/i2.wp.com\/islandstocottages.com\/wp-content\/uploads\/2020\/06\/Logo.Screenshot-188.png?fit=613%2C293&ssl=1","width":613,"height":293,"caption":"Islands To Cottages"},"image":{"@id":"https:\/\/islandstocottages.com\/#\/schema\/logo\/image\/"}}]}},"jetpack_sharing_enabled":true,"jetpack-related-posts":[{"id":2556,"url":"https:\/\/islandstocottages.com\/fr\/boutique\/home\/sensory-wooden-heart\/","url_meta":{"origin":316,"position":0},"title":"C\u0153ur sensoriel en bois","author":"islandstocottages","date":"17 mars 2023","format":false,"excerpt":"100 % bois r\u00e9invent\u00e9 + flanelle. Env. 10 cm x 14 cm.","rel":"","context":"Article similaire","block_context":{"text":"Article similaire","link":""},"img":{"alt_text":"Double sided sensory wooden heart.","src":"https:\/\/i0.wp.com\/islandstocottages.com\/wp-content\/uploads\/2023\/03\/WoodenHeart4.jpg?fit=512%2C512&ssl=1&resize=350%2C200","width":350,"height":200},"classes":[]},{"id":1932,"url":"https:\/\/islandstocottages.com\/fr\/boutique\/care\/wash-mitt\/","url_meta":{"origin":316,"position":1},"title":"Gant de toilette","author":"islandstocottages","date":"31 janvier 2023","format":false,"excerpt":"100 % tissu-\u00e9ponge de bambou. 17 cm x 27 cm.","rel":"","context":"Article similaire","block_context":{"text":"Article similaire","link":""},"img":{"alt_text":"Terry cloth wash mitt.","src":"https:\/\/i0.wp.com\/islandstocottages.com\/wp-content\/uploads\/2023\/01\/WashMitt1.jpg?fit=512%2C512&ssl=1&resize=350%2C200","width":350,"height":200},"classes":[]},{"id":305,"url":"https:\/\/islandstocottages.com\/fr\/boutique\/home\/electronics-light-blocker\/","url_meta":{"origin":316,"position":2},"title":"Inhibiteur de lumi\u00e8re pour \u00e9lectroniques","author":"islandstocottages","date":"4 juillet 2022","format":false,"excerpt":"100 % fibres m\u00e9lang\u00e9es. 20 cm x 20 cm. *\u00c9dition limit\u00e9e","rel":"","context":"Article similaire","block_context":{"text":"Article similaire","link":""},"img":{"alt_text":"Fabric light blocker.","src":"https:\/\/i0.wp.com\/islandstocottages.com\/wp-content\/uploads\/2022\/07\/LightBlocker1.jpg?fit=512%2C512&ssl=1&resize=350%2C200","width":350,"height":200},"classes":[]},{"id":314,"url":"https:\/\/islandstocottages.com\/fr\/boutique\/care\/eco-makeup-pads\/","url_meta":{"origin":316,"position":3},"title":"Lingettes d\u00e9maquillantes r\u00e9utilisables","author":"islandstocottages","date":"4 juillet 2022","format":false,"excerpt":"Set de 4. 100 % coton. 12 cm x 12 cm. *\u00c9dition limit\u00e9e","rel":"","context":"Article similaire","block_context":{"text":"Article similaire","link":""},"img":{"alt_text":"Bright colorful make-up pads.","src":"https:\/\/i0.wp.com\/islandstocottages.com\/wp-content\/uploads\/2022\/07\/MakeUpPads1.jpg?fit=461%2C461&ssl=1&resize=350%2C200","width":350,"height":200},"classes":[]},{"id":2989,"url":"https:\/\/islandstocottages.com\/fr\/boutique\/care\/eco-makeup-pads-holidays\/","url_meta":{"origin":316,"position":4},"title":"Lingettes d\u00e9maquillantes r\u00e9utilisables - Saison des f\u00eates","author":"islandstocottages","date":"2 d\u00e9cembre 2023","format":false,"excerpt":"Set de 4. 100 % coton. 12 cm x 12 cm. *\u00c9dition limit\u00e9e","rel":"","context":"Article similaire","block_context":{"text":"Article similaire","link":""},"img":{"alt_text":"Eco Makeup Pads - Holidays","src":"https:\/\/i0.wp.com\/islandstocottages.com\/wp-content\/uploads\/2023\/12\/MakeUpPadHoliday7.jpg?fit=960%2C1200&ssl=1&resize=350%2C200","width":350,"height":200,"srcset":"https:\/\/i0.wp.com\/islandstocottages.com\/wp-content\/uploads\/2023\/12\/MakeUpPadHoliday7.jpg?fit=960%2C1200&ssl=1&resize=350%2C200 1x, https:\/\/i0.wp.com\/islandstocottages.com\/wp-content\/uploads\/2023\/12\/MakeUpPadHoliday7.jpg?fit=960%2C1200&ssl=1&resize=525%2C300 1.5x, https:\/\/i0.wp.com\/islandstocottages.com\/wp-content\/uploads\/2023\/12\/MakeUpPadHoliday7.jpg?fit=960%2C1200&ssl=1&resize=700%2C400 2x"},"classes":[]},{"id":2713,"url":"https:\/\/islandstocottages.com\/fr\/boutique\/home\/sensory-wooden-seahorse\/","url_meta":{"origin":316,"position":5},"title":"Hippocampe sensoriel en bois","author":"islandstocottages","date":"12 juin 2023","format":false,"excerpt":"100 % bois r\u00e9invent\u00e9 + vernis non toxique. Env. 13 cm x 26 cm.","rel":"","context":"Article similaire","block_context":{"text":"Article similaire","link":""},"img":{"alt_text":"Wooden seahorse","src":"https:\/\/i0.wp.com\/islandstocottages.com\/wp-content\/uploads\/2023\/06\/Seahorse1-scaled.jpg?fit=994%2C1200&ssl=1&resize=350%2C200","width":350,"height":200,"srcset":"https:\/\/i0.wp.com\/islandstocottages.com\/wp-content\/uploads\/2023\/06\/Seahorse1-scaled.jpg?fit=994%2C1200&ssl=1&resize=350%2C200 1x, https:\/\/i0.wp.com\/islandstocottages.com\/wp-content\/uploads\/2023\/06\/Seahorse1-scaled.jpg?fit=994%2C1200&ssl=1&resize=525%2C300 1.5x, https:\/\/i0.wp.com\/islandstocottages.com\/wp-content\/uploads\/2023\/06\/Seahorse1-scaled.jpg?fit=994%2C1200&ssl=1&resize=700%2C400 2x"},"classes":[]}],"_links":{"self":[{"href":"https:\/\/islandstocottages.com\/fr\/wp-json\/wp\/v2\/product\/316","targetHints":{"allow":["GET"]}}],"collection":[{"href":"https:\/\/islandstocottages.com\/fr\/wp-json\/wp\/v2\/product"}],"about":[{"href":"https:\/\/islandstocottages.com\/fr\/wp-json\/wp\/v2\/types\/product"}],"wp:featuredmedia":[{"embeddable":true,"href":"https:\/\/islandstocottages.com\/fr\/wp-json\/wp\/v2\/media\/2467"}],"wp:attachment":[{"href":"https:\/\/islandstocottages.com\/fr\/wp-json\/wp\/v2\/media?parent=316"}],"wp:term":[{"taxonomy":"product_brand","embeddable":true,"href":"https:\/\/islandstocottages.com\/fr\/wp-json\/wp\/v2\/product_brand?post=316"},{"taxonomy":"product_cat","embeddable":true,"href":"https:\/\/islandstocottages.com\/fr\/wp-json\/wp\/v2\/product_cat?post=316"},{"taxonomy":"product_tag","embeddable":true,"href":"https:\/\/islandstocottages.com\/fr\/wp-json\/wp\/v2\/product_tag?post=316"}],"curies":[{"name":"wp","href":"https:\/\/api.w.org\/{rel}","templated":true}]}}