{"id":318,"date":"2022-07-04T14:51:36","date_gmt":"2022-07-04T18:51:36","guid":{"rendered":"https:\/\/islandstocottages.com\/?post_type=product&#038;p=318"},"modified":"2025-03-14T15:29:09","modified_gmt":"2025-03-14T19:29:09","slug":"serviette-cocktail-tissu-2","status":"publish","type":"product","link":"https:\/\/islandstocottages.com\/fr\/boutique\/celebrate\/eco-cocktail-napkins\/","title":{"rendered":"Serviettes \u00e0 cocktail en tissu"},"content":{"rendered":"<p><span>*Contactez-nous pour commander*<\/span><\/p>\n<p>C\u00e9l\u00e9brations durables, f\u00eater en toute simplicit\u00e9. On r\u00e9duit notre quantit\u00e9 de d\u00e9chets tout en retrouvant le plaisir de la f\u00eate. On se simplifie la vie, sans compromis pour la pr\u00e9sentation, avec ces serviettes \u00e0 cocktail r\u00e9utilisables, durables et styl\u00e9es.<\/p>\n<p>Des \u00e9v\u00e9nements d\u00e9contract\u00e9s aux occasions plus sophistiqu\u00e9es, les serviettes \u00e0 cocktail sont des incontournables polyvalents et essentiels quand vient le temps d'organiser notre fiesta avec toute la superbe qu'elle m\u00e9rite. Reconnaissables \u00e0 leur taille modeste, les serviettes \u00e0 cocktail peuvent \u00eatre utilis\u00e9es comme sous-verre ou pour y nicher discr\u00e8tement une poign\u00e9e d'amuse-gueules. Mais aussi pour facilement \u00e9quilibrer notre assiette alors qu'on circule au milieu des invit\u00e9s ou pour ajouter une touche de couleur \u00e0 la table de r\u00e9ception. Ou encore, eh oui, pour \u00e9l\u00e9gamment s'essuyer les mains et la bouche. Alors on n'h\u00e9site plus et on remplace les traditionnelles serviettes en papier jetables par cette splendide version r\u00e9utilisable pour que l'\u00e9v\u00e9nement se transforme instantan\u00e9ment en une f\u00eate inoubliable. \u00c0 utiliser encore et encore au fil des ans et, d\u00e9sormais, plus besoin d'investir dans des serviettes \u00e0 usage unique !<\/p>\n<p><strong>Entretien :<\/strong> Entretien facile. Laver et s\u00e9cher en machine au cycle d\u00e9licat avec des couleurs similaires. Utiliser de pr\u00e9f\u00e9rence un d\u00e9tergent \u00e0 lessive \u00e9cologique et non parfum\u00e9. Laisser s\u00e9cher \u00e0 l'air libre et \u00e9viter l'assouplissant ou autres additifs pour une absorption sans pareil. Repasser pour un fini impeccable.<\/p>\n<p><strong>Mat\u00e9riau :<\/strong> 100 % coton. Nous sommes fiers de nos pratiques \u00e9co-responsables et nous maintenons notre engagement quant \u00e0 nos choix ax\u00e9s sur la durabilit\u00e9. Sauf exception pour les articles fabriqu\u00e9s en production continue et r\u00e9pondant \u00e0 des standards d\u00e9termin\u00e9s, tous nos tissus proviennent du march\u00e9 de l'apr\u00e8s-vente : fins de stocks, invendus, seconde main, etc. Les articles ainsi produits sont des \u00e9ditions limit\u00e9es selon les disponibilit\u00e9s du moment.<\/p>\n<p><strong>Dimensions :<\/strong> 25 cm x 25 cm.<\/p>\n<p>Fait en Nouvelle-\u00c9cosse.<\/p>","protected":false},"excerpt":{"rendered":"<p>Set de 4. 100 % coton. 25 cm x 25 cm. *\u00c9dition limit\u00e9e<\/p>","protected":false},"featured_media":2437,"template":"","meta":{"nf_dc_page":"","om_disable_all_campaigns":false,"_monsterinsights_skip_tracking":false,"_monsterinsights_sitenote_active":false,"_monsterinsights_sitenote_note":"","_monsterinsights_sitenote_category":0},"product_brand":[],"product_cat":[27],"product_tag":[],"class_list":{"0":"post-318","1":"product","2":"type-product","3":"status-publish","4":"has-post-thumbnail","6":"product_cat-celebrate","8":"first","9":"outofstock","10":"shipping-taxable","11":"purchasable","12":"product-type-simple"},"yoast_head":"<!-- This site is optimized with the Yoast SEO plugin v27.4 - https:\/\/yoast.com\/product\/yoast-seo-wordpress\/ -->\n<title>Eco Cocktail Napkins - Islands to cottages<\/title>\n<meta name=\"description\" content=\"eco cocktail napkins : a fancy sustainable version of a celebration staple that will turn any event into a stylish eco-friendly fiesta to remember.\" \/>\n<meta name=\"robots\" content=\"index, follow, max-snippet:-1, max-image-preview:large, max-video-preview:-1\" \/>\n<link rel=\"canonical\" href=\"https:\/\/islandstocottages.com\/fr\/boutique\/celebrate\/serviette-cocktail-tissu-2\/\" \/>\n<meta property=\"og:locale\" content=\"fr_FR\" \/>\n<meta property=\"og:type\" content=\"article\" \/>\n<meta property=\"og:title\" content=\"Eco Cocktail Napkins - Islands to cottages\" \/>\n<meta property=\"og:description\" content=\"eco cocktail napkins : a fancy sustainable version of a celebration staple that will turn any event into a stylish eco-friendly fiesta to remember.\" \/>\n<meta property=\"og:url\" content=\"https:\/\/islandstocottages.com\/fr\/boutique\/celebrate\/serviette-cocktail-tissu-2\/\" \/>\n<meta property=\"og:site_name\" content=\"Islands to cottages\" \/>\n<meta property=\"article:modified_time\" content=\"2025-03-14T19:29:09+00:00\" \/>\n<meta property=\"og:image\" content=\"https:\/\/islandstocottages.com\/wp-content\/uploads\/2022\/07\/EcoNapkin1.jpg\" \/>\n\t<meta property=\"og:image:width\" content=\"512\" \/>\n\t<meta property=\"og:image:height\" content=\"512\" \/>\n\t<meta property=\"og:image:type\" content=\"image\/jpeg\" \/>\n<meta name=\"twitter:card\" content=\"summary_large_image\" \/>\n<meta name=\"twitter:label1\" content=\"Dur\u00e9e de lecture estim\u00e9e\" \/>\n\t<meta name=\"twitter:data1\" content=\"2 minutes\" \/>\n<script type=\"application\/ld+json\" class=\"yoast-schema-graph\">{\"@context\":\"https:\\\/\\\/schema.org\",\"@graph\":[{\"@type\":\"WebPage\",\"@id\":\"https:\\\/\\\/islandstocottages.com\\\/boutique\\\/celebrate\\\/eco-cocktail-napkins\\\/\",\"url\":\"https:\\\/\\\/islandstocottages.com\\\/boutique\\\/celebrate\\\/eco-cocktail-napkins\\\/\",\"name\":\"Eco Cocktail Napkins - Islands to cottages\",\"isPartOf\":{\"@id\":\"https:\\\/\\\/islandstocottages.com\\\/#website\"},\"primaryImageOfPage\":{\"@id\":\"https:\\\/\\\/islandstocottages.com\\\/boutique\\\/celebrate\\\/eco-cocktail-napkins\\\/#primaryimage\"},\"image\":{\"@id\":\"https:\\\/\\\/islandstocottages.com\\\/boutique\\\/celebrate\\\/eco-cocktail-napkins\\\/#primaryimage\"},\"thumbnailUrl\":\"https:\\\/\\\/i0.wp.com\\\/islandstocottages.com\\\/wp-content\\\/uploads\\\/2022\\\/07\\\/EcoNapkin1.jpg?fit=512%2C512&ssl=1\",\"datePublished\":\"2022-07-04T18:51:36+00:00\",\"dateModified\":\"2025-03-14T19:29:09+00:00\",\"description\":\"eco cocktail napkins : a fancy sustainable version of a celebration staple that will turn any event into a stylish eco-friendly fiesta to remember.\",\"breadcrumb\":{\"@id\":\"https:\\\/\\\/islandstocottages.com\\\/boutique\\\/celebrate\\\/eco-cocktail-napkins\\\/#breadcrumb\"},\"inLanguage\":\"fr-FR\",\"potentialAction\":[{\"@type\":\"ReadAction\",\"target\":[\"https:\\\/\\\/islandstocottages.com\\\/boutique\\\/celebrate\\\/eco-cocktail-napkins\\\/\"]}]},{\"@type\":\"ImageObject\",\"inLanguage\":\"fr-FR\",\"@id\":\"https:\\\/\\\/islandstocottages.com\\\/boutique\\\/celebrate\\\/eco-cocktail-napkins\\\/#primaryimage\",\"url\":\"https:\\\/\\\/i0.wp.com\\\/islandstocottages.com\\\/wp-content\\\/uploads\\\/2022\\\/07\\\/EcoNapkin1.jpg?fit=512%2C512&ssl=1\",\"contentUrl\":\"https:\\\/\\\/i0.wp.com\\\/islandstocottages.com\\\/wp-content\\\/uploads\\\/2022\\\/07\\\/EcoNapkin1.jpg?fit=512%2C512&ssl=1\",\"width\":512,\"height\":512,\"caption\":\"Eco cocktail napkins.\"},{\"@type\":\"BreadcrumbList\",\"@id\":\"https:\\\/\\\/islandstocottages.com\\\/boutique\\\/celebrate\\\/eco-cocktail-napkins\\\/#breadcrumb\",\"itemListElement\":[{\"@type\":\"ListItem\",\"position\":1,\"name\":\"Home\",\"item\":\"https:\\\/\\\/islandstocottages.com\\\/\"},{\"@type\":\"ListItem\",\"position\":2,\"name\":\"Boutique\",\"item\":\"https:\\\/\\\/islandstocottages.com\\\/boutique\\\/\"},{\"@type\":\"ListItem\",\"position\":3,\"name\":\"Eco Cocktail Napkins\"}]},{\"@type\":\"WebSite\",\"@id\":\"https:\\\/\\\/islandstocottages.com\\\/#website\",\"url\":\"https:\\\/\\\/islandstocottages.com\\\/\",\"name\":\"Islands to cottages\",\"description\":\"Nova Scotia Sustainable + Mindful Living\",\"publisher\":{\"@id\":\"https:\\\/\\\/islandstocottages.com\\\/#organization\"},\"potentialAction\":[{\"@type\":\"SearchAction\",\"target\":{\"@type\":\"EntryPoint\",\"urlTemplate\":\"https:\\\/\\\/islandstocottages.com\\\/?s={search_term_string}\"},\"query-input\":{\"@type\":\"PropertyValueSpecification\",\"valueRequired\":true,\"valueName\":\"search_term_string\"}}],\"inLanguage\":\"fr-FR\"},{\"@type\":\"Organization\",\"@id\":\"https:\\\/\\\/islandstocottages.com\\\/#organization\",\"name\":\"Islands To Cottages\",\"url\":\"https:\\\/\\\/islandstocottages.com\\\/\",\"logo\":{\"@type\":\"ImageObject\",\"inLanguage\":\"fr-FR\",\"@id\":\"https:\\\/\\\/islandstocottages.com\\\/#\\\/schema\\\/logo\\\/image\\\/\",\"url\":\"https:\\\/\\\/i2.wp.com\\\/islandstocottages.com\\\/wp-content\\\/uploads\\\/2020\\\/06\\\/Logo.Screenshot-188.png?fit=613%2C293&ssl=1\",\"contentUrl\":\"https:\\\/\\\/i2.wp.com\\\/islandstocottages.com\\\/wp-content\\\/uploads\\\/2020\\\/06\\\/Logo.Screenshot-188.png?fit=613%2C293&ssl=1\",\"width\":613,\"height\":293,\"caption\":\"Islands To Cottages\"},\"image\":{\"@id\":\"https:\\\/\\\/islandstocottages.com\\\/#\\\/schema\\\/logo\\\/image\\\/\"}}]}<\/script>\n<!-- \/ Yoast SEO plugin. -->","yoast_head_json":{"title":"Serviettes \u00e0 cocktail en tissu - Islands to cottages","description":"Serviettes \u00e0 cocktail en tissu : la version durable et \u00e9l\u00e9gante d'un essentiel des f\u00eates. L'accessoire qui saura transformer vos c\u00e9l\u00e9brations en fiestas durable inoubliables.","robots":{"index":"index","follow":"follow","max-snippet":"max-snippet:-1","max-image-preview":"max-image-preview:large","max-video-preview":"max-video-preview:-1"},"canonical":"https:\/\/islandstocottages.com\/fr\/boutique\/celebrate\/serviette-cocktail-tissu-2\/","og_locale":"fr_FR","og_type":"article","og_title":"Eco Cocktail Napkins - Islands to cottages","og_description":"eco cocktail napkins : a fancy sustainable version of a celebration staple that will turn any event into a stylish eco-friendly fiesta to remember.","og_url":"https:\/\/islandstocottages.com\/fr\/boutique\/celebrate\/serviette-cocktail-tissu-2\/","og_site_name":"Islands to cottages","article_modified_time":"2025-03-14T19:29:09+00:00","og_image":[{"width":512,"height":512,"url":"https:\/\/islandstocottages.com\/wp-content\/uploads\/2022\/07\/EcoNapkin1.jpg","type":"image\/jpeg"}],"twitter_card":"summary_large_image","twitter_misc":{"Dur\u00e9e de lecture estim\u00e9e":"2 minutes"},"schema":{"@context":"https:\/\/schema.org","@graph":[{"@type":"WebPage","@id":"https:\/\/islandstocottages.com\/boutique\/celebrate\/eco-cocktail-napkins\/","url":"https:\/\/islandstocottages.com\/boutique\/celebrate\/eco-cocktail-napkins\/","name":"Serviettes \u00e0 cocktail en tissu - Islands to cottages","isPartOf":{"@id":"https:\/\/islandstocottages.com\/#website"},"primaryImageOfPage":{"@id":"https:\/\/islandstocottages.com\/boutique\/celebrate\/eco-cocktail-napkins\/#primaryimage"},"image":{"@id":"https:\/\/islandstocottages.com\/boutique\/celebrate\/eco-cocktail-napkins\/#primaryimage"},"thumbnailUrl":"https:\/\/i0.wp.com\/islandstocottages.com\/wp-content\/uploads\/2022\/07\/EcoNapkin1.jpg?fit=512%2C512&ssl=1","datePublished":"2022-07-04T18:51:36+00:00","dateModified":"2025-03-14T19:29:09+00:00","description":"Serviettes \u00e0 cocktail en tissu : la version durable et \u00e9l\u00e9gante d'un essentiel des f\u00eates. L'accessoire qui saura transformer vos c\u00e9l\u00e9brations en fiestas durable inoubliables.","breadcrumb":{"@id":"https:\/\/islandstocottages.com\/boutique\/celebrate\/eco-cocktail-napkins\/#breadcrumb"},"inLanguage":"fr-FR","potentialAction":[{"@type":"ReadAction","target":["https:\/\/islandstocottages.com\/boutique\/celebrate\/eco-cocktail-napkins\/"]}]},{"@type":"ImageObject","inLanguage":"fr-FR","@id":"https:\/\/islandstocottages.com\/boutique\/celebrate\/eco-cocktail-napkins\/#primaryimage","url":"https:\/\/i0.wp.com\/islandstocottages.com\/wp-content\/uploads\/2022\/07\/EcoNapkin1.jpg?fit=512%2C512&ssl=1","contentUrl":"https:\/\/i0.wp.com\/islandstocottages.com\/wp-content\/uploads\/2022\/07\/EcoNapkin1.jpg?fit=512%2C512&ssl=1","width":512,"height":512,"caption":"Eco cocktail napkins."},{"@type":"BreadcrumbList","@id":"https:\/\/islandstocottages.com\/boutique\/celebrate\/eco-cocktail-napkins\/#breadcrumb","itemListElement":[{"@type":"ListItem","position":1,"name":"Home","item":"https:\/\/islandstocottages.com\/"},{"@type":"ListItem","position":2,"name":"Boutique","item":"https:\/\/islandstocottages.com\/boutique\/"},{"@type":"ListItem","position":3,"name":"Eco Cocktail Napkins"}]},{"@type":"WebSite","@id":"https:\/\/islandstocottages.com\/#website","url":"https:\/\/islandstocottages.com\/","name":"Islands to cottages","description":"Vie Durable + Pleine Conscience en Nouvelle-\u00c9cosse","publisher":{"@id":"https:\/\/islandstocottages.com\/#organization"},"potentialAction":[{"@type":"SearchAction","target":{"@type":"EntryPoint","urlTemplate":"https:\/\/islandstocottages.com\/?s={search_term_string}"},"query-input":{"@type":"PropertyValueSpecification","valueRequired":true,"valueName":"search_term_string"}}],"inLanguage":"fr-FR"},{"@type":"Organization","@id":"https:\/\/islandstocottages.com\/#organization","name":"Islands To Cottages","url":"https:\/\/islandstocottages.com\/","logo":{"@type":"ImageObject","inLanguage":"fr-FR","@id":"https:\/\/islandstocottages.com\/#\/schema\/logo\/image\/","url":"https:\/\/i2.wp.com\/islandstocottages.com\/wp-content\/uploads\/2020\/06\/Logo.Screenshot-188.png?fit=613%2C293&ssl=1","contentUrl":"https:\/\/i2.wp.com\/islandstocottages.com\/wp-content\/uploads\/2020\/06\/Logo.Screenshot-188.png?fit=613%2C293&ssl=1","width":613,"height":293,"caption":"Islands To Cottages"},"image":{"@id":"https:\/\/islandstocottages.com\/#\/schema\/logo\/image\/"}}]}},"jetpack_sharing_enabled":true,"jetpack-related-posts":[{"id":312,"url":"https:\/\/islandstocottages.com\/fr\/boutique\/celebrate\/pompom-garland\/","url_meta":{"origin":318,"position":0},"title":"Guirlande de pompons","author":"islandstocottages","date":"4 juillet 2022","format":false,"excerpt":"100 % laine \u00e0 tricoter reconvertie + ficelle. 180 cm.","rel":"","context":"Article similaire","block_context":{"text":"Article similaire","link":""},"img":{"alt_text":"A pompom garland in blue tones.","src":"https:\/\/i0.wp.com\/islandstocottages.com\/wp-content\/uploads\/2022\/07\/PompomGarland1.jpg?fit=512%2C512&ssl=1&resize=350%2C200","width":350,"height":200},"classes":[]},{"id":249,"url":"https:\/\/islandstocottages.com\/fr\/boutique\/celebrate\/reversible-furoshiki\/","url_meta":{"origin":318,"position":1},"title":"Furoshiki r\u00e9versible","author":"islandstocottages","date":"28 juin 2022","format":false,"excerpt":"100 % fibres m\u00e9lang\u00e9es. 50 cm x 50 cm. *\u00c9dition limit\u00e9e","rel":"","context":"Article similaire","block_context":{"text":"Article similaire","link":""},"img":{"alt_text":"Lama furoshiki with grey undertones.","src":"https:\/\/i0.wp.com\/islandstocottages.com\/wp-content\/uploads\/2022\/06\/Furoshikigrey1.jpg?fit=512%2C512&ssl=1&resize=350%2C200","width":350,"height":200},"classes":[]},{"id":2995,"url":"https:\/\/islandstocottages.com\/fr\/boutique\/celebrate\/reversible-furoshiki-holidays-mistletoe\/","url_meta":{"origin":318,"position":2},"title":"Furoshiki r\u00e9versible Gui - Saison des f\u00eates","author":"islandstocottages","date":"2 d\u00e9cembre 2023","format":false,"excerpt":"100 % fibres m\u00e9lang\u00e9es. 50 cm x 50 cm. *\u00c9dition limit\u00e9e","rel":"","context":"Article similaire","block_context":{"text":"Article similaire","link":""},"img":{"alt_text":"Reversible Furoshiki Holidays - Mistletoe","src":"https:\/\/i0.wp.com\/islandstocottages.com\/wp-content\/uploads\/2023\/12\/FHPOP3.jpg?fit=1200%2C1200&ssl=1&resize=350%2C200","width":350,"height":200,"srcset":"https:\/\/i0.wp.com\/islandstocottages.com\/wp-content\/uploads\/2023\/12\/FHPOP3.jpg?fit=1200%2C1200&ssl=1&resize=350%2C200 1x, https:\/\/i0.wp.com\/islandstocottages.com\/wp-content\/uploads\/2023\/12\/FHPOP3.jpg?fit=1200%2C1200&ssl=1&resize=525%2C300 1.5x, https:\/\/i0.wp.com\/islandstocottages.com\/wp-content\/uploads\/2023\/12\/FHPOP3.jpg?fit=1200%2C1200&ssl=1&resize=700%2C400 2x, https:\/\/i0.wp.com\/islandstocottages.com\/wp-content\/uploads\/2023\/12\/FHPOP3.jpg?fit=1200%2C1200&ssl=1&resize=1050%2C600 3x"},"classes":[]},{"id":3002,"url":"https:\/\/islandstocottages.com\/fr\/boutique\/celebrate\/reversible-furoshiki-holidays-snowflakes\/","url_meta":{"origin":318,"position":3},"title":"Furoshiki r\u00e9versible Flocons - Saison des f\u00eates","author":"islandstocottages","date":"2 d\u00e9cembre 2023","format":false,"excerpt":"100 % fibres m\u00e9lang\u00e9es. 50 cm x 50 cm. *\u00c9dition limit\u00e9e","rel":"","context":"Article similaire","block_context":{"text":"Article similaire","link":""},"img":{"alt_text":"Reversible Furoshiki Holidays - Snowflakes","src":"https:\/\/i0.wp.com\/islandstocottages.com\/wp-content\/uploads\/2023\/12\/sqFuroshiki2Winter.jpg?fit=441%2C442&ssl=1&resize=350%2C200","width":350,"height":200},"classes":[]},{"id":3008,"url":"https:\/\/islandstocottages.com\/fr\/boutique\/celebrate\/reversible-furoshiki-holidays-icicle\/","url_meta":{"origin":318,"position":4},"title":"Furoshiki r\u00e9versible Gla\u00e7on - Saison des f\u00eates","author":"islandstocottages","date":"2 d\u00e9cembre 2023","format":false,"excerpt":"100 % fibres m\u00e9lang\u00e9es. 50 cm x 50 cm. *\u00c9dition limit\u00e9e","rel":"","context":"Article similaire","block_context":{"text":"Article similaire","link":""},"img":{"alt_text":"Reversible Furoshiki Holidays - Icicle","src":"https:\/\/i0.wp.com\/islandstocottages.com\/wp-content\/uploads\/2023\/12\/FHMEDIAS.1.jpg?fit=1200%2C1200&ssl=1&resize=350%2C200","width":350,"height":200,"srcset":"https:\/\/i0.wp.com\/islandstocottages.com\/wp-content\/uploads\/2023\/12\/FHMEDIAS.1.jpg?fit=1200%2C1200&ssl=1&resize=350%2C200 1x, https:\/\/i0.wp.com\/islandstocottages.com\/wp-content\/uploads\/2023\/12\/FHMEDIAS.1.jpg?fit=1200%2C1200&ssl=1&resize=525%2C300 1.5x, https:\/\/i0.wp.com\/islandstocottages.com\/wp-content\/uploads\/2023\/12\/FHMEDIAS.1.jpg?fit=1200%2C1200&ssl=1&resize=700%2C400 2x, https:\/\/i0.wp.com\/islandstocottages.com\/wp-content\/uploads\/2023\/12\/FHMEDIAS.1.jpg?fit=1200%2C1200&ssl=1&resize=1050%2C600 3x"},"classes":[]},{"id":300,"url":"https:\/\/islandstocottages.com\/fr\/boutique\/celebrate\/reversible-gift-bag\/","url_meta":{"origin":318,"position":5},"title":"Sac cadeau r\u00e9versible r\u00e9utilisable","author":"islandstocottages","date":"4 juillet 2022","format":false,"excerpt":"100 % fibres m\u00e9lang\u00e9es. 50 cm x 50 cm. *\u00c9dition limit\u00e9e","rel":"","context":"Article similaire","block_context":{"text":"Article similaire","link":""},"img":{"alt_text":"Reversible gift bag in pinks and greys.","src":"https:\/\/i0.wp.com\/islandstocottages.com\/wp-content\/uploads\/2022\/07\/giftBag1.jpg?fit=512%2C512&ssl=1&resize=350%2C200","width":350,"height":200},"classes":[]}],"_links":{"self":[{"href":"https:\/\/islandstocottages.com\/fr\/wp-json\/wp\/v2\/product\/318","targetHints":{"allow":["GET"]}}],"collection":[{"href":"https:\/\/islandstocottages.com\/fr\/wp-json\/wp\/v2\/product"}],"about":[{"href":"https:\/\/islandstocottages.com\/fr\/wp-json\/wp\/v2\/types\/product"}],"wp:featuredmedia":[{"embeddable":true,"href":"https:\/\/islandstocottages.com\/fr\/wp-json\/wp\/v2\/media\/2437"}],"wp:attachment":[{"href":"https:\/\/islandstocottages.com\/fr\/wp-json\/wp\/v2\/media?parent=318"}],"wp:term":[{"taxonomy":"product_brand","embeddable":true,"href":"https:\/\/islandstocottages.com\/fr\/wp-json\/wp\/v2\/product_brand?post=318"},{"taxonomy":"product_cat","embeddable":true,"href":"https:\/\/islandstocottages.com\/fr\/wp-json\/wp\/v2\/product_cat?post=318"},{"taxonomy":"product_tag","embeddable":true,"href":"https:\/\/islandstocottages.com\/fr\/wp-json\/wp\/v2\/product_tag?post=318"}],"curies":[{"name":"wp","href":"https:\/\/api.w.org\/{rel}","templated":true}]}}