{"id":320,"date":"2022-07-04T15:04:31","date_gmt":"2022-07-04T19:04:31","guid":{"rendered":"https:\/\/islandstocottages.com\/?post_type=product&#038;p=320"},"modified":"2025-03-14T15:26:57","modified_gmt":"2025-03-14T19:26:57","slug":"mouchoirs-du-randonneur-2","status":"publish","type":"product","link":"https:\/\/islandstocottages.com\/fr\/boutique\/home\/the-cottagers-hankies\/","title":{"rendered":"Les mouchoirs du randonneur"},"content":{"rendered":"<p><span>*Contactez-nous pour commander*<\/span><\/p>\n<p>On oublie les mouchoirs en papier non biod\u00e9gradables qui collent aux v\u00eatements apr\u00e8s un cycle involontaire dans la laveuse et la s\u00e9cheuse, et on s'offre \u00e0 la place un ensemble de beaux mouchoirs traditionnels qu'on aura plaisir \u00e0 utiliser encore et encore. Ils vont directement \u00e0 la machine de retour \u00e0 la maison apr\u00e8s une bonne dose d'aventures et ils sont pr\u00eats \u00e0 repartir en un rien de temps, sans avoir besoin de refaire le plein chaque semaine en magasin. Maintenant, du gros bon sens : les mouchoirs r\u00e9utilisables ne s'utilisent que quand c'est raisonnable de le faire, bien s\u00fbr ! Ils ne devraient pas remplacer la version jetable en cas de maladie transmissible ou dans toute autre circonstance o\u00f9 les fluides pourraient pr\u00e9senter un risque potentiel.<\/p>\n<p>Ces mouchoirs intemporels fabriqu\u00e9s \u00e0 la main sont en flanelle. Tout aussi doux pour le nez que les mouchoirs jetables du commerce impr\u00e9gn\u00e9s de lotion. Mais eux, ils le sont naturellement ! Bon pour la peau, bon pour la plan\u00e8te. Convient \u00e0 tous les types de peau et \u00e0 tous les \u00e2ges.<\/p>\n<p><strong>Entretien :<\/strong> Entretien facile. Laver et s\u00e9cher en machine au cycle d\u00e9licat avec des couleurs similaires. Utiliser de pr\u00e9f\u00e9rence un d\u00e9tergent \u00e0 lessive \u00e9cologique et non parfum\u00e9, laisser s\u00e9cher \u00e0 l'air libre et \u00e9viter l'assouplissant pour une absorption sans pareil.<\/p>\n<p><strong>Mat\u00e9riau :<\/strong> 100 % flanelle.<\/p>\n<p><strong>Dimensions :<\/strong> 25 cm x 25 cm.<\/p>\n<p>Fait en Nouvelle-\u00c9cosse.<\/p>\n<p><strong>Conseil \u00e9colo : <\/strong>Troquez les mouchoirs jetables contre des mouchoirs r\u00e9utilisables. Saviez-vous que selon certaines sources, plus de 255 milliards de mouchoirs en papier ont \u00e9t\u00e9 utilis\u00e9s en 2013 ? On s'attendait alors \u00e0 ce que la consommation augmente r\u00e9guli\u00e8rement de 4 % par an et cette pr\u00e9diction a \u00e9t\u00e9 \u00e9tablie bien avant nos r\u00e9centes pand\u00e9mies, alors imaginez un peu ce que c'est r\u00e9ellement de nos jours\u2026 Les chiffres peuvent parfois nous faire r\u00e9aliser \u00e0 quel point on a un impact sur notre plan\u00e8te avec les choix qu'on fait au quotidien. Certaines options r\u00e9utilisables ne sont pas forc\u00e9ment adapt\u00e9es pour remplacer les articles \u00e0 usage unique dans notre mode de vie actuel. Mais d'autres options, en revanche, sont des choix qu'on aurait aim\u00e9 faire il y a bien longtemps, aussi bien pour la sant\u00e9 de notre portefeuille que pour le bien-\u00eatre de Dame Nature. Alors on se renseigne un peu, on d\u00e9couvre les superbes options qui sont sur le march\u00e9, on commence \u00e0 remplacer certains de nos produits de base \u00e0 usage unique par des produits r\u00e9utilisables et on fait une diff\u00e9rence. Pour aujourd'hui et pour demain !<\/p>","protected":false},"excerpt":{"rendered":"<p>Set de 2. 100 % flanelle. 25 cm x 25 cm.<\/p>","protected":false},"featured_media":2507,"template":"","meta":{"nf_dc_page":"","om_disable_all_campaigns":false,"_monsterinsights_skip_tracking":false,"_monsterinsights_sitenote_active":false,"_monsterinsights_sitenote_note":"","_monsterinsights_sitenote_category":0},"product_brand":[],"product_cat":[29],"product_tag":[],"class_list":{"0":"post-320","1":"product","2":"type-product","3":"status-publish","4":"has-post-thumbnail","6":"product_cat-home","8":"first","9":"outofstock","10":"shipping-taxable","11":"purchasable","12":"product-type-simple"},"yoast_head":"<!-- This site is optimized with the Yoast SEO plugin v27.4 - https:\/\/yoast.com\/product\/yoast-seo-wordpress\/ -->\n<title>The Cottager&#039;s Hankies - Islands to cottages<\/title>\n<meta name=\"description\" content=\"Self care made easy and sustainable with the cottagers hankies. Set of 2 stylish eco-friendly handkerchiefs for your everyday needs.\" \/>\n<meta name=\"robots\" content=\"index, follow, max-snippet:-1, max-image-preview:large, max-video-preview:-1\" \/>\n<link rel=\"canonical\" href=\"https:\/\/islandstocottages.com\/fr\/boutique\/home\/mouchoirs-du-randonneur-2\/\" \/>\n<meta property=\"og:locale\" content=\"fr_FR\" \/>\n<meta property=\"og:type\" content=\"article\" \/>\n<meta property=\"og:title\" content=\"The Cottager&#039;s Hankies - Islands to cottages\" \/>\n<meta property=\"og:description\" content=\"Self care made easy and sustainable with the cottagers hankies. Set of 2 stylish eco-friendly handkerchiefs for your everyday needs.\" \/>\n<meta property=\"og:url\" content=\"https:\/\/islandstocottages.com\/fr\/boutique\/home\/mouchoirs-du-randonneur-2\/\" \/>\n<meta property=\"og:site_name\" content=\"Islands to cottages\" \/>\n<meta property=\"article:modified_time\" content=\"2025-03-14T19:26:57+00:00\" \/>\n<meta property=\"og:image\" content=\"https:\/\/islandstocottages.com\/wp-content\/uploads\/2022\/07\/Hankies1.jpg\" \/>\n\t<meta property=\"og:image:width\" content=\"512\" \/>\n\t<meta property=\"og:image:height\" content=\"512\" \/>\n\t<meta property=\"og:image:type\" content=\"image\/jpeg\" \/>\n<meta name=\"twitter:card\" content=\"summary_large_image\" \/>\n<meta name=\"twitter:label1\" content=\"Dur\u00e9e de lecture estim\u00e9e\" \/>\n\t<meta name=\"twitter:data1\" content=\"2 minutes\" \/>\n<script type=\"application\/ld+json\" class=\"yoast-schema-graph\">{\"@context\":\"https:\\\/\\\/schema.org\",\"@graph\":[{\"@type\":\"WebPage\",\"@id\":\"https:\\\/\\\/islandstocottages.com\\\/boutique\\\/home\\\/the-cottagers-hankies\\\/\",\"url\":\"https:\\\/\\\/islandstocottages.com\\\/boutique\\\/home\\\/the-cottagers-hankies\\\/\",\"name\":\"The Cottager's Hankies - Islands to cottages\",\"isPartOf\":{\"@id\":\"https:\\\/\\\/islandstocottages.com\\\/#website\"},\"primaryImageOfPage\":{\"@id\":\"https:\\\/\\\/islandstocottages.com\\\/boutique\\\/home\\\/the-cottagers-hankies\\\/#primaryimage\"},\"image\":{\"@id\":\"https:\\\/\\\/islandstocottages.com\\\/boutique\\\/home\\\/the-cottagers-hankies\\\/#primaryimage\"},\"thumbnailUrl\":\"https:\\\/\\\/i0.wp.com\\\/islandstocottages.com\\\/wp-content\\\/uploads\\\/2022\\\/07\\\/Hankies1.jpg?fit=512%2C512&ssl=1\",\"datePublished\":\"2022-07-04T19:04:31+00:00\",\"dateModified\":\"2025-03-14T19:26:57+00:00\",\"description\":\"Self care made easy and sustainable with the cottagers hankies. Set of 2 stylish eco-friendly handkerchiefs for your everyday needs.\",\"breadcrumb\":{\"@id\":\"https:\\\/\\\/islandstocottages.com\\\/boutique\\\/home\\\/the-cottagers-hankies\\\/#breadcrumb\"},\"inLanguage\":\"fr-FR\",\"potentialAction\":[{\"@type\":\"ReadAction\",\"target\":[\"https:\\\/\\\/islandstocottages.com\\\/boutique\\\/home\\\/the-cottagers-hankies\\\/\"]}]},{\"@type\":\"ImageObject\",\"inLanguage\":\"fr-FR\",\"@id\":\"https:\\\/\\\/islandstocottages.com\\\/boutique\\\/home\\\/the-cottagers-hankies\\\/#primaryimage\",\"url\":\"https:\\\/\\\/i0.wp.com\\\/islandstocottages.com\\\/wp-content\\\/uploads\\\/2022\\\/07\\\/Hankies1.jpg?fit=512%2C512&ssl=1\",\"contentUrl\":\"https:\\\/\\\/i0.wp.com\\\/islandstocottages.com\\\/wp-content\\\/uploads\\\/2022\\\/07\\\/Hankies1.jpg?fit=512%2C512&ssl=1\",\"width\":512,\"height\":512,\"caption\":\"The cottager's hankies.\"},{\"@type\":\"BreadcrumbList\",\"@id\":\"https:\\\/\\\/islandstocottages.com\\\/boutique\\\/home\\\/the-cottagers-hankies\\\/#breadcrumb\",\"itemListElement\":[{\"@type\":\"ListItem\",\"position\":1,\"name\":\"Home\",\"item\":\"https:\\\/\\\/islandstocottages.com\\\/\"},{\"@type\":\"ListItem\",\"position\":2,\"name\":\"Boutique\",\"item\":\"https:\\\/\\\/islandstocottages.com\\\/boutique\\\/\"},{\"@type\":\"ListItem\",\"position\":3,\"name\":\"The Cottager&#8217;s Hankies\"}]},{\"@type\":\"WebSite\",\"@id\":\"https:\\\/\\\/islandstocottages.com\\\/#website\",\"url\":\"https:\\\/\\\/islandstocottages.com\\\/\",\"name\":\"Islands to cottages\",\"description\":\"Nova Scotia Sustainable + Mindful Living\",\"publisher\":{\"@id\":\"https:\\\/\\\/islandstocottages.com\\\/#organization\"},\"potentialAction\":[{\"@type\":\"SearchAction\",\"target\":{\"@type\":\"EntryPoint\",\"urlTemplate\":\"https:\\\/\\\/islandstocottages.com\\\/?s={search_term_string}\"},\"query-input\":{\"@type\":\"PropertyValueSpecification\",\"valueRequired\":true,\"valueName\":\"search_term_string\"}}],\"inLanguage\":\"fr-FR\"},{\"@type\":\"Organization\",\"@id\":\"https:\\\/\\\/islandstocottages.com\\\/#organization\",\"name\":\"Islands To Cottages\",\"url\":\"https:\\\/\\\/islandstocottages.com\\\/\",\"logo\":{\"@type\":\"ImageObject\",\"inLanguage\":\"fr-FR\",\"@id\":\"https:\\\/\\\/islandstocottages.com\\\/#\\\/schema\\\/logo\\\/image\\\/\",\"url\":\"https:\\\/\\\/i2.wp.com\\\/islandstocottages.com\\\/wp-content\\\/uploads\\\/2020\\\/06\\\/Logo.Screenshot-188.png?fit=613%2C293&ssl=1\",\"contentUrl\":\"https:\\\/\\\/i2.wp.com\\\/islandstocottages.com\\\/wp-content\\\/uploads\\\/2020\\\/06\\\/Logo.Screenshot-188.png?fit=613%2C293&ssl=1\",\"width\":613,\"height\":293,\"caption\":\"Islands To Cottages\"},\"image\":{\"@id\":\"https:\\\/\\\/islandstocottages.com\\\/#\\\/schema\\\/logo\\\/image\\\/\"}}]}<\/script>\n<!-- \/ Yoast SEO plugin. -->","yoast_head_json":{"title":"The Cottager's Hankies - Islands to cottages","description":"Les indispensables de tous les jours : hygi\u00e8ne facile et durable avec ce set de 2 mouchoirs design r\u00e9utilisables pour les besoins quotidiens.","robots":{"index":"index","follow":"follow","max-snippet":"max-snippet:-1","max-image-preview":"max-image-preview:large","max-video-preview":"max-video-preview:-1"},"canonical":"https:\/\/islandstocottages.com\/fr\/boutique\/home\/mouchoirs-du-randonneur-2\/","og_locale":"fr_FR","og_type":"article","og_title":"The Cottager's Hankies - Islands to cottages","og_description":"Self care made easy and sustainable with the cottagers hankies. Set of 2 stylish eco-friendly handkerchiefs for your everyday needs.","og_url":"https:\/\/islandstocottages.com\/fr\/boutique\/home\/mouchoirs-du-randonneur-2\/","og_site_name":"Islands to cottages","article_modified_time":"2025-03-14T19:26:57+00:00","og_image":[{"width":512,"height":512,"url":"https:\/\/islandstocottages.com\/wp-content\/uploads\/2022\/07\/Hankies1.jpg","type":"image\/jpeg"}],"twitter_card":"summary_large_image","twitter_misc":{"Dur\u00e9e de lecture estim\u00e9e":"2 minutes"},"schema":{"@context":"https:\/\/schema.org","@graph":[{"@type":"WebPage","@id":"https:\/\/islandstocottages.com\/boutique\/home\/the-cottagers-hankies\/","url":"https:\/\/islandstocottages.com\/boutique\/home\/the-cottagers-hankies\/","name":"The Cottager's Hankies - Islands to cottages","isPartOf":{"@id":"https:\/\/islandstocottages.com\/#website"},"primaryImageOfPage":{"@id":"https:\/\/islandstocottages.com\/boutique\/home\/the-cottagers-hankies\/#primaryimage"},"image":{"@id":"https:\/\/islandstocottages.com\/boutique\/home\/the-cottagers-hankies\/#primaryimage"},"thumbnailUrl":"https:\/\/i0.wp.com\/islandstocottages.com\/wp-content\/uploads\/2022\/07\/Hankies1.jpg?fit=512%2C512&ssl=1","datePublished":"2022-07-04T19:04:31+00:00","dateModified":"2025-03-14T19:26:57+00:00","description":"Les indispensables de tous les jours : hygi\u00e8ne facile et durable avec ce set de 2 mouchoirs design r\u00e9utilisables pour les besoins quotidiens.","breadcrumb":{"@id":"https:\/\/islandstocottages.com\/boutique\/home\/the-cottagers-hankies\/#breadcrumb"},"inLanguage":"fr-FR","potentialAction":[{"@type":"ReadAction","target":["https:\/\/islandstocottages.com\/boutique\/home\/the-cottagers-hankies\/"]}]},{"@type":"ImageObject","inLanguage":"fr-FR","@id":"https:\/\/islandstocottages.com\/boutique\/home\/the-cottagers-hankies\/#primaryimage","url":"https:\/\/i0.wp.com\/islandstocottages.com\/wp-content\/uploads\/2022\/07\/Hankies1.jpg?fit=512%2C512&ssl=1","contentUrl":"https:\/\/i0.wp.com\/islandstocottages.com\/wp-content\/uploads\/2022\/07\/Hankies1.jpg?fit=512%2C512&ssl=1","width":512,"height":512,"caption":"The cottager's hankies."},{"@type":"BreadcrumbList","@id":"https:\/\/islandstocottages.com\/boutique\/home\/the-cottagers-hankies\/#breadcrumb","itemListElement":[{"@type":"ListItem","position":1,"name":"Home","item":"https:\/\/islandstocottages.com\/"},{"@type":"ListItem","position":2,"name":"Boutique","item":"https:\/\/islandstocottages.com\/boutique\/"},{"@type":"ListItem","position":3,"name":"The Cottager&#8217;s Hankies"}]},{"@type":"WebSite","@id":"https:\/\/islandstocottages.com\/#website","url":"https:\/\/islandstocottages.com\/","name":"Islands to cottages","description":"Vie Durable + Pleine Conscience en Nouvelle-\u00c9cosse","publisher":{"@id":"https:\/\/islandstocottages.com\/#organization"},"potentialAction":[{"@type":"SearchAction","target":{"@type":"EntryPoint","urlTemplate":"https:\/\/islandstocottages.com\/?s={search_term_string}"},"query-input":{"@type":"PropertyValueSpecification","valueRequired":true,"valueName":"search_term_string"}}],"inLanguage":"fr-FR"},{"@type":"Organization","@id":"https:\/\/islandstocottages.com\/#organization","name":"Islands To Cottages","url":"https:\/\/islandstocottages.com\/","logo":{"@type":"ImageObject","inLanguage":"fr-FR","@id":"https:\/\/islandstocottages.com\/#\/schema\/logo\/image\/","url":"https:\/\/i2.wp.com\/islandstocottages.com\/wp-content\/uploads\/2020\/06\/Logo.Screenshot-188.png?fit=613%2C293&ssl=1","contentUrl":"https:\/\/i2.wp.com\/islandstocottages.com\/wp-content\/uploads\/2020\/06\/Logo.Screenshot-188.png?fit=613%2C293&ssl=1","width":613,"height":293,"caption":"Islands To Cottages"},"image":{"@id":"https:\/\/islandstocottages.com\/#\/schema\/logo\/image\/"}}]}},"jetpack_sharing_enabled":true,"jetpack-related-posts":[{"id":2161,"url":"https:\/\/islandstocottages.com\/fr\/boutique\/care\/unpaper-toilet-paper\/","url_meta":{"origin":320,"position":0},"title":"Papier hygi\u00e9nique z\u00e9ro d\u00e9chet","author":"islandstocottages","date":"2 f\u00e9vrier 2023","format":false,"excerpt":"Set de 10. 100 % flanelle.  12 cm x 23 cm.","rel":"","context":"Article similaire","block_context":{"text":"Article similaire","link":""},"img":{"alt_text":"Flannel unpaper toilet paper.","src":"https:\/\/i0.wp.com\/islandstocottages.com\/wp-content\/uploads\/2023\/02\/unpaperToilet1.jpg?fit=512%2C512&ssl=1&resize=350%2C200","width":350,"height":200},"classes":[]},{"id":2963,"url":"https:\/\/islandstocottages.com\/fr\/boutique\/home\/kitchen-go-to-towel\/","url_meta":{"origin":320,"position":1},"title":"Serviette de cuisine","author":"islandstocottages","date":"25 novembre 2023","format":false,"excerpt":"Set de 2. 100 % coton. 30 cm x 30 cm. *\u00c9dition limit\u00e9e","rel":"","context":"Article similaire","block_context":{"text":"Article similaire","link":""},"img":{"alt_text":"Kitchen go-to towel","src":"https:\/\/i0.wp.com\/islandstocottages.com\/wp-content\/uploads\/2023\/11\/KT1.jpg?fit=1200%2C1200&ssl=1&resize=350%2C200","width":350,"height":200,"srcset":"https:\/\/i0.wp.com\/islandstocottages.com\/wp-content\/uploads\/2023\/11\/KT1.jpg?fit=1200%2C1200&ssl=1&resize=350%2C200 1x, https:\/\/i0.wp.com\/islandstocottages.com\/wp-content\/uploads\/2023\/11\/KT1.jpg?fit=1200%2C1200&ssl=1&resize=525%2C300 1.5x, https:\/\/i0.wp.com\/islandstocottages.com\/wp-content\/uploads\/2023\/11\/KT1.jpg?fit=1200%2C1200&ssl=1&resize=700%2C400 2x, https:\/\/i0.wp.com\/islandstocottages.com\/wp-content\/uploads\/2023\/11\/KT1.jpg?fit=1200%2C1200&ssl=1&resize=1050%2C600 3x"},"classes":[]},{"id":2744,"url":"https:\/\/islandstocottages.com\/fr\/boutique\/home\/teething-necklace\/","url_meta":{"origin":320,"position":2},"title":"Collier de dentition","author":"islandstocottages","date":"22 juin 2023","format":false,"excerpt":"100 % coton. Env. 76 cm. *\u00c9dition limit\u00e9e","rel":"","context":"Article similaire","block_context":{"text":"Article similaire","link":""},"img":{"alt_text":"","src":"https:\/\/i0.wp.com\/islandstocottages.com\/wp-content\/uploads\/2023\/06\/TeethingBees.1-scaled.jpg?fit=900%2C1200&ssl=1&resize=350%2C200","width":350,"height":200,"srcset":"https:\/\/i0.wp.com\/islandstocottages.com\/wp-content\/uploads\/2023\/06\/TeethingBees.1-scaled.jpg?fit=900%2C1200&ssl=1&resize=350%2C200 1x, https:\/\/i0.wp.com\/islandstocottages.com\/wp-content\/uploads\/2023\/06\/TeethingBees.1-scaled.jpg?fit=900%2C1200&ssl=1&resize=525%2C300 1.5x, https:\/\/i0.wp.com\/islandstocottages.com\/wp-content\/uploads\/2023\/06\/TeethingBees.1-scaled.jpg?fit=900%2C1200&ssl=1&resize=700%2C400 2x"},"classes":[]},{"id":249,"url":"https:\/\/islandstocottages.com\/fr\/boutique\/celebrate\/reversible-furoshiki\/","url_meta":{"origin":320,"position":3},"title":"Furoshiki r\u00e9versible","author":"islandstocottages","date":"28 juin 2022","format":false,"excerpt":"100 % fibres m\u00e9lang\u00e9es. 50 cm x 50 cm. *\u00c9dition limit\u00e9e","rel":"","context":"Article similaire","block_context":{"text":"Article similaire","link":""},"img":{"alt_text":"Lama furoshiki with grey undertones.","src":"https:\/\/i0.wp.com\/islandstocottages.com\/wp-content\/uploads\/2022\/06\/Furoshikigrey1.jpg?fit=512%2C512&ssl=1&resize=350%2C200","width":350,"height":200},"classes":[]},{"id":2751,"url":"https:\/\/islandstocottages.com\/fr\/boutique\/pets\/reversible-slip-on-collar-bandana-canada\/","url_meta":{"origin":320,"position":4},"title":"Bandana de collier r\u00e9versible amovible - Canada","author":"islandstocottages","date":"29 juin 2023","format":false,"excerpt":"100 % coton.  P 15 cm x 30 cm. G 19 cm x 45 cm. *\u00c9dition limit\u00e9e","rel":"","context":"Article similaire","block_context":{"text":"Article similaire","link":""},"img":{"alt_text":"","src":"https:\/\/i0.wp.com\/islandstocottages.com\/wp-content\/uploads\/2023\/06\/20230629_155006_HDR-scaled.jpg?fit=1112%2C1200&ssl=1&resize=350%2C200","width":350,"height":200,"srcset":"https:\/\/i0.wp.com\/islandstocottages.com\/wp-content\/uploads\/2023\/06\/20230629_155006_HDR-scaled.jpg?fit=1112%2C1200&ssl=1&resize=350%2C200 1x, https:\/\/i0.wp.com\/islandstocottages.com\/wp-content\/uploads\/2023\/06\/20230629_155006_HDR-scaled.jpg?fit=1112%2C1200&ssl=1&resize=525%2C300 1.5x, https:\/\/i0.wp.com\/islandstocottages.com\/wp-content\/uploads\/2023\/06\/20230629_155006_HDR-scaled.jpg?fit=1112%2C1200&ssl=1&resize=700%2C400 2x, https:\/\/i0.wp.com\/islandstocottages.com\/wp-content\/uploads\/2023\/06\/20230629_155006_HDR-scaled.jpg?fit=1112%2C1200&ssl=1&resize=1050%2C600 3x"},"classes":[]},{"id":318,"url":"https:\/\/islandstocottages.com\/fr\/boutique\/celebrate\/eco-cocktail-napkins\/","url_meta":{"origin":320,"position":5},"title":"Serviettes \u00e0 cocktail en tissu","author":"islandstocottages","date":"4 juillet 2022","format":false,"excerpt":"Set de 4. 100 % coton. 25 cm x 25 cm. *\u00c9dition limit\u00e9e","rel":"","context":"Article similaire","block_context":{"text":"Article similaire","link":""},"img":{"alt_text":"A set of blue napkins.","src":"https:\/\/i0.wp.com\/islandstocottages.com\/wp-content\/uploads\/2022\/07\/EcoNapkin1.jpg?fit=512%2C512&ssl=1&resize=350%2C200","width":350,"height":200},"classes":[]}],"_links":{"self":[{"href":"https:\/\/islandstocottages.com\/fr\/wp-json\/wp\/v2\/product\/320","targetHints":{"allow":["GET"]}}],"collection":[{"href":"https:\/\/islandstocottages.com\/fr\/wp-json\/wp\/v2\/product"}],"about":[{"href":"https:\/\/islandstocottages.com\/fr\/wp-json\/wp\/v2\/types\/product"}],"wp:featuredmedia":[{"embeddable":true,"href":"https:\/\/islandstocottages.com\/fr\/wp-json\/wp\/v2\/media\/2507"}],"wp:attachment":[{"href":"https:\/\/islandstocottages.com\/fr\/wp-json\/wp\/v2\/media?parent=320"}],"wp:term":[{"taxonomy":"product_brand","embeddable":true,"href":"https:\/\/islandstocottages.com\/fr\/wp-json\/wp\/v2\/product_brand?post=320"},{"taxonomy":"product_cat","embeddable":true,"href":"https:\/\/islandstocottages.com\/fr\/wp-json\/wp\/v2\/product_cat?post=320"},{"taxonomy":"product_tag","embeddable":true,"href":"https:\/\/islandstocottages.com\/fr\/wp-json\/wp\/v2\/product_tag?post=320"}],"curies":[{"name":"wp","href":"https:\/\/api.w.org\/{rel}","templated":true}]}}